{"id":349,"date":"2024-10-21T12:32:34","date_gmt":"2024-10-21T09:32:34","guid":{"rendered":"https:\/\/u79114.www2.webdomain.fi\/kesy\/?page_id=349"},"modified":"2024-10-21T12:32:34","modified_gmt":"2024-10-21T09:32:34","slug":"toimenpiteet-tilaamisessa","status":"publish","type":"page","link":"https:\/\/www.vyl.fi\/kesy\/teemat\/ihmisten-terveys-ja-hyvinvointi\/hyotyviljelyn-edistaminen\/toimenpiteet-tilaamisessa\/","title":{"rendered":"Toimenpiteet tilaamisessa"},"content":{"rendered":"\n<ul class=\"wp-block-list\">\n<li>M\u00e4\u00e4ritet\u00e4\u00e4n tavoitteet hy\u00f6tyviljely\u00e4 edist\u00e4vien ulkoalueiden suunnittelulle ja kehitt\u00e4miselle ja m\u00e4\u00e4ritet\u00e4\u00e4n seurantamenetelm\u00e4t tavoitteiden saavuttamiselle.<\/li>\n\n\n\n<li>Teetet\u00e4\u00e4n selvitys hy\u00f6tyviljely\u00e4 edist\u00e4vien alueiden riitt\u00e4vyydest\u00e4 ja kehitt\u00e4mistarpeista.<\/li>\n\n\n\n<li>Ohjeistetaan suunnittelija alueiden suunnittelussa ottamaan huomioon hy\u00f6tyviljely\u00e4 edist\u00e4v\u00e4t tavoitteet ja toimintaperiaatteet.<\/li>\n\n\n\n<li>Valvotaan suunnittelijaa tavoitteiden saavuttamisessa.<\/li>\n<\/ul>\n","protected":false},"excerpt":{"rendered":"","protected":false},"author":7,"featured_media":0,"parent":347,"menu_order":10,"comment_status":"closed","ping_status":"closed","template":"","meta":{"_acf_changed":false,"_relevanssi_hide_post":"","_relevanssi_hide_content":"","_relevanssi_pin_for_all":"","_relevanssi_pin_keywords":"","_relevanssi_unpin_keywords":"","_relevanssi_related_keywords":"","_relevanssi_related_include_ids":"","_relevanssi_related_exclude_ids":"","_relevanssi_related_no_append":"","_relevanssi_related_not_related":"","_relevanssi_related_posts":"1","_relevanssi_noindex_reason":"","footnotes":""},"class_list":["post-349","page","type-page","status-publish","hentry"],"acf":[],"_links":{"self":[{"href":"https:\/\/www.vyl.fi\/kesy\/wp-json\/wp\/v2\/pages\/349","targetHints":{"allow":["GET"]}}],"collection":[{"href":"https:\/\/www.vyl.fi\/kesy\/wp-json\/wp\/v2\/pages"}],"about":[{"href":"https:\/\/www.vyl.fi\/kesy\/wp-json\/wp\/v2\/types\/page"}],"author":[{"embeddable":true,"href":"https:\/\/www.vyl.fi\/kesy\/wp-json\/wp\/v2\/users\/7"}],"replies":[{"embeddable":true,"href":"https:\/\/www.vyl.fi\/kesy\/wp-json\/wp\/v2\/comments?post=349"}],"version-history":[{"count":1,"href":"https:\/\/www.vyl.fi\/kesy\/wp-json\/wp\/v2\/pages\/349\/revisions"}],"predecessor-version":[{"id":350,"href":"https:\/\/www.vyl.fi\/kesy\/wp-json\/wp\/v2\/pages\/349\/revisions\/350"}],"up":[{"embeddable":true,"href":"https:\/\/www.vyl.fi\/kesy\/wp-json\/wp\/v2\/pages\/347"}],"wp:attachment":[{"href":"https:\/\/www.vyl.fi\/kesy\/wp-json\/wp\/v2\/media?parent=349"}],"curies":[{"name":"wp","href":"https:\/\/api.w.org\/{rel}","templated":true}]}}