{"id":357,"date":"2024-10-21T12:35:22","date_gmt":"2024-10-21T09:35:22","guid":{"rendered":"https:\/\/u79114.www2.webdomain.fi\/kesy\/?page_id=357"},"modified":"2024-10-21T12:35:46","modified_gmt":"2024-10-21T09:35:46","slug":"paikallisen-talouden-tukeminen","status":"publish","type":"page","link":"https:\/\/www.vyl.fi\/kesy\/teemat\/ihmisten-terveys-ja-hyvinvointi\/paikallisen-talouden-tukeminen\/","title":{"rendered":"Paikallisen talouden tukeminen"},"content":{"rendered":"\n<p><strong>TAVOITTEET<\/strong><\/p>\n\n\n\n<ul class=\"wp-block-list\">\n<li>Tuetaan paikallisia yhteis\u00f6j\u00e4 taloudellisesti ja sosiaalisesti.\u00a0<\/li>\n\n\n\n<li>Lis\u00e4t\u00e4\u00e4n paikallisesti ja seudullisesti tuotettujen materiaalien, tuotteiden ja palveluiden kysynt\u00e4\u00e4.<\/li>\n\n\n\n<li>Lis\u00e4t\u00e4\u00e4n alueellista ty\u00f6llistymist\u00e4.<\/li>\n\n\n\n<li>Tuetaan alueellista identiteetti\u00e4 k\u00e4ytt\u00e4m\u00e4ll\u00e4 paikallisia resursseja.<\/li>\n<\/ul>\n\n\n\n<p><strong>YLEISET TOIMINTAPERIAATTEET<\/strong><\/p>\n\n\n\n<ul class=\"wp-block-list\">\n<li>K\u00e4ytet\u00e4\u00e4n paikallisten suunnittelijoiden, rakentajien, kunnossapit\u00e4jien, materiaalien ja tuotteiden valmistajien ja toimittajien palveluita ymp\u00e4rist\u00f6rakentamisen hankkeissa.<\/li>\n\n\n\n<li>Kehitet\u00e4\u00e4n olemassa olevia ja uusia materiaaleja, tuotteita ja palveluita yhteisty\u00f6ss\u00e4 paikallisten suunnittelu-, rakennus- ja kunnossapitoyritysten sek\u00e4 materiaalien ja tuotteiden valmistajien kanssa.\u00a0<\/li>\n\n\n\n<li>Kehitet\u00e4\u00e4n ty\u00f6markkinoita yhteisty\u00f6ss\u00e4 paikallisten yritt\u00e4jien, oppilaitosten, ammattiyhdistysten, ty\u00f6voimaviranomaisten ja t\u00f6it\u00e4 v\u00e4litt\u00e4vien organisaatioiden kanssa muun muassa edist\u00e4m\u00e4ll\u00e4 uuden ty\u00f6voiman palkkaamista ymp\u00e4rist\u00f6rakentamisen hankkeisiin.<\/li>\n\n\n\n<li>Valitaan toimenpidevaihtoehdot, joista hy\u00f6tyv\u00e4t mahdollisimman monet paikallisista asukkaista, eiv\u00e4tk\u00e4 vain ensisijaiset k\u00e4ytt\u00e4j\u00e4ryhm\u00e4t.<\/li>\n<\/ul>\n","protected":false},"excerpt":{"rendered":"<p>TAVOITTEET YLEISET TOIMINTAPERIAATTEET<\/p>\n","protected":false},"author":7,"featured_media":0,"parent":95,"menu_order":50,"comment_status":"closed","ping_status":"closed","template":"","meta":{"_acf_changed":false,"_relevanssi_hide_post":"","_relevanssi_hide_content":"","_relevanssi_pin_for_all":"","_relevanssi_pin_keywords":"","_relevanssi_unpin_keywords":"","_relevanssi_related_keywords":"","_relevanssi_related_include_ids":"","_relevanssi_related_exclude_ids":"","_relevanssi_related_no_append":"","_relevanssi_related_not_related":"","_relevanssi_related_posts":"1","_relevanssi_noindex_reason":"","footnotes":""},"class_list":["post-357","page","type-page","status-publish","hentry"],"acf":[],"_links":{"self":[{"href":"https:\/\/www.vyl.fi\/kesy\/wp-json\/wp\/v2\/pages\/357","targetHints":{"allow":["GET"]}}],"collection":[{"href":"https:\/\/www.vyl.fi\/kesy\/wp-json\/wp\/v2\/pages"}],"about":[{"href":"https:\/\/www.vyl.fi\/kesy\/wp-json\/wp\/v2\/types\/page"}],"author":[{"embeddable":true,"href":"https:\/\/www.vyl.fi\/kesy\/wp-json\/wp\/v2\/users\/7"}],"replies":[{"embeddable":true,"href":"https:\/\/www.vyl.fi\/kesy\/wp-json\/wp\/v2\/comments?post=357"}],"version-history":[{"count":1,"href":"https:\/\/www.vyl.fi\/kesy\/wp-json\/wp\/v2\/pages\/357\/revisions"}],"predecessor-version":[{"id":358,"href":"https:\/\/www.vyl.fi\/kesy\/wp-json\/wp\/v2\/pages\/357\/revisions\/358"}],"up":[{"embeddable":true,"href":"https:\/\/www.vyl.fi\/kesy\/wp-json\/wp\/v2\/pages\/95"}],"wp:attachment":[{"href":"https:\/\/www.vyl.fi\/kesy\/wp-json\/wp\/v2\/media?parent=357"}],"curies":[{"name":"wp","href":"https:\/\/api.w.org\/{rel}","templated":true}]}}