{"id":361,"date":"2024-10-21T12:37:04","date_gmt":"2024-10-21T09:37:04","guid":{"rendered":"https:\/\/u79114.www2.webdomain.fi\/kesy\/?page_id=361"},"modified":"2024-10-21T12:37:04","modified_gmt":"2024-10-21T09:37:04","slug":"toimenpiteet-suunnittelussa","status":"publish","type":"page","link":"https:\/\/www.vyl.fi\/kesy\/teemat\/ihmisten-terveys-ja-hyvinvointi\/paikallisen-talouden-tukeminen\/toimenpiteet-suunnittelussa\/","title":{"rendered":"Toimenpiteet suunnittelussa"},"content":{"rendered":"\n<ul class=\"wp-block-list\">\n<li>Ty\u00f6llistet\u00e4\u00e4n paikallisia alikonsultteja, ammattilaisia ja opiskelijoita kohteen suunnitteluty\u00f6h\u00f6n.<\/li>\n\n\n\n<li>K\u00e4ytet\u00e4\u00e4n suunnitelmassa paikallisia materiaaleja ja tuotteita.<\/li>\n<\/ul>\n","protected":false},"excerpt":{"rendered":"","protected":false},"author":7,"featured_media":0,"parent":357,"menu_order":20,"comment_status":"closed","ping_status":"closed","template":"","meta":{"_acf_changed":false,"_relevanssi_hide_post":"","_relevanssi_hide_content":"","_relevanssi_pin_for_all":"","_relevanssi_pin_keywords":"","_relevanssi_unpin_keywords":"","_relevanssi_related_keywords":"","_relevanssi_related_include_ids":"","_relevanssi_related_exclude_ids":"","_relevanssi_related_no_append":"","_relevanssi_related_not_related":"","_relevanssi_related_posts":"1","_relevanssi_noindex_reason":"","footnotes":""},"class_list":["post-361","page","type-page","status-publish","hentry"],"acf":[],"_links":{"self":[{"href":"https:\/\/www.vyl.fi\/kesy\/wp-json\/wp\/v2\/pages\/361","targetHints":{"allow":["GET"]}}],"collection":[{"href":"https:\/\/www.vyl.fi\/kesy\/wp-json\/wp\/v2\/pages"}],"about":[{"href":"https:\/\/www.vyl.fi\/kesy\/wp-json\/wp\/v2\/types\/page"}],"author":[{"embeddable":true,"href":"https:\/\/www.vyl.fi\/kesy\/wp-json\/wp\/v2\/users\/7"}],"replies":[{"embeddable":true,"href":"https:\/\/www.vyl.fi\/kesy\/wp-json\/wp\/v2\/comments?post=361"}],"version-history":[{"count":1,"href":"https:\/\/www.vyl.fi\/kesy\/wp-json\/wp\/v2\/pages\/361\/revisions"}],"predecessor-version":[{"id":362,"href":"https:\/\/www.vyl.fi\/kesy\/wp-json\/wp\/v2\/pages\/361\/revisions\/362"}],"up":[{"embeddable":true,"href":"https:\/\/www.vyl.fi\/kesy\/wp-json\/wp\/v2\/pages\/357"}],"wp:attachment":[{"href":"https:\/\/www.vyl.fi\/kesy\/wp-json\/wp\/v2\/media?parent=361"}],"curies":[{"name":"wp","href":"https:\/\/api.w.org\/{rel}","templated":true}]}}