{"id":363,"date":"2024-10-21T12:37:41","date_gmt":"2024-10-21T09:37:41","guid":{"rendered":"https:\/\/u79114.www2.webdomain.fi\/kesy\/?page_id=363"},"modified":"2024-10-21T12:37:41","modified_gmt":"2024-10-21T09:37:41","slug":"toimenpiteet-rakentamisessa","status":"publish","type":"page","link":"https:\/\/www.vyl.fi\/kesy\/teemat\/ihmisten-terveys-ja-hyvinvointi\/paikallisen-talouden-tukeminen\/toimenpiteet-rakentamisessa\/","title":{"rendered":"Toimenpiteet rakentamisessa"},"content":{"rendered":"\n<ul class=\"wp-block-list\">\n<li>Ty\u00f6llistet\u00e4\u00e4n paikallisia aliurakoitsijoita, ammattilaisia ja opiskelijoita kohteen rakennusty\u00f6h\u00f6n.<\/li>\n\n\n\n<li>Hankitaan materiaalit ja tuotteet paikallisilta valmistajilta ja toimittajilta.<\/li>\n<\/ul>\n\n\n\n<p><\/p>\n","protected":false},"excerpt":{"rendered":"","protected":false},"author":7,"featured_media":0,"parent":357,"menu_order":30,"comment_status":"closed","ping_status":"closed","template":"","meta":{"_acf_changed":false,"_relevanssi_hide_post":"","_relevanssi_hide_content":"","_relevanssi_pin_for_all":"","_relevanssi_pin_keywords":"","_relevanssi_unpin_keywords":"","_relevanssi_related_keywords":"","_relevanssi_related_include_ids":"","_relevanssi_related_exclude_ids":"","_relevanssi_related_no_append":"","_relevanssi_related_not_related":"","_relevanssi_related_posts":"1","_relevanssi_noindex_reason":"","footnotes":""},"class_list":["post-363","page","type-page","status-publish","hentry"],"acf":[],"_links":{"self":[{"href":"https:\/\/www.vyl.fi\/kesy\/wp-json\/wp\/v2\/pages\/363","targetHints":{"allow":["GET"]}}],"collection":[{"href":"https:\/\/www.vyl.fi\/kesy\/wp-json\/wp\/v2\/pages"}],"about":[{"href":"https:\/\/www.vyl.fi\/kesy\/wp-json\/wp\/v2\/types\/page"}],"author":[{"embeddable":true,"href":"https:\/\/www.vyl.fi\/kesy\/wp-json\/wp\/v2\/users\/7"}],"replies":[{"embeddable":true,"href":"https:\/\/www.vyl.fi\/kesy\/wp-json\/wp\/v2\/comments?post=363"}],"version-history":[{"count":1,"href":"https:\/\/www.vyl.fi\/kesy\/wp-json\/wp\/v2\/pages\/363\/revisions"}],"predecessor-version":[{"id":364,"href":"https:\/\/www.vyl.fi\/kesy\/wp-json\/wp\/v2\/pages\/363\/revisions\/364"}],"up":[{"embeddable":true,"href":"https:\/\/www.vyl.fi\/kesy\/wp-json\/wp\/v2\/pages\/357"}],"wp:attachment":[{"href":"https:\/\/www.vyl.fi\/kesy\/wp-json\/wp\/v2\/media?parent=363"}],"curies":[{"name":"wp","href":"https:\/\/api.w.org\/{rel}","templated":true}]}}