{"id":382,"date":"2024-10-22T15:12:17","date_gmt":"2024-10-22T12:12:17","guid":{"rendered":"https:\/\/u79114.www2.webdomain.fi\/kesy\/?page_id=382"},"modified":"2024-10-22T15:13:44","modified_gmt":"2024-10-22T12:13:44","slug":"helsingin-kaupungin-asunnot-oyn-erityisasuntojen-pihojen-viheralueiden-hoitopalvelut","status":"publish","type":"page","link":"https:\/\/www.vyl.fi\/kesy\/kesy-hankkeet\/helsingin-kaupungin-asunnot-oyn-erityisasuntojen-pihojen-viheralueiden-hoitopalvelut\/","title":{"rendered":"Helsingin kaupungin asunnot Oy:n Erityisasuntojen pihojen viheralueiden hoitopalvelut"},"content":{"rendered":"\n<p class=\"wp-block-lala-blocks-lala-ingressi\">Helsingin kaupungin asunnot Oy:n Erityisasunnot on toteuttanut viheralueiden hoitopalvelun hankinnat kahdelle sopimuskaudelle kest\u00e4v\u00e4n ymp\u00e4rist\u00f6rakentamisen ja kunnossapidon menetelmi\u00e4 huomioiden. Sopimuskaudet ovat ajoittuneet vuosille 2019- 2022 ja 2023-2024, optiovuodet 2025, 2026.<\/p>\n\n\n\n<p><strong>Hoitopalvelu vuosille 2023-2024, optiovuodet 2025, 2026<\/strong><\/p>\n\n\n\n<p>Hoitopalveluun sis\u00e4ltyy 44 kiinteist\u00f6pihaa.<\/p>\n\n\n\n<p><strong>Hankkeen yleinen kuvaus:<\/strong><\/p>\n\n\n\n<p>Kyseess\u00e4 on aiemman Helsingin kaupungin asunnot Oy:n Erityisasuntojen pihojen hoitoa koskevan ty\u00f6n jatkohanke. Aiempaan hankkeeseen n\u00e4hden, uudessa hoitopalvelussa on:<\/p>\n\n\n\n<p>1. Lis\u00e4tty osallistavan toiminnan m\u00e4\u00e4r\u00e4\u00e4 (yhteens\u00e4 10 kohdetta\/hoitovuosi aiemman 3 kpl\/hoitovuosi sijaan).<\/p>\n\n\n\n<p>2. Nurmikoiden hoitovastuu siirtynyt Hekan huollon hoidettavaksi ja poistunut t\u00e4st\u00e4 viherpalvelusta.<\/p>\n\n\n\n<p>3. K\u00e4yt\u00e4vien ja kiveysalueiden hoito tullut uutena mukaan hoitopalveluun.<br>&nbsp;<\/p>\n\n\n\n<p><strong>Aiemmasta hankkeesta jatkuvat edelleen:<\/strong><\/p>\n\n\n\n<p>4. Glyfosaattien k\u00e4ytt\u00f6kielto<\/p>\n\n\n\n<p>5. Hoitoty\u00f6st\u00e4 syntyv\u00e4n kasvij\u00e4tteen m\u00e4\u00e4r\u00e4n v\u00e4hent\u00e4minen<\/p>\n\n\n\n<p>6. Vaatimukset hoitopalvelussa k\u00e4ytett\u00e4ville ty\u00f6koneille (Euro 6, Stage 4, \u00f6ljyt biohajoavia, S\u00e4hk\u00f6k\u00e4ytt\u00f6isyytt\u00e4 vaaditaan kaikissa k\u00e4sik\u00e4ytt\u00f6isiss\u00e4 ty\u00f6kaluissa, trimmereiss\u00e4 ja puhaltimissa. Muissa laitteissa ja ty\u00f6koneissa suositaan s\u00e4hk\u00f6k\u00e4ytt\u00f6isyytt\u00e4.)<\/p>\n\n\n\n<p>7. Sosiaalinen osallistava toiminta asukkaiden kanssa<\/p>\n\n\n\n<p>8. Haitallisten vieraslajien hallinta<\/p>\n\n\n\n<p><strong>Hankkeiden tavoitteet:<\/strong><\/p>\n\n\n\n<ul class=\"wp-block-list\">\n<li>Kehitt\u00e4\u00e4 hoitopalvelua ymp\u00e4rist\u00f6n hyvinvoinnin huomioiden ja ymp\u00e4rist\u00f6n olosuhteita paremmaksi luoden<\/li>\n\n\n\n<li>Tuottaa sosiaalista kest\u00e4vyytt\u00e4 osallistavuuden ja hyvin hoidettujen pihojen kautta<\/li>\n<\/ul>\n\n\n\n<p><strong>KESY-toiminta hankkeissa:<\/strong><\/p>\n\n\n\n<ul class=\"wp-block-list\">\n<li>Kilpailutusvaiheessa on huomioitu koko hankkeen elinkaari ja asetettu tavoitteet sellaisiksi, ett\u00e4 tarjoajien tulee pysty\u00e4 vastaamaan asetettuihin tavoitteisiin.<\/li>\n\n\n\n<li>Asukkaita osallistava toiminta tukee asukkaiden hyvinvointia ja osallistumista yhteiseen toimintaan. Pihatapahtumissa asukkaat ovat p\u00e4\u00e4sseet istuttamaan kausikasveja, maistamaan yrttej\u00e4 ja tutustumaan opastettuna asukaspihan kasvillisuuteen. Pihatapahtumien j\u00e4rjest\u00e4misest\u00e4 vastaa palveluntuottaja yhteisty\u00f6ss\u00e4 kunkin asukaskohteen henkil\u00f6kunnan kanssa.<\/li>\n<\/ul>\n\n\n\n<p><strong>Muuta:<\/strong><\/p>\n\n\n\n<p>Uusin kilpailutusaineisto on laadittu aiemman nelivuotisen urakan kokemuksen perusteella. Havaittiin, ett\u00e4 osallistavalle toiminnalle oli kysynt\u00e4\u00e4 enemm\u00e4n kuin sit\u00e4 edellisess\u00e4 urakassa oli sovittu teht\u00e4v\u00e4ksi. Niinp\u00e4 osallistavan toiminnan m\u00e4\u00e4r\u00e4\u00e4 p\u00e4\u00e4tettiin lis\u00e4t\u00e4 uudelle sopimuskaudelle.<\/p>\n\n\n\n<p><strong>Hankkeen osapuolten tiedot<\/strong><\/p>\n\n\n\n<p><strong>Tilaaja:<\/strong>&nbsp;Helsingin kaupungin asunnot Oy (Heka), Erityisasunnot<\/p>\n\n\n\n<p><strong>Kunnossapito:<\/strong>&nbsp;Viherviisikko Oy<\/p>\n\n\n\n<p><strong>Valvonta, rakennuttaminen:&nbsp;<\/strong>Ramboll CM Oy<\/p>\n\n\n\n<p><strong>Lis\u00e4tiedot:<\/strong>&nbsp;Suvi Kuusisto, Ramboll CM Oy,&nbsp;<a href=\"mailto:suvi.kuusisto@ramboll.fi\">suvi.kuusisto@ramboll.fi<\/a><\/p>\n\n\n\n<p><strong>\u2026.<\/strong><\/p>\n\n\n\n<p><strong>Hoitourakka vuosille 2019-2022<\/strong><\/p>\n\n\n\n<p>Hankkeen tavoitteena oli kilpailuttaa pihojen 36 kiinteist\u00f6pihan hoitourakka huomioiden kest\u00e4v\u00e4n kunnossapidon periaatteita. Urakka oli k\u00e4ynniss\u00e4 vuosina 2019-2022.<\/p>\n\n\n\n<p>Hoitourakka sis\u00e4lsi 36 erityisasumisen (palvelutalot ym.) kiinteist\u00f6pihaa, jotka olivat laajuudeltaan ja luonteeltaan vaihtelevia.<\/p>\n\n\n\n<p>Urakan sis\u00e4lt\u00f6 ja teht\u00e4v\u00e4t koostuivat viheralan yleisist\u00e4 ohjeista ja selostuksista, mutta urakassa oli huomioitu my\u00f6s kest\u00e4v\u00e4n kunnossapidon periaatteita mm. seuraavasti:<\/p>\n\n\n\n<p>\u2022&nbsp;&nbsp;&nbsp;&nbsp;&nbsp;&nbsp;&nbsp;Glyfosaatin k\u00e4ytt\u00f6 on ollut kielletty<\/p>\n\n\n\n<p>\u2022&nbsp;&nbsp;&nbsp;&nbsp;&nbsp;&nbsp;&nbsp;Hoitoty\u00f6st\u00e4 syntyv\u00e4n kasvij\u00e4tteen v\u00e4hent\u00e4minen<\/p>\n\n\n\n<p>\u2022&nbsp;&nbsp;&nbsp;&nbsp;&nbsp;&nbsp;&nbsp;Vaatimukset urakassa k\u00e4ytett\u00e4ville ty\u00f6koneille<\/p>\n\n\n\n<p>\u2022&nbsp;&nbsp;&nbsp;&nbsp;&nbsp;&nbsp;&nbsp;Sosiaalinen osallistava toiminta asukkaiden kanssa<\/p>\n\n\n\n<div class=\"wp-block-buttons is-layout-flex wp-block-buttons-is-layout-flex\">\n<div class=\"wp-block-button\"><a class=\"wp-block-button__link wp-element-button\" href=\"https:\/\/www.youtube.com\/watch?v=aX7RbYADifo\" target=\"_blank\" rel=\"noreferrer noopener\">Katso hankkeen video<\/a><\/div>\n<\/div>\n\n\n\n<p><\/p>\n\n\n\n<p><strong>Hankkeen osapuolten tiedot<\/strong><\/p>\n\n\n\n<p><strong>Tilaaja:<\/strong>&nbsp;Helsingin kaupungin asunnot Oy (Heka), Erityisasunnot<\/p>\n\n\n\n<p><strong>Kunnossapito:<\/strong>&nbsp;Viherviisikko Oy<\/p>\n\n\n\n<p><strong>Valvonta, rakennuttaminen:&nbsp;<\/strong>Ramboll CM Oy<\/p>\n\n\n\n<p><strong>Lis\u00e4tiedot:<\/strong>&nbsp;Suvi Kuusisto, Ramboll CM Oy,&nbsp;<a href=\"mailto:suvi.kuusisto@ramboll.fi\">suvi.kuusisto@ramboll.fi<\/a><\/p>\n","protected":false},"excerpt":{"rendered":"<p>Hoitopalvelu vuosille 2023-2024, optiovuodet 2025, 2026 Hoitopalveluun sis\u00e4ltyy 44 kiinteist\u00f6pihaa. Hankkeen yleinen kuvaus: Kyseess\u00e4 on aiemman Helsingin kaupungin asunnot Oy:n Erityisasuntojen pihojen hoitoa koskevan ty\u00f6n jatkohanke. Aiempaan hankkeeseen n\u00e4hden, uudessa hoitopalvelussa on: 1. Lis\u00e4tty osallistavan toiminnan m\u00e4\u00e4r\u00e4\u00e4 (yhteens\u00e4 10 kohdetta\/hoitovuosi aiemman 3 kpl\/hoitovuosi sijaan). 2. Nurmikoiden hoitovastuu siirtynyt Hekan huollon hoidettavaksi ja poistunut t\u00e4st\u00e4 viherpalvelusta. [&hellip;]<\/p>\n","protected":false},"author":7,"featured_media":0,"parent":24,"menu_order":20,"comment_status":"closed","ping_status":"closed","template":"","meta":{"_acf_changed":false,"_relevanssi_hide_post":"","_relevanssi_hide_content":"","_relevanssi_pin_for_all":"","_relevanssi_pin_keywords":"","_relevanssi_unpin_keywords":"","_relevanssi_related_keywords":"","_relevanssi_related_include_ids":"","_relevanssi_related_exclude_ids":"","_relevanssi_related_no_append":"","_relevanssi_related_not_related":"","_relevanssi_related_posts":"1","_relevanssi_noindex_reason":"","footnotes":""},"class_list":["post-382","page","type-page","status-publish","hentry"],"acf":[],"_links":{"self":[{"href":"https:\/\/www.vyl.fi\/kesy\/wp-json\/wp\/v2\/pages\/382","targetHints":{"allow":["GET"]}}],"collection":[{"href":"https:\/\/www.vyl.fi\/kesy\/wp-json\/wp\/v2\/pages"}],"about":[{"href":"https:\/\/www.vyl.fi\/kesy\/wp-json\/wp\/v2\/types\/page"}],"author":[{"embeddable":true,"href":"https:\/\/www.vyl.fi\/kesy\/wp-json\/wp\/v2\/users\/7"}],"replies":[{"embeddable":true,"href":"https:\/\/www.vyl.fi\/kesy\/wp-json\/wp\/v2\/comments?post=382"}],"version-history":[{"count":2,"href":"https:\/\/www.vyl.fi\/kesy\/wp-json\/wp\/v2\/pages\/382\/revisions"}],"predecessor-version":[{"id":385,"href":"https:\/\/www.vyl.fi\/kesy\/wp-json\/wp\/v2\/pages\/382\/revisions\/385"}],"up":[{"embeddable":true,"href":"https:\/\/www.vyl.fi\/kesy\/wp-json\/wp\/v2\/pages\/24"}],"wp:attachment":[{"href":"https:\/\/www.vyl.fi\/kesy\/wp-json\/wp\/v2\/media?parent=382"}],"curies":[{"name":"wp","href":"https:\/\/api.w.org\/{rel}","templated":true}]}}