{"id":393,"date":"2024-10-22T15:22:52","date_gmt":"2024-10-22T12:22:52","guid":{"rendered":"https:\/\/u79114.www2.webdomain.fi\/kesy\/?page_id=393"},"modified":"2024-10-22T15:25:16","modified_gmt":"2024-10-22T12:25:16","slug":"kaurialan-liikennepuiston-peruskorjaus","status":"publish","type":"page","link":"https:\/\/www.vyl.fi\/kesy\/kesy-hankkeet\/kaurialan-liikennepuiston-peruskorjaus\/","title":{"rendered":"Kaurialan Liikennepuiston peruskorjaus"},"content":{"rendered":"\n<p class=\"wp-block-lala-blocks-lala-ingressi\">Kaurialan Liikennepuisto peruskorjattiin vuosina 2015 \u2013 2016 kest\u00e4v\u00e4n ymp\u00e4rist\u00f6rakentamisen -hankkeen pilottiprojektina. Hankkeessa olivat mukana H\u00e4meenlinnan kaupunki, Viherymp\u00e4rist\u00f6liitto ry ja Viher- ja ymp\u00e4rist\u00f6rakentajat ry sek\u00e4 l\u00e4hes 30 kumppania.<\/p>\n\n\n\n<p>Kaurialan Liikennepuisto sijaitsee H\u00e4meenlinnassa Kaurilan kaupunginosassa. Puiston peruskorjaus toteutui osana Viherymp\u00e4rist\u00f6liitto ry:n kest\u00e4v\u00e4 ymp\u00e4rist\u00f6rakentaminen -hanketta sek\u00e4 osana Vihervuosi \u2013 Gr\u00f6na \u00c5ret 2016 -teemavuotta. Puiston peruskorjauksen yleisuunnittelusta vastasi maisema-arkkitehti Emilia Weckman, puiston toteutusvaiheen projektip\u00e4\u00e4llikk\u00f6 oli Henrik Bos Viher- ja ymp\u00e4rist\u00f6rakentajat ry:st\u00e4 sek\u00e4 kaupungin puolelta hankkeessa olivat mukana suunnittelija Susanna Lappalainen ja hortonomi AMK Vesa Vuorinen. Ohjausryhm\u00e4n puheenjohtaja oli p\u00e4\u00e4sihteeri Seppo N\u00e4rhi Viherymp\u00e4rist\u00f6liitosta.<\/p>\n\n\n\n<p>Puiston avajaiset olivat 2.6.2017 osana Vihervuoden p\u00e4\u00e4tapahtumaa H\u00e4meenlinnassa.<\/p>\n\n\n\n<p>Puisto on esimerkki siit\u00e4, ett\u00e4 kest\u00e4v\u00e4 ymp\u00e4rist\u00f6rakentaminen on mahdollista, kun hankkeen tilaaja, suunnittelija, rakentaja, yll\u00e4pit\u00e4j\u00e4 ja tuotetoimittajat sitoutuvat asetettuihin tavoitteisiin.<\/p>\n\n\n\n<p>Puistoprojektin seurannasta on tehty opinn\u00e4ytety\u00f6 Yleisen rakennuttamisen tavan ja kest\u00e4v\u00e4n ymp\u00e4rist\u00f6rakentamisen koehankkeen vertailu : Case Kaurialan liikennepuiston perusparannus Pro bono, Silja Lepp\u00e4aho (2017)<\/p>\n\n\n\n<div class=\"wp-block-buttons is-layout-flex wp-block-buttons-is-layout-flex\">\n<div class=\"wp-block-button\"><a class=\"wp-block-button__link wp-element-button\" href=\"https:\/\/www.theseus.fi\/handle\/10024\/122891\" target=\"_blank\" rel=\"noreferrer noopener\">Lue opinn\u00e4ytety\u00f6<\/a><\/div>\n<\/div>\n\n\n\n<p>Vihervuoden p\u00e4\u00e4tapahtuma j\u00e4rjestettiin 2.6.2016 H\u00e4meenlinnassa. P\u00e4iv\u00e4 koostui Verkatehtaalla pidetyst\u00e4 kutsuvierasseminaarista, Kaurialan Liikennepuiston avajaisista ja Koko kansan kes\u00e4juhlasta H\u00e4meenlinnan torilla.<\/p>\n\n\n\n<div class=\"wp-block-buttons is-layout-flex wp-block-buttons-is-layout-flex\">\n<div class=\"wp-block-button\"><a class=\"wp-block-button__link wp-element-button\" href=\"https:\/\/www.youtube.com\/watch?v=Md-w-fYKwn4&amp;t=6s\" target=\"_blank\" rel=\"noreferrer noopener\">Katso video Kaurialan Liikennepuistoprojektista<\/a><\/div>\n<\/div>\n\n\n\n<p><\/p>\n","protected":false},"excerpt":{"rendered":"<p>Kaurialan Liikennepuisto sijaitsee H\u00e4meenlinnassa Kaurilan kaupunginosassa. Puiston peruskorjaus toteutui osana Viherymp\u00e4rist\u00f6liitto ry:n kest\u00e4v\u00e4 ymp\u00e4rist\u00f6rakentaminen -hanketta sek\u00e4 osana Vihervuosi \u2013 Gr\u00f6na \u00c5ret 2016 -teemavuotta. Puiston peruskorjauksen yleisuunnittelusta vastasi maisema-arkkitehti Emilia Weckman, puiston toteutusvaiheen projektip\u00e4\u00e4llikk\u00f6 oli Henrik Bos Viher- ja ymp\u00e4rist\u00f6rakentajat ry:st\u00e4 sek\u00e4 kaupungin puolelta hankkeessa olivat mukana suunnittelija Susanna Lappalainen ja hortonomi AMK Vesa Vuorinen. Ohjausryhm\u00e4n [&hellip;]<\/p>\n","protected":false},"author":7,"featured_media":0,"parent":24,"menu_order":50,"comment_status":"closed","ping_status":"closed","template":"","meta":{"_acf_changed":false,"_relevanssi_hide_post":"","_relevanssi_hide_content":"","_relevanssi_pin_for_all":"","_relevanssi_pin_keywords":"","_relevanssi_unpin_keywords":"","_relevanssi_related_keywords":"","_relevanssi_related_include_ids":"","_relevanssi_related_exclude_ids":"","_relevanssi_related_no_append":"","_relevanssi_related_not_related":"","_relevanssi_related_posts":"1","_relevanssi_noindex_reason":"","footnotes":""},"class_list":["post-393","page","type-page","status-publish","hentry"],"acf":[],"_links":{"self":[{"href":"https:\/\/www.vyl.fi\/kesy\/wp-json\/wp\/v2\/pages\/393","targetHints":{"allow":["GET"]}}],"collection":[{"href":"https:\/\/www.vyl.fi\/kesy\/wp-json\/wp\/v2\/pages"}],"about":[{"href":"https:\/\/www.vyl.fi\/kesy\/wp-json\/wp\/v2\/types\/page"}],"author":[{"embeddable":true,"href":"https:\/\/www.vyl.fi\/kesy\/wp-json\/wp\/v2\/users\/7"}],"replies":[{"embeddable":true,"href":"https:\/\/www.vyl.fi\/kesy\/wp-json\/wp\/v2\/comments?post=393"}],"version-history":[{"count":2,"href":"https:\/\/www.vyl.fi\/kesy\/wp-json\/wp\/v2\/pages\/393\/revisions"}],"predecessor-version":[{"id":396,"href":"https:\/\/www.vyl.fi\/kesy\/wp-json\/wp\/v2\/pages\/393\/revisions\/396"}],"up":[{"embeddable":true,"href":"https:\/\/www.vyl.fi\/kesy\/wp-json\/wp\/v2\/pages\/24"}],"wp:attachment":[{"href":"https:\/\/www.vyl.fi\/kesy\/wp-json\/wp\/v2\/media?parent=393"}],"curies":[{"name":"wp","href":"https:\/\/api.w.org\/{rel}","templated":true}]}}