{"id":397,"date":"2024-10-22T15:31:24","date_gmt":"2024-10-22T12:31:24","guid":{"rendered":"https:\/\/u79114.www2.webdomain.fi\/kesy\/?page_id=397"},"modified":"2024-10-22T15:33:57","modified_gmt":"2024-10-22T12:33:57","slug":"puisto-lahde","status":"publish","type":"page","link":"https:\/\/www.vyl.fi\/kesy\/kesy-hankkeet\/puisto-lahde\/","title":{"rendered":"Puisto L\u00e4hde"},"content":{"rendered":"\n<p class=\"wp-block-lala-blocks-lala-ingressi\">L\u00e4hde! Taiteesta voimaa arkeen -hanke oli Oulunkaaren kuntayhtym\u00e4n ja Taidekeskus KulttuuriKauppilan yhteinen, ESR-rahoitteinen hanke. Hankkeessa hy\u00f6dynnettiin KESY-toimintamallia.<\/p>\n\n\n\n<p><strong>Kierr\u00e4tys:<\/strong> Maamassat hy\u00f6dynnetty, kuljetukset minimoitu. <br>Puisto on esteet\u00f6n, siell\u00e4 on esteett\u00f6m\u00e4t v\u00e4lineet ja osa penkeist\u00e4 on esteett\u00f6mi\u00e4.<\/p>\n\n\n\n<p><strong>Yll\u00e4pito:<\/strong> Suunniteltu niin, ett\u00e4 alueen yll\u00e4pito on mahdollisimman helppoa. Yll\u00e4pitoa hoitaa paikallisen ty\u00f6h\u00f6nvalmennuskeskus \u201dpihatalkkari\u201d -toimintamallilla.<\/p>\n\n\n\n<p><strong>Luonnon monimuotoisuus:<\/strong> monipuolinen kasvillisuus, paikallinen kasvillisuus, linnunp\u00f6nt\u00f6t, hy\u00f6nteishotellit, kaadettavaa puustoa j\u00e4tetty paikalleen lahopuiksi. Kausikasvit, jotka puistoon istutetaan, ovat kaikki hy\u00f6tykasveja. Puiston kalusteet on suunniteltu yhdess\u00e4 paikallisen ty\u00f6keskuksen, IiPajan kanssa, ja ne toteutetaan my\u00f6s paikallisena ty\u00f6n\u00e4.<\/p>\n\n\n\n<p><strong>Sosiaalinen ulottuvuus:<\/strong> Suunnittelu laajassa yhteisty\u00f6ss\u00e4, moniammatillisesti ja laajasti osallistamalla. Alkuper\u00e4isen puistosuunnitelman ovat tehneet taiteilijat, ja se on jalostettu puistosuunnitelmaksi paikallisen maisemasuunnittelijan toimesta. S\u00e4hk\u00f6t on suunnitellut s\u00e4hk\u00f6suunnittelija. K\u00e4ytt\u00e4jien osallistamiseen on n\u00e4hty paljon aikaa ja vaivaa, sek\u00e4 eri metodeja on k\u00e4ytetty monipuolisesti. J\u00e4rjest\u00f6j\u00e4 on kannustettu j\u00e4rjest\u00e4m\u00e4\u00e4n tapahtuma ymp\u00e4ri vuoden puistossa.<\/p>\n\n\n\n<p><strong>Sitoutuminen:<\/strong> Kunta on sitoutunut ja antanut investointiin rahaa usean vuoden ajan, jotta suunnittelu- ja rakennusty\u00f6 voidaan toteuttaa pitk\u00e4j\u00e4nteisesti.<\/p>\n\n\n\n<p><strong>Lis\u00e4tiedot: <\/strong>Merja M\u00e4nnikk\u00f6: L\u00e4hde! Taiteesta voimaa arkeen -hankkeen projektip\u00e4\u00e4llikk\u00f6 <a href=\"http:\/\/ii.fi\/\" target=\"_blank\" rel=\"noreferrer noopener\">merja.mannikko@ii.fi<\/a>&nbsp;ja p. 040 7071403<\/p>\n\n\n\n<p>Lue lis\u00e4\u00e4:<\/p>\n\n\n\n<div class=\"wp-block-buttons is-layout-flex wp-block-buttons-is-layout-flex\">\n<div class=\"wp-block-button\"><a class=\"wp-block-button__link wp-element-button\" href=\"https:\/\/www.kulttuurikauppila.fi\/lahde\/\" target=\"_blank\" rel=\"noreferrer noopener\">Kulttuurikauppila<\/a><\/div>\n\n\n\n<div class=\"wp-block-button\"><a class=\"wp-block-button__link wp-element-button\" href=\"https:\/\/www.kulttuurikauppila.fi\/lahde-taiteesta-osallisuutta\/\" target=\"_blank\" rel=\"noreferrer noopener\">Taiteesta osallisuutta<\/a><\/div>\n<\/div>\n\n\n\n<p><\/p>\n","protected":false},"excerpt":{"rendered":"<p>Kierr\u00e4tys: Maamassat hy\u00f6dynnetty, kuljetukset minimoitu. Puisto on esteet\u00f6n, siell\u00e4 on esteett\u00f6m\u00e4t v\u00e4lineet ja osa penkeist\u00e4 on esteett\u00f6mi\u00e4. Yll\u00e4pito: Suunniteltu niin, ett\u00e4 alueen yll\u00e4pito on mahdollisimman helppoa. Yll\u00e4pitoa hoitaa paikallisen ty\u00f6h\u00f6nvalmennuskeskus \u201dpihatalkkari\u201d -toimintamallilla. Luonnon monimuotoisuus: monipuolinen kasvillisuus, paikallinen kasvillisuus, linnunp\u00f6nt\u00f6t, hy\u00f6nteishotellit, kaadettavaa puustoa j\u00e4tetty paikalleen lahopuiksi. Kausikasvit, jotka puistoon istutetaan, ovat kaikki hy\u00f6tykasveja. Puiston kalusteet on [&hellip;]<\/p>\n","protected":false},"author":7,"featured_media":0,"parent":24,"menu_order":70,"comment_status":"closed","ping_status":"closed","template":"","meta":{"_acf_changed":false,"_relevanssi_hide_post":"","_relevanssi_hide_content":"","_relevanssi_pin_for_all":"","_relevanssi_pin_keywords":"","_relevanssi_unpin_keywords":"","_relevanssi_related_keywords":"","_relevanssi_related_include_ids":"","_relevanssi_related_exclude_ids":"","_relevanssi_related_no_append":"","_relevanssi_related_not_related":"","_relevanssi_related_posts":"1","_relevanssi_noindex_reason":"","footnotes":""},"class_list":["post-397","page","type-page","status-publish","hentry"],"acf":[],"_links":{"self":[{"href":"https:\/\/www.vyl.fi\/kesy\/wp-json\/wp\/v2\/pages\/397","targetHints":{"allow":["GET"]}}],"collection":[{"href":"https:\/\/www.vyl.fi\/kesy\/wp-json\/wp\/v2\/pages"}],"about":[{"href":"https:\/\/www.vyl.fi\/kesy\/wp-json\/wp\/v2\/types\/page"}],"author":[{"embeddable":true,"href":"https:\/\/www.vyl.fi\/kesy\/wp-json\/wp\/v2\/users\/7"}],"replies":[{"embeddable":true,"href":"https:\/\/www.vyl.fi\/kesy\/wp-json\/wp\/v2\/comments?post=397"}],"version-history":[{"count":2,"href":"https:\/\/www.vyl.fi\/kesy\/wp-json\/wp\/v2\/pages\/397\/revisions"}],"predecessor-version":[{"id":400,"href":"https:\/\/www.vyl.fi\/kesy\/wp-json\/wp\/v2\/pages\/397\/revisions\/400"}],"up":[{"embeddable":true,"href":"https:\/\/www.vyl.fi\/kesy\/wp-json\/wp\/v2\/pages\/24"}],"wp:attachment":[{"href":"https:\/\/www.vyl.fi\/kesy\/wp-json\/wp\/v2\/media?parent=397"}],"curies":[{"name":"wp","href":"https:\/\/api.w.org\/{rel}","templated":true}]}}