{"id":403,"date":"2024-10-22T15:41:42","date_gmt":"2024-10-22T12:41:42","guid":{"rendered":"https:\/\/u79114.www2.webdomain.fi\/kesy\/?page_id=403"},"modified":"2024-10-22T15:42:02","modified_gmt":"2024-10-22T12:42:02","slug":"green-street-pilottihanke","status":"publish","type":"page","link":"https:\/\/www.vyl.fi\/kesy\/kesy-hankkeet\/green-street-pilottihanke\/","title":{"rendered":"Green Street pilottihanke"},"content":{"rendered":"\n<p class=\"wp-block-lala-blocks-lala-ingressi\">Jyv\u00e4skyl\u00e4n ydinkeskustan tuntumassa sijaitsevalle Puutarhakadulla tutkitaan hulevesien kest\u00e4v\u00e4\u00e4 hallintaa katualueilla Green Street -menetelm\u00e4n mukaisesti. Green Street -mallilla tarkoitetaan hulevesien hallintaa katualueilla vihre\u00e4n infrastruktuurin keinoin.<\/p>\n\n\n\n<p>Mallissa katutilaan lis\u00e4t\u00e4\u00e4n l\u00e4p\u00e4isev\u00e4\u00e4 pintaa erilaisten viherpainanteiden ja istutusalueiden avulla. L\u00e4p\u00e4isev\u00e4n pinnoitteen kautta vesi ohjautuu maanalaiseen viivytt\u00e4v\u00e4\u00e4n rakenteeseen. Samalla toteutetut hulevesirakenteet tuovat vihreytt\u00e4 olemassa olevaan kaupunkiymp\u00e4rist\u00f6\u00f6n. Green Street -menetelm\u00e4n p\u00e4\u00e4periaatteena on ajatus hajautetusta ratkaisusta, jolloin hulevesien hallinta on jaettu moneen pienemp\u00e4\u00e4n j\u00e4rjestelm\u00e4\u00e4n.<\/p>\n\n\n\n<p>Suunniteltava alue sis\u00e4lt\u00e4\u00e4 asemakaavan mukaisen katualueen kokonaisuudessaan kevyen liikenteen v\u00e4ylineen. Yleissuunnitelma on laadittu kev\u00e4\u00e4ll\u00e4 2017, ja katusuunnitelmat valmistuivat kev\u00e4\u00e4ll\u00e4 2018. Ensimm\u00e4isen korttelin (v\u00e4lill\u00e4 Kyllikinkatu-Tapionkatu) rakentaminen alkoi kes\u00e4kuussa 2018, ja rakentaminen ajoittuu investointiohjelman mukaan kahdelle vuodelle.<\/p>\n\n\n\n<p><strong>Toteutusaikataulu<\/strong>: suunnittelu 2017-2018, rakentaminen 2018-<\/p>\n\n\n\n<p><strong>Tilaaja:<\/strong>&nbsp;Jyv\u00e4skyl\u00e4n kaupunki, Kaupunkirakenteen toimiala<\/p>\n\n\n\n<p><strong>Yleis- ja rakennussuunnittelu:<\/strong>&nbsp;Ramboll Oy<\/p>\n\n\n\n<p><strong>Lis\u00e4tiedot:<\/strong>&nbsp;Paula Tuomi,&nbsp;<a href=\"mailto:paula.tuomi@jyvaskyla.fi\">etunimi.sukunimi@jyvaskyla.fi<\/a><\/p>\n\n\n\n<div class=\"wp-block-buttons is-layout-flex wp-block-buttons-is-layout-flex\">\n<div class=\"wp-block-button\"><a class=\"wp-block-button__link wp-element-button\" href=\"https:\/\/www.jyvaskyla.fi\/kaavoitus\/projektit-ja-ohjelmat\/sinivihrea-infrastruktuuri\/green-street-puutarhakatu\" target=\"_blank\" rel=\"noreferrer noopener\">Lue lis\u00e4\u00e4 Green Street-kadusta<\/a><\/div>\n<\/div>\n\n\n\n<p><\/p>\n","protected":false},"excerpt":{"rendered":"<p>Mallissa katutilaan lis\u00e4t\u00e4\u00e4n l\u00e4p\u00e4isev\u00e4\u00e4 pintaa erilaisten viherpainanteiden ja istutusalueiden avulla. L\u00e4p\u00e4isev\u00e4n pinnoitteen kautta vesi ohjautuu maanalaiseen viivytt\u00e4v\u00e4\u00e4n rakenteeseen. Samalla toteutetut hulevesirakenteet tuovat vihreytt\u00e4 olemassa olevaan kaupunkiymp\u00e4rist\u00f6\u00f6n. Green Street -menetelm\u00e4n p\u00e4\u00e4periaatteena on ajatus hajautetusta ratkaisusta, jolloin hulevesien hallinta on jaettu moneen pienemp\u00e4\u00e4n j\u00e4rjestelm\u00e4\u00e4n. Suunniteltava alue sis\u00e4lt\u00e4\u00e4 asemakaavan mukaisen katualueen kokonaisuudessaan kevyen liikenteen v\u00e4ylineen. Yleissuunnitelma on laadittu [&hellip;]<\/p>\n","protected":false},"author":7,"featured_media":0,"parent":24,"menu_order":14,"comment_status":"closed","ping_status":"closed","template":"","meta":{"_acf_changed":false,"_relevanssi_hide_post":"","_relevanssi_hide_content":"","_relevanssi_pin_for_all":"","_relevanssi_pin_keywords":"","_relevanssi_unpin_keywords":"","_relevanssi_related_keywords":"","_relevanssi_related_include_ids":"","_relevanssi_related_exclude_ids":"","_relevanssi_related_no_append":"","_relevanssi_related_not_related":"","_relevanssi_related_posts":"1","_relevanssi_noindex_reason":"","footnotes":""},"class_list":["post-403","page","type-page","status-publish","hentry"],"acf":[],"_links":{"self":[{"href":"https:\/\/www.vyl.fi\/kesy\/wp-json\/wp\/v2\/pages\/403","targetHints":{"allow":["GET"]}}],"collection":[{"href":"https:\/\/www.vyl.fi\/kesy\/wp-json\/wp\/v2\/pages"}],"about":[{"href":"https:\/\/www.vyl.fi\/kesy\/wp-json\/wp\/v2\/types\/page"}],"author":[{"embeddable":true,"href":"https:\/\/www.vyl.fi\/kesy\/wp-json\/wp\/v2\/users\/7"}],"replies":[{"embeddable":true,"href":"https:\/\/www.vyl.fi\/kesy\/wp-json\/wp\/v2\/comments?post=403"}],"version-history":[{"count":1,"href":"https:\/\/www.vyl.fi\/kesy\/wp-json\/wp\/v2\/pages\/403\/revisions"}],"predecessor-version":[{"id":404,"href":"https:\/\/www.vyl.fi\/kesy\/wp-json\/wp\/v2\/pages\/403\/revisions\/404"}],"up":[{"embeddable":true,"href":"https:\/\/www.vyl.fi\/kesy\/wp-json\/wp\/v2\/pages\/24"}],"wp:attachment":[{"href":"https:\/\/www.vyl.fi\/kesy\/wp-json\/wp\/v2\/media?parent=403"}],"curies":[{"name":"wp","href":"https:\/\/api.w.org\/{rel}","templated":true}]}}