{"id":407,"date":"2024-10-22T15:45:38","date_gmt":"2024-10-22T12:45:38","guid":{"rendered":"https:\/\/u79114.www2.webdomain.fi\/kesy\/?page_id=407"},"modified":"2024-10-22T15:45:38","modified_gmt":"2024-10-22T12:45:38","slug":"tourujoen-kunnostus","status":"publish","type":"page","link":"https:\/\/www.vyl.fi\/kesy\/kesy-hankkeet\/tourujoen-kunnostus\/","title":{"rendered":"Tourujoen kunnostus"},"content":{"rendered":"\n<p class=\"wp-block-lala-blocks-lala-ingressi\">Tourujoen kunnostuksen tavoitteena on kunnostaa Tourujoki virtavesikaloille soveltuvaksi ymp\u00e4rist\u00f6ksi ja purkaa s\u00e4\u00e4nn\u00f6stely Tourujoen valuma-alueelta.<\/p>\n\n\n\n<p>Kankaan uuden asuinalueen kyljess\u00e4 virtaava Tourujoki on Jyv\u00e4skyl\u00e4n keskeinen kaupunkijoki. Jyv\u00e4skyl\u00e4n kaupunki on k\u00e4ynnist\u00e4nyt laajan hankkeen joen ekologiset, maisemalliset, virkistykselliset ja kulttuurihistorialliset tavoitteet t\u00e4ytt\u00e4v\u00e4n kunnostuksen toteuttamiseksi. Kunnostuksen yleissuunnitelma valmistui vuonna 2018. Rakennussuunnittelu ajoittuu vuosille 2019-2020.<\/p>\n\n\n\n<p><strong>Toteutusaikataulu<\/strong>: toteutus todenn\u00e4k\u00f6isesti alkaen 2021<\/p>\n\n\n\n<p><strong>Tilaaja:<\/strong>&nbsp;Jyv\u00e4skyl\u00e4n kaupunki, Kaupunkirakenteen toimiala<\/p>\n\n\n\n<p><strong>Yleissuunnittelu:<\/strong>&nbsp;Ramboll Oy<\/p>\n\n\n\n<p><strong>Lis\u00e4tiedot:<\/strong>&nbsp;Jarmo Toikkanen,&nbsp;<a href=\"mailto:paula.tuomi@jyvaskyla.fi\">etunimi.sukunimi@jyvaskyla.fi<\/a><\/p>\n\n\n\n<div class=\"wp-block-buttons is-layout-flex wp-block-buttons-is-layout-flex\">\n<div class=\"wp-block-button\"><a class=\"wp-block-button__link wp-element-button\" href=\"https:\/\/www.jyvaskyla.fi\/kaupunkisuunnittelu\/viheraluesuunnittelu\/tourujoen-kunnostushanke\" target=\"_blank\" rel=\"noreferrer noopener\">Lue lis\u00e4\u00e4 Tourujoen kunnostuksesta<\/a><\/div>\n<\/div>\n","protected":false},"excerpt":{"rendered":"<p>Kankaan uuden asuinalueen kyljess\u00e4 virtaava Tourujoki on Jyv\u00e4skyl\u00e4n keskeinen kaupunkijoki. Jyv\u00e4skyl\u00e4n kaupunki on k\u00e4ynnist\u00e4nyt laajan hankkeen joen ekologiset, maisemalliset, virkistykselliset ja kulttuurihistorialliset tavoitteet t\u00e4ytt\u00e4v\u00e4n kunnostuksen toteuttamiseksi. Kunnostuksen yleissuunnitelma valmistui vuonna 2018. Rakennussuunnittelu ajoittuu vuosille 2019-2020. Toteutusaikataulu: toteutus todenn\u00e4k\u00f6isesti alkaen 2021 Tilaaja:&nbsp;Jyv\u00e4skyl\u00e4n kaupunki, Kaupunkirakenteen toimiala Yleissuunnittelu:&nbsp;Ramboll Oy Lis\u00e4tiedot:&nbsp;Jarmo Toikkanen,&nbsp;etunimi.sukunimi@jyvaskyla.fi<\/p>\n","protected":false},"author":7,"featured_media":0,"parent":24,"menu_order":85,"comment_status":"closed","ping_status":"closed","template":"","meta":{"_acf_changed":false,"_relevanssi_hide_post":"","_relevanssi_hide_content":"","_relevanssi_pin_for_all":"","_relevanssi_pin_keywords":"","_relevanssi_unpin_keywords":"","_relevanssi_related_keywords":"","_relevanssi_related_include_ids":"","_relevanssi_related_exclude_ids":"","_relevanssi_related_no_append":"","_relevanssi_related_not_related":"","_relevanssi_related_posts":"1","_relevanssi_noindex_reason":"","footnotes":""},"class_list":["post-407","page","type-page","status-publish","hentry"],"acf":[],"_links":{"self":[{"href":"https:\/\/www.vyl.fi\/kesy\/wp-json\/wp\/v2\/pages\/407","targetHints":{"allow":["GET"]}}],"collection":[{"href":"https:\/\/www.vyl.fi\/kesy\/wp-json\/wp\/v2\/pages"}],"about":[{"href":"https:\/\/www.vyl.fi\/kesy\/wp-json\/wp\/v2\/types\/page"}],"author":[{"embeddable":true,"href":"https:\/\/www.vyl.fi\/kesy\/wp-json\/wp\/v2\/users\/7"}],"replies":[{"embeddable":true,"href":"https:\/\/www.vyl.fi\/kesy\/wp-json\/wp\/v2\/comments?post=407"}],"version-history":[{"count":1,"href":"https:\/\/www.vyl.fi\/kesy\/wp-json\/wp\/v2\/pages\/407\/revisions"}],"predecessor-version":[{"id":408,"href":"https:\/\/www.vyl.fi\/kesy\/wp-json\/wp\/v2\/pages\/407\/revisions\/408"}],"up":[{"embeddable":true,"href":"https:\/\/www.vyl.fi\/kesy\/wp-json\/wp\/v2\/pages\/24"}],"wp:attachment":[{"href":"https:\/\/www.vyl.fi\/kesy\/wp-json\/wp\/v2\/media?parent=407"}],"curies":[{"name":"wp","href":"https:\/\/api.w.org\/{rel}","templated":true}]}}