{"id":409,"date":"2024-10-22T15:53:44","date_gmt":"2024-10-22T12:53:44","guid":{"rendered":"https:\/\/u79114.www2.webdomain.fi\/kesy\/?page_id=409"},"modified":"2024-10-22T15:53:44","modified_gmt":"2024-10-22T12:53:44","slug":"niemen-kampuspuisto","status":"publish","type":"page","link":"https:\/\/www.vyl.fi\/kesy\/kesy-hankkeet\/niemen-kampuspuisto\/","title":{"rendered":"Niemen Kampuspuisto"},"content":{"rendered":"\n<p class=\"wp-block-lala-blocks-lala-ingressi\">Hankkeen tavoitteena oli parantaa Niemen alueen houkuttelevuutta ja imagoa mm. opiskelupaikan valintaan, asumiseen, ulkoiluun ja yhteis\u00f6llisyyteen. Kampuspuisto on osa laajempaa Niemen alueen kokonaisuutta, jota kehitet\u00e4\u00e4n teollisuusalueesta alueeksi niin asumiselle, ty\u00f6paikoille ja palveluille kuin puistoiksi ja viheryhteyksiksi.<\/p>\n\n\n\n<p><strong>Hankkeen yleinen kuvaus:&nbsp;<\/strong><\/p>\n\n\n\n<p>Lahden Niemen alue on vanhaa teollisuusaluetta Vesij\u00e4rven rannalla. Aluetta kehitet\u00e4\u00e4n parhaillaan asuin- ja palvelualueeksi. Niemen Kampuspuisto sijaitsee Niemen alueella kahden kampuksen v\u00e4liss\u00e4, teollisuusraiteen varressa kulkevan Kampusraitin kyljess\u00e4. Kampusraitti on osa laajempaa kaupungin py\u00f6r\u00e4ilyreitist\u00f6\u00e4, joten puisto on helposti saavutettavissa jalan ja py\u00f6r\u00e4illen.<\/p>\n\n\n\n<p>Viihtyis\u00e4n uudistetun ymp\u00e4rist\u00f6n my\u00f6t\u00e4 Kampuspuisto houkuttelee viheralueelle opiskelijoiden lis\u00e4ksi muitakin alueen k\u00e4ytt\u00e4ji\u00e4. Kampuspuiston rakentuessa alueelle tulee lis\u00e4\u00e4 oleskelualueita ja mahdollisuuksia tapahtumien j\u00e4rjest\u00e4miseen.<br><br>Kest\u00e4v\u00e4n kehityksen periaatteet olivat Kampuspuiston suunnittelussa l\u00e4ht\u00f6kohtana ja ohjaavana tekij\u00e4n\u00e4. Puistossa edistet\u00e4\u00e4n luonnon monimuotoisuutta ja kierr\u00e4tet\u00e4\u00e4n luonnonvaroja sek\u00e4 materiaaleja. Erityist\u00e4 huomiota kiinnitet\u00e4\u00e4n yhteis\u00f6llisyyden lis\u00e4\u00e4miseen alueella. Yhdess\u00e4 Kampusraitti ja Kampuspuisto tarjoavat viihtyis\u00e4n alueen ihmisille sek\u00e4 elintilaa luonnon ekosysteemille.<\/p>\n\n\n\n<p><strong>Toteutusaikataulu<\/strong>:&nbsp;suunnittelu 2\/2022 &#8211; 8\/2022, toteutusarvio syksy\/2022- kes\u00e4 2024<\/p>\n\n\n\n<p><strong>Tilaaja:<\/strong>&nbsp;Lahden kaupunki, Kaupunkiymp\u00e4rist\u00f6n palvelualue<\/p>\n\n\n\n<p><strong>Rakennussuunnittelu:<\/strong>&nbsp;Ramboll Finland Oy<\/p>\n\n\n\n<p><strong>Lis\u00e4tiedot:<\/strong>&nbsp;Enni Sepp\u00e4nen, Ramboll Finland Oy, puh +358408251029 enni.seppanen@ramboll.fi<\/p>\n\n\n\n<p><strong>Tutustu suunnitelmiin:&nbsp;<\/strong><\/p>\n\n\n\n<div class=\"wp-block-file\"><a id=\"wp-block-file--media-055cd833-3c55-4fce-b1ff-0fb991f43788\" href=\"https:\/\/www.vyl.fi\/kesy\/wp-content\/uploads\/sites\/4\/2024\/10\/2022-08-104-P_RS_asema_Niemen_Kampuspuisto_200.pdf\">Niemen_Kampuspuisto<\/a><a href=\"https:\/\/www.vyl.fi\/kesy\/wp-content\/uploads\/sites\/4\/2024\/10\/2022-08-104-P_RS_asema_Niemen_Kampuspuisto_200.pdf\" class=\"wp-block-file__button wp-element-button\" download aria-describedby=\"wp-block-file--media-055cd833-3c55-4fce-b1ff-0fb991f43788\">Lataa<\/a><\/div>\n\n\n\n<div class=\"wp-block-file\"><a id=\"wp-block-file--media-a83b03aa-02d7-4366-814a-bf2c4c7ac879\" href=\"https:\/\/www.vyl.fi\/kesy\/wp-content\/uploads\/sites\/4\/2024\/10\/niemen_kampuspuisto_suunnitelma.pdf\">niemen_kampuspuisto_suunnitelma<\/a><a href=\"https:\/\/www.vyl.fi\/kesy\/wp-content\/uploads\/sites\/4\/2024\/10\/niemen_kampuspuisto_suunnitelma.pdf\" class=\"wp-block-file__button wp-element-button\" download aria-describedby=\"wp-block-file--media-a83b03aa-02d7-4366-814a-bf2c4c7ac879\">Lataa<\/a><\/div>\n\n\n\n<div class=\"wp-block-file\"><a id=\"wp-block-file--media-4e316f10-4e0e-45ba-ac2c-140420924b9e\" href=\"https:\/\/www.vyl.fi\/kesy\/wp-content\/uploads\/sites\/4\/2024\/10\/niemen_kampuspuisto_suunnitelma_2_pdf.pdf\">niemen_kampuspuisto_suunnitelma_2_pdf<\/a><a href=\"https:\/\/www.vyl.fi\/kesy\/wp-content\/uploads\/sites\/4\/2024\/10\/niemen_kampuspuisto_suunnitelma_2_pdf.pdf\" class=\"wp-block-file__button wp-element-button\" download aria-describedby=\"wp-block-file--media-4e316f10-4e0e-45ba-ac2c-140420924b9e\">Lataa<\/a><\/div>\n\n\n\n<div class=\"wp-block-file\"><a id=\"wp-block-file--media-e346583a-99c2-46bc-a839-ea891a7f40a0\" href=\"https:\/\/www.vyl.fi\/kesy\/wp-content\/uploads\/sites\/4\/2024\/10\/niemen_kampuspuisto_suunnitelma_3_pdf.pdf\">niemen_kampuspuisto_suunnitelma_3_pdf<\/a><a href=\"https:\/\/www.vyl.fi\/kesy\/wp-content\/uploads\/sites\/4\/2024\/10\/niemen_kampuspuisto_suunnitelma_3_pdf.pdf\" class=\"wp-block-file__button wp-element-button\" download aria-describedby=\"wp-block-file--media-e346583a-99c2-46bc-a839-ea891a7f40a0\">Lataa<\/a><\/div>\n","protected":false},"excerpt":{"rendered":"<p>Hankkeen yleinen kuvaus:&nbsp; Lahden Niemen alue on vanhaa teollisuusaluetta Vesij\u00e4rven rannalla. Aluetta kehitet\u00e4\u00e4n parhaillaan asuin- ja palvelualueeksi. Niemen Kampuspuisto sijaitsee Niemen alueella kahden kampuksen v\u00e4liss\u00e4, teollisuusraiteen varressa kulkevan Kampusraitin kyljess\u00e4. Kampusraitti on osa laajempaa kaupungin py\u00f6r\u00e4ilyreitist\u00f6\u00e4, joten puisto on helposti saavutettavissa jalan ja py\u00f6r\u00e4illen. Viihtyis\u00e4n uudistetun ymp\u00e4rist\u00f6n my\u00f6t\u00e4 Kampuspuisto houkuttelee viheralueelle opiskelijoiden lis\u00e4ksi muitakin alueen [&hellip;]<\/p>\n","protected":false},"author":7,"featured_media":0,"parent":24,"menu_order":65,"comment_status":"closed","ping_status":"closed","template":"","meta":{"_acf_changed":false,"_relevanssi_hide_post":"","_relevanssi_hide_content":"","_relevanssi_pin_for_all":"","_relevanssi_pin_keywords":"","_relevanssi_unpin_keywords":"","_relevanssi_related_keywords":"","_relevanssi_related_include_ids":"","_relevanssi_related_exclude_ids":"","_relevanssi_related_no_append":"","_relevanssi_related_not_related":"","_relevanssi_related_posts":"1","_relevanssi_noindex_reason":"","footnotes":""},"class_list":["post-409","page","type-page","status-publish","hentry"],"acf":[],"_links":{"self":[{"href":"https:\/\/www.vyl.fi\/kesy\/wp-json\/wp\/v2\/pages\/409","targetHints":{"allow":["GET"]}}],"collection":[{"href":"https:\/\/www.vyl.fi\/kesy\/wp-json\/wp\/v2\/pages"}],"about":[{"href":"https:\/\/www.vyl.fi\/kesy\/wp-json\/wp\/v2\/types\/page"}],"author":[{"embeddable":true,"href":"https:\/\/www.vyl.fi\/kesy\/wp-json\/wp\/v2\/users\/7"}],"replies":[{"embeddable":true,"href":"https:\/\/www.vyl.fi\/kesy\/wp-json\/wp\/v2\/comments?post=409"}],"version-history":[{"count":1,"href":"https:\/\/www.vyl.fi\/kesy\/wp-json\/wp\/v2\/pages\/409\/revisions"}],"predecessor-version":[{"id":414,"href":"https:\/\/www.vyl.fi\/kesy\/wp-json\/wp\/v2\/pages\/409\/revisions\/414"}],"up":[{"embeddable":true,"href":"https:\/\/www.vyl.fi\/kesy\/wp-json\/wp\/v2\/pages\/24"}],"wp:attachment":[{"href":"https:\/\/www.vyl.fi\/kesy\/wp-json\/wp\/v2\/media?parent=409"}],"curies":[{"name":"wp","href":"https:\/\/api.w.org\/{rel}","templated":true}]}}