{"id":426,"date":"2024-10-22T16:47:21","date_gmt":"2024-10-22T13:47:21","guid":{"rendered":"https:\/\/u79114.www2.webdomain.fi\/kesy\/?page_id=426"},"modified":"2024-10-22T16:55:08","modified_gmt":"2024-10-22T13:55:08","slug":"kiviston-bussiterminaalin-kasvikatto","status":"publish","type":"page","link":"https:\/\/www.vyl.fi\/kesy\/kesy-hankkeet\/kiviston-bussiterminaalin-kasvikatto\/","title":{"rendered":"Kivist\u00f6n bussiterminaalin kasvikatto"},"content":{"rendered":"\n<p class=\"wp-block-lala-blocks-lala-ingressi\">Vantaan Kivist\u00f6n bussiterminaalin katolle perustettiin kasvikatto.<\/p>\n\n\n\n<p>Laajuus: 800 m2<\/p>\n\n\n\n<p><strong>Hankkeen yleinen kuvaus:<\/strong><\/p>\n\n\n\n<p>Rakennusbetonin toteuttama kasvikatto Vantaan Kivist\u00f6n bussiterminaalin katolle, joka on ensimm\u00e4inen linja-autoaseman katosten kasvikattokohde Suomessa. Kohde on toteutettu kest\u00e4v\u00e4n ymp\u00e4rist\u00f6rakentamisen toimintamallin mukaisesti. Kotimaiset niitty- ja ketokasvit ovat istutettu luonnon monimuotoisuutta tukevan istutuksen tavoin, jota t\u00e4ydent\u00e4\u00e4 kummuille istutetut katajat. Biodiversiteetin lis\u00e4\u00e4miseksi katolle on tuotu my\u00f6s lahopuuta ja kivi\u00e4.<\/p>\n\n\n\n<p><strong>Hankkeen tavoitteet:<\/strong><\/p>\n\n\n\n<ul class=\"wp-block-list\">\n<li>Kiertotalouden hy\u00f6dynt\u00e4minen, kotimainen kasvituotanto ja luonnon monimuotoisuuden tukeminen.<\/li>\n\n\n\n<li>Hulevesien hallinta ja luonnon monimuotoisuuden lis\u00e4\u00e4minen.<\/li>\n<\/ul>\n\n\n\n<p><strong>KESY-toiminta hankkeessa:<\/strong><\/p>\n\n\n\n<ul class=\"wp-block-list\">\n<li>Suunnitelmassa huomioitu mm. seuraavia asioita: kierr\u00e4tysmateriaalien k\u00e4ytt\u00f6, kotimaisten kasvien k\u00e4ytt\u00f6, luonnon monimuotoisuuden k\u00e4ytt\u00f6.<\/li>\n\n\n\n<li>Jopa 2\/3 katon hulevesist\u00e4 pystyt\u00e4\u00e4n imeytt\u00e4m\u00e4\u00e4n ja viivytt\u00e4m\u00e4\u00e4n kasvikaton avulla.<\/li>\n\n\n\n<li>Kohteessa on k\u00e4ytetty AKOroof kasvualustaa, jossa on hy\u00f6dynnetty betonituotannon sivuvirtoja. Voidaan siis puhua kierr\u00e4tyskasvualustasta. Kasvualusta on em\u00e4ksist\u00e4 ja siin\u00e4 viihtyy kotimainen niitty- ja ketokasvillisuus. Lis\u00e4ksi kohteeseen istutetut katajat viihtyv\u00e4t em\u00e4ksisess\u00e4 kasvualustassa.<\/li>\n\n\n\n<li>Kasvikaton materiaaleina on 100% kierr\u00e4tyskuidusta valmistettu vedenpid\u00e4tysmatto, Vesij\u00e4rven hoitoniitosta ker\u00e4tty j\u00e4rviruoko, AKOroof kasvualusta (kierr\u00e4tyskasvualusta) sek\u00e4 kotimainen niitty- ja ketokasvillisuus t\u00e4ydennettyn\u00e4 katajilla.<\/li>\n\n\n\n<li>Kasvikattomateriaalit nostettiin katolle nosturiautolla, mutta muuten katto urakoitiin k\u00e4sivoimin.<\/li>\n\n\n\n<li>Rakennusvaihe k\u00e4sitt\u00e4\u00e4 katon biologiset kerrokset. Rakenteeseen kuuluu vedenpid\u00e4tysmatto, j\u00e4rviruoko, kasvualusta sek\u00e4 kasvillisuus. Vedenpid\u00e4tysmatto on valmistettu kierr\u00e4tyskuidusta. Vesij\u00e4rven hoitoniitoissa poistettava j\u00e4rviruoko hy\u00f6dynnet\u00e4\u00e4n kasvikattorakenteessa salaojittavana ja vesitilavuutta lis\u00e4\u00e4v\u00e4n\u00e4 kerroksena. Kasvualustassa on hy\u00f6dynnetty betonituotannon sivuvirtoja sek\u00e4 erillisker\u00e4tty\u00e4 biokompostia. Em\u00e4ksisen\u00e4 kasvualustana se pid\u00e4tt\u00e4\u00e4 hyvin fosforia ja ravinnehuuhtoumat ovat minimaaliset. Lannoitusta ei tarvita. Lis\u00e4ksi kasvit ovat kotimaista tuotantoa.<\/li>\n<\/ul>\n\n\n\n<p><strong>Haasteita hankkeen aikana<\/strong><\/p>\n\n\n\n<ul class=\"wp-block-list\">\n<li>T\u00e4ss\u00e4 kohteessa paloviranomaisten puolto oli t\u00e4rke\u00e4\u00e4. Painokuorma asetti rajoituksia kasvien sijoitukselle.<\/li>\n<\/ul>\n\n\n\n<p><strong>Suunnittelu- ja toteutusaikataulu:<\/strong>&nbsp;syksy 2023<\/p>\n\n\n\n<p><strong>Tilaaja:<\/strong>&nbsp;GRK Suomi Oy\/ Vantaan kaupunki<\/p>\n\n\n\n<p><strong>Suunnittelu:<\/strong>&nbsp;Taina Suonio \/ Roslings Manor Gardens<\/p>\n\n\n\n<p><strong>Toteutus<\/strong>:&nbsp;Rakennusbetoni- ja Elementti Oy<\/p>\n\n\n\n<p><strong>Lis\u00e4tiedot:<\/strong>&nbsp;Veera Kautonen, Rakennusbetoni- ja Elementti Oy , puh +358 40 6379120 veera.kautonen@rakennusbetoni.fi<\/p>\n\n\n\n<div class=\"wp-block-columns is-layout-flex wp-container-core-columns-is-layout-9d6595d7 wp-block-columns-is-layout-flex\">\n<div class=\"wp-block-column is-layout-flow wp-block-column-is-layout-flow\">\n<figure class=\"wp-block-image size-large is-resized\"><img loading=\"lazy\" decoding=\"async\" width=\"1024\" height=\"1003\" src=\"https:\/\/www.vyl.fi\/kesy\/wp-content\/uploads\/sites\/4\/2024\/10\/Kiviston-bussiterminaali-kasvit-1-1024x1003.jpg\" alt=\"\" class=\"wp-image-430\" style=\"width:400px\" srcset=\"https:\/\/www.vyl.fi\/kesy\/wp-content\/uploads\/sites\/4\/2024\/10\/Kiviston-bussiterminaali-kasvit-1-1024x1003.jpg 1024w, https:\/\/www.vyl.fi\/kesy\/wp-content\/uploads\/sites\/4\/2024\/10\/Kiviston-bussiterminaali-kasvit-1-300x294.jpg 300w, https:\/\/www.vyl.fi\/kesy\/wp-content\/uploads\/sites\/4\/2024\/10\/Kiviston-bussiterminaali-kasvit-1-768x752.jpg 768w, https:\/\/www.vyl.fi\/kesy\/wp-content\/uploads\/sites\/4\/2024\/10\/Kiviston-bussiterminaali-kasvit-1-1536x1505.jpg 1536w, https:\/\/www.vyl.fi\/kesy\/wp-content\/uploads\/sites\/4\/2024\/10\/Kiviston-bussiterminaali-kasvit-1-2048x2006.jpg 2048w\" sizes=\"(max-width: 1024px) 100vw, 1024px\" \/><\/figure>\n<\/div>\n\n\n\n<div class=\"wp-block-column is-layout-flow wp-block-column-is-layout-flow\">\n<figure class=\"wp-block-image size-large is-resized\"><img loading=\"lazy\" decoding=\"async\" width=\"993\" height=\"1024\" src=\"https:\/\/www.vyl.fi\/kesy\/wp-content\/uploads\/sites\/4\/2024\/10\/Kiviston-bussiterminaali-tyolaiset-993x1024.jpg\" alt=\"\" class=\"wp-image-431\" style=\"width:373px;height:auto\" srcset=\"https:\/\/www.vyl.fi\/kesy\/wp-content\/uploads\/sites\/4\/2024\/10\/Kiviston-bussiterminaali-tyolaiset-993x1024.jpg 993w, https:\/\/www.vyl.fi\/kesy\/wp-content\/uploads\/sites\/4\/2024\/10\/Kiviston-bussiterminaali-tyolaiset-291x300.jpg 291w, https:\/\/www.vyl.fi\/kesy\/wp-content\/uploads\/sites\/4\/2024\/10\/Kiviston-bussiterminaali-tyolaiset-768x792.jpg 768w, https:\/\/www.vyl.fi\/kesy\/wp-content\/uploads\/sites\/4\/2024\/10\/Kiviston-bussiterminaali-tyolaiset.jpg 1490w\" sizes=\"(max-width: 993px) 100vw, 993px\" \/><\/figure>\n<\/div>\n<\/div>\n\n\n\n<div class=\"wp-block-columns is-layout-flex wp-container-core-columns-is-layout-9d6595d7 wp-block-columns-is-layout-flex\">\n<div class=\"wp-block-column is-layout-flow wp-block-column-is-layout-flow\">\n<figure class=\"wp-block-image size-large is-resized\"><img loading=\"lazy\" decoding=\"async\" width=\"768\" height=\"1024\" src=\"https:\/\/www.vyl.fi\/kesy\/wp-content\/uploads\/sites\/4\/2024\/10\/Kiviston-bussiterminaalin-kasvikatto-768x1024.jpg\" alt=\"\" class=\"wp-image-432\" style=\"width:278px;height:auto\" srcset=\"https:\/\/www.vyl.fi\/kesy\/wp-content\/uploads\/sites\/4\/2024\/10\/Kiviston-bussiterminaalin-kasvikatto-768x1024.jpg 768w, https:\/\/www.vyl.fi\/kesy\/wp-content\/uploads\/sites\/4\/2024\/10\/Kiviston-bussiterminaalin-kasvikatto-225x300.jpg 225w, https:\/\/www.vyl.fi\/kesy\/wp-content\/uploads\/sites\/4\/2024\/10\/Kiviston-bussiterminaalin-kasvikatto-1152x1536.jpg 1152w, https:\/\/www.vyl.fi\/kesy\/wp-content\/uploads\/sites\/4\/2024\/10\/Kiviston-bussiterminaalin-kasvikatto-1536x2048.jpg 1536w, https:\/\/www.vyl.fi\/kesy\/wp-content\/uploads\/sites\/4\/2024\/10\/Kiviston-bussiterminaalin-kasvikatto-rotated.jpg 1920w\" sizes=\"(max-width: 768px) 100vw, 768px\" \/><\/figure>\n<\/div>\n\n\n\n<div class=\"wp-block-column is-layout-flow wp-block-column-is-layout-flow\">\n<figure class=\"wp-block-image size-large\"><img loading=\"lazy\" decoding=\"async\" width=\"1024\" height=\"949\" src=\"https:\/\/www.vyl.fi\/kesy\/wp-content\/uploads\/sites\/4\/2024\/10\/Kiviston-bussiterminaali-kasvit-2-jpg-pieni-1024x949.jpg\" alt=\"\" class=\"wp-image-433\" srcset=\"https:\/\/www.vyl.fi\/kesy\/wp-content\/uploads\/sites\/4\/2024\/10\/Kiviston-bussiterminaali-kasvit-2-jpg-pieni-1024x949.jpg 1024w, https:\/\/www.vyl.fi\/kesy\/wp-content\/uploads\/sites\/4\/2024\/10\/Kiviston-bussiterminaali-kasvit-2-jpg-pieni-300x278.jpg 300w, https:\/\/www.vyl.fi\/kesy\/wp-content\/uploads\/sites\/4\/2024\/10\/Kiviston-bussiterminaali-kasvit-2-jpg-pieni-768x712.jpg 768w, https:\/\/www.vyl.fi\/kesy\/wp-content\/uploads\/sites\/4\/2024\/10\/Kiviston-bussiterminaali-kasvit-2-jpg-pieni-1536x1423.jpg 1536w, https:\/\/www.vyl.fi\/kesy\/wp-content\/uploads\/sites\/4\/2024\/10\/Kiviston-bussiterminaali-kasvit-2-jpg-pieni-2048x1897.jpg 2048w\" sizes=\"(max-width: 1024px) 100vw, 1024px\" \/><\/figure>\n<\/div>\n<\/div>\n\n\n\n<p><\/p>\n","protected":false},"excerpt":{"rendered":"<p>Laajuus: 800 m2 Hankkeen yleinen kuvaus: Rakennusbetonin toteuttama kasvikatto Vantaan Kivist\u00f6n bussiterminaalin katolle, joka on ensimm\u00e4inen linja-autoaseman katosten kasvikattokohde Suomessa. Kohde on toteutettu kest\u00e4v\u00e4n ymp\u00e4rist\u00f6rakentamisen toimintamallin mukaisesti. Kotimaiset niitty- ja ketokasvit ovat istutettu luonnon monimuotoisuutta tukevan istutuksen tavoin, jota t\u00e4ydent\u00e4\u00e4 kummuille istutetut katajat. Biodiversiteetin lis\u00e4\u00e4miseksi katolle on tuotu my\u00f6s lahopuuta ja kivi\u00e4. Hankkeen tavoitteet: KESY-toiminta [&hellip;]<\/p>\n","protected":false},"author":7,"featured_media":0,"parent":24,"menu_order":52,"comment_status":"closed","ping_status":"closed","template":"","meta":{"_acf_changed":false,"_relevanssi_hide_post":"","_relevanssi_hide_content":"","_relevanssi_pin_for_all":"","_relevanssi_pin_keywords":"","_relevanssi_unpin_keywords":"","_relevanssi_related_keywords":"","_relevanssi_related_include_ids":"","_relevanssi_related_exclude_ids":"","_relevanssi_related_no_append":"","_relevanssi_related_not_related":"","_relevanssi_related_posts":"1","_relevanssi_noindex_reason":"","footnotes":""},"class_list":["post-426","page","type-page","status-publish","hentry"],"acf":[],"_links":{"self":[{"href":"https:\/\/www.vyl.fi\/kesy\/wp-json\/wp\/v2\/pages\/426","targetHints":{"allow":["GET"]}}],"collection":[{"href":"https:\/\/www.vyl.fi\/kesy\/wp-json\/wp\/v2\/pages"}],"about":[{"href":"https:\/\/www.vyl.fi\/kesy\/wp-json\/wp\/v2\/types\/page"}],"author":[{"embeddable":true,"href":"https:\/\/www.vyl.fi\/kesy\/wp-json\/wp\/v2\/users\/7"}],"replies":[{"embeddable":true,"href":"https:\/\/www.vyl.fi\/kesy\/wp-json\/wp\/v2\/comments?post=426"}],"version-history":[{"count":3,"href":"https:\/\/www.vyl.fi\/kesy\/wp-json\/wp\/v2\/pages\/426\/revisions"}],"predecessor-version":[{"id":435,"href":"https:\/\/www.vyl.fi\/kesy\/wp-json\/wp\/v2\/pages\/426\/revisions\/435"}],"up":[{"embeddable":true,"href":"https:\/\/www.vyl.fi\/kesy\/wp-json\/wp\/v2\/pages\/24"}],"wp:attachment":[{"href":"https:\/\/www.vyl.fi\/kesy\/wp-json\/wp\/v2\/media?parent=426"}],"curies":[{"name":"wp","href":"https:\/\/api.w.org\/{rel}","templated":true}]}}