{"id":471,"date":"2024-10-24T14:15:46","date_gmt":"2024-10-24T11:15:46","guid":{"rendered":"https:\/\/u79114.www2.webdomain.fi\/kesy\/?page_id=471"},"modified":"2024-12-04T07:28:36","modified_gmt":"2024-12-04T05:28:36","slug":"viherammattilaisen-10-kesy-teesia","status":"publish","type":"page","link":"https:\/\/www.vyl.fi\/kesy\/toimintaperiaatteet\/viherammattilaisen-10-kesy-teesia\/","title":{"rendered":"Viherammattilaisen KESY-teesit"},"content":{"rendered":"\n<div class=\"wp-block-file\"><a id=\"wp-block-file--media-4798700c-e280-4769-b75c-fc4fee09159f\" href=\"https:\/\/www.vyl.fi\/kesy\/wp-content\/uploads\/sites\/4\/2024\/10\/Viherammattilaisen-10-kesy-teesia.pdf\">Viherammattilaisen 10 KESY-teesi\u00e4<\/a><a href=\"https:\/\/www.vyl.fi\/kesy\/wp-content\/uploads\/sites\/4\/2024\/10\/Viherammattilaisen-10-kesy-teesia.pdf\" class=\"wp-block-file__button wp-element-button\" download aria-describedby=\"wp-block-file--media-4798700c-e280-4769-b75c-fc4fee09159f\">Lataa<\/a><\/div>\n\n\n\n<div class=\"wp-block-file\"><a id=\"wp-block-file--media-6b397c74-43a3-4306-9dd0-a390af2a1a42\" href=\"http:\/\/u79114.www2.webdomain.fi\/kesy\/wp-content\/uploads\/sites\/4\/2024\/10\/kesy_10teesia_tilaaja.pdf\">Tilaajan 10 KESY-teesi\u00e4<\/a><a href=\"http:\/\/u79114.www2.webdomain.fi\/kesy\/wp-content\/uploads\/sites\/4\/2024\/10\/kesy_10teesia_tilaaja.pdf\" class=\"wp-block-file__button wp-element-button\" download aria-describedby=\"wp-block-file--media-6b397c74-43a3-4306-9dd0-a390af2a1a42\">Lataa<\/a><\/div>\n\n\n\n<div class=\"wp-block-file\"><a id=\"wp-block-file--media-fda521c4-8bab-4357-803d-ad5c010f2ac2\" href=\"http:\/\/u79114.www2.webdomain.fi\/kesy\/wp-content\/uploads\/sites\/4\/2024\/10\/suunnittelijan_10_kesy_teesia.pdf\">Suunnittelijan 10_KESY-teesi\u00e4<\/a><a href=\"http:\/\/u79114.www2.webdomain.fi\/kesy\/wp-content\/uploads\/sites\/4\/2024\/10\/suunnittelijan_10_kesy_teesia.pdf\" class=\"wp-block-file__button wp-element-button\" download aria-describedby=\"wp-block-file--media-fda521c4-8bab-4357-803d-ad5c010f2ac2\">Lataa<\/a><\/div>\n\n\n\n<div class=\"wp-block-file\"><a id=\"wp-block-file--media-19a8d506-d1db-41ca-95ba-60e07c5a60b9\" href=\"http:\/\/u79114.www2.webdomain.fi\/kesy\/wp-content\/uploads\/sites\/4\/2024\/10\/rakentajan_10_kesy_teesia.pdf\">Rakentajan 10_KESY-teesi\u00e4<\/a><a href=\"http:\/\/u79114.www2.webdomain.fi\/kesy\/wp-content\/uploads\/sites\/4\/2024\/10\/rakentajan_10_kesy_teesia.pdf\" class=\"wp-block-file__button wp-element-button\" download aria-describedby=\"wp-block-file--media-19a8d506-d1db-41ca-95ba-60e07c5a60b9\">Lataa<\/a><\/div>\n\n\n\n<div class=\"wp-block-file\"><a id=\"wp-block-file--media-995cd4d0-a8b3-481d-a24c-a58afd6d4f98\" href=\"http:\/\/u79114.www2.webdomain.fi\/kesy\/wp-content\/uploads\/sites\/4\/2024\/10\/kunnossapitajan_10_kesy_teesia.pdf\">Kunnossapit\u00e4j\u00e4n 10_KESY-teesi\u00e4<\/a><a href=\"http:\/\/u79114.www2.webdomain.fi\/kesy\/wp-content\/uploads\/sites\/4\/2024\/10\/kunnossapitajan_10_kesy_teesia.pdf\" class=\"wp-block-file__button wp-element-button\" download aria-describedby=\"wp-block-file--media-995cd4d0-a8b3-481d-a24c-a58afd6d4f98\">Lataa<\/a><\/div>\n","protected":false},"excerpt":{"rendered":"","protected":false},"author":7,"featured_media":0,"parent":19,"menu_order":50,"comment_status":"closed","ping_status":"closed","template":"","meta":{"_acf_changed":false,"_relevanssi_hide_post":"","_relevanssi_hide_content":"","_relevanssi_pin_for_all":"","_relevanssi_pin_keywords":"","_relevanssi_unpin_keywords":"","_relevanssi_related_keywords":"","_relevanssi_related_include_ids":"","_relevanssi_related_exclude_ids":"","_relevanssi_related_no_append":"","_relevanssi_related_not_related":"","_relevanssi_related_posts":"1","_relevanssi_noindex_reason":"","footnotes":""},"class_list":["post-471","page","type-page","status-publish","hentry"],"acf":[],"_links":{"self":[{"href":"https:\/\/www.vyl.fi\/kesy\/wp-json\/wp\/v2\/pages\/471","targetHints":{"allow":["GET"]}}],"collection":[{"href":"https:\/\/www.vyl.fi\/kesy\/wp-json\/wp\/v2\/pages"}],"about":[{"href":"https:\/\/www.vyl.fi\/kesy\/wp-json\/wp\/v2\/types\/page"}],"author":[{"embeddable":true,"href":"https:\/\/www.vyl.fi\/kesy\/wp-json\/wp\/v2\/users\/7"}],"replies":[{"embeddable":true,"href":"https:\/\/www.vyl.fi\/kesy\/wp-json\/wp\/v2\/comments?post=471"}],"version-history":[{"count":4,"href":"https:\/\/www.vyl.fi\/kesy\/wp-json\/wp\/v2\/pages\/471\/revisions"}],"predecessor-version":[{"id":566,"href":"https:\/\/www.vyl.fi\/kesy\/wp-json\/wp\/v2\/pages\/471\/revisions\/566"}],"up":[{"embeddable":true,"href":"https:\/\/www.vyl.fi\/kesy\/wp-json\/wp\/v2\/pages\/19"}],"wp:attachment":[{"href":"https:\/\/www.vyl.fi\/kesy\/wp-json\/wp\/v2\/media?parent=471"}],"curies":[{"name":"wp","href":"https:\/\/api.w.org\/{rel}","templated":true}]}}