{"id":50,"date":"2024-10-16T12:11:02","date_gmt":"2024-10-16T09:11:02","guid":{"rendered":"https:\/\/u79114.www2.webdomain.fi\/kesy\/?page_id=50"},"modified":"2026-01-21T10:24:20","modified_gmt":"2026-01-21T08:24:20","slug":"kesy-tunnuksen-saaneet","status":"publish","type":"page","link":"https:\/\/www.vyl.fi\/kesy\/mika-on-kesy\/kesy-tunnus\/kesy-tunnuksen-saaneet\/","title":{"rendered":"KESY-toimijat"},"content":{"rendered":"\n<p class=\"wp-block-lala-blocks-lala-ingressi\">KESY-toimijat ovat sitoutuneet noudattamaan kest\u00e4v\u00e4n ymp\u00e4rist\u00f6rakentamisen toimintaperiaatteita. Alla olevat organisaatiot ovat saaneet KESY-tunnuksen. <\/p>\n\n\n\n<h3 class=\"wp-block-heading\">Luotea Kiinteist\u00f6palvelut Oy<\/h3>\n\n\n\n<p>Vastuullinen toimintatapa kuuluu erottamattomasti L&amp;T:n strategiaan, liiketoimintaan ja jokap\u00e4iv\u00e4iseen ty\u00f6h\u00f6n. Palveluillamme on keskeinen rooli asiakkaiden vastuullisuuden varmistamisessa, mik\u00e4 ohjaa meit\u00e4 jatkuvasti tavoittelemaan yh\u00e4 parempia tuloksia hallussamme olevien materiaalien hy\u00f6dynt\u00e4misess\u00e4, p\u00e4\u00e4st\u00f6jen v\u00e4hent\u00e4misess\u00e4, luonnon monimuotoisuuden kasvattamisessa ja henkil\u00f6st\u00f6mme ty\u00f6kyvyn yll\u00e4pit\u00e4misess\u00e4.<\/p>\n\n\n\n<p>L&amp;T on palveluidensa kautta n\u00e4kyv\u00e4 osa yhteiskunnan arkea, mink\u00e4 vuoksi meid\u00e4n on huolehdittava tinkim\u00e4tt\u00f6m\u00e4sti oman toimintamme vaatimuksenmukaisuudesta. Edellyt\u00e4mme my\u00f6s toimittajiltamme omien vastuullisuusperiaatteidemme mukaista toimintaa.<\/p>\n\n\n\n<div class=\"wp-block-buttons is-layout-flex wp-block-buttons-is-layout-flex\">\n<div class=\"wp-block-button\"><a class=\"wp-block-button__link wp-element-button\" href=\"http:\/\/www.luotea.com\" target=\"_blank\" rel=\"noreferrer noopener\">Katso Luotean verkkosivut<\/a><\/div>\n<\/div>\n\n\n\n<h3 class=\"wp-block-heading\">FCG Finnish Consulting Group<\/h3>\n\n\n\n<p>Olemme sitoutuneet YK:n kest\u00e4v\u00e4n kehityksen tavoitteisiin. Merkitt\u00e4v\u00e4 osa hankkeistamme liittyy ymp\u00e4rist\u00f6konsultointiin, ilmastonmuutoksen hillitsemiseen sek\u00e4 siihen sopeutumiseen, elinvoimakysymyksiin, hiilineutraaliin kiertotalouteen, v\u00e4h\u00e4hiilisiin yhdyskuntiin, uusiin energiaratkaisuihin ja luonnon monimuotoisuuden s\u00e4ilytt\u00e4miseen.<\/p>\n\n\n\n<p>Kest\u00e4v\u00e4n ymp\u00e4rist\u00f6rakentamisen toimintamalli toteutuu ty\u00f6ss\u00e4mme mm. suunnittelun l\u00e4ht\u00f6kohtien, kuten&nbsp;paikallisten olosuhteiden huomioon ottamisessa sek\u00e4 ratkaisuissa, kuten hulevesien luonnonmukaisen hallinnan osaamisen kehitt\u00e4misess\u00e4, luonnon monimuotoisuuden ja olemassa olevan kasvillisuuden arvostuksessa, kierr\u00e4tysmateriaalien k\u00e4yt\u00f6n lis\u00e4\u00e4misess\u00e4 ja materiaalien elinkaaren huomioon ottamisessa.<\/p>\n\n\n\n<p>Kaupunkisuunnittelussa tavoittelemme kest\u00e4v\u00e4\u00e4 sek\u00e4 avointa kaupunkikehityst\u00e4 ja palveluinfrastruktuuria. Olemme mm. olleet kehitt\u00e4m\u00e4ss\u00e4 viherkerrointy\u00f6kalua Helsingin ja Tampereen kaupunkien kanssa. Lis\u00e4ksi olemme vahvasti mukana ymp\u00e4rist\u00f6yst\u00e4v\u00e4llisen energiantuotannon ratkaisujen kehitt\u00e4misess\u00e4 ja merkitt\u00e4v\u00e4 toimija esimerkiksi tuulivoimaan ja aurinkoenergiaan liittyv\u00e4ss\u00e4 konsultoinnissa.&nbsp;<\/p>\n\n\n\n<div class=\"wp-block-buttons is-layout-flex wp-block-buttons-is-layout-flex\">\n<div class=\"wp-block-button\"><a class=\"wp-block-button__link wp-element-button\" href=\"https:\/\/eur05.safelinks.protection.outlook.com\/?url=http%3A%2F%2Fwww.fcg.fi%2F&amp;data=05%7C02%7Cinfo%40vyl.fi%7C5aef6a0afe344d31813008dd6b929d3c%7C26af13fab1ee46eb959cf7f77ef6b45c%7C0%7C0%7C638784999667555365%7CUnknown%7CTWFpbGZsb3d8eyJFbXB0eU1hcGkiOnRydWUsIlYiOiIwLjAuMDAwMCIsIlAiOiJXaW4zMiIsIkFOIjoiTWFpbCIsIldUIjoyfQ%3D%3D%7C0%7C%7C%7C&amp;sdata=hUPosvpjbxqLLVDdd1t7M63lpWswXBTn%2F%2FbNU9lbekc%3D&amp;reserved=0\" target=\"_blank\" rel=\"noreferrer noopener\">Katso FCG:n verkkosivut<\/a><\/div>\n<\/div>\n\n\n\n<h3 class=\"wp-block-heading\"><strong>Insin\u00f6\u00f6ritoimisto Vevira Oy<\/strong><\/h3>\n\n\n\n<p>Toimintamallin l\u00e4ht\u00f6kohtia sovelletaan pihojen ja hulevesien suunnittelussa. Kaivettu maa-aines ja louhe k\u00e4ytet\u00e4\u00e4n tontilla. Purkumateriaaleja hy\u00f6dynnet\u00e4\u00e4n hankkeessa tai niille keksit\u00e4\u00e4n uusiok\u00e4ytt\u00f6\u00e4. Hulevesi\u00e4 hallitaan luonnonmukaisin keinoin.&nbsp;<\/p>\n\n\n\n<div class=\"wp-block-buttons is-layout-flex wp-block-buttons-is-layout-flex\">\n<div class=\"wp-block-button\"><a class=\"wp-block-button__link wp-element-button\" href=\"http:\/\/www.vevira.fi\"><em>&nbsp;<\/em>Katso Veviran verkkosivut<\/a><\/div>\n<\/div>\n\n\n\n<h3 class=\"wp-block-heading\"><strong>Ramboll<\/strong><\/h3>\n\n\n\n<p>Ramboll on suunnittelu- ja konsultointialan yritys, joka on ollut vahvasti mukana edist\u00e4m\u00e4ss\u00e4 kest\u00e4v\u00e4n ymp\u00e4rist\u00f6rakentamisen ja kunnossapidon KESY-hankkeita Suomessa. KESYn mukaisia periaatteita on hy\u00f6dynnetty muun muassa yrityksen laatimissa ymp\u00e4rist\u00f6suunnitelmissa sek\u00e4 kilpailuttamissa urakoissa. N\u00e4ist\u00e4 esimerkkikohteina toimivat mm. Helsingin kaupungin asunnot Oy:n erityisasumisen pihojen hoitourakka, Ankkapuiston resurssiviisas viherrakentaminen Vantaalla sek\u00e4 Espoon p\u00e4\u00e4st\u00f6t\u00f6n ty\u00f6maapilotti Lukutori.<br>Ramboll aikoo hy\u00f6dynt\u00e4\u00e4 rohkeasti ja innovatiivisesti KESY-periaatteita tulevissakin hankkeissa. Suunnitelmien, elinkaariajattelun, resurssiviisauden kautta hankkeisiin voidaan vied\u00e4 kest\u00e4v\u00e4n ymp\u00e4rist\u00f6rakentamisen ja kunnossapidon toimintamalleja.<\/p>\n\n\n\n<div class=\"wp-block-buttons is-layout-flex wp-block-buttons-is-layout-flex\">\n<div class=\"wp-block-button\"><a class=\"wp-block-button__link wp-element-button\" href=\"https:\/\/www.ramboll.com\/fi-fi\" target=\"_blank\" rel=\"noreferrer noopener\">Katso Rambollin verkkosivut<\/a><\/div>\n<\/div>\n\n\n\n<h3 class=\"wp-block-heading\"><strong>LOCI Maisema-arkkitehdit Oy<\/strong><\/h3>\n\n\n\n<p>Kest\u00e4v\u00e4n ymp\u00e4rist\u00f6rakentamisen k\u00e4yt\u00e4nn\u00f6t ovat osa suunnittelijoidemme jokap\u00e4iv\u00e4ist\u00e4 ty\u00f6t\u00e4. Kohteiden suunnittelu pohjautuu paikallisiin oloihin ja erityispiirteisiin. Tiedostamme olevien ymp\u00e4rist\u00f6jen arvon ja luontaisen muutoksen. Suunnitteluratkaisuissa pyrimme materiaalien ja k\u00e4yt\u00f6n kest\u00e4vyyteen sek\u00e4 k\u00e4ytt\u00e4jien luontosuhteen tukemiseen. T\u00e4ht\u00e4\u00e4mme pitk\u00e4\u00e4n elinkaareen. Kuuntelemme eri osapuolia ja tarpeen tullen tiedotamme kest\u00e4v\u00e4n ymp\u00e4rist\u00f6rakentamisen toimintamalleista. Huolehdimme l\u00e4ht\u00f6tietojen riitt\u00e4vyydest\u00e4 ja huomioimme tilaajan strategiset tavoitteet. Kaikki projektit aloitetaan, tehd\u00e4\u00e4n ja p\u00e4\u00e4tet\u00e4\u00e4n sis\u00e4isen laaduntarkkailun alaisina. Asiakaspalautteet muuntuvat meill\u00e4 kehitystoimiksi. Opimme sis\u00e4isen tiedonjaon avulla, kilpailutoiminnalla ja kansainv\u00e4list\u00e4 pioneerity\u00f6t\u00e4 seuraten.&nbsp;<\/p>\n\n\n\n<div class=\"wp-block-buttons is-layout-flex wp-block-buttons-is-layout-flex\">\n<div class=\"wp-block-button\"><a class=\"wp-block-button__link wp-element-button\" href=\"https:\/\/loci.fi\/fi\/\" target=\"_blank\" rel=\"noreferrer noopener\">Katso Locin verkkosivut<\/a><\/div>\n<\/div>\n\n\n\n<h3 class=\"wp-block-heading\"><strong>Sitowise Oy<\/strong><\/h3>\n\n\n\n<p>Sitowisen strategian keskeisen\u00e4 tavoitteena on olla alan vastuullisin kumppani. Maisemasuunnitteluosasto k\u00e4ytt\u00e4\u00e4 suunnitteluty\u00f6ns\u00e4 tukena Viherymp\u00e4rist\u00f6liiton KESY-mallista tarkennettua maisemasuunnittelijoiden tarkistuslistaa. Kehit\u00e4mme ja kokeilemme uusia kest\u00e4vi\u00e4, vastuullisia ja luontopohjaisia ratkaisuja rohkeasti.<em>&nbsp;<\/em><\/p>\n\n\n\n<div class=\"wp-block-buttons is-layout-flex wp-block-buttons-is-layout-flex\">\n<div class=\"wp-block-button\"><a class=\"wp-block-button__link wp-element-button\" href=\"http:\/\/www.sitowise.com\/fi\" target=\"_blank\" rel=\"noreferrer noopener\">Katso Sitowisen verkkosivut<\/a><\/div>\n<\/div>\n\n\n\n<h3 class=\"wp-block-heading\"><strong>Nomaji maisema-arkkitehdit Oy<\/strong><\/h3>\n\n\n\n<p>Nomajilla on k\u00e4yt\u00f6ss\u00e4\u00e4n vastuullisuustavoitteet, jotka pohjautuvat KESYn periaatteisiin. Ne ovat osa laatuj\u00e4rjestelm\u00e4\u00e4mme ja projektien laadunarviointia. Meille vastuullisuus on yhdistelm\u00e4 sosiaalista ja ekologista kest\u00e4vyytt\u00e4. Ekologinen kest\u00e4vyys tarkoittaa, ett\u00e4 haluamme ty\u00f6ll\u00e4mme edist\u00e4\u00e4 luonnonvarojen kest\u00e4v\u00e4\u00e4 k\u00e4ytt\u00f6\u00e4. Edist\u00e4mme materiaalien kierr\u00e4tyst\u00e4, ilmastonmuutoksen hillitsemist\u00e4 ja siihen sopeutumista sek\u00e4 ymp\u00e4rist\u00f6nsuojelua. Haluamme parantaa ymp\u00e4rist\u00f6n ekologista tilaa ja lis\u00e4t\u00e4 tietoisuutta ymp\u00e4rist\u00f6vaikutuksista. Yhteiskunnallinen kest\u00e4vyys tarkoittaa luontol\u00e4heisyytt\u00e4 ja ymp\u00e4rist\u00f6n monimuotoisuutta, jotka luovat edellytykset ihmisen hyvinvoinnille nyt ja tulevaisuudessa. Pyrimme ty\u00f6ss\u00e4mme vahvistamaan ihmisten yhteytt\u00e4 luontoon ja parantamaan virkistysmahdollisuuksia.&nbsp;<\/p>\n\n\n\n<div class=\"wp-block-buttons is-layout-flex wp-block-buttons-is-layout-flex\">\n<div class=\"wp-block-button\"><a class=\"wp-block-button__link wp-element-button\" href=\"http:\/\/www.nomaji.fi\" target=\"_blank\" rel=\"noreferrer noopener\">Katso Nomajin verkkosivut<\/a><\/div>\n<\/div>\n\n\n\n<h3 class=\"wp-block-heading\"><strong>Carmenia Oy<\/strong><\/h3>\n\n\n\n<p><em>Suunnittelemme kohteita huomioiden alueen l\u00e4ht\u00f6tilanteen, tehdyt selvitykset, kaavam\u00e4\u00e4r\u00e4ykset sek\u00e4 laatuvaatimukset. Sovitamme toiminnot osaksi kokonaisuutta huomioiden ymp\u00e4r\u00f6iv\u00e4n luonnon sek\u00e4 k\u00e4ytt\u00e4j\u00e4t ja k\u00e4ytt\u00f6tarpeet. S\u00e4\u00e4st\u00e4mme mahdollisimman paljon olevaa ja suosimme alueella luontaisesti kasvavia kasvilajeja. Suosimme materiaalivaihtoehdoissa kest\u00e4vi\u00e4 ja kierr\u00e4tett\u00e4vi\u00e4, ymp\u00e4rist\u00f6yst\u00e4v\u00e4llisi\u00e4 ratkaisuja.<br>Hulevesien hallintaan pyrimme viem\u00e4\u00e4n suunnitelmiin mahdollisimman paljon l\u00e4p\u00e4isevi\u00e4 pinnoitteita ja suosimme maanp\u00e4\u00e4llisi\u00e4 viivytys- ja imeytysratkaisuja maanalaisten viivytysj\u00e4rjestelmien sijaan.<br>Ty\u00f6ss\u00e4mme pyrimme huolellisuuteen ja panostamme laatuun mm. k\u00e4ym\u00e4ll\u00e4 suunnitelmat l\u00e4pi kahden suunnittelijan toimesta, t\u00e4yt\u00e4mme lis\u00e4ksi suunnitelmien itselleluovutus-asiakirjaa.&nbsp;<\/em><\/p>\n\n\n\n<div class=\"wp-block-buttons is-layout-flex wp-block-buttons-is-layout-flex\">\n<div class=\"wp-block-button\"><a class=\"wp-block-button__link wp-element-button\" href=\"https:\/\/carmenia.fi\/\" target=\"_blank\" rel=\"noreferrer noopener\">Katso Carmenian verkkosivut<\/a><\/div>\n<\/div>\n\n\n\n<h3 class=\"wp-block-heading\"><strong>M&amp;M Paakkinen Oy<\/strong><\/h3>\n\n\n\n<p>K\u00e4yt\u00e4mme p\u00e4\u00e4osin akkuk\u00e4ytt\u00f6isi\u00e4 ty\u00f6kaluja ty\u00f6maillamme. K\u00e4yt\u00f6ss\u00e4mme on akkuk\u00e4ytt\u00f6isin\u00e4 kaikki k\u00e4sity\u00f6kalut, saha, maapora ja pensas\/kaislaleikkuri. Ostamme laadukkaita koneita, jotka ovat suunniteltu ammattik\u00e4ytt\u00f6\u00f6n ja huollamme ne hyvin.<br>Sammutimme koneet ty\u00f6maalla, jos emme k\u00e4yt\u00e4 niit\u00e4.<br>Minimoimme j\u00e4tteen m\u00e4\u00e4r\u00e4n suunnittelemalla materiaalien tilaukset hyvin. Lajittelemme ty\u00f6maalla tulevat j\u00e4ttteet asianmukaisesti eri astioihin ja toimintamme ne kierr\u00e4tykseen.<br>Kuljemme ty\u00f6maille p\u00e4\u00e4osin kimppakyydeill\u00e4, auto jota k\u00e4yt\u00e4mme siihen kulkee biokaasulla.<br>K\u00e4yt\u00e4mme hankinnoissa kotimaista tuotantoa, jos se on vain mahdollista.<br>Olemme hankkimassa t\u00e4n\u00e4 vuonna akkuk\u00e4ytt\u00f6ist\u00e4 raivaussahaa.<br>Vaihdamme kaivurin polttoaineen ekoversioon kunhan saamme toimivan ratkaisun sen s\u00e4ilytykseen.<\/p>\n\n\n\n<div class=\"wp-block-buttons is-layout-flex wp-block-buttons-is-layout-flex\">\n<div class=\"wp-block-button\"><a class=\"wp-block-button__link wp-element-button\" href=\"http:\/\/www.mmpaakkinen.com\" target=\"_blank\" rel=\"noreferrer noopener\">Katso M&amp;M Paakkisen verkkosivut<\/a><\/div>\n<\/div>\n\n\n\n<h3 class=\"wp-block-heading\"><strong>Sweco Finland Oy<\/strong><\/h3>\n\n\n\n<p>Pyrimme toimimaan kaikissa suunnittelutoimeksiannoissamme KESY-periaatteiden mukaan. Esimerkkin\u00e4 KESY-projektista mainittakoon biodiversiteetin suojelun, kehitt\u00e4misen ja edist\u00e4misen toimenpidemallin luominen rakennetussa ymp\u00e4rist\u00f6ss\u00e4. Pilottokohteena toimi ison el\u00e4kevakuutusyhti\u00f6n kaksi erilaista kiinteist\u00f6\u00e4, toimistorakennus ja asuinrakennus, joihin laadimme ohjeistuksen, jota voidaan hy\u00f6dynt\u00e4\u00e4 kiinteist\u00f6jen biodiversiteetin kehitt\u00e4misess\u00e4. T\u00e4ss\u00e4 kohteessa k\u00e4ytimme apuna mm. viherkerroinlaskentaa. Jatkossa hy\u00f6dynn\u00e4mme my\u00f6s BNG (Biodiversity Net Gain) &#8211; laskentaty\u00f6kalua, joka on r\u00e4\u00e4t\u00e4l\u00f6ity Swecon tarpeisiin.<\/p>\n\n\n\n<div class=\"wp-block-buttons is-layout-flex wp-block-buttons-is-layout-flex\">\n<div class=\"wp-block-button\"><a class=\"wp-block-button__link wp-element-button\" href=\"http:\/\/www.sweco.fi\">Katso Swecon verkkosivut<\/a><\/div>\n<\/div>\n\n\n\n<h3 class=\"wp-block-heading\"><strong>Rakennusbetoni- ja Elementti Oy<\/strong><\/h3>\n\n\n\n<p>Hy\u00f6dynn\u00e4mme kest\u00e4v\u00e4n ymp\u00e4rist\u00f6rakentamisen toimintamallia kasvikattorakenteessamme. Rakenteeseen kuuluu vedenpid\u00e4tysmatto, j\u00e4rviruoko, kasvualusta sek\u00e4 kasvillisuus. Vedenpid\u00e4tysmatto on valmistettu kierr\u00e4tyskuidusta. Vesij\u00e4rven hoitoniitoissa poistettava j\u00e4rviruoko hy\u00f6dynnet\u00e4\u00e4n kasvikattorakenteessa salaojittavana ja vesitilavuutta lis\u00e4\u00e4v\u00e4n\u00e4 kerroksena. Kasvualustassa on hy\u00f6dynnetty betonituotannon sivuvirtoja sek\u00e4 erilllisker\u00e4tty\u00e4 biokompostia. Voidaan siis puhua kierr\u00e4tyskasvualustasta. Em\u00e4ksisen\u00e4 kasvualustana se pid\u00e4tt\u00e4\u00e4 hyvin fosforia ja ravinnehuuhtoumat ovat minimaaliset. Lannoitusta ei tarvita. Lis\u00e4ksi kasvit ovat kotimaista tuotantoa. Kasvikatot imeytt\u00e4v\u00e4t tehokkaasti hulevesi\u00e4 ja n\u00e4in edist\u00e4mme hulevesien hallintaa.<\/p>\n\n\n\n<div class=\"wp-block-buttons is-layout-flex wp-block-buttons-is-layout-flex\">\n<div class=\"wp-block-button\"><a class=\"wp-block-button__link wp-element-button\" href=\"http:\/\/Rakennusbetoni- ja Elementti Oy\">Katso Rakennusbetoni- ja Elementti Oy:n verkkosivut<\/a><\/div>\n<\/div>\n\n\n\n<h3 class=\"wp-block-heading\">VSU maisema-arkkitehdit Oy<\/h3>\n\n\n\n<p>VSU maisema-arkkitehdit on toiminut vihersuunnittelualalla 26 vuotta. Kest\u00e4v\u00e4n kehityksen mukaiset suunnitteluperiaatteet ohjaavat toimintaamme. T\u00e4m\u00e4 tarkoittaa ratkaisuja, joissa huomioidaan niin ekologinenkin kuin sosiaalinenkin kest\u00e4vyys. Ekologisuus suunnitteluratkaisuissa tarkoittaa mm. ymp\u00e4rist\u00f6n arvon ja luonteen ymm\u00e4rt\u00e4mist\u00e4 ja olemassa olevan s\u00e4\u00e4st\u00e4mist\u00e4, luonnon monimuotoisuuden tukemista sek\u00e4 elinkaariajattelua kest\u00e4vien suunnitteluratkaisuiden, kierr\u00e4tt\u00e4misen, resurssiviisauden ja materiaalien k\u00e4yt\u00f6n osalta. Panostamme ty\u00f6ss\u00e4mme my\u00f6s sosiaaliseen kest\u00e4vyyteen. Pohdimme kohdekohtaisesti, mit\u00e4 ymp\u00e4rist\u00f6ll\u00e4 on tarjota ihmisille ja kuinka voimme aktivoida k\u00e4ytt\u00e4ji\u00e4 siit\u00e4 nauttimiseen. Teemme mielell\u00e4mme yhteisty\u00f6t\u00e4 k\u00e4ytt\u00e4jien kanssa ja toteutamme osallistavia ty\u00f6skentelymetodeja.<\/p>\n\n\n\n<div class=\"wp-block-buttons is-layout-flex wp-block-buttons-is-layout-flex\">\n<div class=\"wp-block-button\"><a class=\"wp-block-button__link wp-element-button\" href=\"http:\/\/www.vsu.fi\" target=\"_blank\" rel=\"noreferrer noopener\">Katso VSU maisema-arkkitehtien verkkosivut<\/a><\/div>\n<\/div>\n\n\n\n<h3 class=\"wp-block-heading\"><\/h3>\n\n\n\n<p><\/p>\n","protected":false},"excerpt":{"rendered":"<p>Luotea Kiinteist\u00f6palvelut Oy Vastuullinen toimintatapa kuuluu erottamattomasti L&amp;T:n strategiaan, liiketoimintaan ja jokap\u00e4iv\u00e4iseen ty\u00f6h\u00f6n. Palveluillamme on keskeinen rooli asiakkaiden vastuullisuuden varmistamisessa, mik\u00e4 ohjaa meit\u00e4 jatkuvasti tavoittelemaan yh\u00e4 parempia tuloksia hallussamme olevien materiaalien hy\u00f6dynt\u00e4misess\u00e4, p\u00e4\u00e4st\u00f6jen v\u00e4hent\u00e4misess\u00e4, luonnon monimuotoisuuden kasvattamisessa ja henkil\u00f6st\u00f6mme ty\u00f6kyvyn yll\u00e4pit\u00e4misess\u00e4. L&amp;T on palveluidensa kautta n\u00e4kyv\u00e4 osa yhteiskunnan arkea, mink\u00e4 vuoksi meid\u00e4n on huolehdittava tinkim\u00e4tt\u00f6m\u00e4sti [&hellip;]<\/p>\n","protected":false},"author":7,"featured_media":0,"parent":44,"menu_order":10,"comment_status":"closed","ping_status":"closed","template":"","meta":{"_acf_changed":false,"_relevanssi_hide_post":"","_relevanssi_hide_content":"","_relevanssi_pin_for_all":"","_relevanssi_pin_keywords":"","_relevanssi_unpin_keywords":"","_relevanssi_related_keywords":"","_relevanssi_related_include_ids":"","_relevanssi_related_exclude_ids":"","_relevanssi_related_no_append":"","_relevanssi_related_not_related":"","_relevanssi_related_posts":"1","_relevanssi_noindex_reason":"","footnotes":""},"class_list":["post-50","page","type-page","status-publish","hentry"],"acf":[],"_links":{"self":[{"href":"https:\/\/www.vyl.fi\/kesy\/wp-json\/wp\/v2\/pages\/50","targetHints":{"allow":["GET"]}}],"collection":[{"href":"https:\/\/www.vyl.fi\/kesy\/wp-json\/wp\/v2\/pages"}],"about":[{"href":"https:\/\/www.vyl.fi\/kesy\/wp-json\/wp\/v2\/types\/page"}],"author":[{"embeddable":true,"href":"https:\/\/www.vyl.fi\/kesy\/wp-json\/wp\/v2\/users\/7"}],"replies":[{"embeddable":true,"href":"https:\/\/www.vyl.fi\/kesy\/wp-json\/wp\/v2\/comments?post=50"}],"version-history":[{"count":16,"href":"https:\/\/www.vyl.fi\/kesy\/wp-json\/wp\/v2\/pages\/50\/revisions"}],"predecessor-version":[{"id":638,"href":"https:\/\/www.vyl.fi\/kesy\/wp-json\/wp\/v2\/pages\/50\/revisions\/638"}],"up":[{"embeddable":true,"href":"https:\/\/www.vyl.fi\/kesy\/wp-json\/wp\/v2\/pages\/44"}],"wp:attachment":[{"href":"https:\/\/www.vyl.fi\/kesy\/wp-json\/wp\/v2\/media?parent=50"}],"curies":[{"name":"wp","href":"https:\/\/api.w.org\/{rel}","templated":true}]}}