{"id":55,"date":"2024-10-16T12:13:36","date_gmt":"2024-10-16T09:13:36","guid":{"rendered":"https:\/\/u79114.www2.webdomain.fi\/kesy\/?page_id=55"},"modified":"2025-11-13T10:58:52","modified_gmt":"2025-11-13T08:58:52","slug":"kesy-tekoja","status":"publish","type":"page","link":"https:\/\/www.vyl.fi\/kesy\/mika-on-kesy\/kesy-tunnus\/kesy-tekoja\/","title":{"rendered":"KESY-tekoja"},"content":{"rendered":"\n<p class=\"wp-block-lala-blocks-lala-ingressi\">Viheralalla on meneill\u00e4\u00e4n monia KESYn toimintamallia noudattavia pienprojekteja. T\u00e4\u00e4lt\u00e4 l\u00f6yd\u00e4t listauksen ajankohtaisista meneill\u00e4\u00e4n olevista toimista.<\/p>\n\n\n\n<p>Voit ilmoittaa pienprojektista Viherymp\u00e4rist\u00f6liittoon ja lis\u00e4\u00e4mme toimet sivulle. Laita s\u00e4hk\u00f6postiin seuraavat tiedot:&nbsp;<\/p>\n\n\n\n<ul class=\"wp-block-list\">\n<li>Projektin nimi<\/li>\n\n\n\n<li>Toimija<\/li>\n\n\n\n<li>Millaista KESY-toimintaa projektissa tehd\u00e4\u00e4n<\/li>\n\n\n\n<li>Milloin projekti alkoi ja p\u00e4\u00e4ttyy<\/li>\n<\/ul>\n\n\n\n<p>L\u00e4het\u00e4 listaus Viherymp\u00e4rist\u00f6liittoon s\u00e4hk\u00f6postilla&nbsp;<a href=\"mailto:info@vyl.fi\">info@vyl.fi<\/a>, otsikolla KESY pienprojektit<\/p>\n\n\n\n<p><\/p>\n","protected":false},"excerpt":{"rendered":"<p>Voit ilmoittaa pienprojektista Viherymp\u00e4rist\u00f6liittoon ja lis\u00e4\u00e4mme toimet sivulle. Laita s\u00e4hk\u00f6postiin seuraavat tiedot:&nbsp; L\u00e4het\u00e4 listaus Viherymp\u00e4rist\u00f6liittoon s\u00e4hk\u00f6postilla&nbsp;info@vyl.fi, otsikolla KESY pienprojektit<\/p>\n","protected":false},"author":7,"featured_media":0,"parent":44,"menu_order":30,"comment_status":"closed","ping_status":"closed","template":"","meta":{"_acf_changed":false,"_relevanssi_hide_post":"","_relevanssi_hide_content":"","_relevanssi_pin_for_all":"","_relevanssi_pin_keywords":"","_relevanssi_unpin_keywords":"","_relevanssi_related_keywords":"","_relevanssi_related_include_ids":"","_relevanssi_related_exclude_ids":"","_relevanssi_related_no_append":"","_relevanssi_related_not_related":"","_relevanssi_related_posts":"1","_relevanssi_noindex_reason":"","footnotes":""},"class_list":["post-55","page","type-page","status-publish","hentry"],"acf":[],"_links":{"self":[{"href":"https:\/\/www.vyl.fi\/kesy\/wp-json\/wp\/v2\/pages\/55","targetHints":{"allow":["GET"]}}],"collection":[{"href":"https:\/\/www.vyl.fi\/kesy\/wp-json\/wp\/v2\/pages"}],"about":[{"href":"https:\/\/www.vyl.fi\/kesy\/wp-json\/wp\/v2\/types\/page"}],"author":[{"embeddable":true,"href":"https:\/\/www.vyl.fi\/kesy\/wp-json\/wp\/v2\/users\/7"}],"replies":[{"embeddable":true,"href":"https:\/\/www.vyl.fi\/kesy\/wp-json\/wp\/v2\/comments?post=55"}],"version-history":[{"count":3,"href":"https:\/\/www.vyl.fi\/kesy\/wp-json\/wp\/v2\/pages\/55\/revisions"}],"predecessor-version":[{"id":630,"href":"https:\/\/www.vyl.fi\/kesy\/wp-json\/wp\/v2\/pages\/55\/revisions\/630"}],"up":[{"embeddable":true,"href":"https:\/\/www.vyl.fi\/kesy\/wp-json\/wp\/v2\/pages\/44"}],"wp:attachment":[{"href":"https:\/\/www.vyl.fi\/kesy\/wp-json\/wp\/v2\/media?parent=55"}],"curies":[{"name":"wp","href":"https:\/\/api.w.org\/{rel}","templated":true}]}}