{"id":613,"date":"2025-09-03T16:08:08","date_gmt":"2025-09-03T13:08:08","guid":{"rendered":"https:\/\/www.vyl.fi\/kesy\/?page_id=613"},"modified":"2025-09-03T16:14:41","modified_gmt":"2025-09-03T13:14:41","slug":"hyvantoivonpuisto","status":"publish","type":"page","link":"https:\/\/www.vyl.fi\/kesy\/kesy-hankkeet\/hyvantoivonpuisto\/","title":{"rendered":"Hyv\u00e4ntoivonpuisto"},"content":{"rendered":"\n<p class=\"wp-block-lala-blocks-lala-ingressi\">Hyv\u00e4ntoivonpuisto on entiselle satamakent\u00e4lle kokonaisuudessaan rakennettu, kaupunkikuvallisesti ja toiminnallisesti korkeatasoinen sek\u00e4 monipuolinen kantakaupunginosan virkistysalue.<\/p>\n\n\n\n<h2 class=\"wp-block-heading\"><strong>Hankkeen tavoitteet:<\/strong><\/h2>\n\n\n\n<p>Tavoitteena suunnittelussa on ollut kiinnitt\u00e4\u00e4 huomiota sosiaaliseen kest\u00e4vyyteen sek\u00e4 luoda miellytt\u00e4vi\u00e4 maisematiloja, maisematilojen sarjoja ja niist\u00e4 muodostuva harmoninen kokonaisuus. Tavoitteena oli luoda k\u00e4ytt\u00f6\u00e4 ja ik\u00e4\u00e4 kest\u00e4v\u00e4 saavutettava puisto mahdollisimman monipuoliselle k\u00e4ytt\u00e4j\u00e4ryhm\u00e4lle.<\/p>\n\n\n\n<p>Tavoitteena on ollut rakentaa aikaa kest\u00e4v\u00e4 viheralue, jonka k\u00e4ytt\u00f6i\u00e4ksi on arvioitu n. 300 vuotta. Hyv\u00e4ntoivonpuiston suunnittelu on ollut pitk\u00e4 prosessi, jonka aikana monia laatua valvovia asiakirjoja on uudistettu. Suunnittelua on tehty 2007-2019, ja muutossuunnittelua 2024-2025. Laadullisiksi tavoitteiksi on asetettu InfraRYL 2010-2022, VRT&#8217;17, Lehtipuiden taimivaatimukset 2001, Puiden taimilaatuvaatimukset 2019, VHT&#8217;14, VKT 2021, RAMS 2020 laatuvaatimukset ja Asfalttinormit 2011.<\/p>\n\n\n\n<h2 class=\"wp-block-heading\"><strong>KESY-toiminta hankkeessa:<\/strong><\/h2>\n\n\n\n<p>KESY on otettu k\u00e4ytt\u00f6\u00f6n, kun puiston suunnittelu ja rakentaminen on ollut jo k\u00e4ynniss\u00e4. Puiston suunnittelu aloitettiin 2007 ja rakentaminen on valmis 2022. Puistoa on t\u00e4ydennetty 2024-2025.<\/p>\n\n\n\n<p>Hulevesist\u00e4 osa imeytet\u00e4\u00e4n kasvillisuusalueille ja l\u00e4p\u00e4iseville pinnoille sek\u00e4 painanteisiin. Kasvivalinnoilla pyrittiin minimoimaan kasteluntarvetta. Maaper\u00e4\u00e4 ei voinut s\u00e4ilytt\u00e4\u00e4, mutta osa pilaantuneista maista kapseloitiin puiston alle. Kasvualustoissa on k\u00e4ytetty osin kierr\u00e4tyskasvualustoja. Puistossa on erilaisten biohiilikasvualustojen kokeilualue. Puille on rakennettu kantavaa kasvualustaa pinnoitetuille alueille. Puiston kasvillisuudesta suunniteltiin vehmasta.<\/p>\n\n\n\n<p>Suunnittelun aikaiset vieraslajilistat tarkistettiin. Kunnossapitosuunnitelmissa on huomioitu haitallisten vieraslajien poisto. Kalusteissa haluttiin suosia kotimaisia puulajeja. Leikkiv\u00e4lineiss\u00e4 pitk\u00e4ik\u00e4isyytt\u00e4, ja noudattavat turvastandardeja. Energiankulutuksen v\u00e4hent\u00e4miseen pyrittiin valitsemalla v\u00e4h\u00e4n hoitoa vaativia kasveja, kalusteita ja materiaaleja, sek\u00e4 v\u00e4hent\u00e4m\u00e4ll\u00e4 leikattavaa nurmipinta-alaa. Hoito- ja kunnossapitosuunnitelmissa ohjeistetaan manuaaliseen kitkent\u00e4\u00e4n rikkaruohojen torjunta-aineiden k\u00e4yt\u00f6n sijaan. Pienilmaston parantamiseksi puistoon on istutettu paljon puita paikoin tihe\u00e4sti.<\/p>\n\n\n\n<p>Puiston alueella on k\u00e4ytetty paikalla olevia tai l\u00e4hist\u00f6lt\u00e4 tuotuja maamassoja mahdollisuuksien mukaan ja niit\u00e4 on hy\u00f6dynnetty mm. esirakentamisessa. Puistossa on t\u00e4ytt\u00f6\u00e4 2-20 m. Kasvivalinnoissa on k\u00e4ytetty Helsingin kaupunkikasviopasta. Kasvivalinnoissa on pyritty valitsemaan v\u00e4h\u00e4ll\u00e4 hoidolla menestyvi\u00e4 lajeja. Niityille m\u00e4\u00e4ritettiin paikallisia lajeja. Taimi- ja siemenmateriaaleissa on suunnitelmassa vaadittu kotimaisuutta ja paikallisuutta.<\/p>\n\n\n\n<p><strong>Suunnittelu- ja toteutusaikataulu:<\/strong>&nbsp;2007-2019, 2023-2025<\/p>\n\n\n\n<p><strong>Tilaaja:<\/strong>&nbsp;Helsingin kaupunki, Lotta Suominen, Petra Rantalainen<\/p>\n\n\n\n<p><strong>Suunnittelu:<\/strong>&nbsp;VSU maisema-arkkitehdit Oy: Tommi Heinonen. Outi Palosaari, Sami Kaleva, Minna Raassina, Susanne Greus<\/p>\n\n\n\n<p><strong>Rakentajat:<\/strong> Stara (Kimmo Kuusisto) 2019, 2025 Tieluiska (Kimmo Kuusisto)<\/p>\n\n\n\n<p><strong>Valvojat:<\/strong>&nbsp;Ramboll, Sofia Siivonen (2024-2025)<\/p>\n\n\n\n<p><strong>Kunnossapit\u00e4j\u00e4t: <\/strong>Stara<\/p>\n\n\n\n<p><strong>Lis\u00e4tiedot:<\/strong>&nbsp;<br>Outi Palosaari, VSU maisema-arkkitehdit Oy<br>Puhelinnumero: +358 40 718 8336<br>S\u00e4hk\u00f6posti: outi.palosaari@vsu.fi<\/p>\n\n\n\n<figure class=\"wp-block-gallery has-nested-images columns-default is-cropped wp-block-gallery-1 is-layout-flex wp-block-gallery-is-layout-flex\">\n<figure class=\"wp-block-image size-large\"><img loading=\"lazy\" decoding=\"async\" width=\"1024\" height=\"768\" data-id=\"619\" src=\"https:\/\/www.vyl.fi\/kesy\/wp-content\/uploads\/sites\/4\/2025\/09\/Hyvantoivonpuisto-3-1-1024x768.jpeg\" alt=\"\" class=\"wp-image-619\" srcset=\"https:\/\/www.vyl.fi\/kesy\/wp-content\/uploads\/sites\/4\/2025\/09\/Hyvantoivonpuisto-3-1-1024x768.jpeg 1024w, https:\/\/www.vyl.fi\/kesy\/wp-content\/uploads\/sites\/4\/2025\/09\/Hyvantoivonpuisto-3-1-300x225.jpeg 300w, https:\/\/www.vyl.fi\/kesy\/wp-content\/uploads\/sites\/4\/2025\/09\/Hyvantoivonpuisto-3-1-768x576.jpeg 768w, https:\/\/www.vyl.fi\/kesy\/wp-content\/uploads\/sites\/4\/2025\/09\/Hyvantoivonpuisto-3-1-1536x1152.jpeg 1536w, https:\/\/www.vyl.fi\/kesy\/wp-content\/uploads\/sites\/4\/2025\/09\/Hyvantoivonpuisto-3-1.jpeg 2048w\" sizes=\"(max-width: 1024px) 100vw, 1024px\" \/><\/figure>\n\n\n\n<figure class=\"wp-block-image size-large\"><img loading=\"lazy\" decoding=\"async\" width=\"1024\" height=\"768\" data-id=\"618\" src=\"https:\/\/www.vyl.fi\/kesy\/wp-content\/uploads\/sites\/4\/2025\/09\/Hyvantoivonpuisto-1024x768.jpeg\" alt=\"\" class=\"wp-image-618\" srcset=\"https:\/\/www.vyl.fi\/kesy\/wp-content\/uploads\/sites\/4\/2025\/09\/Hyvantoivonpuisto-1024x768.jpeg 1024w, https:\/\/www.vyl.fi\/kesy\/wp-content\/uploads\/sites\/4\/2025\/09\/Hyvantoivonpuisto-300x225.jpeg 300w, https:\/\/www.vyl.fi\/kesy\/wp-content\/uploads\/sites\/4\/2025\/09\/Hyvantoivonpuisto-768x576.jpeg 768w, https:\/\/www.vyl.fi\/kesy\/wp-content\/uploads\/sites\/4\/2025\/09\/Hyvantoivonpuisto-1536x1152.jpeg 1536w, https:\/\/www.vyl.fi\/kesy\/wp-content\/uploads\/sites\/4\/2025\/09\/Hyvantoivonpuisto.jpeg 2048w\" sizes=\"(max-width: 1024px) 100vw, 1024px\" \/><\/figure>\n\n\n\n<figure class=\"wp-block-image size-large\"><img loading=\"lazy\" decoding=\"async\" width=\"768\" height=\"1024\" data-id=\"617\" src=\"https:\/\/www.vyl.fi\/kesy\/wp-content\/uploads\/sites\/4\/2025\/09\/Hyvantoivonpuisto.jpeg-2-768x1024.jpeg\" alt=\"\" class=\"wp-image-617\" srcset=\"https:\/\/www.vyl.fi\/kesy\/wp-content\/uploads\/sites\/4\/2025\/09\/Hyvantoivonpuisto.jpeg-2-768x1024.jpeg 768w, https:\/\/www.vyl.fi\/kesy\/wp-content\/uploads\/sites\/4\/2025\/09\/Hyvantoivonpuisto.jpeg-2-225x300.jpeg 225w, https:\/\/www.vyl.fi\/kesy\/wp-content\/uploads\/sites\/4\/2025\/09\/Hyvantoivonpuisto.jpeg-2-1152x1536.jpeg 1152w, https:\/\/www.vyl.fi\/kesy\/wp-content\/uploads\/sites\/4\/2025\/09\/Hyvantoivonpuisto.jpeg-2.jpeg 1536w\" sizes=\"(max-width: 768px) 100vw, 768px\" \/><\/figure>\n\n\n<\/figure>\n","protected":false},"excerpt":{"rendered":"<p>Hankkeen tavoitteet: Tavoitteena suunnittelussa on ollut kiinnitt\u00e4\u00e4 huomiota sosiaaliseen kest\u00e4vyyteen sek\u00e4 luoda miellytt\u00e4vi\u00e4 maisematiloja, maisematilojen sarjoja ja niist\u00e4 muodostuva harmoninen kokonaisuus. Tavoitteena oli luoda k\u00e4ytt\u00f6\u00e4 ja ik\u00e4\u00e4 kest\u00e4v\u00e4 saavutettava puisto mahdollisimman monipuoliselle k\u00e4ytt\u00e4j\u00e4ryhm\u00e4lle. Tavoitteena on ollut rakentaa aikaa kest\u00e4v\u00e4 viheralue, jonka k\u00e4ytt\u00f6i\u00e4ksi on arvioitu n. 300 vuotta. Hyv\u00e4ntoivonpuiston suunnittelu on ollut pitk\u00e4 prosessi, jonka aikana [&hellip;]<\/p>\n","protected":false},"author":7,"featured_media":0,"parent":24,"menu_order":22,"comment_status":"closed","ping_status":"closed","template":"","meta":{"_acf_changed":false,"_relevanssi_hide_post":"","_relevanssi_hide_content":"","_relevanssi_pin_for_all":"","_relevanssi_pin_keywords":"","_relevanssi_unpin_keywords":"","_relevanssi_related_keywords":"","_relevanssi_related_include_ids":"","_relevanssi_related_exclude_ids":"","_relevanssi_related_no_append":"","_relevanssi_related_not_related":"","_relevanssi_related_posts":"","_relevanssi_noindex_reason":"","footnotes":""},"class_list":["post-613","page","type-page","status-publish","hentry"],"acf":[],"_links":{"self":[{"href":"https:\/\/www.vyl.fi\/kesy\/wp-json\/wp\/v2\/pages\/613","targetHints":{"allow":["GET"]}}],"collection":[{"href":"https:\/\/www.vyl.fi\/kesy\/wp-json\/wp\/v2\/pages"}],"about":[{"href":"https:\/\/www.vyl.fi\/kesy\/wp-json\/wp\/v2\/types\/page"}],"author":[{"embeddable":true,"href":"https:\/\/www.vyl.fi\/kesy\/wp-json\/wp\/v2\/users\/7"}],"replies":[{"embeddable":true,"href":"https:\/\/www.vyl.fi\/kesy\/wp-json\/wp\/v2\/comments?post=613"}],"version-history":[{"count":2,"href":"https:\/\/www.vyl.fi\/kesy\/wp-json\/wp\/v2\/pages\/613\/revisions"}],"predecessor-version":[{"id":621,"href":"https:\/\/www.vyl.fi\/kesy\/wp-json\/wp\/v2\/pages\/613\/revisions\/621"}],"up":[{"embeddable":true,"href":"https:\/\/www.vyl.fi\/kesy\/wp-json\/wp\/v2\/pages\/24"}],"wp:attachment":[{"href":"https:\/\/www.vyl.fi\/kesy\/wp-json\/wp\/v2\/media?parent=613"}],"curies":[{"name":"wp","href":"https:\/\/api.w.org\/{rel}","templated":true}]}}