{"id":639,"date":"2026-03-03T09:41:09","date_gmt":"2026-03-03T07:41:09","guid":{"rendered":"https:\/\/www.vyl.fi\/kesy\/?page_id=639"},"modified":"2026-03-10T16:30:58","modified_gmt":"2026-03-10T14:30:58","slug":"muikkukaaren-leikkipuisto","status":"publish","type":"page","link":"https:\/\/www.vyl.fi\/kesy\/kesy-hankkeet\/muikkukaaren-leikkipuisto\/","title":{"rendered":"Muikkukaaren leikkipuisto"},"content":{"rendered":"\n<p class=\"wp-block-lala-blocks-lala-ingressi\">Kaarinaan suunniteltiin ja toteutettiin uusi leikkipuisto entisen, metsittyneen pellon alueelle. Suunnittelun l\u00e4ht\u00f6kohtina oli s\u00e4ilytt\u00e4\u00e4 mahdollisimman paljon olevaa, nuorta, lehtipuuvaltaista puustoa, k\u00e4sitell\u00e4 hulevedet luonnollisesti ja paikallisesti, suosia mahdollisuuksia luontopohjaisiin leikkeihin, k\u00e4ytt\u00e4\u00e4 luonnonmateriaaleja ja kotimaisia kasvilajeja, minimoida maastonmuokkaus ja tuoda tietoa luonnosta lapsille leikin ja hauskan tarinan muodossa.<\/p>\n\n\n\n<p>Muikkukaari, Kaarina<\/p>\n\n\n\n<p>Pinta-ala 6 795 m2<\/p>\n\n\n\n<h2 class=\"wp-block-heading\">HANKKEEN TAVOITTEET<\/h2>\n\n\n\n<p>Hankkeen tavoitteena oli suunnitella ja rakentaa Auvaisten asuinalueelle uusi leikkipuisto, joka toimisi nykyp\u00e4iv\u00e4n vaatimusten mukaisena, ymp\u00e4rist\u00f6\u00e4 kunnioittavana, virikkeellisen\u00e4 ja lapsille tervett\u00e4 luontosuhdetta opettavana paikkana. Tavoitteena oli fyysisen, psyykkisen ja sosiaalisen hyvinvoinnin edist\u00e4minen.<\/p>\n\n\n\n<p>Tavoitteina oli toteuttaa hanke resurssiviisaasti, s\u00e4\u00e4st\u00e4\u00e4 mahdollisimman paljon olemassa olevaa, nuorta puustoa ja sen aluskasvillisuutta, v\u00e4ltt\u00e4\u00e4 tarpeettomia maansiirtoja, k\u00e4ytt\u00e4\u00e4 uutena kasvillisuutena kotimaista luonnonkasvillisuutta, hy\u00f6dynt\u00e4\u00e4 hulevedet paikan p\u00e4\u00e4ll\u00e4, k\u00e4ytt\u00e4\u00e4 mahdollisimman paljon luonnonmateriaaleja ja toteuttaa lapsille houkutteleva, hauska ja luontoleikkeihin innostava leikkipaikka.<\/p>\n\n\n\n<h2 class=\"wp-block-heading\">KESYTOIMINTA HANKKEESSA<\/h2>\n\n\n\n<p>Ty\u00f6n alussa pidettiin VSU:n suunnitteluryhm\u00e4n kesken aloituspalaveri, jossa m\u00e4\u00e4riteltiin ja kirjattiin KESY-tavoitteet. Aloituspalaveri pidettiin hankkeen aloituskokouksen ja kohdek\u00e4ynnin j\u00e4lkeen. Tavoitteet pidettiin esill\u00e4 suunnitteluprosessissa.<\/p>\n\n\n\n<p><strong>Hankkeen\/ kohteen suunnitteluvaiheen KESYn toteutumisen seurannassa hy\u00f6dynnetyt mittarit\/ menetelm\u00e4t<\/strong><\/p>\n\n\n\n<ul class=\"wp-block-list\">\n<li>Olevien materiaalien ja rakenteiden hy\u00f6dynt\u00e4misen osuus suunnitelmassa (mm. maa-ainekset, siemenpankki, kasvillisuus, pohja- ja p\u00e4\u00e4llysterakenteet).<\/li>\n\n\n\n<li>Massatasapainolaskelmat.<\/li>\n\n\n\n<li>Materiaalivaihtoehtojen KESY-vertailu.<\/li>\n\n\n\n<li>Biotooppipohjaiset ja dynaamiset kasvillisuusalueet.<\/li>\n\n\n\n<li>Hulevesien luonnonmukaiset hallintaratkaisut. Mitk\u00e4 ratkaisut?:<\/li>\n\n\n\n<li>Imeytys ja johtaminen kasvillisuusalueille.<\/li>\n\n\n\n<li>Muut luontopohjaiset ratkaisut. Mitk\u00e4 ratkaisut?:<\/li>\n\n\n\n<li>Monik\u00e4ytt\u00f6isyys ja muunneltavuus.<\/li>\n\n\n\n<li>Aistikokemusten m\u00e4\u00e4r\u00e4.<\/li>\n\n\n\n<li>K\u00e4yt\u00f6n ymp\u00e4rivuotisuus.<\/li>\n\n\n\n<li>Osallistamisen m\u00e4\u00e4r\u00e4 ja vaikuttavuus.<\/li>\n<\/ul>\n\n\n\n<p><strong>Vesiolosuhteet<\/strong><\/p>\n\n\n\n<p>Rakennuspaikka on vanhaa peltoa metsik\u00f6n ja laajan peltoalueen raja-alueella. Kohteessa matalat ojat. Hulevedet hy\u00f6dynnet\u00e4\u00e4n edelleen kasvillisuusalueilla. Kulkureitit, pelailu- ja leikkiv\u00e4lineiden alueet nostettiin hiukan olevaa maastoa ylemm\u00e4s siten, ett\u00e4 hulevedet saatiin valumaan kasvillisuusalueille. Ylivuoto vanhoihin pelto-ojiin.<\/p>\n\n\n\n<p><strong>Maaper\u00e4n ja kasvillisuus:<\/strong><\/p>\n\n\n\n<p>Savipitoinen, vanha peltomaa, jolla kasvanut n. 20 vuotta lehtipuuvaltaista sekapuustoa. Maastoa muokattiin mahdollisimman v\u00e4h\u00e4n, vain reittien, pelikent\u00e4n ja leikkiv\u00e4linealueiden kohdalla. N\u00e4ist\u00e4 paikoista pois kaivettava pintamaa kasattiin pieniksi kummuiksi leikkipuiston pohjoisp\u00e4\u00e4tyyn. Kumpuja hy\u00f6dynnet\u00e4\u00e4n leikkiin ja toisaalta suojina leikkipuiston ja l\u00e4heisimm\u00e4n asuintontin v\u00e4lill\u00e4. Puustoa ja sen alla olevaa aluskasvillisuutta s\u00e4\u00e4stettiin mahdollisimman paljon. Uusi, t\u00e4ydent\u00e4v\u00e4 kasvillisuus oli kotimaista luonnonkasvillisuutta. Nurmea ei k\u00e4ytetty, mutta niittyj\u00e4 kylvettiin kotimaisista siemenist\u00e4 kolmea eri tyyppi\u00e4 kasvupaikkojen mukaan.<\/p>\n\n\n\n<p><strong>Materiaalit ja tuotteet:<\/strong><\/p>\n\n\n\n<p>Luonnonmateriaalien k\u00e4ytt\u00f6: Turva-alustoissa k\u00e4ytettiin turvahaketta, paikalle suunnitelluissa rakenteissa ja kalusteissa k\u00e4ytettiin k\u00e4sittelem\u00e4t\u00f6nt\u00e4 m\u00e4nty\u00e4 maakosketuksessa olevat osat hiilt\u00e4en. Valmisv\u00e4lineet suurimmaksi osaksi puurakenteisia. Luonnonkivet, maapuut. Polut hakkeella, reitit soramurskeella.<\/p>\n\n\n\n<p><strong>Energians\u00e4\u00e4st\u00f6, ilmanlaatu ja ymp\u00e4rist\u00f6nsuojelu:<\/strong><\/p>\n\n\n\n<p>Kaivuumaita ei kuljetettu pois alueelta vaan ne hy\u00f6dynnettiin paikan p\u00e4\u00e4ll\u00e4. Hankkeessa s\u00e4\u00e4stettiin suurin osa paikan olevasta puustosta, erityisesti nuoret koivut ja lep\u00e4t, jotka oli inventoitu ravintopuiksi liito-oraville. Pelikentt\u00e4 sijoitettiin alueelle, jolla ei ollut olevaa puustoa. Kotimaisen luonnonkasvillisuuden k\u00e4ytt\u00f6, monimuotoisuuden lis\u00e4\u00e4minen mm erialisilla niittykylv\u00f6ill\u00e4 kotimaisista siemenist\u00e4. Maapuita, linnunp\u00f6ntt\u00f6j\u00e4, hy\u00f6nteishotelleja ja risuaita. Luontopolku opasteineen ja mm s\u00e4\u00e4asema lapsille.<\/p>\n\n\n\n<p><strong>Ihmisten terveys ja hyvinvointi:<\/strong><\/p>\n\n\n\n<p>Runsas puusto, luonnonymp\u00e4rist\u00f6 ja luontoyhteys. Puut varjostavat leikkipaikkoja kes\u00e4ajan paahteelta. Luontopolku opasteineen, joissa sadun avulla kerrotaan lapsille hauskasti luonnosta ja ohjataan tarkkailemaan sit\u00e4. Suunnittelussa osallistettiin paikallisia partiolaisia.<\/p>\n\n\n\n<p><strong>Suunnittelu- ja toteutusaikataulu:<\/strong>&nbsp;2025<\/p>\n\n\n\n<p><strong>Tilaaja:<\/strong>&nbsp;Kaarinan kaupunki<\/p>\n\n\n\n<p><strong>Suunnittelu:<\/strong>&nbsp;VSU maisema-arkkitehdit Oy<\/p>\n\n\n\n<p><strong>Rakentajat:<\/strong>\u00a0Kaarinan kaupunki<\/p>\n\n\n\n<p><strong>Kunnossapit\u00e4j\u00e4t:\u00a0<\/strong>Kaarinan kaupunki<\/p>\n\n\n\n<p><strong>Lis\u00e4tiedot:<\/strong>&nbsp;<br>Minna Raassina, VSU maisema-arkkitehdit Oy<br>Puhelinnumero: +358505276644<br><a href=\"mailto:minna.raassina@vsu.fi\">minna.raassina@vsu.fi<\/a><\/p>\n\n\n\n<div class=\"wp-block-file\"><a id=\"wp-block-file--media-bec59f2a-f98e-4182-a5d7-fa2f1042fc46\" href=\"https:\/\/www.vyl.fi\/kesy\/wp-content\/uploads\/sites\/4\/2026\/03\/Muikkukaaren-leikkipuisto.pdf\">Muikkukaaren leikkipuisto<\/a><a href=\"https:\/\/www.vyl.fi\/kesy\/wp-content\/uploads\/sites\/4\/2026\/03\/Muikkukaaren-leikkipuisto.pdf\" class=\"wp-block-file__button wp-element-button\" download aria-describedby=\"wp-block-file--media-bec59f2a-f98e-4182-a5d7-fa2f1042fc46\">Lataa<\/a><\/div>\n\n\n\n<figure class=\"wp-block-image size-large\"><img loading=\"lazy\" decoding=\"async\" width=\"1024\" height=\"861\" src=\"https:\/\/www.vyl.fi\/kesy\/wp-content\/uploads\/sites\/4\/2026\/03\/liito-orava_rusakolla-pdf-1024x861.jpg\" alt=\"\" class=\"wp-image-641\" \/><\/figure>\n\n\n\n<figure class=\"wp-block-image size-large\"><img loading=\"lazy\" decoding=\"async\" width=\"706\" height=\"1024\" src=\"https:\/\/www.vyl.fi\/kesy\/wp-content\/uploads\/sites\/4\/2026\/03\/Muikkukaaren_leikkipuisto_luontopolun_opasteet_saaasema_rusakolla-pdf-706x1024.jpg\" alt=\"\" class=\"wp-image-642\" \/><\/figure>\n","protected":false},"excerpt":{"rendered":"<p>Muikkukaari, Kaarina Pinta-ala 6 795 m2 HANKKEEN TAVOITTEET Hankkeen tavoitteena oli suunnitella ja rakentaa Auvaisten asuinalueelle uusi leikkipuisto, joka toimisi nykyp\u00e4iv\u00e4n vaatimusten mukaisena, ymp\u00e4rist\u00f6\u00e4 kunnioittavana, virikkeellisen\u00e4 ja lapsille tervett\u00e4 luontosuhdetta opettavana paikkana. Tavoitteena oli fyysisen, psyykkisen ja sosiaalisen hyvinvoinnin edist\u00e4minen. Tavoitteina oli toteuttaa hanke resurssiviisaasti, s\u00e4\u00e4st\u00e4\u00e4 mahdollisimman paljon olemassa olevaa, nuorta puustoa ja sen aluskasvillisuutta, [&hellip;]<\/p>\n","protected":false},"author":7,"featured_media":0,"parent":24,"menu_order":63,"comment_status":"closed","ping_status":"closed","template":"","meta":{"_acf_changed":false,"_relevanssi_hide_post":"","_relevanssi_hide_content":"","_relevanssi_pin_for_all":"","_relevanssi_pin_keywords":"","_relevanssi_unpin_keywords":"","_relevanssi_related_keywords":"","_relevanssi_related_include_ids":"","_relevanssi_related_exclude_ids":"","_relevanssi_related_no_append":"","_relevanssi_related_not_related":"","_relevanssi_related_posts":"","_relevanssi_noindex_reason":"","footnotes":""},"class_list":["post-639","page","type-page","status-publish","hentry"],"acf":[],"_links":{"self":[{"href":"https:\/\/www.vyl.fi\/kesy\/wp-json\/wp\/v2\/pages\/639","targetHints":{"allow":["GET"]}}],"collection":[{"href":"https:\/\/www.vyl.fi\/kesy\/wp-json\/wp\/v2\/pages"}],"about":[{"href":"https:\/\/www.vyl.fi\/kesy\/wp-json\/wp\/v2\/types\/page"}],"author":[{"embeddable":true,"href":"https:\/\/www.vyl.fi\/kesy\/wp-json\/wp\/v2\/users\/7"}],"replies":[{"embeddable":true,"href":"https:\/\/www.vyl.fi\/kesy\/wp-json\/wp\/v2\/comments?post=639"}],"version-history":[{"count":3,"href":"https:\/\/www.vyl.fi\/kesy\/wp-json\/wp\/v2\/pages\/639\/revisions"}],"predecessor-version":[{"id":662,"href":"https:\/\/www.vyl.fi\/kesy\/wp-json\/wp\/v2\/pages\/639\/revisions\/662"}],"up":[{"embeddable":true,"href":"https:\/\/www.vyl.fi\/kesy\/wp-json\/wp\/v2\/pages\/24"}],"wp:attachment":[{"href":"https:\/\/www.vyl.fi\/kesy\/wp-json\/wp\/v2\/media?parent=639"}],"curies":[{"name":"wp","href":"https:\/\/api.w.org\/{rel}","templated":true}]}}