{"id":655,"date":"2026-03-03T11:58:03","date_gmt":"2026-03-03T09:58:03","guid":{"rendered":"https:\/\/www.vyl.fi\/kesy\/?page_id=655"},"modified":"2026-03-03T12:00:18","modified_gmt":"2026-03-03T10:00:18","slug":"haakoninlahdenpuiston-etelaosa","status":"publish","type":"page","link":"https:\/\/www.vyl.fi\/kesy\/kesy-hankkeet\/haakoninlahdenpuiston-etelaosa\/","title":{"rendered":"Haakoninlahdenpuiston etel\u00e4osa"},"content":{"rendered":"\n<p class=\"wp-block-lala-blocks-lala-ingressi\">Uuden puiston suunnittelu entiselle \u00f6ljysatama-alueelle Helsingin Kruunuvuorenrantaan. Suunnittelu l\u00e4htenyt v. 2021 VSU maisema-arkkitehdit Oy:n ja Huttunen-Lipasti Arkkitehdit Oy:n arkkitehtuurikilpailuvoitosta, joka koski puistoa ja sen viereist\u00e4 monitoimirakennuksen tonttia. Kyseess\u00e4 Haakoninlahdenpuiston etel\u00e4osa, joka on alueellinen leikkipuisto ja valmistunut syksyll\u00e4 2025.<\/p>\n\n\n\n<p>Helsinki<br>Pinta-ala: 10285 m2<\/p>\n\n\n\n<h2 class=\"wp-block-heading\">HANKKEEN TAVOITTEET<\/h2>\n\n\n\n<p>Hiilidioksidip\u00e4\u00e4st\u00f6jen minimointi, kierr\u00e4tysmateriaalien k\u00e4ytt\u00f6, monipuolinen ja virikkeellinen puisto, runsas luonnonkasvillisuus ja luontoleikkipaikat.<\/p>\n\n\n\n<p>Puiston k\u00e4ytett\u00e4vyys, monipuolisuus, virikkeisyys ja turvallisuus soveltuen monen ik\u00e4isille lapsille ja alueen asukkaille. Resurssiviisas hoidettavuus ja yll\u00e4pito.<\/p>\n\n\n\n<h2 class=\"wp-block-heading\">KESYTOIMINTA HANKKEESSA<\/h2>\n\n\n\n<ul class=\"wp-block-list\">\n<li>Kierr\u00e4tystuotteet: leikkiv\u00e4lineet, kiveykset, kierr\u00e4tyskasvualustat.<\/li>\n\n\n\n<li>Luonnonmukainen ja monipuolinen kasvillisuus.<\/li>\n\n\n\n<li>Hulevesien hy\u00f6dynt\u00e4minen paikallisesti. Luontoleikkipaikat.<\/li>\n\n\n\n<li>Hiilidioksidipitoisuuden seuranta ja minimointi yhdess\u00e4 Aalto-yliopiston kanssa.<\/li>\n<\/ul>\n\n\n\n<p><strong>Hankkeen\/ kohteen suunnitteluvaiheen KESYn toteutumisen seurannassa hy\u00f6dynnetyt mittarit\/ menetelm\u00e4t<\/strong><\/p>\n\n\n\n<ul class=\"wp-block-list\">\n<li>Olevien materiaalien ja rakenteiden hy\u00f6dynt\u00e4misen osuus suunnitelmassa (mm. maa-ainekset, siemenpankki, kasvillisuus, pohja- ja p\u00e4\u00e4llysterakenteet).<\/li>\n\n\n\n<li>Massatasapainolaskelmat.<\/li>\n\n\n\n<li>Kierr\u00e4tys- ja uusiomateriaalien osuus suunnitelmassa.<\/li>\n\n\n\n<li>Materiaalivaihtoehtojen KESY-vertailu.<\/li>\n\n\n\n<li>Ymp\u00e4rist\u00f6sertifioidut tai -merkityt materiaalit ja tuotteet.\n<ul class=\"wp-block-list\">\n<li>Leikkiv\u00e4lineit\u00e4 mm Born Green Lower CO2e, Made Green Lower CO2e ja FSC<\/li>\n<\/ul>\n<\/li>\n\n\n\n<li>Materiaalien ja rakenteiden pitk\u00e4ik\u00e4isyys.<\/li>\n\n\n\n<li>Biotooppipohjaiset ja dynaamiset kasvillisuusalueet.<\/li>\n\n\n\n<li>Hulevesien luonnonmukaiset hallintaratkaisut: Hulevesi\u00e4 hy\u00f6dynnettiin kasvillisuusalueilla ja puiston l\u00e4nsireunaan rakennettiin hulevesipainanne.<\/li>\n\n\n\n<li>Uusien, innovatiivisten suunnitteluratkaisujen m\u00e4\u00e4r\u00e4.<ul><li>Luontoper\u00e4iset leikkipaikat<\/li><\/ul><ul><li>Esteett\u00f6myys.<\/li><\/ul><ul><li>Aistikokemusten m\u00e4\u00e4r\u00e4.<\/li><\/ul>\n<ul class=\"wp-block-list\">\n<li>K\u00e4yt\u00f6n ymp\u00e4rivuotisuus.<\/li>\n<\/ul>\n<\/li>\n<\/ul>\n\n\n\n<p><strong>Maaper\u00e4n ja kasvillisuus:<\/strong><br>T\u00e4yt\u00f6iss\u00e4 hy\u00f6dynnettiin paikallaisia maamassoja. Kasvualustoista suuri osa tehtiin Helsingin kaupungin kierr\u00e4tyskasvualustoilla. Paikallaisia kivi\u00e4 k\u00e4ytettiin maisemarakentamisessa. Alueella ei ollut alkujaan lainkaan kasvillisuutta. Uusi kasvillisuus koostui suurimmaksi osaksi kotimaisista luonnonkasveista: niittykasvillisuudesta, pensaista ja puista. Hulevesipainanteen kasvillisuus suunniteltiin muodostumaan luonnonmukaiseksi.<\/p>\n\n\n\n<p><strong>Materiaalit ja tuotteet:<\/strong><br>Leikkiv\u00e4lineiss\u00e4 ja kalusteissa suosittiin puuta ja osa leikkiv\u00e4lineist\u00e4 oli valmistettu valtamerist\u00e4 ker\u00e4tyst\u00e4 j\u00e4tteest\u00e4. Puiston kiveykset tehtiin Helsingin kaupungin kierr\u00e4tyskivist\u00e4.<\/p>\n\n\n\n<p><strong>Energians\u00e4\u00e4st\u00f6, ilmanlaatu ja ymp\u00e4rist\u00f6nsuojelu:<\/strong><br>Kohteessa pyrittiin k\u00e4ytt\u00e4m\u00e4\u00e4n mahdollisimman v\u00e4h\u00e4n ter\u00e4st\u00e4 ja muovituotteita sek\u00e4 mahdollisimman paljon kierr\u00e4tysmateriaalista valmistettuja leikkiv\u00e4lineit\u00e4. Esirakentamisen maamassat tuotiin Kruunuvuorenrannan alueelta, jotta minimoitiin kuljetus. It\u00e4meri-teemaisessa puistossa toteutettiin leikkipaikalle informatiiviset kalakyltit It\u00e4meren kaloista. Suunnitteluvaiheessa seurattiin hankkeen hiilidioksidip\u00e4\u00e4st\u00f6j\u00e4 liittyen Aalto-yliopiston Co Carbon -hankkeeseen.<\/p>\n\n\n\n<p><strong>Ihmisten terveys ja hyvinvointi:<\/strong><br>Runsaasti monipuolista kasvillisuutta ja yhteis\u00f6llisi\u00e4 toimintoja sis\u00e4lt\u00e4v\u00e4 puisto toimii virkist\u00e4v\u00e4n\u00e4 keitaana alueen asukkaille ja viereisen koulun lapsille.<\/p>\n\n\n\n<p><strong>Suunnittelu- ja toteutusaikataulu:<\/strong>\u00a02023-2025<br><strong>Tilaaja:<\/strong>\u00a0Helsingin kaupunki<br><strong>Suunnittelu:<\/strong>\u00a0VSU maisema-arkkitehdit Oy, Geobotnia Oy<br><strong>Rakentajat:<\/strong>\u00a0Stara<br><strong>Valvojat:<\/strong>\u00a0Rakennuttajatoimisto HTJ<br><strong>Kunnossapit\u00e4j\u00e4t:\u00a0<\/strong>Stara<\/p>\n\n\n\n<p><strong>Lis\u00e4tiedot:<\/strong>&nbsp;<br>Minna Raassina, VSU maisema-arkkitehdit Oy<br>Puhelinnumero: +358505276644<br><a href=\"mailto:minna.raassina@vsu.fi\">minna.raassina@vsu.fi<\/a><\/p>\n\n\n\n<figure class=\"wp-block-gallery has-nested-images columns-default is-cropped wp-block-gallery-1 is-layout-flex wp-block-gallery-is-layout-flex\">\n<figure class=\"wp-block-image size-large\"><img loading=\"lazy\" decoding=\"async\" width=\"1024\" height=\"576\" data-id=\"657\" src=\"https:\/\/www.vyl.fi\/kesy\/wp-content\/uploads\/sites\/4\/2026\/03\/Haakoninlahdenpuisto-1-1024x576.jpg\" alt=\"\" class=\"wp-image-657\" srcset=\"https:\/\/www.vyl.fi\/kesy\/wp-content\/uploads\/sites\/4\/2026\/03\/Haakoninlahdenpuisto-1-1024x576.jpg 1024w, https:\/\/www.vyl.fi\/kesy\/wp-content\/uploads\/sites\/4\/2026\/03\/Haakoninlahdenpuisto-1-300x169.jpg 300w, https:\/\/www.vyl.fi\/kesy\/wp-content\/uploads\/sites\/4\/2026\/03\/Haakoninlahdenpuisto-1-768x432.jpg 768w, https:\/\/www.vyl.fi\/kesy\/wp-content\/uploads\/sites\/4\/2026\/03\/Haakoninlahdenpuisto-1-1536x864.jpg 1536w, https:\/\/www.vyl.fi\/kesy\/wp-content\/uploads\/sites\/4\/2026\/03\/Haakoninlahdenpuisto-1-2048x1152.jpg 2048w\" sizes=\"(max-width: 1024px) 100vw, 1024px\" \/><\/figure>\n\n\n\n<figure class=\"wp-block-image size-large\"><img loading=\"lazy\" decoding=\"async\" width=\"1024\" height=\"683\" data-id=\"658\" src=\"https:\/\/www.vyl.fi\/kesy\/wp-content\/uploads\/sites\/4\/2026\/03\/Haakoninlahdenpuisto-2-1024x683.jpg\" alt=\"\" class=\"wp-image-658\" srcset=\"https:\/\/www.vyl.fi\/kesy\/wp-content\/uploads\/sites\/4\/2026\/03\/Haakoninlahdenpuisto-2-1024x683.jpg 1024w, https:\/\/www.vyl.fi\/kesy\/wp-content\/uploads\/sites\/4\/2026\/03\/Haakoninlahdenpuisto-2-300x200.jpg 300w, https:\/\/www.vyl.fi\/kesy\/wp-content\/uploads\/sites\/4\/2026\/03\/Haakoninlahdenpuisto-2-768x512.jpg 768w, https:\/\/www.vyl.fi\/kesy\/wp-content\/uploads\/sites\/4\/2026\/03\/Haakoninlahdenpuisto-2-1536x1025.jpg 1536w, https:\/\/www.vyl.fi\/kesy\/wp-content\/uploads\/sites\/4\/2026\/03\/Haakoninlahdenpuisto-2-2048x1366.jpg 2048w\" sizes=\"(max-width: 1024px) 100vw, 1024px\" \/><\/figure>\n\n\n\n<figure class=\"wp-block-image size-large\"><img loading=\"lazy\" decoding=\"async\" width=\"1024\" height=\"657\" data-id=\"659\" src=\"https:\/\/www.vyl.fi\/kesy\/wp-content\/uploads\/sites\/4\/2026\/03\/Haakoninlahdenpuisto-3-1024x657.jpg\" alt=\"\" class=\"wp-image-659\" srcset=\"https:\/\/www.vyl.fi\/kesy\/wp-content\/uploads\/sites\/4\/2026\/03\/Haakoninlahdenpuisto-3-1024x657.jpg 1024w, https:\/\/www.vyl.fi\/kesy\/wp-content\/uploads\/sites\/4\/2026\/03\/Haakoninlahdenpuisto-3-300x193.jpg 300w, https:\/\/www.vyl.fi\/kesy\/wp-content\/uploads\/sites\/4\/2026\/03\/Haakoninlahdenpuisto-3-768x493.jpg 768w, https:\/\/www.vyl.fi\/kesy\/wp-content\/uploads\/sites\/4\/2026\/03\/Haakoninlahdenpuisto-3-1536x986.jpg 1536w, https:\/\/www.vyl.fi\/kesy\/wp-content\/uploads\/sites\/4\/2026\/03\/Haakoninlahdenpuisto-3-2048x1315.jpg 2048w\" sizes=\"(max-width: 1024px) 100vw, 1024px\" \/><\/figure>\n<\/figure>\n","protected":false},"excerpt":{"rendered":"<p>HelsinkiPinta-ala: 10285 m2 HANKKEEN TAVOITTEET Hiilidioksidip\u00e4\u00e4st\u00f6jen minimointi, kierr\u00e4tysmateriaalien k\u00e4ytt\u00f6, monipuolinen ja virikkeellinen puisto, runsas luonnonkasvillisuus ja luontoleikkipaikat. Puiston k\u00e4ytett\u00e4vyys, monipuolisuus, virikkeisyys ja turvallisuus soveltuen monen ik\u00e4isille lapsille ja alueen asukkaille. Resurssiviisas hoidettavuus ja yll\u00e4pito. KESYTOIMINTA HANKKEESSA Hankkeen\/ kohteen suunnitteluvaiheen KESYn toteutumisen seurannassa hy\u00f6dynnetyt mittarit\/ menetelm\u00e4t Maaper\u00e4n ja kasvillisuus:T\u00e4yt\u00f6iss\u00e4 hy\u00f6dynnettiin paikallaisia maamassoja. Kasvualustoista suuri osa tehtiin [&hellip;]<\/p>\n","protected":false},"author":7,"featured_media":0,"parent":24,"menu_order":16,"comment_status":"closed","ping_status":"closed","template":"","meta":{"_acf_changed":false,"_relevanssi_hide_post":"","_relevanssi_hide_content":"","_relevanssi_pin_for_all":"","_relevanssi_pin_keywords":"","_relevanssi_unpin_keywords":"","_relevanssi_related_keywords":"","_relevanssi_related_include_ids":"","_relevanssi_related_exclude_ids":"","_relevanssi_related_no_append":"","_relevanssi_related_not_related":"","_relevanssi_related_posts":"","_relevanssi_noindex_reason":"","footnotes":""},"class_list":["post-655","page","type-page","status-publish","hentry"],"acf":[],"_links":{"self":[{"href":"https:\/\/www.vyl.fi\/kesy\/wp-json\/wp\/v2\/pages\/655","targetHints":{"allow":["GET"]}}],"collection":[{"href":"https:\/\/www.vyl.fi\/kesy\/wp-json\/wp\/v2\/pages"}],"about":[{"href":"https:\/\/www.vyl.fi\/kesy\/wp-json\/wp\/v2\/types\/page"}],"author":[{"embeddable":true,"href":"https:\/\/www.vyl.fi\/kesy\/wp-json\/wp\/v2\/users\/7"}],"replies":[{"embeddable":true,"href":"https:\/\/www.vyl.fi\/kesy\/wp-json\/wp\/v2\/comments?post=655"}],"version-history":[{"count":2,"href":"https:\/\/www.vyl.fi\/kesy\/wp-json\/wp\/v2\/pages\/655\/revisions"}],"predecessor-version":[{"id":661,"href":"https:\/\/www.vyl.fi\/kesy\/wp-json\/wp\/v2\/pages\/655\/revisions\/661"}],"up":[{"embeddable":true,"href":"https:\/\/www.vyl.fi\/kesy\/wp-json\/wp\/v2\/pages\/24"}],"wp:attachment":[{"href":"https:\/\/www.vyl.fi\/kesy\/wp-json\/wp\/v2\/media?parent=655"}],"curies":[{"name":"wp","href":"https:\/\/api.w.org\/{rel}","templated":true}]}}