{"id":72,"date":"2024-10-16T12:32:14","date_gmt":"2024-10-16T09:32:14","guid":{"rendered":"https:\/\/u79114.www2.webdomain.fi\/kesy\/?page_id=72"},"modified":"2024-11-21T12:35:06","modified_gmt":"2024-11-21T10:35:06","slug":"raportointi","status":"publish","type":"page","link":"https:\/\/www.vyl.fi\/kesy\/mika-on-kesy\/kesy-tunnus\/raportointi\/","title":{"rendered":"Raportointi"},"content":{"rendered":"\n<p>KESY-tunnuksen saanut organisaatio sitoutuu raportoimaan KESY-toiminnastaan Viherymp\u00e4rist\u00f6liitolle v\u00e4hint\u00e4\u00e4n kerran vuodessa.<\/p>\n\n\n\n<ul class=\"wp-block-list\">\n<li>Raportointi tulee tehd\u00e4 raportointilomakkeella puolivuosittain, kev\u00e4tkaudella toukokuun loppuun menness\u00e4 ja syyskaudella marraskuun loppuun menness\u00e4.<\/li>\n\n\n\n<li>Raportoitavat hankkeet\/toiminnat voivat olla joko k\u00e4ynniss\u00e4 olevia tai jo valmistuneita.<\/li>\n\n\n\n<li>Jo raportoituja hankkeita tulee p\u00e4ivitt\u00e4\u00e4 puolivuosittain tarpeen mukaan, kev\u00e4tkaudella toukokuun loppuun menness\u00e4 ja syyskaudella marraskuun loppuun menness\u00e4. &nbsp;T\u00e4m\u00e4 tapahtuu l\u00e4hett\u00e4m\u00e4ll\u00e4 s\u00e4hk\u00f6postitse p\u00e4ivitetyt tiedot osoitteeseen&nbsp;<a href=\";\">info@vyl.fi<\/a><\/li>\n\n\n\n<li>Pienprojekteista raportoidaan s\u00e4hk\u00f6postilla osoitteeseen&nbsp;<a href=\";\">info@vyl.fi<\/a>&nbsp;ja tiedot lis\u00e4t\u00e4\u00e4n verkkosivuille&nbsp;<a href=\"https:\/\/www.vyl.fi\/kesy\/mika-on-kesy\/kesy-tunnus\/kesy-tekoja\/\">KESY-tekoja<\/a>.<\/li>\n<\/ul>\n\n\n\n<p><em>Viherymp\u00e4rist\u00f6liitto my\u00f6nt\u00e4\u00e4 KESY-tunnuksen k\u00e4ytt\u00f6oikeuden ja se on voimassa toistaiseksi. Viherymp\u00e4rist\u00f6liitto pid\u00e4tt\u00e4\u00e4 oikeuden k\u00e4ytt\u00f6oikeuden poistamiseen, mik\u00e4li toimija ei raportoi hankkeistaan raportointilomakkeella kahden vuoden kuluessa merkin my\u00f6nt\u00e4misest\u00e4 tai k\u00e4ytt\u00e4\u00e4 merkki\u00e4 ristiriidassa sen tarkoitukseen n\u00e4hden. Viherymp\u00e4rist\u00f6liitto pid\u00e4tt\u00e4\u00e4 oikeuden k\u00e4ytt\u00f6oikeuden poistamiseen, mik\u00e4li toimija laiminly\u00f6 raportointivelvollisuutta.<\/em><\/p>\n\n\n\n<div class=\"wp-block-buttons is-layout-flex wp-block-buttons-is-layout-flex\">\n<div class=\"wp-block-button\"><a class=\"wp-block-button__link wp-element-button\" href=\"https:\/\/link.webropolsurveys.com\/S\/802A546D41C9DB5C\" target=\"_blank\" rel=\"noreferrer noopener\">RAPORTOINTILOMAKE<\/a><\/div>\n<\/div>\n\n\n\n<p><\/p>\n","protected":false},"excerpt":{"rendered":"<p>KESY-tunnuksen saanut organisaatio sitoutuu raportoimaan KESY-toiminnastaan Viherymp\u00e4rist\u00f6liitolle v\u00e4hint\u00e4\u00e4n kerran vuodessa. Viherymp\u00e4rist\u00f6liitto my\u00f6nt\u00e4\u00e4 KESY-tunnuksen k\u00e4ytt\u00f6oikeuden ja se on voimassa toistaiseksi. Viherymp\u00e4rist\u00f6liitto pid\u00e4tt\u00e4\u00e4 oikeuden k\u00e4ytt\u00f6oikeuden poistamiseen, mik\u00e4li toimija ei raportoi hankkeistaan raportointilomakkeella kahden vuoden kuluessa merkin my\u00f6nt\u00e4misest\u00e4 tai k\u00e4ytt\u00e4\u00e4 merkki\u00e4 ristiriidassa sen tarkoitukseen n\u00e4hden. Viherymp\u00e4rist\u00f6liitto pid\u00e4tt\u00e4\u00e4 oikeuden k\u00e4ytt\u00f6oikeuden poistamiseen, mik\u00e4li toimija laiminly\u00f6 raportointivelvollisuutta.<\/p>\n","protected":false},"author":7,"featured_media":0,"parent":44,"menu_order":25,"comment_status":"closed","ping_status":"closed","template":"","meta":{"_acf_changed":false,"_relevanssi_hide_post":"","_relevanssi_hide_content":"","_relevanssi_pin_for_all":"","_relevanssi_pin_keywords":"","_relevanssi_unpin_keywords":"","_relevanssi_related_keywords":"","_relevanssi_related_include_ids":"","_relevanssi_related_exclude_ids":"","_relevanssi_related_no_append":"","_relevanssi_related_not_related":"","_relevanssi_related_posts":"1","_relevanssi_noindex_reason":"","footnotes":""},"class_list":["post-72","page","type-page","status-publish","hentry"],"acf":[],"_links":{"self":[{"href":"https:\/\/www.vyl.fi\/kesy\/wp-json\/wp\/v2\/pages\/72","targetHints":{"allow":["GET"]}}],"collection":[{"href":"https:\/\/www.vyl.fi\/kesy\/wp-json\/wp\/v2\/pages"}],"about":[{"href":"https:\/\/www.vyl.fi\/kesy\/wp-json\/wp\/v2\/types\/page"}],"author":[{"embeddable":true,"href":"https:\/\/www.vyl.fi\/kesy\/wp-json\/wp\/v2\/users\/7"}],"replies":[{"embeddable":true,"href":"https:\/\/www.vyl.fi\/kesy\/wp-json\/wp\/v2\/comments?post=72"}],"version-history":[{"count":4,"href":"https:\/\/www.vyl.fi\/kesy\/wp-json\/wp\/v2\/pages\/72\/revisions"}],"predecessor-version":[{"id":76,"href":"https:\/\/www.vyl.fi\/kesy\/wp-json\/wp\/v2\/pages\/72\/revisions\/76"}],"up":[{"embeddable":true,"href":"https:\/\/www.vyl.fi\/kesy\/wp-json\/wp\/v2\/pages\/44"}],"wp:attachment":[{"href":"https:\/\/www.vyl.fi\/kesy\/wp-json\/wp\/v2\/media?parent=72"}],"curies":[{"name":"wp","href":"https:\/\/api.w.org\/{rel}","templated":true}]}}