{"id":87,"date":"2024-10-16T13:15:37","date_gmt":"2024-10-16T10:15:37","guid":{"rendered":"https:\/\/u79114.www2.webdomain.fi\/kesy\/?page_id=87"},"modified":"2024-10-22T17:39:56","modified_gmt":"2024-10-22T14:39:56","slug":"vesiolosuhteet","status":"publish","type":"page","link":"https:\/\/www.vyl.fi\/kesy\/teemat\/vesiolosuhteet\/","title":{"rendered":"Vesiolosuhteet"},"content":{"rendered":"\n<p class=\"wp-block-lala-blocks-lala-ingressi\">Vesioloihin liittyv\u00e4t toimintaperiaatteet kannustavat turvaamaan vesiekosysteemipalveluita. Ne ohjaavat rakentamisen sijoittamista siten, ett\u00e4 esimerkiksi tulva-alueiden ekologiset toiminnot ja herkkien vesiekosysteemien toiminta turvataan. Ne ohjeistavat vesiekosysteemien kunnostusta ja hulevesien hallintaa. Lis\u00e4ksi tavoitteeksi on asetettu talousveden kulutuksen v\u00e4hent\u00e4minen.<\/p>\n\n\n\n<p>Paikan l\u00e4ht\u00f6kohtiin liittyv\u00e4t toimintaperiaatteet nostavat esiin olemassa olevien olosuhteiden kartoittamisen merkityksen ja suunnitteluratkaisut sek\u00e4 rakentamisen ja kunnossapidon niiden pohjalta. Erilaisten suojavy\u00f6hykkeiden m\u00e4\u00e4ritt\u00e4minen ja haittojen ja h\u00e4iri\u00f6tekij\u00f6iden v\u00e4hent\u00e4minen edellytt\u00e4v\u00e4t uusien tavoitteiden asettamista, my\u00f6s rakentamisen ja kunnossapidon aikana. Keskeisi\u00e4 toimia ovat lis\u00e4ksi rakennusty\u00f6maan esisuunnittelu ja suojausten huolehtiminen sek\u00e4 kunnossapitosuunnitelmien kehitt\u00e4minen kest\u00e4v\u00e4n kehityksen mukaisiksi. Rakentamisessa ja kunnossapidossa toimenpiteiden tavoitteena on mm. luonnonmukaisuus, ja niiden kautta monimuotoisuuden ja luonnon elinymp\u00e4rist\u00f6jen lis\u00e4\u00e4minen.<\/p>\n\n\n\n<h2 class=\"wp-block-heading\">Katso video: Vesiolosuhteiden vaaliminen<\/h2>\n\n\n\n<figure class=\"wp-block-embed is-type-video is-provider-youtube wp-block-embed-youtube wp-embed-aspect-16-9 wp-has-aspect-ratio\"><div class=\"wp-block-embed__wrapper\">\n<iframe loading=\"lazy\" title=\"KESY toimintamalli. Teema 1: Vesiolosuhteiden vaaliminen\" width=\"800\" height=\"450\" src=\"https:\/\/www.youtube.com\/embed\/0I-XtgomH5Q?feature=oembed\" frameborder=\"0\" allow=\"accelerometer; autoplay; clipboard-write; encrypted-media; gyroscope; picture-in-picture; web-share\" referrerpolicy=\"strict-origin-when-cross-origin\" allowfullscreen><\/iframe>\n<\/div><\/figure>\n","protected":false},"excerpt":{"rendered":"<p>Paikan l\u00e4ht\u00f6kohtiin liittyv\u00e4t toimintaperiaatteet nostavat esiin olemassa olevien olosuhteiden kartoittamisen merkityksen ja suunnitteluratkaisut sek\u00e4 rakentamisen ja kunnossapidon niiden pohjalta. Erilaisten suojavy\u00f6hykkeiden m\u00e4\u00e4ritt\u00e4minen ja haittojen ja h\u00e4iri\u00f6tekij\u00f6iden v\u00e4hent\u00e4minen edellytt\u00e4v\u00e4t uusien tavoitteiden asettamista, my\u00f6s rakentamisen ja kunnossapidon aikana. Keskeisi\u00e4 toimia ovat lis\u00e4ksi rakennusty\u00f6maan esisuunnittelu ja suojausten huolehtiminen sek\u00e4 kunnossapitosuunnitelmien kehitt\u00e4minen kest\u00e4v\u00e4n kehityksen mukaisiksi. Rakentamisessa ja kunnossapidossa toimenpiteiden [&hellip;]<\/p>\n","protected":false},"author":7,"featured_media":0,"parent":17,"menu_order":10,"comment_status":"closed","ping_status":"closed","template":"","meta":{"_acf_changed":false,"_relevanssi_hide_post":"","_relevanssi_hide_content":"","_relevanssi_pin_for_all":"","_relevanssi_pin_keywords":"","_relevanssi_unpin_keywords":"","_relevanssi_related_keywords":"","_relevanssi_related_include_ids":"","_relevanssi_related_exclude_ids":"","_relevanssi_related_no_append":"","_relevanssi_related_not_related":"","_relevanssi_related_posts":"1","_relevanssi_noindex_reason":"","footnotes":""},"class_list":["post-87","page","type-page","status-publish","hentry"],"acf":[],"_links":{"self":[{"href":"https:\/\/www.vyl.fi\/kesy\/wp-json\/wp\/v2\/pages\/87","targetHints":{"allow":["GET"]}}],"collection":[{"href":"https:\/\/www.vyl.fi\/kesy\/wp-json\/wp\/v2\/pages"}],"about":[{"href":"https:\/\/www.vyl.fi\/kesy\/wp-json\/wp\/v2\/types\/page"}],"author":[{"embeddable":true,"href":"https:\/\/www.vyl.fi\/kesy\/wp-json\/wp\/v2\/users\/7"}],"replies":[{"embeddable":true,"href":"https:\/\/www.vyl.fi\/kesy\/wp-json\/wp\/v2\/comments?post=87"}],"version-history":[{"count":4,"href":"https:\/\/www.vyl.fi\/kesy\/wp-json\/wp\/v2\/pages\/87\/revisions"}],"predecessor-version":[{"id":456,"href":"https:\/\/www.vyl.fi\/kesy\/wp-json\/wp\/v2\/pages\/87\/revisions\/456"}],"up":[{"embeddable":true,"href":"https:\/\/www.vyl.fi\/kesy\/wp-json\/wp\/v2\/pages\/17"}],"wp:attachment":[{"href":"https:\/\/www.vyl.fi\/kesy\/wp-json\/wp\/v2\/media?parent=87"}],"curies":[{"name":"wp","href":"https:\/\/api.w.org\/{rel}","templated":true}]}}