{"id":13,"date":"2024-10-25T14:38:18","date_gmt":"2024-10-25T11:38:18","guid":{"rendered":"https:\/\/u79114.www2.webdomain.fi\/koulutus\/?page_id=13"},"modified":"2025-03-20T15:02:39","modified_gmt":"2025-03-20T13:02:39","slug":"ammatillinenkoulutus","status":"publish","type":"page","link":"https:\/\/www.vyl.fi\/koulutus\/ammatillinenkoulutus\/","title":{"rendered":"Ammatillinen koulutus"},"content":{"rendered":"\n<p>Viheralalle suuntautumisen voi aloittaa jo peruskoulun j\u00e4lkeen.\u00a0<strong><a href=\"https:\/\/www.vyl.fi\/koulutus\/ammatillinenkoulutus\/perustutkinnot\/\" data-type=\"page\" data-id=\"56\">Ammatillisen perustutkinnon<\/a>\u00a0<\/strong>koulutusta on tarjolla laajasti ymp\u00e4ri Suomen. Opinnoissa voi edet\u00e4 omaan tahtiin. Moni kuitenkin suorittaa tutkinnon noin kolmessa vuodessa. Ammatillisen perustutkinnon suorittaneella on ammattitaidon saavuttamiseen edellytt\u00e4v\u00e4t tiedot ja taidot, jolloin opiskelijalla on yleinen jatko-opiskelukelpoisuus ammattitutkintoon, ammattikorkeakouluihin ja yliopistoihin.<\/p>\n\n\n\n<p><strong><a href=\"https:\/\/www.vyl.fi\/koulutus\/ammatillinenkoulutus\/ammattitutkinnot\/\" data-type=\"page\" data-id=\"75\">Ammattitutkinto<\/a><\/strong> tarjoaa jo ty\u00f6el\u00e4m\u00e4ss\u00e4 oleville mahdollisuuden p\u00e4ivitt\u00e4\u00e4 tai t\u00e4ydent\u00e4\u00e4 osaamista. Ammattitutkinnot sis\u00e4lt\u00e4v\u00e4t perustutkintoa syv\u00e4llisemp\u00e4\u00e4, rajatumpaa ja ty\u00f6el\u00e4m\u00e4n tarpeiden mukaisesti kohdennettua ammattitaitoa. Ammattitutkinnot ovat p\u00e4\u00e4osin laajuudeltaan 150 osaamispistett\u00e4.<\/p>\n\n\n\n<p>Alan vaativimpien ty\u00f6teht\u00e4vien hallinta osoitetaan\u00a0<strong><a href=\"https:\/\/www.vyl.fi\/koulutus\/ammatillinenkoulutus\/erikoisammattitutkinto\/\" data-type=\"page\" data-id=\"80\">erikoisammattitutkinnossa<\/a><\/strong>, jolloin opiskelija on peruskoulutuksen j\u00e4lkeen kehitt\u00e4nyt ammattitaitoaan, hankkinut laajan ty\u00f6kokemuksen alalta ja yli ammattirajojen menev\u00e4\u00e4 yhteisty\u00f6taitoa. Erikoisammattitutkinto antaa valmiuden toimia itsen\u00e4isen\u00e4 yritt\u00e4j\u00e4n\u00e4 sek\u00e4 johtavissa teht\u00e4viss\u00e4 yritysten tai oppilaitosten palveluksessa. Erikoisammattitutkinnon laajuus on yleens\u00e4 180 osaamispistett\u00e4. Erikoisammattitutkinto antaa jatkokelpoisuuden ammattikorkeakoulu- ja yliopisto-opintoihin.<\/p>\n","protected":false},"excerpt":{"rendered":"<p>Viheralalle suuntautumisen voi aloittaa jo peruskoulun j\u00e4lkeen.\u00a0Ammatillisen perustutkinnon\u00a0koulutusta on tarjolla laajasti ymp\u00e4ri Suomen. Opinnoissa voi edet\u00e4 omaan tahtiin. Moni kuitenkin suorittaa tutkinnon noin kolmessa vuodessa. Ammatillisen perustutkinnon suorittaneella on ammattitaidon saavuttamiseen edellytt\u00e4v\u00e4t tiedot ja taidot, jolloin opiskelijalla on yleinen jatko-opiskelukelpoisuus ammattitutkintoon, ammattikorkeakouluihin ja yliopistoihin. Ammattitutkinto tarjoaa jo ty\u00f6el\u00e4m\u00e4ss\u00e4 oleville mahdollisuuden p\u00e4ivitt\u00e4\u00e4 tai t\u00e4ydent\u00e4\u00e4 osaamista. Ammattitutkinnot [&hellip;]<\/p>\n","protected":false},"author":8,"featured_media":0,"parent":0,"menu_order":0,"comment_status":"closed","ping_status":"closed","template":"","meta":{"_acf_changed":false,"_relevanssi_hide_post":"","_relevanssi_hide_content":"","_relevanssi_pin_for_all":"","_relevanssi_pin_keywords":"","_relevanssi_unpin_keywords":"","_relevanssi_related_keywords":"","_relevanssi_related_include_ids":"","_relevanssi_related_exclude_ids":"","_relevanssi_related_no_append":"","_relevanssi_related_not_related":"","_relevanssi_related_posts":"1","_relevanssi_noindex_reason":"","footnotes":""},"class_list":["post-13","page","type-page","status-publish","hentry"],"acf":[],"_links":{"self":[{"href":"https:\/\/www.vyl.fi\/koulutus\/wp-json\/wp\/v2\/pages\/13","targetHints":{"allow":["GET"]}}],"collection":[{"href":"https:\/\/www.vyl.fi\/koulutus\/wp-json\/wp\/v2\/pages"}],"about":[{"href":"https:\/\/www.vyl.fi\/koulutus\/wp-json\/wp\/v2\/types\/page"}],"author":[{"embeddable":true,"href":"https:\/\/www.vyl.fi\/koulutus\/wp-json\/wp\/v2\/users\/8"}],"replies":[{"embeddable":true,"href":"https:\/\/www.vyl.fi\/koulutus\/wp-json\/wp\/v2\/comments?post=13"}],"version-history":[{"count":9,"href":"https:\/\/www.vyl.fi\/koulutus\/wp-json\/wp\/v2\/pages\/13\/revisions"}],"predecessor-version":[{"id":330,"href":"https:\/\/www.vyl.fi\/koulutus\/wp-json\/wp\/v2\/pages\/13\/revisions\/330"}],"wp:attachment":[{"href":"https:\/\/www.vyl.fi\/koulutus\/wp-json\/wp\/v2\/media?parent=13"}],"curies":[{"name":"wp","href":"https:\/\/api.w.org\/{rel}","templated":true}]}}