{"id":214,"date":"2025-02-25T14:32:17","date_gmt":"2025-02-25T12:32:17","guid":{"rendered":"https:\/\/u79114.www2.webdomain.fi\/koulutus\/?page_id=214"},"modified":"2025-03-20T15:06:00","modified_gmt":"2025-03-20T13:06:00","slug":"arboristin-tyo-on-itsensa-voittamista","status":"publish","type":"page","link":"https:\/\/www.vyl.fi\/koulutus\/info\/arboristin-tyo-on-itsensa-voittamista\/","title":{"rendered":"Arboristin ty\u00f6 on itsens\u00e4 voittamista"},"content":{"rendered":"\n<p class=\"wp-block-lala-blocks-lala-ingressi\">Juha Paloj\u00e4rvi innostui muutaman eri alan kokeilun j\u00e4lkeen opiskelemaan arboristiksi. Ty\u00f6ss\u00e4 yhdistyv\u00e4t fyysist\u00e4 kuntoa ja taitoa vaativa kiipeily sek\u00e4 puista ja muusta luonnosta huolenpit\u00e4minen.<\/p>\n\n\n\n<h3 class=\"wp-block-heading\">J\u00e4nnitt\u00e4v\u00e4 ty\u00f6 veti puoleensa<\/h3>\n\n\n\n<p>Peruskoulussa Juhalla ei ollut viel\u00e4 aavistustakaan, millaista ty\u00f6t\u00e4 haluaisi aikuisena tehd\u00e4. H\u00e4n k\u00e4vi kymppiluokan ja kokeili paria ammattikoululinjaa, mutta ne eiv\u00e4t innostaneet. Juha on maatilalta kotoisin ja oli aina tyk\u00e4nnyt osallistua tilan t\u00f6ihin. Sen my\u00f6t\u00e4 h\u00e4n l\u00e4hti lopulta kokeilemaan <a href=\"https:\/\/www.vyl.fi\/koulutus\/ammatillinenkoulutus\/perustutkinnot\/\" data-type=\"page\" data-id=\"56\">puutarha-alan opintoja<\/a> Saaren kartanossa M\u00e4nts\u00e4l\u00e4ss\u00e4, joka on osa Keski-uudenmaan ammattikoulu Keudaa. Siell\u00e4 Juha viihtyi.<\/p>\n\n\n\n<p>\u201dSitten yhten\u00e4 p\u00e4iv\u00e4n\u00e4 viherrakentamisen opettaja oli poissa ja sijaiseksi tullut arboristi vei meid\u00e4t v\u00e4h\u00e4n kokeilemaan puukiipeily\u00e4. Siit\u00e4 j\u00e4i sellainen pieni kipin\u00e4\u201d, Juha kertoo.<\/p>\n\n\n\n<p>Puutarhakoulun loputtua Juha hakeutui siviilipalvelukseen, jonka h\u00e4n suoritti Espoon kaupungin viherkunnossapidossa. Siell\u00e4 oltiin juuri perustamassa puunhoitoryhmi\u00e4, jollaiseen Juhakin p\u00e4\u00e4si mukaan. H\u00e4n j\u00e4i kaupungille t\u00f6ihin. <a href=\"https:\/\/www.vyl.fi\/koulutus\/ammatillinenkoulutus\/ammattitutkinnot\/\" data-type=\"page\" data-id=\"75\">Arboristin opinnot<\/a> Juha k\u00e4vi v\u00e4lill\u00e4 suorittamassa Hyvink\u00e4\u00e4ll\u00e4 Hyria ammattikoulussa, mutta ty\u00f6 Espoon kaupungilla jatkui samalla.<\/p>\n\n\n\n<p>Innostavinta arboristin ammatissa on Juhan mielest\u00e4 ollut korkealla puiden oksistossa teht\u00e4v\u00e4n ty\u00f6n j\u00e4nnitt\u00e4vyys. <\/p>\n\n\n\n<p>\u201dT\u00e4m\u00e4 on sellaista itsens\u00e4 voittamista \u2013 varsinkin kun l\u00e4hdet\u00e4\u00e4n etenem\u00e4\u00e4n oksia pitkin puun rungosta ulosp\u00e4in\u201d, sanoo Juha ja lis\u00e4\u00e4, ett\u00e4 h\u00e4nell\u00e4 on ollut korkeanpaikankammoakin, mutta se on t\u00e4ytynyt t\u00e4ss\u00e4 ty\u00f6ss\u00e4 voittaa.<\/p>\n\n\n\n<figure class=\"wp-block-image size-full\"><img loading=\"lazy\" decoding=\"async\" width=\"1020\" height=\"680\" src=\"https:\/\/u79114.www2.webdomain.fi\/koulutus\/wp-content\/uploads\/sites\/7\/2025\/02\/IMG_7774-web.jpg\" alt=\"\" class=\"wp-image-221\" srcset=\"https:\/\/www.vyl.fi\/koulutus\/wp-content\/uploads\/sites\/7\/2025\/02\/IMG_7774-web.jpg 1020w, https:\/\/www.vyl.fi\/koulutus\/wp-content\/uploads\/sites\/7\/2025\/02\/IMG_7774-web-300x200.jpg 300w, https:\/\/www.vyl.fi\/koulutus\/wp-content\/uploads\/sites\/7\/2025\/02\/IMG_7774-web-768x512.jpg 768w\" sizes=\"(max-width: 1020px) 100vw, 1020px\" \/><\/figure>\n\n\n\n<h3 class=\"wp-block-heading\">Arboristi huolehtii puiden terveydest\u00e4<\/h3>\n\n\n\n<p>Puiden luonnollinen elinkaari on huomattavasti pitempi kuin ihmisten. Vanhat puut ovat voineet aloittaa el\u00e4m\u00e4ns\u00e4 jopa satoja vuosia sitten, ja ne voivat my\u00f6s el\u00e4\u00e4 viel\u00e4 pitk\u00e4\u00e4n meid\u00e4n sukupolvemme j\u00e4lkeen.<\/p>\n\n\n\n<p>\u201dArboristille t\u00e4rkeint\u00e4 on pit\u00e4\u00e4 puut hyv\u00e4ss\u00e4 kunnossa, ett\u00e4 ne voivat el\u00e4\u00e4 pitk\u00e4n, terveen el\u00e4m\u00e4n. Puut ovat t\u00e4rkeit\u00e4 el\u00e4m\u00e4n yll\u00e4pit\u00e4ji\u00e4 ja tarjoavat monille eli\u00f6ille elinymp\u00e4rist\u00f6n eri vaiheissaan. Se on mun mielest\u00e4 t\u00e4rke\u00e4\u00e4 ymm\u00e4rt\u00e4\u00e4\u201d, Juha sanoo.<\/p>\n\n\n\n<p>Arboristi ty\u00f6skentelee kaupungeissa ja taajamissa, joissa ihmisen toiminta vaikuttaa puihin voimakkaasti. Jos viereen rakennetaan talo tai tie, muuttuu puun elinymp\u00e4rist\u00f6 aivan toisenlaiseksi. Puita on hoidettava, jotta ne voisivat hyvin muuttuvassa ymp\u00e4rist\u00f6ss\u00e4.<\/p>\n\n\n\n<p>Puiden lis\u00e4ksi arboristi huolehtii my\u00f6s siit\u00e4, etteiv\u00e4t esimerkiksi suuren puun kuolleet oksat p\u00e4\u00e4se putoamaan kulkureiteille ja aiheuta n\u00e4in vaaraa ihmisille. Hyvin huonokuntoiset puut arboristi voi my\u00f6s kaataa kokonaan. Kaadetun rungon voi usein j\u00e4tt\u00e4\u00e4 sopivaan paikkaan tarjoamaan elinymp\u00e4rist\u00f6j\u00e4 erilaisille k\u00e4\u00e4ville ja hy\u00f6nteisille, jotka tarvitsevat kuollutta, lahoavaa puuta el\u00e4\u00e4kseen.<\/p>\n\n\n\n<p>\u201dLuonnontuntemusta tarvitaan t\u00e4ss\u00e4 ty\u00f6ss\u00e4. T\u00e4ytyy esimerkiksi tunnistaa k\u00e4\u00e4v\u00e4t, jotka aiheuttavat puun kunnon nopean laskun ja ne, joista ei ole haittaa puulle\u201d, Juha kertoo.<\/p>\n\n\n\n<figure class=\"wp-block-embed is-type-video is-provider-youtube wp-block-embed-youtube wp-embed-aspect-16-9 wp-has-aspect-ratio\"><div class=\"wp-block-embed__wrapper\">\n<iframe loading=\"lazy\" title=\"Viheralan uratarinat: Arboristi Juha tekee puun hoitoleikkausta\" width=\"800\" height=\"450\" src=\"https:\/\/www.youtube.com\/embed\/4zNqx1J_Z28?feature=oembed\" frameborder=\"0\" allow=\"accelerometer; autoplay; clipboard-write; encrypted-media; gyroscope; picture-in-picture; web-share\" referrerpolicy=\"strict-origin-when-cross-origin\" allowfullscreen><\/iframe>\n<\/div><figcaption class=\"wp-element-caption\">Juha tekee puun hoitoleikkausta Auroran koulun luona Espoossa.<\/figcaption><\/figure>\n\n\n\n<h3 class=\"wp-block-heading\">Monipuolista ty\u00f6t\u00e4 vuoden ymp\u00e4ri<\/h3>\n\n\n\n<p>Juhan ty\u00f6 Espoon kaupungilla rytmittyy vuodenaikojen mukaan. <\/p>\n\n\n\n<p>\u201dKev\u00e4\u00e4ll\u00e4 tehd\u00e4\u00e4n paljon esimerkiksi nuorten katupuiden rakenneleikkauksia, kes\u00e4ll\u00e4 taas hoitoleikkauksia, kuten kuolleiden oksien poistoa. V\u00e4liss\u00e4 tehd\u00e4\u00e4n my\u00f6s puiden kuntokartoituksia sek\u00e4 inventointeja, joissa vied\u00e4\u00e4n uusien alueiden puita kaupungin puurekisteriin ja tehd\u00e4\u00e4n niille hoito-ohjelmat. Talvella keskitymme puistometsien hoitoon, tehd\u00e4\u00e4n raivauksia ja puiden kaatoja\u201d, Juha tiivist\u00e4\u00e4 arboristin ty\u00f6vuoden.<\/p>\n\n\n\n<p>Monipuolisuus pit\u00e4\u00e4 yll\u00e4 mielenkiintoa, ja aina riitt\u00e4\u00e4 uutta opittavaa. Juha on my\u00f6s kehitt\u00e4nyt kiipeilytaitoaan osallistumalla joka vuosi arboristeille j\u00e4rjestett\u00e4viin puukiipeilykilpailuihin SM- ja EM-tasoilla joko kilpailijana tai toimitsijana. Lis\u00e4ksi h\u00e4n on p\u00e4\u00e4ty\u00f6ns\u00e4 ohella opettanut alan oppilaitoksissa sek\u00e4 toiminut yritt\u00e4j\u00e4n\u00e4 puunhoitotuotteiden parissa. Juhalla on suunnitelmissa my\u00f6s jatkokouluttautua.<\/p>\n\n\n\n<p>\u201dTy\u00f6n fyysisyyden vuoksi ajatuksena on tulevaisuudessa suunnata konsultointiteht\u00e4viin ja opiskella ammattikorkeakoulussa <a href=\"https:\/\/www.vyl.fi\/koulutus\/korkeakoulututkinnot\/ammattikorkeakoulu\/\" data-type=\"page\" data-id=\"83\">hortonomiksi<\/a> tai <a href=\"https:\/\/www.vyl.fi\/koulutus\/korkeakoulututkinnot\/ammattikorkeakoulu\/\" data-type=\"page\" data-id=\"83\">mets\u00e4insin\u00f6\u00f6riksi<\/a>\u201d, Juha pohtii.<\/p>\n\n\n\n<p>Juha on silminn\u00e4hden tyytyv\u00e4inen ammattialaansa, ja h\u00e4n haluaa innostaa my\u00f6s nuoria opiskelemaan viheralaa. <\/p>\n\n\n\n<p>\u201dT\u00e4lt\u00e4 alalta l\u00f6yt\u00e4\u00e4 ainakin monipuolisen ty\u00f6n. Ty\u00f6maat vaihtuvat, voi ty\u00f6skennell\u00e4 yrityksess\u00e4 tai kunnalla. Kun nuorena kartuttaa k\u00e4yt\u00e4nn\u00f6n kokemusta, saa hyv\u00e4n pohjan siirty\u00e4 toimistot\u00f6ihin asiantuntijaksi. T\u00e4m\u00e4 on vaan kivaa, en osaa kuvitella mit\u00e4 muuta tekisin.\u201d<\/p>\n\n\n\n<div class=\"wp-block-buttons is-layout-flex wp-block-buttons-is-layout-flex\">\n<div class=\"wp-block-button\"><a class=\"wp-block-button__link wp-element-button\" href=\"http:\/\/u79114.www2.webdomain.fi\/koulutus\/wp-content\/uploads\/sites\/7\/2025\/02\/GVEU-uratarinaesite-JUHA.pdf\">Lataa tai tulosta Juhan uratarina (pdf)<\/a><\/div>\n\n\n\n<div class=\"wp-block-button\"><a class=\"wp-block-button__link wp-element-button\" href=\"https:\/\/viherymparisto.vyl.fi\/shared\/article\/matkalla-jonnekin\/jSjnjhkt\">Lue lis\u00e4\u00e4 Viherymp\u00e4rist\u00f6-lehdest\u00e4<\/a><\/div>\n<\/div>\n\n\n\n<p><em>Uratarinat on toteutettu osana GreenVEU-hanketta. Hanketta rahoittaa Erasmus+ -ohjelma ja siin\u00e4 ovat mukana Suomen lis\u00e4ksi Alankomaat, Unkari, Romania, Tanska ja Espanja.<\/em><\/p>\n","protected":false},"excerpt":{"rendered":"<p>J\u00e4nnitt\u00e4v\u00e4 ty\u00f6 veti puoleensa Peruskoulussa Juhalla ei ollut viel\u00e4 aavistustakaan, millaista ty\u00f6t\u00e4 haluaisi aikuisena tehd\u00e4. H\u00e4n k\u00e4vi kymppiluokan ja kokeili paria ammattikoululinjaa, mutta ne eiv\u00e4t innostaneet. Juha on maatilalta kotoisin ja oli aina tyk\u00e4nnyt osallistua tilan t\u00f6ihin. Sen my\u00f6t\u00e4 h\u00e4n l\u00e4hti lopulta kokeilemaan puutarha-alan opintoja Saaren kartanossa M\u00e4nts\u00e4l\u00e4ss\u00e4, joka on osa Keski-uudenmaan ammattikoulu Keudaa. Siell\u00e4 [&hellip;]<\/p>\n","protected":false},"author":8,"featured_media":220,"parent":26,"menu_order":1,"comment_status":"closed","ping_status":"closed","template":"","meta":{"_acf_changed":false,"_relevanssi_hide_post":"","_relevanssi_hide_content":"","_relevanssi_pin_for_all":"","_relevanssi_pin_keywords":"","_relevanssi_unpin_keywords":"","_relevanssi_related_keywords":"","_relevanssi_related_include_ids":"","_relevanssi_related_exclude_ids":"","_relevanssi_related_no_append":"","_relevanssi_related_not_related":"","_relevanssi_related_posts":"1","_relevanssi_noindex_reason":"","footnotes":""},"class_list":["post-214","page","type-page","status-publish","has-post-thumbnail","hentry"],"acf":[],"_links":{"self":[{"href":"https:\/\/www.vyl.fi\/koulutus\/wp-json\/wp\/v2\/pages\/214","targetHints":{"allow":["GET"]}}],"collection":[{"href":"https:\/\/www.vyl.fi\/koulutus\/wp-json\/wp\/v2\/pages"}],"about":[{"href":"https:\/\/www.vyl.fi\/koulutus\/wp-json\/wp\/v2\/types\/page"}],"author":[{"embeddable":true,"href":"https:\/\/www.vyl.fi\/koulutus\/wp-json\/wp\/v2\/users\/8"}],"replies":[{"embeddable":true,"href":"https:\/\/www.vyl.fi\/koulutus\/wp-json\/wp\/v2\/comments?post=214"}],"version-history":[{"count":11,"href":"https:\/\/www.vyl.fi\/koulutus\/wp-json\/wp\/v2\/pages\/214\/revisions"}],"predecessor-version":[{"id":333,"href":"https:\/\/www.vyl.fi\/koulutus\/wp-json\/wp\/v2\/pages\/214\/revisions\/333"}],"up":[{"embeddable":true,"href":"https:\/\/www.vyl.fi\/koulutus\/wp-json\/wp\/v2\/pages\/26"}],"wp:featuredmedia":[{"embeddable":true,"href":"https:\/\/www.vyl.fi\/koulutus\/wp-json\/wp\/v2\/media\/220"}],"wp:attachment":[{"href":"https:\/\/www.vyl.fi\/koulutus\/wp-json\/wp\/v2\/media?parent=214"}],"curies":[{"name":"wp","href":"https:\/\/api.w.org\/{rel}","templated":true}]}}