{"id":23,"date":"2024-10-25T14:42:35","date_gmt":"2024-10-25T11:42:35","guid":{"rendered":"https:\/\/u79114.www2.webdomain.fi\/koulutus\/?page_id=23"},"modified":"2025-03-20T15:03:31","modified_gmt":"2025-03-20T13:03:31","slug":"korkeakoulututkinnot","status":"publish","type":"page","link":"https:\/\/www.vyl.fi\/koulutus\/korkeakoulututkinnot\/","title":{"rendered":"Korkeakoulutus"},"content":{"rendered":"\n<p><a href=\"https:\/\/www.vyl.fi\/koulutus\/korkeakoulututkinnot\/ammattikorkeakoulu\/\" data-type=\"page\" data-id=\"83\"><strong>Ammattikorkeakoulussa<\/strong><\/a> opiskelu on k\u00e4yt\u00e4nn\u00f6nl\u00e4heinen vaihtoehto yliopistolle ja opinnot suunnitellaan ty\u00f6el\u00e4m\u00e4n tarpeiden mukaan. Ammattikorkeakouluissa voi suorittaa ammattikorkeakoulututkinnon (AMK) tai ylemm\u00e4n ammattikorkeakoulututkinnon (YAMK).<\/p>\n\n\n\n<p><a href=\"https:\/\/www.vyl.fi\/koulutus\/korkeakoulututkinnot\/yliopisto\/\" data-type=\"page\" data-id=\"85\"><strong>Yliopisto-opiskelu<\/strong><\/a> kehitt\u00e4\u00e4 opiskelijoiden kyky\u00e4 tieteelliseen ajatteluun. Yliopisto-opintoihin sis\u00e4ltyy p\u00e4\u00e4aine- ja sivuaineopintoja, harjoittelua sek\u00e4 opinn\u00e4ytety\u00f6. Opiskelijalla on vapaus suunnitella opintonsa itsen\u00e4isesti. Maisterin tutkinnon j\u00e4lkeen voi jatkokouluttautua tohtoriksi.<\/p>\n\n\n\n<p><\/p>\n","protected":false},"excerpt":{"rendered":"<p>Ammattikorkeakoulussa opiskelu on k\u00e4yt\u00e4nn\u00f6nl\u00e4heinen vaihtoehto yliopistolle ja opinnot suunnitellaan ty\u00f6el\u00e4m\u00e4n tarpeiden mukaan. Ammattikorkeakouluissa voi suorittaa ammattikorkeakoulututkinnon (AMK) tai ylemm\u00e4n ammattikorkeakoulututkinnon (YAMK). Yliopisto-opiskelu kehitt\u00e4\u00e4 opiskelijoiden kyky\u00e4 tieteelliseen ajatteluun. Yliopisto-opintoihin sis\u00e4ltyy p\u00e4\u00e4aine- ja sivuaineopintoja, harjoittelua sek\u00e4 opinn\u00e4ytety\u00f6. Opiskelijalla on vapaus suunnitella opintonsa itsen\u00e4isesti. Maisterin tutkinnon j\u00e4lkeen voi jatkokouluttautua tohtoriksi.<\/p>\n","protected":false},"author":8,"featured_media":0,"parent":0,"menu_order":0,"comment_status":"closed","ping_status":"closed","template":"","meta":{"_acf_changed":false,"_relevanssi_hide_post":"","_relevanssi_hide_content":"","_relevanssi_pin_for_all":"","_relevanssi_pin_keywords":"","_relevanssi_unpin_keywords":"","_relevanssi_related_keywords":"","_relevanssi_related_include_ids":"","_relevanssi_related_exclude_ids":"","_relevanssi_related_no_append":"","_relevanssi_related_not_related":"","_relevanssi_related_posts":"1","_relevanssi_noindex_reason":"","footnotes":""},"class_list":["post-23","page","type-page","status-publish","hentry"],"acf":[],"_links":{"self":[{"href":"https:\/\/www.vyl.fi\/koulutus\/wp-json\/wp\/v2\/pages\/23","targetHints":{"allow":["GET"]}}],"collection":[{"href":"https:\/\/www.vyl.fi\/koulutus\/wp-json\/wp\/v2\/pages"}],"about":[{"href":"https:\/\/www.vyl.fi\/koulutus\/wp-json\/wp\/v2\/types\/page"}],"author":[{"embeddable":true,"href":"https:\/\/www.vyl.fi\/koulutus\/wp-json\/wp\/v2\/users\/8"}],"replies":[{"embeddable":true,"href":"https:\/\/www.vyl.fi\/koulutus\/wp-json\/wp\/v2\/comments?post=23"}],"version-history":[{"count":7,"href":"https:\/\/www.vyl.fi\/koulutus\/wp-json\/wp\/v2\/pages\/23\/revisions"}],"predecessor-version":[{"id":331,"href":"https:\/\/www.vyl.fi\/koulutus\/wp-json\/wp\/v2\/pages\/23\/revisions\/331"}],"wp:attachment":[{"href":"https:\/\/www.vyl.fi\/koulutus\/wp-json\/wp\/v2\/media?parent=23"}],"curies":[{"name":"wp","href":"https:\/\/api.w.org\/{rel}","templated":true}]}}