{"id":26,"date":"2024-10-25T14:42:35","date_gmt":"2024-10-25T11:42:35","guid":{"rendered":"https:\/\/u79114.www2.webdomain.fi\/koulutus\/?page_id=26"},"modified":"2025-03-25T10:30:39","modified_gmt":"2025-03-25T08:30:39","slug":"info","status":"publish","type":"page","link":"https:\/\/www.vyl.fi\/koulutus\/info\/","title":{"rendered":"Info"},"content":{"rendered":"\n<p class=\"wp-block-lala-blocks-lala-ingressi\">Koulutussivusto kokoaa yhteen viheralan koulutukset ja oppilaitokset ammattikouluista korkeakouluun.<\/p>\n\n\n\n<p>Sivuston tarkoituksena on\u00a0tehd\u00e4 tunnetuksi viheralan koulutusmahdollisuuksia ja lis\u00e4t\u00e4 alan kiinnostavuutta. Tietopankki jakautuu\u00a0ammatilliseen koulutukseen sek\u00e4 korkeakoulutukseen. Esittelyt sis\u00e4lt\u00e4v\u00e4t lyhyen ammattikuvauksen ja tyypilliset ty\u00f6paikat. L\u00e4hteen\u00e4 on k\u00e4ytetty oppilaitosten kuvauksia sek\u00e4 Opintopolku-sivustoa. Ajankohtaisen koulutustarjonnan voi varmistaa oppilaitosten omilta sivuilta sek\u00e4\u00a0<a href=\"https:\/\/opintopolku.fi\/konfo\/fi\/\" target=\"_blank\" rel=\"noreferrer noopener\">Opintopolku.fi-sivustolta<\/a>.\u00a0<\/p>\n","protected":false},"excerpt":{"rendered":"<p>Sivuston tarkoituksena on\u00a0tehd\u00e4 tunnetuksi viheralan koulutusmahdollisuuksia ja lis\u00e4t\u00e4 alan kiinnostavuutta. Tietopankki jakautuu\u00a0ammatilliseen koulutukseen sek\u00e4 korkeakoulutukseen. Esittelyt sis\u00e4lt\u00e4v\u00e4t lyhyen ammattikuvauksen ja tyypilliset ty\u00f6paikat. L\u00e4hteen\u00e4 on k\u00e4ytetty oppilaitosten kuvauksia sek\u00e4 Opintopolku-sivustoa. Ajankohtaisen koulutustarjonnan voi varmistaa oppilaitosten omilta sivuilta sek\u00e4\u00a0Opintopolku.fi-sivustolta.\u00a0<\/p>\n","protected":false},"author":8,"featured_media":0,"parent":0,"menu_order":0,"comment_status":"closed","ping_status":"closed","template":"","meta":{"_acf_changed":false,"_relevanssi_hide_post":"","_relevanssi_hide_content":"","_relevanssi_pin_for_all":"","_relevanssi_pin_keywords":"","_relevanssi_unpin_keywords":"","_relevanssi_related_keywords":"","_relevanssi_related_include_ids":"","_relevanssi_related_exclude_ids":"","_relevanssi_related_no_append":"","_relevanssi_related_not_related":"","_relevanssi_related_posts":"1","_relevanssi_noindex_reason":"","footnotes":""},"class_list":["post-26","page","type-page","status-publish","hentry"],"acf":[],"_links":{"self":[{"href":"https:\/\/www.vyl.fi\/koulutus\/wp-json\/wp\/v2\/pages\/26","targetHints":{"allow":["GET"]}}],"collection":[{"href":"https:\/\/www.vyl.fi\/koulutus\/wp-json\/wp\/v2\/pages"}],"about":[{"href":"https:\/\/www.vyl.fi\/koulutus\/wp-json\/wp\/v2\/types\/page"}],"author":[{"embeddable":true,"href":"https:\/\/www.vyl.fi\/koulutus\/wp-json\/wp\/v2\/users\/8"}],"replies":[{"embeddable":true,"href":"https:\/\/www.vyl.fi\/koulutus\/wp-json\/wp\/v2\/comments?post=26"}],"version-history":[{"count":5,"href":"https:\/\/www.vyl.fi\/koulutus\/wp-json\/wp\/v2\/pages\/26\/revisions"}],"predecessor-version":[{"id":345,"href":"https:\/\/www.vyl.fi\/koulutus\/wp-json\/wp\/v2\/pages\/26\/revisions\/345"}],"wp:attachment":[{"href":"https:\/\/www.vyl.fi\/koulutus\/wp-json\/wp\/v2\/media?parent=26"}],"curies":[{"name":"wp","href":"https:\/\/api.w.org\/{rel}","templated":true}]}}