{"id":56,"date":"2024-10-25T16:14:42","date_gmt":"2024-10-25T13:14:42","guid":{"rendered":"https:\/\/u79114.www2.webdomain.fi\/koulutus\/?page_id=56"},"modified":"2025-03-19T14:00:54","modified_gmt":"2025-03-19T12:00:54","slug":"perustutkinnot","status":"publish","type":"page","link":"https:\/\/www.vyl.fi\/koulutus\/ammatillinenkoulutus\/perustutkinnot\/","title":{"rendered":"Perustutkinnot"},"content":{"rendered":"\n<p class=\"wp-block-lala-blocks-lala-ingressi\">Perustutkinnon suorittaminen antaa yleisen hakukelpoisuuden ammattitutkintoon, ammattikorkeakouluun ja yliopistoon. Lis\u00e4tietoja p\u00e4\u00e4set lukemaan Opintopolku.fi-palvelusta painamalla linkki\u00e4 tutkintonimikkeen alta.<\/p>\n\n\n\n<h2 class=\"wp-block-heading\">Kartoittaja<\/h2>\n\n\n\n<p>Kartoittaja vastaa maaston mittauksesta sek\u00e4 karttojen ja maastomallien valmistamisesta sek\u00e4 maastossa ett\u00e4 toimistoty\u00f6ntekij\u00e4n\u00e4. <\/p>\n\n\n\n<p>Tyypillisi\u00e4 ty\u00f6paikkoja ovat: kaupungit ja kunnat, kartoitusyritykset, mittausyritykset, insin\u00f6\u00f6ritoimistot, konsulttitoimistot, rakennusliikkeet, valtio.<\/p>\n\n\n\n<div class=\"wp-block-buttons is-layout-flex wp-block-buttons-is-layout-flex\">\n<div class=\"wp-block-button\"><a class=\"wp-block-button__link wp-element-button\" href=\"https:\/\/opintopolku.fi\/konfo\/fi\/koulutus\/1.2.246.562.13.00000000000000000031\" target=\"_blank\" rel=\"noreferrer noopener\">Kartoittaja<\/a><\/div>\n<\/div>\n\n\n\n<h2 class=\"wp-block-heading\">Kivirakentaja<\/h2>\n\n\n\n<p>Kivirakentaja on viimeistelyn ammattilainen, joka vastaa ulkoalueiden, sis\u00e4tilojen ja rakennusten kiviasennust\u00f6ist\u00e4. Kivity\u00f6t vaativat loogista ajattelukyky\u00e4, tarkkuutta ja k\u00e4dentaitoja. <\/p>\n\n\n\n<p>Tyypillisi\u00e4 ty\u00f6paikkoja ovat: maanrakennusfirmat, viherrakennusyritykset, talonrakennusfirmat, kaupungit ja kunnat, rakennusmyym\u00e4l\u00e4t.<\/p>\n\n\n\n<div class=\"wp-block-buttons is-layout-flex wp-block-buttons-is-layout-flex\">\n<div class=\"wp-block-button\"><a class=\"wp-block-button__link wp-element-button\" href=\"https:\/\/opintopolku.fi\/konfo\/fi\/koulutus\/1.2.246.562.13.00000000000000000043\" target=\"_blank\" rel=\"noreferrer noopener\">Kivirakentaja<\/a><\/div>\n<\/div>\n\n\n\n<h2 class=\"wp-block-heading\">Luonnonvaratuottaja<\/h2>\n\n\n\n<p>Luonnonvaratuottaja ty\u00f6skentelee luonnontuotteiden tuotteistamisessa. Ammattilainen tuntee luonnon raaka-aineet, osaa ker\u00e4t\u00e4 niit\u00e4 ja tiet\u00e4\u00e4 miten luonnontuotteita voidaan k\u00e4ytt\u00e4\u00e4 elintarvikkeina, kosmetiikassa, hyvinvointituotteissa, l\u00e4\u00e4keaineina ja koristeissa. Toimialaan kuuluvat luonnonmarjojen, sienten ja yrttien kotitalousk\u00e4ytt\u00f6 sek\u00e4 niiden kaupallinen poiminta ja jatkojalostus.<\/p>\n\n\n\n<p>Tyypillisi\u00e4 ty\u00f6paikkoja ovat: Puutarhaliikkeet, kaupungin ymp\u00e4rist\u00f6huolto, j\u00e4rjest\u00f6t, luontokoulut, hyvinvointiyritykset, luontomatkailuyritykset, viljelij\u00e4t, jatkojalostusyritykset, oma yritys<\/p>\n\n\n\n<div class=\"wp-block-buttons is-layout-flex wp-block-buttons-is-layout-flex\">\n<div class=\"wp-block-button\"><a class=\"wp-block-button__link wp-element-button\" href=\"https:\/\/opintopolku.fi\/konfo\/fi\/koulutus\/1.2.246.562.13.00000000000000000030\" target=\"_blank\" rel=\"noreferrer noopener\">Luonnonvaratuottaja<\/a><\/div>\n<\/div>\n\n\n\n<h2 class=\"wp-block-heading\">Luonto-ohjaaja<\/h2>\n\n\n\n<p>Luonto-ohjaaja ty\u00f6skentelee asiakasryhmien ohjaajana erilaisissa luontoaktiviteeteissa. Ohjaaja j\u00e4rjest\u00e4\u00e4 ohjelmapalveluita sek\u00e4 erilaisia luonnossa toteutettavia toimintoja, kuten vaelluksia ja retki\u00e4. Ty\u00f6 on vastuullista asiakaspalveluty\u00f6t\u00e4, joka voi sis\u00e4lt\u00e4\u00e4 my\u00f6s ulkoilureittien huoltoa, luontoselvitysten laadintaa tai luonnonsuojelualueiden kunnostusta.<\/p>\n\n\n\n<p>Tyypillisi\u00e4 ty\u00f6paikkoja ovat: Ohjelmapalveluyritykset, opastuskeskukset, leirikoulut, hyvinvointi ja virkistyspalveluyritykset, matkailuyritykset, kaupungit, oma yritys<\/p>\n\n\n\n<div class=\"wp-block-buttons is-layout-flex wp-block-buttons-is-layout-flex\">\n<div class=\"wp-block-button\"><a class=\"wp-block-button__link wp-element-button\" href=\"https:\/\/opintopolku.fi\/konfo\/fi\/koulutus\/1.2.246.562.13.00000000000000000030\" target=\"_blank\" rel=\"noreferrer noopener\">Luonto-ohjaaja<\/a><\/div>\n<\/div>\n\n\n\n<h2 class=\"wp-block-heading\">Maarakennuskoneen kuljettaja<\/h2>\n\n\n\n<p>Maanrakennuskoneen kuljettaja on monipuolisen ajotaidon omaava ammattilainen, jonka ty\u00f6nkuva vaatii erityist\u00e4 tarkkuutta ja huolellista otetta. Ty\u00f6teht\u00e4viin kuuluu teiden ja ymp\u00e4rist\u00f6n huolto- ja kunnossapitot\u00f6it\u00e4, peruskaivannon tekoa, kadunrakennusta, mittaus- ja maisemointit\u00f6it\u00e4 sek\u00e4 ymp\u00e4rist\u00f6nhoitot\u00f6it\u00e4.<\/p>\n\n\n\n<p>Tyypillisi\u00e4 ty\u00f6paikkoja ovat: Infra-alan yritykset, maanrakennusfirmat, viherrakennusyritykset, talonrakennusfirmat, kaupunkien ja kuntien katu-, tierakennus- ja tienhoitolaitokset, kiinteist\u00f6nhoitoyritykset, kaivannaisteollisuuden yritykset<\/p>\n\n\n\n<div class=\"wp-block-buttons is-layout-flex wp-block-buttons-is-layout-flex\">\n<div class=\"wp-block-button\"><a class=\"wp-block-button__link wp-element-button\" href=\"https:\/\/opintopolku.fi\/konfo\/fi\/koulutus\/1.2.246.562.13.00000000000000000043\" target=\"_blank\" rel=\"noreferrer noopener\">Maarakennuskoneen kuljettaja<\/a><\/div>\n<\/div>\n\n\n\n<h2 class=\"wp-block-heading\">Maarakentaja<\/h2>\n\n\n\n<p>Maarakentaja on rakennusalan ammattilainen, jonka ty\u00f6nkuva sis\u00e4lt\u00e4\u00e4 laajasti eri toimialojen teht\u00e4vi\u00e4 louhinnasta ja kaivusta perustus-, asennus- ja vihert\u00f6ihin. Maarakentajat varmistavat nykyaikaisen yhteiskunnan toimivuuden.<\/p>\n\n\n\n<p>Tyypillisi\u00e4 ty\u00f6paikkoja ovat: Infra-alan yritykset, louhintayritykset, maanrakennusfirmat, viherrakennusyritykset, talonrakennusfirmat, asfaltointiyritykset, sorayritykset, rakennuskiven jalostuslaitokset, kaupunkien ja kuntien kunnallistekniikan osastot, kiinteist\u00f6nhoitoyritykset<\/p>\n\n\n\n<div class=\"wp-block-buttons is-layout-flex wp-block-buttons-is-layout-flex\">\n<div class=\"wp-block-button\"><a class=\"wp-block-button__link wp-element-button\" href=\"https:\/\/opintopolku.fi\/konfo\/fi\/koulutus\/1.2.246.562.13.00000000000000000043\" target=\"_blank\" rel=\"noreferrer noopener\">Maarakentaja<\/a><\/div>\n<\/div>\n\n\n\n<h2 class=\"wp-block-heading\">Metsuri-mets\u00e4palvelujen tuottaja<\/h2>\n\n\n\n<p>Metsuri-mets\u00e4palvelujen tuottaja ty\u00f6skentelee mets\u00e4alueiden manuaalisissa hoitoteht\u00e4viss\u00e4, kuten raivaus, perkaus ja harvennus, uuden mets\u00e4n perustusty\u00f6teht\u00e4viss\u00e4, k\u00e4ytt\u00e4\u00e4 mets\u00e4alan perusty\u00f6v\u00e4linet\u00e4, oikeita ty\u00f6tapoja ja viljelymateriaaleja.<\/p>\n\n\n\n<p>Tyypillisi\u00e4 ty\u00f6paikkoja ovat: Yksityiset mets\u00e4talousalan yritykset, yksityiset mets\u00e4konealan yritykset, mets\u00e4hallitus, mets\u00e4nhoitoyhdistykset, mets\u00e4nomistajat, koneyritykset, l\u00e4mp\u00f6laitokset, kunnat ja kaupungit, oma yritys<\/p>\n\n\n\n<div class=\"wp-block-buttons is-layout-flex wp-block-buttons-is-layout-flex\">\n<div class=\"wp-block-button\"><a class=\"wp-block-button__link wp-element-button\" href=\"https:\/\/opintopolku.fi\/konfo\/fi\/koulutus\/1.2.246.562.13.00000000000000007887\" target=\"_blank\" rel=\"noreferrer noopener\">Metsuri-mets\u00e4palvelujen tuottaja<\/a><\/div>\n<\/div>\n\n\n\n<h2 class=\"wp-block-heading\">Mets\u00e4energian tuottaja<\/h2>\n\n\n\n<p>Mets\u00e4energiantuotannon ammattilainen osaa suunnitella, korjata ja varastoida energiapuuta tai turve-energiaa.<\/p>\n\n\n\n<p>Tyypillisi\u00e4 ty\u00f6paikkoja ovat: Yksityiset mets\u00e4talousalan yritykset, yksityiset mets\u00e4konealan yritykset, mets\u00e4hallitus, mets\u00e4nhoitoyhdistykset, mets\u00e4nomistajat, koneyritykset, l\u00e4mp\u00f6laitokset, kunnat ja kaupungit, oma yritys<\/p>\n\n\n\n<div class=\"wp-block-buttons is-layout-flex wp-block-buttons-is-layout-flex\">\n<div class=\"wp-block-button\"><a class=\"wp-block-button__link wp-element-button\" href=\"https:\/\/opintopolku.fi\/konfo\/fi\/koulutus\/1.2.246.562.13.00000000000000007887\" target=\"_blank\" rel=\"noreferrer noopener\">Mets\u00e4energian tuottaja<\/a><\/div>\n<\/div>\n\n\n\n<h2 class=\"wp-block-heading\">Mets\u00e4koneasentaja<\/h2>\n\n\n\n<p>Mets\u00e4koneasentaja vastaa mets\u00e4koneiden kunnossapidosta ja tuntee puunkorjuukaluston ja muiden raskaiden koneiden huolto- ja korjausty\u00f6t. Osaamisen ydinalueita ovat koneiden rakenteen tuntemus, vianetsint\u00e4 ja korjaus.<\/p>\n\n\n\n<p>Tyypillisi\u00e4 ty\u00f6paikkoja ovat: Yksityiset mets\u00e4konealan yritykset, mets\u00e4nomistajat, puunkorjuun yritykset, mets\u00e4talousyritykset, mets\u00e4teollisuuden yritykset, mets\u00e4nhoitoyhdistykset<\/p>\n\n\n\n<div class=\"wp-block-buttons is-layout-flex wp-block-buttons-is-layout-flex\">\n<div class=\"wp-block-button\"><a class=\"wp-block-button__link wp-element-button\" href=\"https:\/\/opintopolku.fi\/konfo\/fi\/koulutus\/1.2.246.562.13.00000000000000007887\" target=\"_blank\" rel=\"noreferrer noopener\">Mets\u00e4koneasentaja<\/a><\/div>\n<\/div>\n\n\n\n<h2 class=\"wp-block-heading\">Mets\u00e4koneenkuljettaja<\/h2>\n\n\n\n<p>Mets\u00e4koneenkuljettaja vastaa koneellisesta puunkorjuusta mets\u00e4ty\u00f6mailla. Mets\u00e4koneenkuljettaja ty\u00f6skentelee mets\u00e4traktorin, harvesterin tai puutavara-auton ohjaajana. Ammattilainen tuntee mets\u00e4nhoidon vaatimukset, hallitsee puutavaran kuljetuksen, toimii itsen\u00e4isesti ja on huolellinen sek\u00e4 omatoiminen.<\/p>\n\n\n\n<p>Tyypillisi\u00e4 ty\u00f6paikkoja ovat: Yksityiset mets\u00e4konealan yritykset, mets\u00e4nomistajat, puunkorjuun yritykset, mets\u00e4talousyritykset, mets\u00e4teollisuuden yritykset, mets\u00e4nhoitoyhdistykset<\/p>\n\n\n\n<div class=\"wp-block-buttons is-layout-flex wp-block-buttons-is-layout-flex\">\n<div class=\"wp-block-button\"><a class=\"wp-block-button__link wp-element-button\" href=\"https:\/\/opintopolku.fi\/konfo\/fi\/koulutus\/1.2.246.562.13.00000000000000007887\" target=\"_blank\" rel=\"noreferrer noopener\">Mets\u00e4koneenkuljettaja<\/a><\/div>\n<\/div>\n\n\n\n<h2 class=\"wp-block-heading\">Puutarhuri<\/h2>\n\n\n\n<p>Puutarhuri on viheralan ammattilainen, joka vastaa puutarhoissa ja viljelmill\u00e4 k\u00e4yt\u00e4nn\u00f6n t\u00f6ist\u00e4. Viherty\u00f6t vaativat erityist\u00e4 ammattitaitoa ja asiantuntemusta monipuolisissa ty\u00f6teht\u00e4viss\u00e4.<\/p>\n\n\n\n<p>Tyypillisi\u00e4 ty\u00f6paikkoja ovat: Kukka- ja puutarhakaupat, viherrakennusliikkeet, kaupungin vihertoimi, kauppapuutarhat, kasvihuoneviljelm\u00e4t, taimistot, avomaaviljelm\u00e4t, kiinteist\u00f6nhuoltoyhti\u00f6t, kaupungit ja seurakunnat<\/p>\n\n\n\n<div class=\"wp-block-buttons is-layout-flex wp-block-buttons-is-layout-flex\">\n<div class=\"wp-block-button\"><a class=\"wp-block-button__link wp-element-button\" href=\"https:\/\/opintopolku.fi\/konfo\/fi\/koulutus\/1.2.246.562.13.00000000000000000041\" target=\"_blank\" rel=\"noreferrer noopener\">Puutarhuri<\/a><\/div>\n<\/div>\n\n\n\n<h2 class=\"wp-block-heading\">Ymp\u00e4rist\u00f6nhoitaja<\/h2>\n\n\n\n<p>Ymp\u00e4rist\u00f6nhoitaja arvostaa luonnonvarojen kest\u00e4v\u00e4\u00e4 k\u00e4ytt\u00f6\u00e4, luonnon monimuotoisuutta ja materiaalivirtojen kierr\u00e4tyst\u00e4.  Ammattilaiset kunnostavat ja hoitavat rakennettua ymp\u00e4rist\u00f6\u00e4 ja luontoa, sek\u00e4 tekev\u00e4t selvityksi\u00e4 ymp\u00e4rist\u00f6n tilasta.<\/p>\n\n\n\n<p>Tyypillisi\u00e4 ty\u00f6paikkoja ovat: Kaupunkien, taajamien ja maaseudun ymp\u00e4rist\u00f6nhuolto, teollisuuden, yritysten, maa- ja mets\u00e4talouden ymp\u00e4rist\u00f6nhoito, j\u00e4te- ja energiahuolto, maa- ja vesialueiden kunnostus- ja huolto, eri alueiden opastus- ja neuvontaty\u00f6t<\/p>\n\n\n\n<div class=\"wp-block-buttons is-layout-flex wp-block-buttons-is-layout-flex\">\n<div class=\"wp-block-button\"><a class=\"wp-block-button__link wp-element-button\" href=\"https:\/\/opintopolku.fi\/konfo\/fi\/koulutus\/1.2.246.562.13.00000000000000000030\" target=\"_blank\" rel=\"noreferrer noopener\">Ymp\u00e4rist\u00f6nhoitaja<\/a><\/div>\n<\/div>\n\n\n\n<h2 class=\"wp-block-heading\">Ymp\u00e4rist\u00f6nhuoltaja<\/h2>\n\n\n\n<p>Ymp\u00e4rist\u00f6alan osaamisalan suorittanut ymp\u00e4rist\u00f6nhuoltaja<em>&nbsp;<\/em>toimii materiaalien hy\u00f6dynt\u00e4misen ja j\u00e4tehuollon erilaisissa ty\u00f6teht\u00e4viss\u00e4. H\u00e4n on perusasiat materiaalien talteenoton ja hy\u00f6dynt\u00e4misen, sek\u00e4 j\u00e4tehuollon ammattilainen. <\/p>\n\n\n\n<p>Tyypillisi\u00e4 ty\u00f6paikkoja ovat: Kaupunkien, taajamien ja maaseudun ymp\u00e4rist\u00f6nhuolto, teollisuuden, yritysten, maa- ja mets\u00e4talouden ymp\u00e4rist\u00f6nhoito, j\u00e4te- ja energiahuolto, maa- ja vesialueiden kunnostus- ja huolto, eri alueiden opastus- ja neuvontaty\u00f6t<\/p>\n\n\n\n<div class=\"wp-block-buttons is-layout-flex wp-block-buttons-is-layout-flex\">\n<div class=\"wp-block-button\"><a class=\"wp-block-button__link wp-element-button\" href=\"https:\/\/opintopolku.fi\/konfo\/fi\/koulutus\/1.2.246.562.13.00000000000000000030\" target=\"_blank\" rel=\"noreferrer noopener\">Ymp\u00e4rist\u00f6nhuoltaja<\/a><\/div>\n<\/div>\n","protected":false},"excerpt":{"rendered":"<p>Kartoittaja Kartoittaja vastaa maaston mittauksesta sek\u00e4 karttojen ja maastomallien valmistamisesta sek\u00e4 maastossa ett\u00e4 toimistoty\u00f6ntekij\u00e4n\u00e4. Tyypillisi\u00e4 ty\u00f6paikkoja ovat: kaupungit ja kunnat, kartoitusyritykset, mittausyritykset, insin\u00f6\u00f6ritoimistot, konsulttitoimistot, rakennusliikkeet, valtio. Kivirakentaja Kivirakentaja on viimeistelyn ammattilainen, joka vastaa ulkoalueiden, sis\u00e4tilojen ja rakennusten kiviasennust\u00f6ist\u00e4. Kivity\u00f6t vaativat loogista ajattelukyky\u00e4, tarkkuutta ja k\u00e4dentaitoja. Tyypillisi\u00e4 ty\u00f6paikkoja ovat: maanrakennusfirmat, viherrakennusyritykset, talonrakennusfirmat, kaupungit ja kunnat, rakennusmyym\u00e4l\u00e4t. [&hellip;]<\/p>\n","protected":false},"author":8,"featured_media":0,"parent":13,"menu_order":0,"comment_status":"closed","ping_status":"closed","template":"","meta":{"_acf_changed":false,"_relevanssi_hide_post":"","_relevanssi_hide_content":"","_relevanssi_pin_for_all":"","_relevanssi_pin_keywords":"","_relevanssi_unpin_keywords":"","_relevanssi_related_keywords":"","_relevanssi_related_include_ids":"","_relevanssi_related_exclude_ids":"","_relevanssi_related_no_append":"","_relevanssi_related_not_related":"","_relevanssi_related_posts":"1","_relevanssi_noindex_reason":"","footnotes":""},"class_list":["post-56","page","type-page","status-publish","hentry"],"acf":[],"_links":{"self":[{"href":"https:\/\/www.vyl.fi\/koulutus\/wp-json\/wp\/v2\/pages\/56","targetHints":{"allow":["GET"]}}],"collection":[{"href":"https:\/\/www.vyl.fi\/koulutus\/wp-json\/wp\/v2\/pages"}],"about":[{"href":"https:\/\/www.vyl.fi\/koulutus\/wp-json\/wp\/v2\/types\/page"}],"author":[{"embeddable":true,"href":"https:\/\/www.vyl.fi\/koulutus\/wp-json\/wp\/v2\/users\/8"}],"replies":[{"embeddable":true,"href":"https:\/\/www.vyl.fi\/koulutus\/wp-json\/wp\/v2\/comments?post=56"}],"version-history":[{"count":20,"href":"https:\/\/www.vyl.fi\/koulutus\/wp-json\/wp\/v2\/pages\/56\/revisions"}],"predecessor-version":[{"id":297,"href":"https:\/\/www.vyl.fi\/koulutus\/wp-json\/wp\/v2\/pages\/56\/revisions\/297"}],"up":[{"embeddable":true,"href":"https:\/\/www.vyl.fi\/koulutus\/wp-json\/wp\/v2\/pages\/13"}],"wp:attachment":[{"href":"https:\/\/www.vyl.fi\/koulutus\/wp-json\/wp\/v2\/media?parent=56"}],"curies":[{"name":"wp","href":"https:\/\/api.w.org\/{rel}","templated":true}]}}