{"id":80,"date":"2024-12-13T14:24:05","date_gmt":"2024-12-13T12:24:05","guid":{"rendered":"https:\/\/u79114.www2.webdomain.fi\/koulutus\/?page_id=80"},"modified":"2025-03-19T14:02:27","modified_gmt":"2025-03-19T12:02:27","slug":"erikoisammattitutkinto","status":"publish","type":"page","link":"https:\/\/www.vyl.fi\/koulutus\/ammatillinenkoulutus\/erikoisammattitutkinto\/","title":{"rendered":"Erikoisammattitutkinto"},"content":{"rendered":"\n<p class=\"wp-block-lala-blocks-lala-ingressi\">Alan vaativimpien ty\u00f6teht\u00e4vien hallinta osoitetaan\u00a0<strong>erikoisammattitutkinnossa<\/strong>, jolloin opiskelija on peruskoulutuksen j\u00e4lkeen kehitt\u00e4nyt ammattitaitoaan, hankkinut laajan ty\u00f6kokemuksen alalta ja yli ammattirajojen menev\u00e4\u00e4 yhteisty\u00f6taitoa. Lis\u00e4tietoja p\u00e4\u00e4set lukemaan Opintopolku.fi-palvelusta painamalla linkki\u00e4 tutkintonimikkeen alta.<\/p>\n\n\n\n<h2 class=\"wp-block-heading\">Floristimestari<\/h2>\n\n\n\n<p>Floristimestari tuottaa, myy ja kehitt\u00e4\u00e4 alan tuotteita ja palveluja sek\u00e4 tuo esille alan erikoisosaamista. H\u00e4n hallitsee yritt\u00e4miseen liittyv\u00e4t toiminnot, osaa arvioida kannattavuutta ja ideoida uusia tuotteita.<\/p>\n\n\n\n<p>Tyypillisi\u00e4 ty\u00f6paikkoja ovat: Oma yritys, yksityisen sektorin kukkakaupat, kukkatalot, puutarhamyym\u00e4l\u00e4t, oppilaitokset<\/p>\n\n\n\n<div class=\"wp-block-buttons is-layout-flex wp-block-buttons-is-layout-flex\">\n<div class=\"wp-block-button\"><a class=\"wp-block-button__link wp-element-button\" href=\"https:\/\/opintopolku.fi\/konfo\/fi\/koulutus\/1.2.246.562.13.00000000000000000126\" target=\"_blank\" rel=\"noreferrer noopener\">Floristimerstari<\/a><\/div>\n<\/div>\n\n\n\n<h2 class=\"wp-block-heading\">Golfkentt\u00e4mestari<\/h2>\n\n\n\n<p>Golfkentt\u00e4mestari ty\u00f6skentelee urheilunurmien kasvun hallintateht\u00e4viss\u00e4, yritystoiminnassa, operatiivisessa johtamisteht\u00e4viss\u00e4 sek\u00e4 rakennus- ja peruskorjausteht\u00e4viss\u00e4. H\u00e4n toimii esimiesasemassa ty\u00f6njohtajana ja h\u00e4nen alaisenaan on golfkent\u00e4nhoidon henkil\u00f6st\u00f6.<\/p>\n\n\n\n<p>Tyypillisi\u00e4 ty\u00f6paikkoja ovat: Golfseurat, golfyhti\u00f6t, yksityinen tai julkinen yhteis\u00f6<\/p>\n\n\n\n<div class=\"wp-block-buttons is-layout-flex wp-block-buttons-is-layout-flex\">\n<div class=\"wp-block-button\"><a class=\"wp-block-button__link wp-element-button\" href=\"https:\/\/opintopolku.fi\/konfo\/fi\/koulutus\/1.2.246.562.13.00000000000000000126\" target=\"_blank\" rel=\"noreferrer noopener\">Golfkentt\u00e4mestari<\/a><\/div>\n<\/div>\n\n\n\n<h2 class=\"wp-block-heading\"><br>Liikuntapaikkamestari<\/h2>\n\n\n\n<p>Liikuntapaikkamestari ty\u00f6skentelee esimiesasemassa sis\u00e4- ja ulkotilojen liikuntapaikkojen huolto- ja kunnossapidosta. Ty\u00f6teht\u00e4viin kuuluvat liikuntaolosuhteista huolehtiminen, taloudellinen toiminta yrityksess\u00e4, ty\u00f6ntekij\u00f6ist\u00e4 vastaaminen sek\u00e4 tiimin esimiestoiminnan.<\/p>\n\n\n\n<p>Tyypillisi\u00e4 ty\u00f6paikkoja ovat: Kunnat ja kaupungit, yksitt\u00e4iset liikuntapalveluyritt\u00e4j\u00e4t, oma yritys<\/p>\n\n\n\n<div class=\"wp-block-buttons is-layout-flex wp-block-buttons-is-layout-flex\">\n<div class=\"wp-block-button\"><a class=\"wp-block-button__link wp-element-button\" href=\"https:\/\/opintopolku.fi\/konfo\/fi\/koulutus\/1.2.246.562.13.00000000000000000094\" target=\"_blank\" rel=\"noreferrer noopener\">Liikuntapaikkamestari<\/a><\/div>\n<\/div>\n\n\n\n<h2 class=\"wp-block-heading\"><br>Luontokartoittaja<\/h2>\n\n\n\n<p>Luontokartoittaja osaa suunnitella, toteuttaa ja raportoida luontoselvitysty\u00f6n. H\u00e4n osaa tehd\u00e4 lajisto- tai luontotyyppiselvityksi\u00e4. Erikoistumisensa mukaisesti h\u00e4n osaa soveltaa vahvaa luonto-osaamistaan erilaisiin teht\u00e4viin tai tehd\u00e4 alaan liittyvi\u00e4 paikkatietoanalyysej\u00e4.<\/p>\n\n\n\n<p>Tyypillisi\u00e4 ty\u00f6paikkoja ovat: Konsultointiyritykset, kunnat ja kaupungit, oma yritys<\/p>\n\n\n\n<div class=\"wp-block-buttons is-layout-flex wp-block-buttons-is-layout-flex\">\n<div class=\"wp-block-button\"><a class=\"wp-block-button__link wp-element-button\" href=\"https:\/\/opintopolku.fi\/konfo\/fi\/koulutus\/1.2.246.562.13.00000000000000000096\" target=\"_blank\" rel=\"noreferrer noopener\">Luontokartoittaja<\/a><\/div>\n<\/div>\n\n\n\n<h2 class=\"wp-block-heading\"><br>Luonnontuotekehitt\u00e4j\u00e4<\/h2>\n\n\n\n<p>Luonnontuotekehitt\u00e4j\u00e4 osaa ohjata ja koordinoida luonnontuotteiden talteenottoa ja kehitt\u00e4mist\u00e4. H\u00e4n osaa toimia alan verkostoissa ja erikoistumisensa mukaisesti toimia vahvana lajintunnistusosaajana tai toimialan kehitt\u00e4j\u00e4n\u00e4.<\/p>\n\n\n\n<p>Tyypillisi\u00e4 ty\u00f6paikkoja ovat: Luonnonkosmetiikka-alan yritykset, kosmetiikkayritykset, oma yritys<\/p>\n\n\n\n<div class=\"wp-block-buttons is-layout-flex wp-block-buttons-is-layout-flex\">\n<div class=\"wp-block-button\"><a class=\"wp-block-button__link wp-element-button\" href=\"https:\/\/opintopolku.fi\/konfo\/fi\/koulutus\/1.2.246.562.13.00000000000000000096\" target=\"_blank\" rel=\"noreferrer noopener\">Luonnontuotekehitt\u00e4j\u00e4<\/a><\/div>\n<\/div>\n\n\n\n<h2 class=\"wp-block-heading\"><br>Maarakennusala<\/h2>\n\n\n\n<p>Maarakennusalan erikoisammattitutkinnon suorittanut hallitsee maanrakennusalan perusty\u00f6teht\u00e4v\u00e4t sek\u00e4 osaa soveltaa ammattitaitoaan kokemuksen avulla eri ty\u00f6teht\u00e4viin ja kohteisiin. Ty\u00f6teht\u00e4viin kuuluvat toiminnan johtaminen, ty\u00f6n valvominen, opastus ty\u00f6h\u00f6n, ty\u00f6suorituksiin, ty\u00f6n laatuun ja turvallisuuteen liittyviss\u00e4 asioissa sek\u00e4 tavoitteiden laadullinen saavuttaminen.<\/p>\n\n\n\n<p>Tyypillisi\u00e4 ty\u00f6paikkoja ovat: Infra-alan yritykset, maanrakennusfirmat, viherrakennusyritykset, talonrakennusfirmat, kaupunkien ja kuntien kunnallistekniikan osastot<\/p>\n\n\n\n<div class=\"wp-block-buttons is-layout-flex wp-block-buttons-is-layout-flex\">\n<div class=\"wp-block-button\"><a class=\"wp-block-button__link wp-element-button\" href=\"https:\/\/opintopolku.fi\/konfo\/fi\/koulutus\/1.2.246.562.13.00000000000000000099\" target=\"_blank\" rel=\"noreferrer noopener\">Maarakennusala<\/a><\/div>\n<\/div>\n\n\n\n<h2 class=\"wp-block-heading\"><br>Mets\u00e4ala<\/h2>\n\n\n\n<p>Mets\u00e4alan erityisosaaja hallitsee k\u00e4yt\u00e4nn\u00f6n mets\u00e4- ja luonnonhoitot\u00f6iden ty\u00f6taidot, suunnittelun, opastamisen, ohjaamisen ja valvonnan koneellisessa ja manuaalisessa puunkorjuussa sek\u00e4 mets\u00e4nhoidossa erikoiskohteilla. Ammattilainen toimii esimiesteht\u00e4viss\u00e4, ty\u00f6nopastajana tai asiakaspalveluteht\u00e4viss\u00e4.<\/p>\n\n\n\n<p>Tyypillisi\u00e4 ty\u00f6paikkoja ovat: Puunkorjuuyritykset, mets\u00e4nhoitopalveluyritykset, oma yritys<\/p>\n\n\n\n<div class=\"wp-block-buttons is-layout-flex wp-block-buttons-is-layout-flex\">\n<div class=\"wp-block-button\"><a class=\"wp-block-button__link wp-element-button\" href=\"https:\/\/opintopolku.fi\/konfo\/fi\/koulutus\/1.2.246.562.13.00000000000000000109\" target=\"_blank\" rel=\"noreferrer noopener\">Mets\u00e4ala<\/a><\/div>\n<\/div>\n\n\n\n<h2 class=\"wp-block-heading\"><br>Viheraluemestari<\/h2>\n\n\n\n<p>Viheraluemestari ty\u00f6skentelee viheralan organisaatiossa esimiesasemassa, viestinn\u00e4ss\u00e4 sek\u00e4 johtoteht\u00e4viss\u00e4. Ty\u00f6teht\u00e4viin kuuluvat organisaation hankinta- ja tarjoustoiminta, esimiesteht\u00e4v\u00e4t ja henkil\u00f6st\u00f6vastuu. Viheralan ty\u00f6njohdossa voi toimia viherrakentamisen, viheralueiden yll\u00e4pidon tai puunhoidon teht\u00e4viss\u00e4.<\/p>\n\n\n\n<p>Tyypillisi\u00e4 ty\u00f6paikkoja ovat: Kunnat ja kaupungit, seurakunnat, viheralan yksityiset yritykset, kiinteist\u00f6huoltoyritykset, viheralan yhteis\u00f6t, oma yritys<\/p>\n\n\n\n<div class=\"wp-block-buttons is-layout-flex wp-block-buttons-is-layout-flex\">\n<div class=\"wp-block-button\"><a class=\"wp-block-button__link wp-element-button\" href=\"https:\/\/opintopolku.fi\/konfo\/fi\/koulutus\/1.2.246.562.13.00000000000000000126\" target=\"_blank\" rel=\"noreferrer noopener\">Viheraluemestari<\/a><\/div>\n<\/div>\n\n\n\n<p><\/p>\n","protected":false},"excerpt":{"rendered":"<p>Floristimestari Floristimestari tuottaa, myy ja kehitt\u00e4\u00e4 alan tuotteita ja palveluja sek\u00e4 tuo esille alan erikoisosaamista. H\u00e4n hallitsee yritt\u00e4miseen liittyv\u00e4t toiminnot, osaa arvioida kannattavuutta ja ideoida uusia tuotteita. Tyypillisi\u00e4 ty\u00f6paikkoja ovat: Oma yritys, yksityisen sektorin kukkakaupat, kukkatalot, puutarhamyym\u00e4l\u00e4t, oppilaitokset Golfkentt\u00e4mestari Golfkentt\u00e4mestari ty\u00f6skentelee urheilunurmien kasvun hallintateht\u00e4viss\u00e4, yritystoiminnassa, operatiivisessa johtamisteht\u00e4viss\u00e4 sek\u00e4 rakennus- ja peruskorjausteht\u00e4viss\u00e4. H\u00e4n toimii esimiesasemassa ty\u00f6njohtajana [&hellip;]<\/p>\n","protected":false},"author":8,"featured_media":0,"parent":13,"menu_order":0,"comment_status":"closed","ping_status":"closed","template":"","meta":{"_acf_changed":false,"_relevanssi_hide_post":"","_relevanssi_hide_content":"","_relevanssi_pin_for_all":"","_relevanssi_pin_keywords":"","_relevanssi_unpin_keywords":"","_relevanssi_related_keywords":"","_relevanssi_related_include_ids":"","_relevanssi_related_exclude_ids":"","_relevanssi_related_no_append":"","_relevanssi_related_not_related":"","_relevanssi_related_posts":"1","_relevanssi_noindex_reason":"","footnotes":""},"class_list":["post-80","page","type-page","status-publish","hentry"],"acf":[],"_links":{"self":[{"href":"https:\/\/www.vyl.fi\/koulutus\/wp-json\/wp\/v2\/pages\/80","targetHints":{"allow":["GET"]}}],"collection":[{"href":"https:\/\/www.vyl.fi\/koulutus\/wp-json\/wp\/v2\/pages"}],"about":[{"href":"https:\/\/www.vyl.fi\/koulutus\/wp-json\/wp\/v2\/types\/page"}],"author":[{"embeddable":true,"href":"https:\/\/www.vyl.fi\/koulutus\/wp-json\/wp\/v2\/users\/8"}],"replies":[{"embeddable":true,"href":"https:\/\/www.vyl.fi\/koulutus\/wp-json\/wp\/v2\/comments?post=80"}],"version-history":[{"count":9,"href":"https:\/\/www.vyl.fi\/koulutus\/wp-json\/wp\/v2\/pages\/80\/revisions"}],"predecessor-version":[{"id":300,"href":"https:\/\/www.vyl.fi\/koulutus\/wp-json\/wp\/v2\/pages\/80\/revisions\/300"}],"up":[{"embeddable":true,"href":"https:\/\/www.vyl.fi\/koulutus\/wp-json\/wp\/v2\/pages\/13"}],"wp:attachment":[{"href":"https:\/\/www.vyl.fi\/koulutus\/wp-json\/wp\/v2\/media?parent=80"}],"curies":[{"name":"wp","href":"https:\/\/api.w.org\/{rel}","templated":true}]}}