{"id":83,"date":"2024-12-13T14:32:42","date_gmt":"2024-12-13T12:32:42","guid":{"rendered":"https:\/\/u79114.www2.webdomain.fi\/koulutus\/?page_id=83"},"modified":"2025-03-19T14:11:50","modified_gmt":"2025-03-19T12:11:50","slug":"ammattikorkeakoulu","status":"publish","type":"page","link":"https:\/\/www.vyl.fi\/koulutus\/korkeakoulututkinnot\/ammattikorkeakoulu\/","title":{"rendered":"Ammattikorkeakoulu\u00adtutkinnot"},"content":{"rendered":"\n<p class=\"wp-block-lala-blocks-lala-ingressi\">Ammattikorkeakoulussa opiskelu on k\u00e4yt\u00e4nn\u00f6nl\u00e4heinen vaihtoehto yliopistolle ja opinnot suunnitellaan ty\u00f6el\u00e4m\u00e4n tarpeiden mukaan. Lis\u00e4tietoja p\u00e4\u00e4set lukemaan Opintopolku.fi-palvelusta painamalla linkki\u00e4 tutkintonimikkeen alta.<\/p>\n\n\n\n<h2 class=\"wp-block-heading\">Agrologi<\/h2>\n\n\n\n<p>Agrologin koulutus antaa valmiudet luoda uudenlaisia kest\u00e4vi\u00e4 ratkaisuja luonnonvara-alalla. Agrologi tiet\u00e4\u00e4, kuinka ruoan saa pellolta p\u00f6yt\u00e4\u00e4n \u2013 hyvinvointia ja ymp\u00e4rist\u00f6arvoja edist\u00e4en. Opintojen aikana opiskellaan kest\u00e4v\u00e4\u00e4 kasvituotantoa, kotiel\u00e4intuotantoa, maatalousteknologiaa, bio- ja kiertotaloutta sek\u00e4 maaseutuyritt\u00e4jyytt\u00e4 ymp\u00e4rist\u00f6n\u00e4k\u00f6kulmat huomioiden.<\/p>\n\n\n\n<p>Tyypillisi\u00e4 ty\u00f6paikkoja ovat: Maatalousyritykset, oma yritys, ELY-keskukset, valtio, kaupungit ja kunnat, oppi- ja tutkimuslaitokset<\/p>\n\n\n\n<div class=\"wp-block-buttons is-layout-flex wp-block-buttons-is-layout-flex\">\n<div class=\"wp-block-button\"><a class=\"wp-block-button__link wp-element-button\" href=\"https:\/\/opintopolku.fi\/konfo\/fi\/koulutus\/1.2.246.562.13.00000000000000000184\" target=\"_blank\" rel=\"noreferrer noopener\">Agrologi<\/a><\/div>\n<\/div>\n\n\n\n<h2 class=\"wp-block-heading\"><br>Energia- ja ymp\u00e4rist\u00f6tekniikka: Insin\u00f6\u00f6ri<\/h2>\n\n\n\n<p>Energia- ja ymp\u00e4rist\u00f6tekniikan insin\u00f6\u00f6ri hallitsee voimalaitosten prosessit ja tuntee niiden ymp\u00e4rist\u00f6vaikutukset. Ammattilainen vastaa alan tulevaisuuden ymp\u00e4rist\u00f6haasteisiin selvitt\u00e4m\u00e4ll\u00e4 ihmisen toiminnan aiheuttamia ymp\u00e4rist\u00f6muutoksia.<\/p>\n\n\n\n<p>Tyypillisi\u00e4 ty\u00f6paikkoja ovat: Vedenpuhdistamot, voimalaitokset, energiayhti\u00f6t, j\u00e4te- tai energiatekniikan alan yritykset, insin\u00f6\u00f6ri- ja konsulttitoimistot, tutkimuslaitokset, kaupan ja teollisuuden yrityksen, valtio, kunnat- ja kaupungit<\/p>\n\n\n\n<div class=\"wp-block-buttons is-layout-flex wp-block-buttons-is-layout-flex\">\n<div class=\"wp-block-button\"><a class=\"wp-block-button__link wp-element-button\" href=\"https:\/\/opintopolku.fi\/konfo\/fi\/koulutus\/1.2.246.562.13.00000000000000000238\" target=\"_blank\" rel=\"noreferrer noopener\">Energia- ja ymp\u00e4rist\u00f6tekniikan insin\u00f6\u00f6ri<\/a><\/div>\n<\/div>\n\n\n\n<h2 class=\"wp-block-heading\"><br>Maanmittaustekniikka: Insin\u00f6\u00f6ri<\/h2>\n\n\n\n<p>Maanmittausinsin\u00f6\u00f6rin ty\u00f6nkuvaan kuuluu kaavoitus ja maanmittaus sek\u00e4 tietojen ja j\u00e4rjestelm\u00e4n yll\u00e4pito ja kehitt\u00e4minen. Maanmittausta edellytet\u00e4\u00e4n rakentamisessa, maanomistuksessa ja maank\u00e4yt\u00f6n suunnittelussa.<\/p>\n\n\n\n<p>Tyypillisi\u00e4 ty\u00f6paikkoja ovat: Valtio, kunnat ja kaupungit, suunnittelutoimistot, konsulttitoimistot, insin\u00f6\u00f6ritoimistot, ohjelmistotalot<\/p>\n\n\n\n<div class=\"wp-block-buttons is-layout-flex wp-block-buttons-is-layout-flex\">\n<div class=\"wp-block-button\"><a class=\"wp-block-button__link wp-element-button\" href=\"https:\/\/opintopolku.fi\/konfo\/fi\/koulutus\/1.2.246.562.13.00000000000000000210\" target=\"_blank\" rel=\"noreferrer noopener\">Maanmittausinsin\u00f6\u00f6ri<\/a><\/div>\n<\/div>\n\n\n\n<h2 class=\"wp-block-heading\"><br>Mets\u00e4talousinsin\u00f6\u00f6ri<\/h2>\n\n\n\n<p>Mets\u00e4talousinsin\u00f6\u00f6ri vastaa mets\u00e4luonnon monipuolisesta k\u00e4yt\u00f6st\u00e4, hoidosta ja suojelusta vihre\u00e4n talouden ammattilaisena. Tutkinto perehtyy mets\u00e4n ekosysteemiin ja antaa taidot mittaamaan ja arvioimaan puustotietoja sek\u00e4 suunnittelemaan ja toteuttamaan mets\u00e4nhoitoa ja puunhankintaa. Ammattilainen tuntee mets\u00e4n eri k\u00e4ytt\u00f6muodot sek\u00e4 luonnonvarojen kest\u00e4v\u00e4n k\u00e4yt\u00f6n mets\u00e4nhoidossa ja bioenergian hankinnassa.<\/p>\n\n\n\n<p>Tyypillisi\u00e4 ty\u00f6paikkoja ovat: Mets\u00e4teollisuuden yritykset, suunnittelutoimistot, konsulttitoimistot, bioenergian yritykset, mets\u00e4nhoitoyhdistykset, suomen mets\u00e4keskus, mets\u00e4hallitus, mets\u00e4talouden toimijat, mets\u00e4alan tutkimus ja kehitt\u00e4misorganisaatiot, tuotekehityksen yritykset, oppilaitokset, j\u00e4rjest\u00f6t, oma yritys<\/p>\n\n\n\n<div class=\"wp-block-buttons is-layout-flex wp-block-buttons-is-layout-flex\">\n<div class=\"wp-block-button\"><a class=\"wp-block-button__link wp-element-button\" href=\"https:\/\/opintopolku.fi\/konfo\/fi\/koulutus\/1.2.246.562.13.00000000000000000186\" target=\"_blank\" rel=\"noreferrer noopener\">Mets\u00e4talousinsin\u00f6\u00f6ri<\/a><\/div>\n<\/div>\n\n\n\n<h2 class=\"wp-block-heading\"><br>Hortonomi<\/h2>\n\n\n\n<p>Puutarhatalouden hortonomi hallitsee puutarhakasvien viljelyn ty\u00f6v\u00e4lineet ja menetelm\u00e4t sek\u00e4 tuntee kasvituotantoon liittyv\u00e4\u00e4 biologiaa ja tekniikkaa. Opinnoissa voi erikoistua puutarhakasvien tuotantoketjuihin, tuotteistukseen ja puutarhakauppaan.<\/p>\n\n\n\n<p>Tyypillisi\u00e4 ty\u00f6paikkoja ovat: Kaupungit, kunnat, seurakunnat, kiinteist\u00f6huoltoalan yritykset ja viherrakennusyritykset, oma yritys<\/p>\n\n\n\n<div class=\"wp-block-buttons is-layout-flex wp-block-buttons-is-layout-flex\">\n<div class=\"wp-block-button\"><a class=\"wp-block-button__link wp-element-button\" href=\"https:\/\/opintopolku.fi\/konfo\/fi\/koulutus\/1.2.246.562.13.00000000000000000185\" target=\"_blank\" rel=\"noreferrer noopener\">Hortonomi<\/a><\/div>\n<\/div>\n\n\n\n<h2 class=\"wp-block-heading\"><br>Rakennus- ja yhdyskuntatekniikka: Insin\u00f6\u00f6ri<\/h2>\n\n\n\n<p>Rakennus- ja yhdyskuntatekniikan insin\u00f6\u00f6ri vastaa yhdyskuntatekniikan suunnittelun ja toteutuksen, talonrakennustekniikan rakennesuunnittelun sek\u00e4 kiinteist\u00f6jen korjauksen ja yll\u00e4pidon teht\u00e4vist\u00e4.<\/p>\n\n\n\n<p>Tyypillisi\u00e4 ty\u00f6paikkoja ovat: Insin\u00f6\u00f6ritoimistot, rakennusliikkeet, tutkimuslaitokset, kunnat ja kaupungit, valtio, oma yritys<\/p>\n\n\n\n<div class=\"wp-block-buttons is-layout-flex wp-block-buttons-is-layout-flex\">\n<div class=\"wp-block-button\"><a class=\"wp-block-button__link wp-element-button\" href=\"https:\/\/opintopolku.fi\/konfo\/fi\/koulutus\/1.2.246.562.13.00000000000000000188\" target=\"_blank\" rel=\"noreferrer noopener\">Rakennus ja yhdyskuntatekniikan insin\u00f6\u00f6ri<\/a><\/div>\n<\/div>\n\n\n\n<h2 class=\"wp-block-heading\"><br>Rakennusmestari<\/h2>\n\n\n\n<p>Rakennusmestari ty\u00f6skentelee talonrakennuksen tuotannon johtoteht\u00e4viss\u00e4 sek\u00e4 rakennustoimintaan liittyviss\u00e4 kaupallisissa teht\u00e4viss\u00e4. Rakennusmestari toimii esimerkiksi ty\u00f6maamestarina, joka johtaa erilaisia rakennusty\u00f6maan vaiheita. Kokemuksen my\u00f6t\u00e4 voi valvoa ja johtaa rakennust\u00f6it\u00e4 vastaavana ty\u00f6njohtajana.<\/p>\n\n\n\n<p>Tyypillisi\u00e4 ty\u00f6paikkoja ovat: Rakennusty\u00f6maat ja rakennusliikkeet, rakennusosia tuottavat yritykset ja rakennusmateriaali\u200bteollisuus, julkishallinnon virastot ja tekniset toimistot, kiinteist\u00f6huolto ja muu kiinteist\u00f6ala<\/p>\n\n\n\n<div class=\"wp-block-buttons is-layout-flex wp-block-buttons-is-layout-flex\">\n<div class=\"wp-block-button\"><a class=\"wp-block-button__link wp-element-button\" href=\"https:\/\/opintopolku.fi\/konfo\/fi\/koulutus\/1.2.246.562.13.00000000000000000189\" target=\"_blank\" rel=\"noreferrer noopener\">Rakennusmestari<\/a><\/div>\n<\/div>\n\n\n\n<h2 class=\"wp-block-heading\"><br>Ymp\u00e4rist\u00f6suunnittelija<\/h2>\n\n\n\n<p>Ymp\u00e4rist\u00f6suunnittelija ymm\u00e4rt\u00e4\u00e4 luonnonvarojen mahdollisuudet, energiank\u00e4yt\u00f6n ja materiaalien kierron. Koulutus antaa valmiudet kest\u00e4v\u00e4n kehityksen eri osa-alueisiin, kuten ymp\u00e4rist\u00f6tekniikkaan, viranomaistoimintaan sek\u00e4 erilaisiin ymp\u00e4rist\u00f6n seurannan ty\u00f6kaluihin ja ymp\u00e4rist\u00f6n kunnostuksen toimintamalleihin.<\/p>\n\n\n\n<p>Tyypillisi\u00e4 ty\u00f6paikkoja ovat: Elinkeinoel\u00e4m\u00e4n yritykset, j\u00e4tehuollon yritykset, konsulttitoimistot, valtio, j\u00e4rjest\u00f6t, oma yritys<\/p>\n\n\n\n<div class=\"wp-block-buttons is-layout-flex wp-block-buttons-is-layout-flex\">\n<div class=\"wp-block-button\"><a class=\"wp-block-button__link wp-element-button\" href=\"https:\/\/opintopolku.fi\/konfo\/fi\/koulutus\/1.2.246.562.13.00000000000000000187\" target=\"_blank\" rel=\"noreferrer noopener\">Ymp\u00e4rist\u00f6suunnittelija<\/a><\/div>\n<\/div>\n","protected":false},"excerpt":{"rendered":"<p>Agrologi Agrologin koulutus antaa valmiudet luoda uudenlaisia kest\u00e4vi\u00e4 ratkaisuja luonnonvara-alalla. Agrologi tiet\u00e4\u00e4, kuinka ruoan saa pellolta p\u00f6yt\u00e4\u00e4n \u2013 hyvinvointia ja ymp\u00e4rist\u00f6arvoja edist\u00e4en. Opintojen aikana opiskellaan kest\u00e4v\u00e4\u00e4 kasvituotantoa, kotiel\u00e4intuotantoa, maatalousteknologiaa, bio- ja kiertotaloutta sek\u00e4 maaseutuyritt\u00e4jyytt\u00e4 ymp\u00e4rist\u00f6n\u00e4k\u00f6kulmat huomioiden. Tyypillisi\u00e4 ty\u00f6paikkoja ovat: Maatalousyritykset, oma yritys, ELY-keskukset, valtio, kaupungit ja kunnat, oppi- ja tutkimuslaitokset Energia- ja ymp\u00e4rist\u00f6tekniikka: Insin\u00f6\u00f6ri Energia- [&hellip;]<\/p>\n","protected":false},"author":8,"featured_media":0,"parent":23,"menu_order":0,"comment_status":"closed","ping_status":"closed","template":"","meta":{"_acf_changed":false,"_relevanssi_hide_post":"","_relevanssi_hide_content":"","_relevanssi_pin_for_all":"","_relevanssi_pin_keywords":"","_relevanssi_unpin_keywords":"","_relevanssi_related_keywords":"","_relevanssi_related_include_ids":"","_relevanssi_related_exclude_ids":"","_relevanssi_related_no_append":"","_relevanssi_related_not_related":"","_relevanssi_related_posts":"1","_relevanssi_noindex_reason":"","footnotes":""},"class_list":["post-83","page","type-page","status-publish","hentry"],"acf":[],"_links":{"self":[{"href":"https:\/\/www.vyl.fi\/koulutus\/wp-json\/wp\/v2\/pages\/83","targetHints":{"allow":["GET"]}}],"collection":[{"href":"https:\/\/www.vyl.fi\/koulutus\/wp-json\/wp\/v2\/pages"}],"about":[{"href":"https:\/\/www.vyl.fi\/koulutus\/wp-json\/wp\/v2\/types\/page"}],"author":[{"embeddable":true,"href":"https:\/\/www.vyl.fi\/koulutus\/wp-json\/wp\/v2\/users\/8"}],"replies":[{"embeddable":true,"href":"https:\/\/www.vyl.fi\/koulutus\/wp-json\/wp\/v2\/comments?post=83"}],"version-history":[{"count":11,"href":"https:\/\/www.vyl.fi\/koulutus\/wp-json\/wp\/v2\/pages\/83\/revisions"}],"predecessor-version":[{"id":308,"href":"https:\/\/www.vyl.fi\/koulutus\/wp-json\/wp\/v2\/pages\/83\/revisions\/308"}],"up":[{"embeddable":true,"href":"https:\/\/www.vyl.fi\/koulutus\/wp-json\/wp\/v2\/pages\/23"}],"wp:attachment":[{"href":"https:\/\/www.vyl.fi\/koulutus\/wp-json\/wp\/v2\/media?parent=83"}],"curies":[{"name":"wp","href":"https:\/\/api.w.org\/{rel}","templated":true}]}}