{"id":1525,"date":"2025-01-13T08:35:23","date_gmt":"2025-01-13T06:35:23","guid":{"rendered":"https:\/\/www.vyl.fi\/viherpaivat\/?page_id=1525"},"modified":"2026-03-30T16:03:53","modified_gmt":"2026-03-30T13:03:53","slug":"tallenteet","status":"publish","type":"page","link":"https:\/\/www.vyl.fi\/viherpaivat\/etusivu\/tallenteet\/","title":{"rendered":"Tallenteet"},"content":{"rendered":"\n<p>Viherp\u00e4ivien seminaaripuheenvuorot ja Viherymp\u00e4rist\u00f6-areenan ohjelma tallennettiin kokonaisuudessaan. Tallenteet ja luentomateriaalit sis\u00e4ltyv\u00e4t seminaarilippuun lipputyypin mukaisesti (ei koske opiskelijapasseja). Seminaarilipun ostaneille l\u00e4hetet\u00e4\u00e4n ohjeet tallennealustalle p\u00e4\u00e4semiseksi ma 23.2.2026. <\/p>\n\n\n\n<p>Jos et p\u00e4\u00e4ssyt Viherp\u00e4iville, voit ostaa tallennepaketin. Tallennepaketin hinta on 199\u20ac + alv 25,5%. Tallennepaketti on myynniss\u00e4 23.2. klo 10 &#8211; 30.3. klo 16 v\u00e4lisen\u00e4 aikana.<\/p>\n\n\n\n<p>HUOM! Tallenteet ovat katsottavissa<strong> 23.2.&nbsp;klo 10&nbsp;\u2013&nbsp;17.4. klo 16 v\u00e4lisen\u00e4&nbsp;aikana<\/strong>. T\u00e4m\u00e4n j\u00e4lkeen sivusto sulkeutuu. <\/p>\n\n\n\n<h2 class=\"wp-block-heading\">Tallennetut seminaaripuheenvuorot<\/h2>\n\n\n\n<p>Kuusi v\u00e4itett\u00e4 l\u00e4hiluonnon monimuotoisuuden ja ihmisen terveyden suhteesta, Jenni Lehtim\u00e4ki<\/p>\n\n\n\n<p>Ekologinen muisti ja kaupunkiluonto \u2013 uhanalaiset luontotyypit siniviherverkon syd\u00e4mess\u00e4, Kaisa Mustaj\u00e4rvi<\/p>\n\n\n\n<p>Hietaneilikasta kissank\u00e4p\u00e4l\u00e4\u00e4n, Riku Lumiaro ja Jere Nieminen<\/p>\n\n\n\n<p>Green as a Service: Focus on the effect, not the project itself!, Mark Rotteveel<\/p>\n\n\n\n<p>Vanhojen puiden luontoarvot ja niiden huomioon ottaminen, Petri Keto-Tokoi<\/p>\n\n\n\n<p>The Opera Park -Extraordinary every day in our urban living room, Maj Wiwe<\/p>\n\n\n\n<p>Osallistamismenetelm\u00e4t viheralalla, Tomi Kumpulainen<\/p>\n\n\n\n<p>El\u00e4v\u00e4 ymp\u00e4rist\u00f6 syntyy, kun jokainen voi olla osa sit\u00e4, Ville Kemppainen ja Timo M\u00e4kynen<\/p>\n\n\n\n<p>Safer Parks \u2013 Improving Access for Women and Girls, Carl McClean<\/p>\n\n\n\n<p>Ekologinen maisemasuunnittelu \u2013 kunnossapito keski\u00f6ss\u00e4, Aino Karilas<\/p>\n\n\n\n<p>H\u00e4m\u00e4r\u00e4n suunnittelu ja biodiversiteetti, Julle Oksanen<\/p>\n\n\n\n<p>Kansirakentamisen uusia tuulia, Jouko Hannonen<\/p>\n\n\n\n<p>The Ecology of Comfort: Cooling Cities through Living Infrastructure, Dimitra Theochari<\/p>\n\n\n\n<p><\/p>\n","protected":false},"excerpt":{"rendered":"<p>Viherp\u00e4ivien seminaaripuheenvuorot ja Viherymp\u00e4rist\u00f6-areenan ohjelma tallennettiin kokonaisuudessaan. Tallenteet ja luentomateriaalit sis\u00e4ltyv\u00e4t seminaarilippuun lipputyypin mukaisesti (ei koske opiskelijapasseja). Seminaarilipun ostaneille l\u00e4hetet\u00e4\u00e4n ohjeet tallennealustalle p\u00e4\u00e4semiseksi ma 23.2.2026. Jos et p\u00e4\u00e4ssyt Viherp\u00e4iville, voit ostaa tallennepaketin. Tallennepaketin hinta on 199\u20ac + alv 25,5%. Tallennepaketti on myynniss\u00e4 23.2. klo 10 &#8211; 30.3. klo 16 v\u00e4lisen\u00e4 aikana. HUOM! Tallenteet ovat katsottavissa [&hellip;]<\/p>\n","protected":false},"author":7,"featured_media":0,"parent":97,"menu_order":80,"comment_status":"closed","ping_status":"closed","template":"","meta":{"_acf_changed":false,"_relevanssi_hide_post":"","_relevanssi_hide_content":"","_relevanssi_pin_for_all":"","_relevanssi_pin_keywords":"","_relevanssi_unpin_keywords":"","_relevanssi_related_keywords":"","_relevanssi_related_include_ids":"","_relevanssi_related_exclude_ids":"","_relevanssi_related_no_append":"","_relevanssi_related_not_related":"","_relevanssi_related_posts":"826,1280,1397,1306,1115,1371","_relevanssi_noindex_reason":"","footnotes":""},"class_list":["post-1525","page","type-page","status-publish","hentry"],"acf":[],"_links":{"self":[{"href":"https:\/\/www.vyl.fi\/viherpaivat\/wp-json\/wp\/v2\/pages\/1525","targetHints":{"allow":["GET"]}}],"collection":[{"href":"https:\/\/www.vyl.fi\/viherpaivat\/wp-json\/wp\/v2\/pages"}],"about":[{"href":"https:\/\/www.vyl.fi\/viherpaivat\/wp-json\/wp\/v2\/types\/page"}],"author":[{"embeddable":true,"href":"https:\/\/www.vyl.fi\/viherpaivat\/wp-json\/wp\/v2\/users\/7"}],"replies":[{"embeddable":true,"href":"https:\/\/www.vyl.fi\/viherpaivat\/wp-json\/wp\/v2\/comments?post=1525"}],"version-history":[{"count":23,"href":"https:\/\/www.vyl.fi\/viherpaivat\/wp-json\/wp\/v2\/pages\/1525\/revisions"}],"predecessor-version":[{"id":3349,"href":"https:\/\/www.vyl.fi\/viherpaivat\/wp-json\/wp\/v2\/pages\/1525\/revisions\/3349"}],"up":[{"embeddable":true,"href":"https:\/\/www.vyl.fi\/viherpaivat\/wp-json\/wp\/v2\/pages\/97"}],"wp:attachment":[{"href":"https:\/\/www.vyl.fi\/viherpaivat\/wp-json\/wp\/v2\/media?parent=1525"}],"curies":[{"name":"wp","href":"https:\/\/api.w.org\/{rel}","templated":true}]}}