{"id":1906,"date":"2025-05-05T09:42:26","date_gmt":"2025-05-05T06:42:26","guid":{"rendered":"https:\/\/www.vyl.fi\/viherpaivat\/?page_id=1906"},"modified":"2026-02-18T08:39:31","modified_gmt":"2026-02-18T06:39:31","slug":"teemat","status":"publish","type":"page","link":"https:\/\/www.vyl.fi\/viherpaivat\/info\/teemat\/","title":{"rendered":"Teemat"},"content":{"rendered":"\n<p>Viherp\u00e4iv\u00e4t 10.-11.2.2027 El\u00e4m\u00e4n mittainen viheralue -jokaiselle<\/p>\n\n\n\n<p>Viherp\u00e4iv\u00e4t 11.-12.2.2026 Hyvinvointi rakentuu el\u00e4v\u00e4ss\u00e4 ymp\u00e4rist\u00f6ss\u00e4<\/p>\n\n\n\n<p>Viherp\u00e4iv\u00e4t 5.-6.2.2025 El\u00e4v\u00e4 l\u00e4hivihre\u00e4<\/p>\n\n\n\n<p>Viherp\u00e4iv\u00e4t- ja tekniikka 14.-15.2.2024 Vihervuoroisuus \u2013 hyvinvointia molemmille<\/p>\n\n\n\n<p>Viherp\u00e4iv\u00e4t- ja tekniikka 8.-9.2.2023 &#8211;&nbsp;Viisas, \u00e4lyk\u00e4s, vihre\u00e4 -muuttuuko tieto teoiksi?<\/p>\n\n\n\n<p>Viherp@iv@t-verkkotapahtuma 27.4.2022 &#8211;&nbsp;Viherp@iv@t Green Planagement &#8211;&nbsp;Ajatuksia ja malleja vihre\u00e4n hyv\u00e4st\u00e4 ketjusta<\/p>\n\n\n\n<p>Viherp@iv@t-verkkotapahtuma 11.2.2021 &#8211; Katse tulevaisuuteen&nbsp;<\/p>\n\n\n\n<p>Viherp\u00e4iv\u00e4t- ja tekniikka 12.-13.2.2020 &#8211; Vihre\u00e4n hinta<\/p>\n\n\n\n<p>Viherp\u00e4iv\u00e4t- ja tekniikka 6.-7.2.2019 &#8211; Arvokas vihre\u00e4<\/p>\n\n\n\n<p>Viherp\u00e4iv\u00e4t- ja tekniikka 14.-15.2.2018 &#8211; Viisas vihre\u00e4<\/p>\n\n\n\n<p>Viherp\u00e4iv\u00e4t- ja tekniikka 8.-9.2.2017 &#8211; Itsen\u00e4isen Suomen viheralueet<\/p>\n\n\n\n<p>Viherp\u00e4iv\u00e4t- ja tekniikka 10.-11.2.2016 &#8211; Kest\u00e4v\u00e4 suomalainen maisema, valaistus<\/p>\n\n\n\n<p>Viherp\u00e4iv\u00e4t- ja tekniikka 10.-11.2.2015 &#8211; Monimuotoinen viherymp\u00e4rist\u00f6<\/p>\n\n\n\n<p>Viherp\u00e4iv\u00e4t- ja tekniikka 11.-12.2.2014 &#8211; El\u00e4v\u00e4 viheralue<\/p>\n\n\n\n<p>Viherp\u00e4iv\u00e4t- ja tekniikka 12.-13.2.2013 &#8211; Ekologisuus<\/p>\n\n\n\n<p>Viherp\u00e4iv\u00e4t- ja tekniikka 14.-15.2.2012 &#8211; Yhteinen ymp\u00e4rist\u00f6mme eilen, t\u00e4n\u00e4\u00e4n ja huomenna<\/p>\n\n\n\n<p><em>Kerromme my\u00f6s valokuvin vanhoista tapahtumista, jotka olivat vuodesta 1980 vuoteen 2015 Tampereella hotelli Rosendahlissa lukuun ottamatta vuosia 1995\u20131997, jolloin tapahtuma oli Tampere-talossa.<\/em><\/p>\n","protected":false},"excerpt":{"rendered":"<p>Viherp\u00e4iv\u00e4t 10.-11.2.2027 El\u00e4m\u00e4n mittainen viheralue -jokaiselle Viherp\u00e4iv\u00e4t 11.-12.2.2026 Hyvinvointi rakentuu el\u00e4v\u00e4ss\u00e4 ymp\u00e4rist\u00f6ss\u00e4 Viherp\u00e4iv\u00e4t 5.-6.2.2025 El\u00e4v\u00e4 l\u00e4hivihre\u00e4 Viherp\u00e4iv\u00e4t- ja tekniikka 14.-15.2.2024 Vihervuoroisuus \u2013 hyvinvointia molemmille Viherp\u00e4iv\u00e4t- ja tekniikka 8.-9.2.2023 &#8211;&nbsp;Viisas, \u00e4lyk\u00e4s, vihre\u00e4 -muuttuuko tieto teoiksi? Viherp@iv@t-verkkotapahtuma 27.4.2022 &#8211;&nbsp;Viherp@iv@t Green Planagement &#8211;&nbsp;Ajatuksia ja malleja vihre\u00e4n hyv\u00e4st\u00e4 ketjusta Viherp@iv@t-verkkotapahtuma 11.2.2021 &#8211; Katse tulevaisuuteen&nbsp; Viherp\u00e4iv\u00e4t- ja tekniikka 12.-13.2.2020 &#8211; [&hellip;]<\/p>\n","protected":false},"author":7,"featured_media":0,"parent":18,"menu_order":20,"comment_status":"closed","ping_status":"closed","template":"","meta":{"_acf_changed":false,"_relevanssi_hide_post":"","_relevanssi_hide_content":"","_relevanssi_pin_for_all":"","_relevanssi_pin_keywords":"","_relevanssi_unpin_keywords":"","_relevanssi_related_keywords":"","_relevanssi_related_include_ids":"","_relevanssi_related_exclude_ids":"","_relevanssi_related_no_append":"","_relevanssi_related_not_related":"","_relevanssi_related_posts":"","_relevanssi_noindex_reason":"","footnotes":""},"class_list":["post-1906","page","type-page","status-publish","hentry"],"acf":[],"_links":{"self":[{"href":"https:\/\/www.vyl.fi\/viherpaivat\/wp-json\/wp\/v2\/pages\/1906","targetHints":{"allow":["GET"]}}],"collection":[{"href":"https:\/\/www.vyl.fi\/viherpaivat\/wp-json\/wp\/v2\/pages"}],"about":[{"href":"https:\/\/www.vyl.fi\/viherpaivat\/wp-json\/wp\/v2\/types\/page"}],"author":[{"embeddable":true,"href":"https:\/\/www.vyl.fi\/viherpaivat\/wp-json\/wp\/v2\/users\/7"}],"replies":[{"embeddable":true,"href":"https:\/\/www.vyl.fi\/viherpaivat\/wp-json\/wp\/v2\/comments?post=1906"}],"version-history":[{"count":2,"href":"https:\/\/www.vyl.fi\/viherpaivat\/wp-json\/wp\/v2\/pages\/1906\/revisions"}],"predecessor-version":[{"id":3328,"href":"https:\/\/www.vyl.fi\/viherpaivat\/wp-json\/wp\/v2\/pages\/1906\/revisions\/3328"}],"up":[{"embeddable":true,"href":"https:\/\/www.vyl.fi\/viherpaivat\/wp-json\/wp\/v2\/pages\/18"}],"wp:attachment":[{"href":"https:\/\/www.vyl.fi\/viherpaivat\/wp-json\/wp\/v2\/media?parent=1906"}],"curies":[{"name":"wp","href":"https:\/\/api.w.org\/{rel}","templated":true}]}}