{"id":20,"date":"2024-08-26T13:04:20","date_gmt":"2024-08-26T10:04:20","guid":{"rendered":"https:\/\/u79114.www2.webdomain.fi\/viherpaivat\/?page_id=20"},"modified":"2026-02-18T08:35:27","modified_gmt":"2026-02-18T06:35:27","slug":"in-english","status":"publish","type":"page","link":"https:\/\/www.vyl.fi\/viherpaivat\/in-english\/","title":{"rendered":"The Green Days 2027 &#8211; Congress and Expo"},"content":{"rendered":"\n<h1 class=\"wp-block-heading\"><\/h1>\n\n\n\n<h4 class=\"wp-block-heading\">The national environmental and landscape management event Viherp\u00e4iv\u00e4t is the largest annual event for professionals in landscape industry in Finland, including seminars and an exhibition. Next time Viherp\u00e4iv\u00e4t is organized on 10th-11th of February 2027.<\/h4>\n\n\n\n<p>The Finnish Association of Landscape Industries arrange the event&nbsp;annually since 1980. Viherp\u00e4iv\u00e4t is the number one event in Finland\u2019s green industry. The event unites professionals from all the sectors of the green industry; construction, design, management, maintenance etc. Interaction between professionals is one of the main reasons of this event. Presentations review&nbsp;accurate issues from the green industry.&nbsp;<\/p>\n\n\n\n<p>The Green Days Congress and Expo offers a wide range of information on globally current projects as well as good practices and successful examples around the theme of vital local green spaces. In addition, at the Green Days exhibition, you can meet companies from the green sector, as almost a hundred exhibitors will arrive to present their products and services, and talk about their activities. The exhibition offers a versatile program, when discussions are held in the Green Environment Arena about the hot topics of the day. In the arena, you will also hear practical speeches related to the theme of the Green Days.<\/p>\n\n\n\n<p>Viherp\u00e4iv\u00e4t is arranged in the City of Jyv\u00e4skyl\u00e4, Finland. The event center is Paviljonki conference and exhibition hall.<\/p>\n\n\n\n<p><\/p>\n","protected":false},"excerpt":{"rendered":"<p>The national environmental and landscape management event Viherp\u00e4iv\u00e4t is the largest annual event for professionals in landscape industry in Finland, including seminars and an exhibition. Next time Viherp\u00e4iv\u00e4t is organized on 10th-11th of February 2027. The Finnish Association of Landscape Industries arrange the event&nbsp;annually since 1980. Viherp\u00e4iv\u00e4t is the number one event in Finland\u2019s green [&hellip;]<\/p>\n","protected":false},"author":7,"featured_media":621,"parent":0,"menu_order":4,"comment_status":"closed","ping_status":"closed","template":"","meta":{"_acf_changed":false,"_relevanssi_hide_post":"","_relevanssi_hide_content":"","_relevanssi_pin_for_all":"","_relevanssi_pin_keywords":"","_relevanssi_unpin_keywords":"","_relevanssi_related_keywords":"","_relevanssi_related_include_ids":"","_relevanssi_related_exclude_ids":"","_relevanssi_related_no_append":"","_relevanssi_related_not_related":"","_relevanssi_related_posts":"135,158,161","_relevanssi_noindex_reason":"","footnotes":""},"class_list":["post-20","page","type-page","status-publish","has-post-thumbnail","hentry"],"acf":[],"_links":{"self":[{"href":"https:\/\/www.vyl.fi\/viherpaivat\/wp-json\/wp\/v2\/pages\/20","targetHints":{"allow":["GET"]}}],"collection":[{"href":"https:\/\/www.vyl.fi\/viherpaivat\/wp-json\/wp\/v2\/pages"}],"about":[{"href":"https:\/\/www.vyl.fi\/viherpaivat\/wp-json\/wp\/v2\/types\/page"}],"author":[{"embeddable":true,"href":"https:\/\/www.vyl.fi\/viherpaivat\/wp-json\/wp\/v2\/users\/7"}],"replies":[{"embeddable":true,"href":"https:\/\/www.vyl.fi\/viherpaivat\/wp-json\/wp\/v2\/comments?post=20"}],"version-history":[{"count":15,"href":"https:\/\/www.vyl.fi\/viherpaivat\/wp-json\/wp\/v2\/pages\/20\/revisions"}],"predecessor-version":[{"id":3324,"href":"https:\/\/www.vyl.fi\/viherpaivat\/wp-json\/wp\/v2\/pages\/20\/revisions\/3324"}],"wp:featuredmedia":[{"embeddable":true,"href":"https:\/\/www.vyl.fi\/viherpaivat\/wp-json\/wp\/v2\/media\/621"}],"wp:attachment":[{"href":"https:\/\/www.vyl.fi\/viherpaivat\/wp-json\/wp\/v2\/media?parent=20"}],"curies":[{"name":"wp","href":"https:\/\/api.w.org\/{rel}","templated":true}]}}