{"id":31,"date":"2024-08-26T13:15:27","date_gmt":"2024-08-26T10:15:27","guid":{"rendered":"https:\/\/u79114.www2.webdomain.fi\/viherpaivat\/?page_id=31"},"modified":"2026-04-23T14:39:12","modified_gmt":"2026-04-23T11:39:12","slug":"tilastotietoa","status":"publish","type":"page","link":"https:\/\/www.vyl.fi\/viherpaivat\/info\/tilastotietoa\/","title":{"rendered":"Tilastotietoa"},"content":{"rendered":"\n<p><strong>Viherp\u00e4iv\u00e4t 2025<\/strong><br>Yksitt\u00e4isi\u00e4 n\u00e4yttelyk\u00e4vij\u00f6it\u00e4<strong> 1623<\/strong><br>Yksitt\u00e4isi\u00e4 seminaarik\u00e4vij\u00f6it\u00e4 <strong>776&nbsp;<\/strong><br>ViherGaalaan osallistujia <strong>538<\/strong><\/p>\n\n\n\n<p><strong>Viherp\u00e4ivill\u00e4 tehd\u00e4\u00e4n p\u00e4\u00e4t\u00f6ksi\u00e4, luodaan suhteita ja kasvatetaan osaamista<\/strong><\/p>\n\n\n\n<p>Viherp\u00e4iv\u00e4t kokoavat vuosittain yhteen viherymp\u00e4rist\u00f6jen rakentamisen, suunnittelun, kunnossapidon ja kehitt\u00e4misen asiantuntijat \u2013 opiskelijoista kokeneisiin ammattilaisiin. T\u00e4n\u00e4 vuonna tapahtuman teemana oli El\u00e4v\u00e4 l\u00e4hivihre\u00e4. Alla koontia tapahtuman saamasta palautteesta.<\/p>\n\n\n\n<ul class=\"wp-block-list\">\n<li>98 % osallistujista suosittelisi tapahtumaa muille.<\/li>\n\n\n\n<li>78 % osallistujista tuli kehitt\u00e4m\u00e4\u00e4n omaa osaamistaan ja p\u00e4ivitt\u00e4m\u00e4\u00e4n ammattitaitoaan.<\/li>\n\n\n\n<li>Yli 65 % osallistujista tuli luomaan uusia kontakteja, ja l\u00e4hes yht\u00e4 moni (52 %) tutustumaan ajankohtaisiin tuotteisiin ja palveluihin.<\/li>\n\n\n\n<li>My\u00f6s yhteisty\u00f6kumppaneiden kohtaaminen (51 %) ja sosiaalinen verkostoituminen (38 %) nousivat t\u00e4rkeiksi osallistumissyiksi.<\/li>\n\n\n\n<li>Osallistujista 38 % toimi yksityisell\u00e4 sektorilla ja 34 % julkisella sektorilla, erityisesti viheralueiden rakentamisen, suunnittelun, kuntatekniikan ja kaupunkisuunnittelun parissa, mukana oli my\u00f6s alan opiskelijoita (17 %).<\/li>\n\n\n\n<li>L\u00e4hes 70 % osallistujista kertoi vaikuttavansa hankintap\u00e4\u00e4t\u00f6ksiin omassa organisaatiossaan.<\/li>\n<\/ul>\n\n\n\n<p>Seuraavia Viherp\u00e4ivi\u00e4 suunnitellaan jo! Viherp\u00e4iv\u00e4t j\u00e4rjestet\u00e4\u00e4n Jyv\u00e4skyl\u00e4ss\u00e4 11.-12.2.2026 yhteisty\u00f6ss\u00e4 Talvitiep\u00e4ivien kanssa. Ensi vuoden teema on \u201dHyvinvointi rakentuu el\u00e4v\u00e4ss\u00e4 ymp\u00e4rist\u00f6ss\u00e4&#8221;.&nbsp;<\/p>\n\n\n\n<p><\/p>\n","protected":false},"excerpt":{"rendered":"<p>Viherp\u00e4iv\u00e4t 2025Yksitt\u00e4isi\u00e4 n\u00e4yttelyk\u00e4vij\u00f6it\u00e4 1623Yksitt\u00e4isi\u00e4 seminaarik\u00e4vij\u00f6it\u00e4 776&nbsp;ViherGaalaan osallistujia 538 Viherp\u00e4ivill\u00e4 tehd\u00e4\u00e4n p\u00e4\u00e4t\u00f6ksi\u00e4, luodaan suhteita ja kasvatetaan osaamista Viherp\u00e4iv\u00e4t kokoavat vuosittain yhteen viherymp\u00e4rist\u00f6jen rakentamisen, suunnittelun, kunnossapidon ja kehitt\u00e4misen asiantuntijat \u2013 opiskelijoista kokeneisiin ammattilaisiin. T\u00e4n\u00e4 vuonna tapahtuman teemana oli El\u00e4v\u00e4 l\u00e4hivihre\u00e4. Alla koontia tapahtuman saamasta palautteesta. Seuraavia Viherp\u00e4ivi\u00e4 suunnitellaan jo! Viherp\u00e4iv\u00e4t j\u00e4rjestet\u00e4\u00e4n Jyv\u00e4skyl\u00e4ss\u00e4 11.-12.2.2026 yhteisty\u00f6ss\u00e4 Talvitiep\u00e4ivien kanssa. Ensi [&hellip;]<\/p>\n","protected":false},"author":7,"featured_media":0,"parent":18,"menu_order":70,"comment_status":"closed","ping_status":"closed","template":"","meta":{"_acf_changed":false,"_relevanssi_hide_post":"","_relevanssi_hide_content":"","_relevanssi_pin_for_all":"","_relevanssi_pin_keywords":"","_relevanssi_unpin_keywords":"","_relevanssi_related_keywords":"","_relevanssi_related_include_ids":"","_relevanssi_related_exclude_ids":"","_relevanssi_related_no_append":"","_relevanssi_related_not_related":"","_relevanssi_related_posts":"1360,1504,1595,1397,667,1337","_relevanssi_noindex_reason":"","footnotes":""},"class_list":["post-31","page","type-page","status-publish","hentry"],"acf":[],"_links":{"self":[{"href":"https:\/\/www.vyl.fi\/viherpaivat\/wp-json\/wp\/v2\/pages\/31","targetHints":{"allow":["GET"]}}],"collection":[{"href":"https:\/\/www.vyl.fi\/viherpaivat\/wp-json\/wp\/v2\/pages"}],"about":[{"href":"https:\/\/www.vyl.fi\/viherpaivat\/wp-json\/wp\/v2\/types\/page"}],"author":[{"embeddable":true,"href":"https:\/\/www.vyl.fi\/viherpaivat\/wp-json\/wp\/v2\/users\/7"}],"replies":[{"embeddable":true,"href":"https:\/\/www.vyl.fi\/viherpaivat\/wp-json\/wp\/v2\/comments?post=31"}],"version-history":[{"count":7,"href":"https:\/\/www.vyl.fi\/viherpaivat\/wp-json\/wp\/v2\/pages\/31\/revisions"}],"predecessor-version":[{"id":3451,"href":"https:\/\/www.vyl.fi\/viherpaivat\/wp-json\/wp\/v2\/pages\/31\/revisions\/3451"}],"up":[{"embeddable":true,"href":"https:\/\/www.vyl.fi\/viherpaivat\/wp-json\/wp\/v2\/pages\/18"}],"wp:attachment":[{"href":"https:\/\/www.vyl.fi\/viherpaivat\/wp-json\/wp\/v2\/media?parent=31"}],"curies":[{"name":"wp","href":"https:\/\/api.w.org\/{rel}","templated":true}]}}