{"id":76,"date":"2024-08-26T13:44:20","date_gmt":"2024-08-26T10:44:20","guid":{"rendered":"https:\/\/u79114.www2.webdomain.fi\/viherpaivat\/?page_id=76"},"modified":"2026-04-02T09:28:18","modified_gmt":"2026-04-02T06:28:18","slug":"lippujen-hinnat","status":"publish","type":"page","link":"https:\/\/www.vyl.fi\/viherpaivat\/liput\/lippujen-hinnat\/","title":{"rendered":"Lippujen hinnat 2026"},"content":{"rendered":"\n<p><strong>Viherp\u00e4ivien 2026 seminaarilippujen hintaportaat:&nbsp;<\/strong>&nbsp;<\/p>\n\n\n\n<figure class=\"wp-block-table\"><table class=\"has-fixed-layout\"><tbody><tr><td><strong>1.10.2025 klo 8:00 &#8211; 31.10.2025 klo 00:00<\/strong>&nbsp;<\/td><td>Early bird -hinta -10 % alennus t\u00e4yspaketista ja seminaaripaketista on voimassa 3.10.-31.10. v\u00e4lisen\u00e4 aikana. Muut liput ovat normaalihintaisina myynniss\u00e4.&nbsp;<\/td><\/tr><tr><td><strong>1.11.2025 klo 00:00 -16.1.2026 klo 10:00<\/strong><\/td><td>Normaalihintaiset liput myynniss\u00e4&nbsp;<\/td><\/tr><tr><td><strong>16.1.2026 klo 10:00 \u2013 28.1.2026 klo 10:00<\/strong>&nbsp;<\/td><td>Kaikkiin lipputyyppeihin lis\u00e4t\u00e4\u00e4n +10 %&nbsp;<\/td><\/tr><tr><td><strong>28.1.2026 klo 10:00 \u2013 12.2.2026 klo 15:00<\/strong>&nbsp; &nbsp;&nbsp;<\/td><td>Late bird -lippu +10 %&nbsp;&nbsp; Late bird- lippu sis\u00e4lt\u00e4\u00e4 sis\u00e4\u00e4np\u00e4\u00e4syn seminaareihin ja suurn\u00e4yttelyyn, ei sis\u00e4ll\u00e4 tarjoiluja.&nbsp;<\/td><\/tr><tr><td colspan=\"2\"><strong>Ryhm\u00e4alennus<\/strong> ryhm\u00e4lipuista -10 %. Saat ryhm\u00e4alennuksen, kun ilmoitat kerralla v\u00e4hint\u00e4\u00e4n 3 henkil\u00f6\u00e4. <strong>Ryhm\u00e4alennuksen saa 1.10.2025-16.1. 2026 klo 10 v\u00e4lisen\u00e4 aikana ostetuista lipuista.<\/strong>&nbsp; &nbsp;&nbsp;<\/td><\/tr><tr><td colspan=\"2\"><strong>Opiskelijan tapahtumapassi<\/strong> on maksuton ja sis\u00e4lt\u00e4\u00e4 sis\u00e4\u00e4np\u00e4\u00e4syn Viherp\u00e4ivien ja Talvitiep\u00e4ivien seminaareihin ja suurn\u00e4yttelyyn koko tapahtuman ajan. HUOM! Ei sis\u00e4ll\u00e4 luentomateriaaleja, tallenteita, kahveja ja lounaita, kuohuviinilasillista ja iltajuhlaa.&nbsp;<\/td><\/tr><\/tbody><\/table><\/figure>\n\n\n\n<h2 class=\"wp-block-heading\">HINNAT 2026<\/h2>\n\n\n\n<figure class=\"wp-block-table\"><table><tbody><tr><td><strong>LIPPUTYYPPI<\/strong><\/td><td>Hinta \u20ac alv 0%<\/td><td>Hinta \u20ac sis. alv 25,5%<\/td><\/tr><tr><td><strong>EARLY BIRD T\u00e4yspaketti 2pv<\/strong> <br>Sis\u00e4lt\u00e4\u00e4 kahden p\u00e4iv\u00e4n seminaarit sek\u00e4 Viherp\u00e4iville ett\u00e4 Talvitiep\u00e4iville, suurn\u00e4yttelyn, Viherp\u00e4ivien luentomateriaalit ja luentotallenteet, kahvit, lounaat, kuohuviinilasillisen ja ViherGaalan. Early bird t\u00e4yspaketti on myynniss\u00e4 1.10.-31.10.2025 v\u00e4lisen\u00e4 aikana. Hintaan lis\u00e4t\u00e4\u00e4n palvelumaksu 4,5\u20ac\/lippu.<br><br>HUOM! Lippukaupassa illalliskortti l\u00f6ytyy v\u00e4lilehdelt\u00e4 <br>ILLALLISKORTIT. Valitse Illalliskortit-v\u00e4lilehdell\u00e4 istumapaikkasi kartalta. T\u00e4m\u00e4n j\u00e4lkeen valitse ILLALLISKORTTI \/VIHERGAALA ja lis\u00e4\u00e4 liput ostoskoriin. Huomaathan, ett\u00e4 paikalle tulee sen henkil\u00f6n nimi, joka on kirjattu lippuun osallistujaksi. Jos k\u00e4yt\u00e4t lipun ostossa organisaatiosi nime\u00e4, huolehdithan, ett\u00e4 kutsumasi henkil\u00f6t l\u00f6yt\u00e4v\u00e4t oikeille paikoille.&nbsp;&nbsp;<br><br><strong>Istumapaikan vaihtaminen&nbsp;<\/strong><br><em>Valitse paikkasi huolellisesti. Paikan vaihtaminen onnistuu ainoastaan perumalla lippusi Liveton asiakaspalvelun kautta ja ostamalla uusi. Vaihtaminen tulee tehd\u00e4 ilmoittautumisajan p\u00e4\u00e4ttymiseen <\/em><strong><em>28.1.2026 klo 10 menness\u00e4.<\/em><\/strong><em>&nbsp;<\/em><\/td><td>506,36&nbsp;&nbsp;&nbsp;&nbsp;&nbsp;&nbsp;&nbsp;&nbsp;&nbsp;&nbsp;&nbsp;&nbsp;&nbsp;&nbsp;&nbsp;&nbsp;&nbsp;<\/td><td>635,48<\/td><\/tr><tr><td><strong>EARLY BIRD Seminaaripaketti 2 pv<\/strong> <br>Sis\u00e4lt\u00e4\u00e4 kahden p\u00e4iv\u00e4n Viherp\u00e4ivien seminaarit, suurn\u00e4yttelyn, luentomateriaalit, luentotallenteet, kahvit ja lounaat. HUOM! Ei sis\u00e4ll\u00e4 kuohuviinilasillista ja ViherGaalaa. Early bird seminaaripaketti on myynniss\u00e4 1.10.-31.10.2025 v\u00e4lisen\u00e4 aikana. <br>Hintaan lis\u00e4t\u00e4\u00e4n palvelumaksu 4,5\u20ac\/lippu.<\/td><td>425,18&nbsp;&nbsp;&nbsp;&nbsp;&nbsp;&nbsp;&nbsp;&nbsp;&nbsp;&nbsp;&nbsp;&nbsp;&nbsp;&nbsp;&nbsp;&nbsp;&nbsp;<\/td><td>533,60<\/td><\/tr><tr><td><strong>T\u00c4YSPAKETTI 2pv<\/strong> <br>Sis\u00e4lt\u00e4\u00e4 kahden p\u00e4iv\u00e4n seminaarit sek\u00e4 Viherp\u00e4iville ett\u00e4 Talvitiep\u00e4iville, suurn\u00e4yttelyn, Viherp\u00e4ivien luentomateriaalit ja luentotallenteet, kahvit, lounaat, kuohuviinilasillisen ja ViherGaalan. Hintaan lis\u00e4t\u00e4\u00e4n palvelumaksu 4,5\u20ac\/lippu. Myyd\u00e4\u00e4n 1.11.2025 klo 00:00 -16.1.2026 klo 10:00 v\u00e4lisen\u00e4 aikana. <br>Hintaan lis\u00e4t\u00e4\u00e4n 16.1. klo 10 alkaen 10%.<br><br>HUOM! Lippukaupassa illalliskortti l\u00f6ytyy v\u00e4lilehdelt\u00e4 <br>ILLALLISKORTIT. Valitse Illalliskortit-v\u00e4lilehdell\u00e4 istumapaikkasi kartalta. T\u00e4m\u00e4n j\u00e4lkeen valitse ILLALLISKORTTI \/VIHERGAALA ja lis\u00e4\u00e4 liput ostoskoriin. Huomaathan, ett\u00e4 paikalle tulee sen henkil\u00f6n nimi, joka on kirjattu lippuun osallistujaksi. Jos k\u00e4yt\u00e4t lipun ostossa organisaatiosi nime\u00e4, huolehdithan, ett\u00e4 kutsumasi henkil\u00f6t l\u00f6yt\u00e4v\u00e4t oikeille paikoille.&nbsp;&nbsp;<br><br><strong>Istumapaikan vaihtaminen&nbsp;<\/strong><br><em>Valitse paikkasi huolellisesti. Paikan vaihtaminen onnistuu ainoastaan perumalla lippusi Liveton asiakaspalvelun kautta ja ostamalla uusi. Vaihtaminen tulee tehd\u00e4 ilmoittautumisajan p\u00e4\u00e4ttymiseen <\/em><strong><em>28.1.2026 klo 10 menness\u00e4.<\/em><\/strong><em>&nbsp;<\/em><\/td><td>562,62&nbsp;&nbsp;&nbsp;&nbsp;&nbsp;&nbsp;&nbsp;&nbsp;&nbsp;&nbsp;&nbsp;&nbsp;&nbsp;&nbsp;&nbsp;&nbsp;&nbsp;<\/td><td>706,09<\/td><\/tr><tr><td><strong>SEMINAARIPAKETTI 2pv<\/strong> <br>Sis\u00e4lt\u00e4\u00e4 kahden p\u00e4iv\u00e4n Viherp\u00e4ivien seminaarit, suurn\u00e4yttelyn, luentomateriaalit, luentotallenteet, kahvit ja lounaat. HUOM! Ei sis\u00e4ll\u00e4 kuohuviinilasillista ja ViherGaalaa. Hintaan lis\u00e4t\u00e4\u00e4n palvelumaksu 4,5\u20ac\/lippu. <br>Hintaan lis\u00e4t\u00e4\u00e4n 16.1. klo 10 alkaen 10%.<\/td><td>472,42<\/td><td>592,89<\/td><\/tr><tr><td><strong>YHDEN P\u00c4IV\u00c4N SEMINAARILIPPU (ke 11.2.)<\/strong> <br>Sis\u00e4lt\u00e4\u00e4 yhden p\u00e4iv\u00e4n Viherp\u00e4ivien seminaarit, suurn\u00e4yttelyn, p\u00e4iv\u00e4n luentomateriaalit ja luentotallenteet, kahvit ja lounaan. HUOM! Ei sis\u00e4ll\u00e4 kuohuviinilasillista ja ViherGaalaa. Hintaan lis\u00e4t\u00e4\u00e4n palvelumaksu 4,5\u20ac\/lippu. Hintaan lis\u00e4t\u00e4\u00e4n 16.1. klo 10 alkaen 10%.<\/td><td>298,78&nbsp;&nbsp;&nbsp;&nbsp;&nbsp;&nbsp;&nbsp;&nbsp;&nbsp;&nbsp;&nbsp;&nbsp;&nbsp;&nbsp;&nbsp;&nbsp;&nbsp;<\/td><td>374,97<\/td><\/tr><tr><td><strong>YHDEN P\u00c4IV\u00c4N SEMINAARILIPPU (to 12.2.)<\/strong> <br>Sis\u00e4lt\u00e4\u00e4 yhden p\u00e4iv\u00e4n Viherp\u00e4ivien seminaarit, suurn\u00e4yttelyn, p\u00e4iv\u00e4n luentomateriaalit ja luentotallenteet, lounaan ja kahvin. Hintaan lis\u00e4t\u00e4\u00e4n palvelumaksu 4,5\u20ac\/lippu. Hintaan lis\u00e4t\u00e4\u00e4n 16.1. klo 10 alkaen 10%.<\/td><td>298,78&nbsp;&nbsp;&nbsp;&nbsp;&nbsp;&nbsp;&nbsp;&nbsp;&nbsp;&nbsp;&nbsp;&nbsp;&nbsp;&nbsp;&nbsp;&nbsp;&nbsp;<\/td><td>374,97<\/td><\/tr><tr><td>&nbsp;<\/td><td>&nbsp;<\/td><td>&nbsp;<\/td><\/tr><tr><td><strong>OPETTAJA\/EL\u00c4KEL\u00c4INEN\/TY\u00d6T\u00d6N P\u00c4IV\u00c4PAKETTI 2 pv<\/strong> <br>Sis\u00e4lt\u00e4\u00e4 kahden p\u00e4iv\u00e4n Viherp\u00e4ivien seminaarit, suurn\u00e4yttelyn, luentomateriaalit, luentotallenteet, kahvit ja lounaat. HUOM! Ei sis\u00e4ll\u00e4 kuohuviinilasillista ja ViherGaalaa. Hintaan lis\u00e4t\u00e4\u00e4n palvelumaksu 4,5\u20ac\/lippu. Hintaan lis\u00e4t\u00e4\u00e4n 16.1. klo 10 alkaen 10%.<\/td><td>235,64<\/td><td>295,73<\/td><\/tr><tr><td><strong>OPETTAJA\/EL\u00c4KEL\u00c4INEN\/TY\u00d6T\u00d6N 1 pv (ke 11.2.) <\/strong>&nbsp; <br>Sis\u00e4lt\u00e4\u00e4 yhden p\u00e4iv\u00e4n Viherp\u00e4ivien seminaarit, n\u00e4yttelyn, luentomateriaalit, luentotallenteet, kahvit ja lounaan. HUOM! Ei sis\u00e4ll\u00e4 kuohuviinilasillista ja ViherGaalaa. Hintaan lis\u00e4t\u00e4\u00e4n palvelumaksu 4,5\u20ac\/lippu. Hintaan lis\u00e4t\u00e4\u00e4n 16.1. klo 10 alkaen 10%.<\/td><td>152,21<\/td><td>191,02<\/td><\/tr><tr><td><strong>OPETTAJA\/EL\u00c4KEL\u00c4INEN\/TY\u00d6T\u00d6N 1 pv (to 12.2.) <\/strong><br>Sis\u00e4lt\u00e4\u00e4 yhden p\u00e4iv\u00e4n Viherp\u00e4ivien seminaarit, n\u00e4yttelyn, luentomateriaalit, luentotallenteet, kahvin ja lounaan. HUOM! Ei sis\u00e4ll\u00e4 kuohuviinilasillista ja ViherGaalaa. Hintaan lis\u00e4t\u00e4\u00e4n palvelumaksu 4,5\u20ac\/lippu. Hintaan lis\u00e4t\u00e4\u00e4n 16.1. klo 10 alkaen 10%.<\/td><td>152,21<\/td><td>191,02<\/td><\/tr><tr><td colspan=\"3\"><strong>RYHM\u00c4LIPUT:<\/strong><\/td><\/tr><tr><td><strong>RYHM\u00c4LIPPU T\u00c4YSPAKETTI 2pv<\/strong> <br>Sis\u00e4lt\u00e4\u00e4 kahden p\u00e4iv\u00e4n seminaarit sek\u00e4 Viherp\u00e4iville ett\u00e4 Talvitiep\u00e4iville, suurn\u00e4yttelyn, Viherp\u00e4ivien luentomateriaalit ja luentotallenteet, kahvit, lounaat, kuohuviinilasillisen ja ViherGaalan. Hintaan lis\u00e4t\u00e4\u00e4n palvelumaksu 4,5\u20ac\/lippu.<br><br><strong>Voit valita t\u00e4m\u00e4n, mik\u00e4li ilmoitat v\u00e4hint\u00e4\u00e4n kolme henkil\u00f6\u00e4<\/strong>. Hintaan lis\u00e4t\u00e4\u00e4n palvelumaksu 4,5\u20ac\/lippu. Ryhm\u00e4liput ovat myynniss\u00e4 1.10.2025-16.1.2026 klo 10 v\u00e4lisen\u00e4 aikana.<br><br>HUOM! Lippukaupassa illalliskortti l\u00f6ytyy v\u00e4lilehdelt\u00e4 <br>ILLALLISKORTIT. Valitse Illalliskortit-v\u00e4lilehdell\u00e4 istumapaikkasi kartalta. T\u00e4m\u00e4n j\u00e4lkeen valitse ILLALLISKORTTI \/VIHERGAALA ja lis\u00e4\u00e4 liput ostoskoriin. Huomaathan, ett\u00e4 paikalle tulee sen henkil\u00f6n nimi, joka on kirjattu lippuun osallistujaksi. Jos k\u00e4yt\u00e4t lipun ostossa organisaatiosi nime\u00e4, huolehdithan, ett\u00e4 kutsumasi henkil\u00f6t l\u00f6yt\u00e4v\u00e4t oikeille paikoille.&nbsp;&nbsp;<br><br><strong>Istumapaikan vaihtaminen&nbsp;<\/strong><br><em>Valitse paikkasi huolellisesti. Paikan vaihtaminen onnistuu ainoastaan perumalla lippusi Liveton asiakaspalvelun kautta ja ostamalla uusi. Vaihtaminen tulee tehd\u00e4 ilmoittautumisajan p\u00e4\u00e4ttymiseen <\/em><strong><em>28.1.2026 klo 10 menness\u00e4.<\/em><\/strong><em>&nbsp;<\/em><\/td><td>450,09<\/td><td>564,87<\/td><\/tr><tr><td rowspan=\"4\"><strong>RYHM\u00c4LIPPU SEMINAARIPAKETTI 2 pv<\/strong> Sis\u00e4lt\u00e4\u00e4 kahden p\u00e4iv\u00e4n Viherp\u00e4ivien seminaarit, suurn\u00e4yttelyn, luentomateriaalit, luentotallenteet, kahvit ja lounaat. HUOM! Ei sis\u00e4ll\u00e4 kuohuviinilasillista ja ViherGaalaa. <br><strong>Voit valita t\u00e4m\u00e4n, mik\u00e4li ilmoitat v\u00e4hint\u00e4\u00e4n kolme henkil\u00f6\u00e4.<\/strong> Hintaan lis\u00e4t\u00e4\u00e4n palvelumaksu 4,5\u20ac\/lippu. Ryhm\u00e4liput ovat myynniss\u00e4 1.10.2025-16.1.2026 klo 10 v\u00e4lisen\u00e4 aikana.<\/td><td>377,93<\/td><td>474,31<\/td><\/tr><tr><td><\/td><td><\/td><\/tr><tr><td><\/td><td><\/td><\/tr><tr><td><\/td><td><\/td><\/tr><tr><td rowspan=\"2\"><strong>RYHM\u00c4LIPPU SEMINAARI 1 pv (ke 11.2.)<\/strong> Sis\u00e4lt\u00e4\u00e4 yhden p\u00e4iv\u00e4n Viherp\u00e4ivien seminaarit (ke 11.2.), suurn\u00e4yttelyn, luentomateriaalit, p\u00e4iv\u00e4n luentotallenteet, kahvit ja lounaan. HUOM! Ei sis\u00e4ll\u00e4 kuohuviinilasillista ja ViherGaalaa. <br><strong>Voit valita t\u00e4m\u00e4n, mik\u00e4li ilmoitat v\u00e4hint\u00e4\u00e4n kolme henkil\u00f6\u00e4.<\/strong> Hintaan lis\u00e4t\u00e4\u00e4n palvelumaksu 4,5\u20ac\/lippu. Ryhm\u00e4liput ovat myynniss\u00e4 1.10.2025-16.1. 2026 klo 10 v\u00e4lisen\u00e4 aikana.<\/td><td>239,03<\/td><td>299,98<\/td><\/tr><tr><td colspan=\"2\"><\/td><\/tr><tr><td rowspan=\"2\"><strong>RYHM\u00c4LIPPU SEMINAARI 1 pv (to 12.2.)<\/strong> Sis\u00e4lt\u00e4\u00e4 yhden p\u00e4iv\u00e4n Viherp\u00e4ivien seminaarit (to 12.2.), suurn\u00e4yttelyn, luentomateriaalit, p\u00e4iv\u00e4n luentotallenteet, lounaan ja kahvin. <br><strong>Voit valita t\u00e4m\u00e4n, mik\u00e4li ilmoitat v\u00e4hint\u00e4\u00e4n kolme henkil\u00f6\u00e4.<\/strong> Hintaan lis\u00e4t\u00e4\u00e4n palvelumaksu 4,5\u20ac\/lippu. Ryhm\u00e4liput ovat myynniss\u00e4 1.10.2025-16.1.2026 klo 10 v\u00e4lisen\u00e4 aikana.<\/td><td>239,03<\/td><td>299,98<\/td><\/tr><tr><td colspan=\"2\"><\/td><\/tr><tr><td colspan=\"3\"><strong>LATE BIRD LIPUT<\/strong><\/td><\/tr><tr><td rowspan=\"2\"><strong>LATE BIRD-LIPPU 2pv<\/strong>, myynniss\u00e4 28.1. klo 10 &#8211; 12.2. klo 15 v\u00e4lisen\u00e4 aikana. Sis\u00e4lt\u00e4\u00e4 vain Viherp\u00e4ivien seminaarit, suurn\u00e4yttelyn ja luentotallenteet, ei ruokailuja ja kahveja. Hintaan lis\u00e4t\u00e4\u00e4n palvelumaksu 4,5\u20ac\/lippu.<\/td><td>571,62<\/td><td>717,38<\/td><\/tr><tr><td colspan=\"2\"><\/td><\/tr><tr><td rowspan=\"2\"><strong>LATE BIRD-LIPPU 1pv (ke 11.2.)<\/strong> myynniss\u00e4 28.1. klo 10 &#8211; 11.2. klo 15 v\u00e4lisen\u00e4 aikana. Sis\u00e4lt\u00e4\u00e4 vain ke 11.2. seminaarit, suurn\u00e4yttelyn ja luentotallenteet, ei ruokailuja ja kahveja. Hintaan lis\u00e4t\u00e4\u00e4n palvelumaksu 4,5\u20ac\/lippu.<\/td><td>285,97<\/td><td>358,89<\/td><\/tr><tr><td colspan=\"2\"><\/td><\/tr><tr><td rowspan=\"2\"><strong>LATE BIRD-LIPPU 1pv (to 12.2.)<\/strong> myynniss\u00e4 28.1. klo 10 &#8211; 12.2. klo 15 v\u00e4lisen\u00e4 aikana. Sis\u00e4lt\u00e4\u00e4 vain to 12.2. seminaarit, suurn\u00e4yttelyn ja luentotallenteet, ei ruokailuja ja kahveja. Hintaan lis\u00e4t\u00e4\u00e4n palvelumaksu 4,5\u20ac\/lippu.<\/td><td>285,97<\/td><td>358,89<\/td><\/tr><tr><td colspan=\"2\"><\/td><\/tr><tr><td><strong>ILLALLISKORTTI<\/strong><\/td><td>144<\/td><td>180,72<\/td><\/tr><tr><td>Sis\u00e4lt\u00e4\u00e4 ViherGaalan etkot, alkumaljan, 3 ruokalajin illallisen ruokajuomineen sek\u00e4 iltaohjelman. ViherGaala j\u00e4rjestet\u00e4\u00e4n ke 11.2. Paviljongissa. ViherGaalan istumapaikka valitaan lipun oston yhteydess\u00e4 istumapaikkakartasta. Hintaan lis\u00e4t\u00e4\u00e4n palvelumaksu 4,5\u20ac\/lippu. &nbsp;<strong> Illalliskortti on myynniss\u00e4 1.10. &#8211; 28.1. klo 10 v\u00e4lisen\u00e4 aikana.<\/strong><br><br>HUOM! Lippukaupassa illalliskortti l\u00f6ytyy v\u00e4lilehdelt\u00e4 <br>ILLALLISKORTIT. Valitse Illalliskortit-v\u00e4lilehdell\u00e4 istumapaikkasi kartalta. T\u00e4m\u00e4n j\u00e4lkeen valitse ILLALLISKORTTI \/VIHERGAALA ja lis\u00e4\u00e4 liput ostoskoriin. Huomaathan, ett\u00e4 paikalle tulee sen henkil\u00f6n nimi, joka on kirjattu lippuun osallistujaksi. Jos k\u00e4yt\u00e4t lipun ostossa organisaatiosi nime\u00e4, huolehdithan, ett\u00e4 kutsumasi henkil\u00f6t l\u00f6yt\u00e4v\u00e4t oikeille paikoille.&nbsp;&nbsp;<br><br><strong>Istumapaikan vaihtaminen&nbsp;<\/strong><br><em>Valitse paikkasi huolellisesti. Paikan vaihtaminen onnistuu ainoastaan perumalla lippusi Liveton asiakaspalvelun kautta ja ostamalla uusi. Vaihtaminen tulee tehd\u00e4 ilmoittautumisajan p\u00e4\u00e4ttymiseen <\/em><strong><em>28.1.2026 klo 10 menness\u00e4.<\/em><\/strong><em>&nbsp;<\/em><\/td><td colspan=\"2\"><\/td><\/tr><\/tbody><\/table><\/figure>\n\n\n\n<figure class=\"wp-block-table\"><table><tbody><tr><td><strong>MAKSUTTOMAT LIPUT<\/strong><\/td><td><\/td><\/tr><tr><td><strong>OPISKELIJAPASSI<\/strong> <br>Oikeuttaa sis\u00e4\u00e4np\u00e4\u00e4syyn Viherp\u00e4ivien ja Talvitiep\u00e4ivien seminaareihin ja suurn\u00e4yttelyyn (p\u00e4\u00e4toiminen opiskelija) <strong>koko tapahtuman ajan.<\/strong> HUOM! Ei sis\u00e4ll\u00e4 luentomateriaaleja, tallenteita, kahveja ja lounaita, kuohuviinilasillista ja ViherGaalaa.<\/td><td>0<\/td><\/tr><tr><td><strong>SUURN\u00c4YTTELYLIPPU 2 pv<\/strong> <br>Rekister\u00f6idy n\u00e4yttelyk\u00e4vij\u00e4ksi! P\u00e4\u00e4set yhdell\u00e4 lipulla Viherp\u00e4ivien ja Talvitiep\u00e4ivien yhteiseen suurn\u00e4yttelyyn molempina n\u00e4yttelyp\u00e4iv\u00e4n\u00e4. Voit tulostaa p\u00e4\u00e4sylipun itsellesi tai n\u00e4ytt\u00e4\u00e4 sen puhelimelta n\u00e4yttelyn ovella. <br><br>HUOM! Suurn\u00e4yttely on maksuton. Kaikkiin seminaarilippuihin sis\u00e4ltyy n\u00e4yttelyn sis\u00e4\u00e4np\u00e4\u00e4sy, joten jos olet ostanut seminaarilipun, sinun ei tarvitse erikseen rekister\u00f6ity\u00e4 n\u00e4yttelyk\u00e4vij\u00e4ksi. Voit rekister\u00f6ity\u00e4 n\u00e4yttelyyn 1.10.2025-12.2.2026 klo 15 v\u00e4lisen\u00e4 aikana<\/td><td>0<\/td><\/tr><tr><td><strong>PRE-SEMINAARI:<\/strong> R\u00e4\u00e4t\u00e4l\u00f6ity\u00e4 kosteikko-osaamista viheralalle<\/td><td>0<\/td><\/tr><tr><td><strong>PRE-SEMINAARI:<\/strong> RT ty\u00f6paja<\/td><td>0<\/td><\/tr><tr><td><strong>PRE-SEMINAARI: <\/strong>Viheralan organisaatioiden ajankohtaiset puheenaiheet<\/td><td>0<\/td><\/tr><\/tbody><\/table><\/figure>\n\n\n\n<div class=\"wp-block-buttons is-layout-flex wp-block-buttons-is-layout-flex\">\n<div class=\"wp-block-button\"><a class=\"wp-block-button__link wp-element-button\" href=\"https:\/\/events.liveto.io\/events\/viherpaivat-2026\" target=\"_blank\" rel=\"noreferrer noopener\">OSTA LIPUT<\/a><\/div>\n<\/div>\n\n\n\n<p><\/p>\n","protected":false},"excerpt":{"rendered":"<p>Viherp\u00e4ivien 2026 seminaarilippujen hintaportaat:&nbsp;&nbsp; 1.10.2025 klo 8:00 &#8211; 31.10.2025 klo 00:00&nbsp; Early bird -hinta -10 % alennus t\u00e4yspaketista ja seminaaripaketista on voimassa 3.10.-31.10. v\u00e4lisen\u00e4 aikana. Muut liput ovat normaalihintaisina myynniss\u00e4.&nbsp; 1.11.2025 klo 00:00 -16.1.2026 klo 10:00 Normaalihintaiset liput myynniss\u00e4&nbsp; 16.1.2026 klo 10:00 \u2013 28.1.2026 klo 10:00&nbsp; Kaikkiin lipputyyppeihin lis\u00e4t\u00e4\u00e4n +10 %&nbsp; 28.1.2026 klo 10:00 \u2013 [&hellip;]<\/p>\n","protected":false},"author":7,"featured_media":0,"parent":14,"menu_order":10,"comment_status":"closed","ping_status":"closed","template":"","meta":{"_acf_changed":false,"_relevanssi_hide_post":"","_relevanssi_hide_content":"","_relevanssi_pin_for_all":"","_relevanssi_pin_keywords":"","_relevanssi_unpin_keywords":"","_relevanssi_related_keywords":"","_relevanssi_related_include_ids":"","_relevanssi_related_exclude_ids":"","_relevanssi_related_no_append":"","_relevanssi_related_not_related":"","_relevanssi_related_posts":"161,135,158","_relevanssi_noindex_reason":"","footnotes":""},"class_list":["post-76","page","type-page","status-publish","hentry"],"acf":[],"_links":{"self":[{"href":"https:\/\/www.vyl.fi\/viherpaivat\/wp-json\/wp\/v2\/pages\/76","targetHints":{"allow":["GET"]}}],"collection":[{"href":"https:\/\/www.vyl.fi\/viherpaivat\/wp-json\/wp\/v2\/pages"}],"about":[{"href":"https:\/\/www.vyl.fi\/viherpaivat\/wp-json\/wp\/v2\/types\/page"}],"author":[{"embeddable":true,"href":"https:\/\/www.vyl.fi\/viherpaivat\/wp-json\/wp\/v2\/users\/7"}],"replies":[{"embeddable":true,"href":"https:\/\/www.vyl.fi\/viherpaivat\/wp-json\/wp\/v2\/comments?post=76"}],"version-history":[{"count":60,"href":"https:\/\/www.vyl.fi\/viherpaivat\/wp-json\/wp\/v2\/pages\/76\/revisions"}],"predecessor-version":[{"id":3358,"href":"https:\/\/www.vyl.fi\/viherpaivat\/wp-json\/wp\/v2\/pages\/76\/revisions\/3358"}],"up":[{"embeddable":true,"href":"https:\/\/www.vyl.fi\/viherpaivat\/wp-json\/wp\/v2\/pages\/14"}],"wp:attachment":[{"href":"https:\/\/www.vyl.fi\/viherpaivat\/wp-json\/wp\/v2\/media?parent=76"}],"curies":[{"name":"wp","href":"https:\/\/api.w.org\/{rel}","templated":true}]}}