{"id":268,"date":"2025-08-21T14:42:49","date_gmt":"2025-08-21T11:42:49","guid":{"rendered":"https:\/\/www.vyl.fi\/viherymparisto\/?page_id=268"},"modified":"2025-08-21T14:43:17","modified_gmt":"2025-08-21T11:43:17","slug":"valle-valkopoppeli","status":"publish","type":"page","link":"https:\/\/www.vyl.fi\/viherymparisto\/kampanjat\/puunhalausviikko\/puupersoonat\/valle-valkopoppeli\/","title":{"rendered":"Valle, valkopoppeli"},"content":{"rendered":"\n<ul class=\"wp-block-list\">\n<li>ilontuoja Lepaan kampuksen syd\u00e4mess\u00e4<\/li>\n\n\n\n<li>rungon ymp\u00e4rysmitta 580 cm<\/li>\n\n\n\n<li>poistaa ilmansaasteita 2870 grammaa vuodessa<\/li>\n\n\n\n<li>juo huimat 6400 litraa hulevett\u00e4 vuodessa<\/li>\n<\/ul>\n\n\n\n<p>Valkopoppeli Populus alba \u2019Nivea\u2019, asettui Lepaan puutarhaopiston maille 1950-luvulla. N\u00e4ytt\u00e4v\u00e4, katseita vangitseva Valle tuo iloa p\u00e4ivitt\u00e4in kampuksella liikkuville. Vallen asuinymp\u00e4rist\u00f6ss\u00e4 tapahtui suuri muutos, kun sen l\u00e4hist\u00f6lle rakennettiin uusi kampuksen p\u00e4\u00e4rakennus. Vallella on lukemattomia j\u00e4lkel\u00e4isi\u00e4, juurivesoja, joita voi l\u00f6yt\u00e4\u00e4 eri puolilta Suomea.<\/p>\n\n\n\n<figure class=\"wp-block-image size-large\"><img loading=\"lazy\" decoding=\"async\" width=\"1024\" height=\"512\" src=\"https:\/\/www.vyl.fi\/viherymparisto\/wp-content\/uploads\/sites\/2\/2025\/08\/Valle-kuva-logo-1024x512.jpg\" alt=\"\" class=\"wp-image-270\" srcset=\"https:\/\/www.vyl.fi\/viherymparisto\/wp-content\/uploads\/sites\/2\/2025\/08\/Valle-kuva-logo-1024x512.jpg 1024w, https:\/\/www.vyl.fi\/viherymparisto\/wp-content\/uploads\/sites\/2\/2025\/08\/Valle-kuva-logo-300x150.jpg 300w, https:\/\/www.vyl.fi\/viherymparisto\/wp-content\/uploads\/sites\/2\/2025\/08\/Valle-kuva-logo-768x384.jpg 768w, https:\/\/www.vyl.fi\/viherymparisto\/wp-content\/uploads\/sites\/2\/2025\/08\/Valle-kuva-logo.jpg 1240w\" sizes=\"(max-width: 1024px) 100vw, 1024px\" \/><\/figure>\n","protected":false},"excerpt":{"rendered":"<p>Valkopoppeli Populus alba \u2019Nivea\u2019, asettui Lepaan puutarhaopiston maille 1950-luvulla. N\u00e4ytt\u00e4v\u00e4, katseita vangitseva Valle tuo iloa p\u00e4ivitt\u00e4in kampuksella liikkuville. Vallen asuinymp\u00e4rist\u00f6ss\u00e4 tapahtui suuri muutos, kun sen l\u00e4hist\u00f6lle rakennettiin uusi kampuksen p\u00e4\u00e4rakennus. Vallella on lukemattomia j\u00e4lkel\u00e4isi\u00e4, juurivesoja, joita voi l\u00f6yt\u00e4\u00e4 eri puolilta Suomea.<\/p>\n","protected":false},"author":5,"featured_media":269,"parent":188,"menu_order":0,"comment_status":"closed","ping_status":"closed","template":"","meta":{"_acf_changed":false,"_relevanssi_hide_post":"","_relevanssi_hide_content":"","_relevanssi_pin_for_all":"","_relevanssi_pin_keywords":"","_relevanssi_unpin_keywords":"","_relevanssi_related_keywords":"","_relevanssi_related_include_ids":"","_relevanssi_related_exclude_ids":"","_relevanssi_related_no_append":"","_relevanssi_related_not_related":"","_relevanssi_related_posts":"124,115,118,121,141,183","_relevanssi_noindex_reason":"","footnotes":""},"class_list":["post-268","page","type-page","status-publish","has-post-thumbnail","hentry"],"acf":[],"_links":{"self":[{"href":"https:\/\/www.vyl.fi\/viherymparisto\/wp-json\/wp\/v2\/pages\/268","targetHints":{"allow":["GET"]}}],"collection":[{"href":"https:\/\/www.vyl.fi\/viherymparisto\/wp-json\/wp\/v2\/pages"}],"about":[{"href":"https:\/\/www.vyl.fi\/viherymparisto\/wp-json\/wp\/v2\/types\/page"}],"author":[{"embeddable":true,"href":"https:\/\/www.vyl.fi\/viherymparisto\/wp-json\/wp\/v2\/users\/5"}],"replies":[{"embeddable":true,"href":"https:\/\/www.vyl.fi\/viherymparisto\/wp-json\/wp\/v2\/comments?post=268"}],"version-history":[{"count":2,"href":"https:\/\/www.vyl.fi\/viherymparisto\/wp-json\/wp\/v2\/pages\/268\/revisions"}],"predecessor-version":[{"id":272,"href":"https:\/\/www.vyl.fi\/viherymparisto\/wp-json\/wp\/v2\/pages\/268\/revisions\/272"}],"up":[{"embeddable":true,"href":"https:\/\/www.vyl.fi\/viherymparisto\/wp-json\/wp\/v2\/pages\/188"}],"wp:featuredmedia":[{"embeddable":true,"href":"https:\/\/www.vyl.fi\/viherymparisto\/wp-json\/wp\/v2\/media\/269"}],"wp:attachment":[{"href":"https:\/\/www.vyl.fi\/viherymparisto\/wp-json\/wp\/v2\/media?parent=268"}],"curies":[{"name":"wp","href":"https:\/\/api.w.org\/{rel}","templated":true}]}}