{"id":277,"date":"2025-08-21T14:51:03","date_gmt":"2025-08-21T11:51:03","guid":{"rendered":"https:\/\/www.vyl.fi\/viherymparisto\/?page_id=277"},"modified":"2025-08-21T14:51:04","modified_gmt":"2025-08-21T11:51:04","slug":"lea-lehmus","status":"publish","type":"page","link":"https:\/\/www.vyl.fi\/viherymparisto\/kampanjat\/puunhalausviikko\/puupersoonat\/lea-lehmus\/","title":{"rendered":"Lea, lehmus"},"content":{"rendered":"\n<ul class=\"wp-block-list\">\n<li>Lea on lempe\u00e4 syd\u00e4nyst\u00e4v\u00e4, joka kuuntelee ja lohduttaa surevaa<\/li>\n\n\n\n<li>Lean luona on helppo hengitt\u00e4\u00e4, koska se tuo turvallisuuden tunnetta ja puhdistaa ilmaa<\/li>\n<\/ul>\n\n\n\n<p>Lehmus nimelt\u00e4 Lea asuu Levon hautausmaalla Lahdessa. Lealla on t\u00e4rke\u00e4 teht\u00e4v\u00e4 surevien omaisten tukena. Se tuo my\u00f6s el\u00e4m\u00e4n voimaa poistamalla 619 grammaa ilmansaasteita ja sitomalla hiilt\u00e4 8,7 kilogrammaa vuodessa. Lea auttaa my\u00f6s pit\u00e4m\u00e4\u00e4n ymp\u00e4r\u00f6iv\u00e4n maan kuivana: se juo vuodessa 1400 litraa hulevett\u00e4. Lea-lehmus ansaitsee siis itsekin lempe\u00e4n halauksen!<\/p>\n\n\n\n<figure class=\"wp-block-image size-large\"><img loading=\"lazy\" decoding=\"async\" width=\"1024\" height=\"512\" src=\"https:\/\/www.vyl.fi\/viherymparisto\/wp-content\/uploads\/sites\/2\/2025\/08\/Lea-kuva-logo-1024x512.jpg\" alt=\"\" class=\"wp-image-278\" srcset=\"https:\/\/www.vyl.fi\/viherymparisto\/wp-content\/uploads\/sites\/2\/2025\/08\/Lea-kuva-logo-1024x512.jpg 1024w, https:\/\/www.vyl.fi\/viherymparisto\/wp-content\/uploads\/sites\/2\/2025\/08\/Lea-kuva-logo-300x150.jpg 300w, https:\/\/www.vyl.fi\/viherymparisto\/wp-content\/uploads\/sites\/2\/2025\/08\/Lea-kuva-logo-768x384.jpg 768w, https:\/\/www.vyl.fi\/viherymparisto\/wp-content\/uploads\/sites\/2\/2025\/08\/Lea-kuva-logo.jpg 1240w\" sizes=\"(max-width: 1024px) 100vw, 1024px\" \/><\/figure>\n","protected":false},"excerpt":{"rendered":"<p>Lehmus nimelt\u00e4 Lea asuu Levon hautausmaalla Lahdessa. Lealla on t\u00e4rke\u00e4 teht\u00e4v\u00e4 surevien omaisten tukena. Se tuo my\u00f6s el\u00e4m\u00e4n voimaa poistamalla 619 grammaa ilmansaasteita ja sitomalla hiilt\u00e4 8,7 kilogrammaa vuodessa. Lea auttaa my\u00f6s pit\u00e4m\u00e4\u00e4n ymp\u00e4r\u00f6iv\u00e4n maan kuivana: se juo vuodessa 1400 litraa hulevett\u00e4. Lea-lehmus ansaitsee siis itsekin lempe\u00e4n halauksen!<\/p>\n","protected":false},"author":5,"featured_media":279,"parent":188,"menu_order":0,"comment_status":"closed","ping_status":"closed","template":"","meta":{"_acf_changed":false,"_relevanssi_hide_post":"","_relevanssi_hide_content":"","_relevanssi_pin_for_all":"","_relevanssi_pin_keywords":"","_relevanssi_unpin_keywords":"","_relevanssi_related_keywords":"","_relevanssi_related_include_ids":"","_relevanssi_related_exclude_ids":"","_relevanssi_related_no_append":"","_relevanssi_related_not_related":"","_relevanssi_related_posts":"121,141,124,183,112,115","_relevanssi_noindex_reason":"","footnotes":""},"class_list":["post-277","page","type-page","status-publish","has-post-thumbnail","hentry"],"acf":[],"_links":{"self":[{"href":"https:\/\/www.vyl.fi\/viherymparisto\/wp-json\/wp\/v2\/pages\/277","targetHints":{"allow":["GET"]}}],"collection":[{"href":"https:\/\/www.vyl.fi\/viherymparisto\/wp-json\/wp\/v2\/pages"}],"about":[{"href":"https:\/\/www.vyl.fi\/viherymparisto\/wp-json\/wp\/v2\/types\/page"}],"author":[{"embeddable":true,"href":"https:\/\/www.vyl.fi\/viherymparisto\/wp-json\/wp\/v2\/users\/5"}],"replies":[{"embeddable":true,"href":"https:\/\/www.vyl.fi\/viherymparisto\/wp-json\/wp\/v2\/comments?post=277"}],"version-history":[{"count":1,"href":"https:\/\/www.vyl.fi\/viherymparisto\/wp-json\/wp\/v2\/pages\/277\/revisions"}],"predecessor-version":[{"id":280,"href":"https:\/\/www.vyl.fi\/viherymparisto\/wp-json\/wp\/v2\/pages\/277\/revisions\/280"}],"up":[{"embeddable":true,"href":"https:\/\/www.vyl.fi\/viherymparisto\/wp-json\/wp\/v2\/pages\/188"}],"wp:featuredmedia":[{"embeddable":true,"href":"https:\/\/www.vyl.fi\/viherymparisto\/wp-json\/wp\/v2\/media\/279"}],"wp:attachment":[{"href":"https:\/\/www.vyl.fi\/viherymparisto\/wp-json\/wp\/v2\/media?parent=277"}],"curies":[{"name":"wp","href":"https:\/\/api.w.org\/{rel}","templated":true}]}}