{"id":284,"date":"2025-08-21T15:00:53","date_gmt":"2025-08-21T12:00:53","guid":{"rendered":"https:\/\/www.vyl.fi\/viherymparisto\/?page_id=284"},"modified":"2025-08-21T15:00:53","modified_gmt":"2025-08-21T12:00:53","slug":"jalo-tammi","status":"publish","type":"page","link":"https:\/\/www.vyl.fi\/viherymparisto\/kampanjat\/puunhalausviikko\/puupersoonat\/jalo-tammi\/","title":{"rendered":"Jalo, tammi"},"content":{"rendered":"\n<ul class=\"wp-block-list\">\n<li>turvallinen ja luotettava leikkipaikan vartija<\/li>\n\n\n\n<li>luo alueelle suojaa ja varjoa, ja huolehtii keuhkoistamme poistamalla 1007 grammaa ilmansaasteita vuodessa<\/li>\n<\/ul>\n\n\n\n<p>Suuri Jalo-tammi asuu j\u00e4\u00e4kiekkovalmentaja Jukka Jalosen nime\u00e4 kantavassa puistossa Riihim\u00e4en keskustassa. Jalon elinymp\u00e4rist\u00f6 on kokenut vuosien varrella muutoksia: viereen on rakennettu leikkipaikka sek\u00e4 puistok\u00e4yt\u00e4vi\u00e4. Arvostusta ja turvallisuuden tunnetta her\u00e4tt\u00e4v\u00e4 puu on toiminut el\u00e4m\u00e4ns\u00e4 aikana monen el\u00e4imen, linnun ja eli\u00f6n pes\u00e4- ja ruokailupaikkana.<\/p>\n\n\n\n<figure class=\"wp-block-image size-large\"><img loading=\"lazy\" decoding=\"async\" width=\"1024\" height=\"512\" src=\"https:\/\/www.vyl.fi\/viherymparisto\/wp-content\/uploads\/sites\/2\/2025\/08\/Jalo-kuva-logo-1024x512.jpg\" alt=\"\" class=\"wp-image-286\" srcset=\"https:\/\/www.vyl.fi\/viherymparisto\/wp-content\/uploads\/sites\/2\/2025\/08\/Jalo-kuva-logo-1024x512.jpg 1024w, https:\/\/www.vyl.fi\/viherymparisto\/wp-content\/uploads\/sites\/2\/2025\/08\/Jalo-kuva-logo-300x150.jpg 300w, https:\/\/www.vyl.fi\/viherymparisto\/wp-content\/uploads\/sites\/2\/2025\/08\/Jalo-kuva-logo-768x384.jpg 768w, https:\/\/www.vyl.fi\/viherymparisto\/wp-content\/uploads\/sites\/2\/2025\/08\/Jalo-kuva-logo.jpg 1240w\" sizes=\"(max-width: 1024px) 100vw, 1024px\" \/><\/figure>\n","protected":false},"excerpt":{"rendered":"<p>Suuri Jalo-tammi asuu j\u00e4\u00e4kiekkovalmentaja Jukka Jalosen nime\u00e4 kantavassa puistossa Riihim\u00e4en keskustassa. Jalon elinymp\u00e4rist\u00f6 on kokenut vuosien varrella muutoksia: viereen on rakennettu leikkipaikka sek\u00e4 puistok\u00e4yt\u00e4vi\u00e4. Arvostusta ja turvallisuuden tunnetta her\u00e4tt\u00e4v\u00e4 puu on toiminut el\u00e4m\u00e4ns\u00e4 aikana monen el\u00e4imen, linnun ja eli\u00f6n pes\u00e4- ja ruokailupaikkana.<\/p>\n","protected":false},"author":5,"featured_media":285,"parent":188,"menu_order":0,"comment_status":"closed","ping_status":"closed","template":"","meta":{"_acf_changed":false,"_relevanssi_hide_post":"","_relevanssi_hide_content":"","_relevanssi_pin_for_all":"","_relevanssi_pin_keywords":"","_relevanssi_unpin_keywords":"","_relevanssi_related_keywords":"","_relevanssi_related_include_ids":"","_relevanssi_related_exclude_ids":"","_relevanssi_related_no_append":"","_relevanssi_related_not_related":"","_relevanssi_related_posts":"141,115,112,118,183,124","_relevanssi_noindex_reason":"","footnotes":""},"class_list":["post-284","page","type-page","status-publish","has-post-thumbnail","hentry"],"acf":[],"_links":{"self":[{"href":"https:\/\/www.vyl.fi\/viherymparisto\/wp-json\/wp\/v2\/pages\/284","targetHints":{"allow":["GET"]}}],"collection":[{"href":"https:\/\/www.vyl.fi\/viherymparisto\/wp-json\/wp\/v2\/pages"}],"about":[{"href":"https:\/\/www.vyl.fi\/viherymparisto\/wp-json\/wp\/v2\/types\/page"}],"author":[{"embeddable":true,"href":"https:\/\/www.vyl.fi\/viherymparisto\/wp-json\/wp\/v2\/users\/5"}],"replies":[{"embeddable":true,"href":"https:\/\/www.vyl.fi\/viherymparisto\/wp-json\/wp\/v2\/comments?post=284"}],"version-history":[{"count":1,"href":"https:\/\/www.vyl.fi\/viherymparisto\/wp-json\/wp\/v2\/pages\/284\/revisions"}],"predecessor-version":[{"id":287,"href":"https:\/\/www.vyl.fi\/viherymparisto\/wp-json\/wp\/v2\/pages\/284\/revisions\/287"}],"up":[{"embeddable":true,"href":"https:\/\/www.vyl.fi\/viherymparisto\/wp-json\/wp\/v2\/pages\/188"}],"wp:featuredmedia":[{"embeddable":true,"href":"https:\/\/www.vyl.fi\/viherymparisto\/wp-json\/wp\/v2\/media\/285"}],"wp:attachment":[{"href":"https:\/\/www.vyl.fi\/viherymparisto\/wp-json\/wp\/v2\/media?parent=284"}],"curies":[{"name":"wp","href":"https:\/\/api.w.org\/{rel}","templated":true}]}}