{"id":296,"date":"2025-08-21T15:22:24","date_gmt":"2025-08-21T12:22:24","guid":{"rendered":"https:\/\/www.vyl.fi\/viherymparisto\/?page_id=296"},"modified":"2025-08-21T15:22:25","modified_gmt":"2025-08-21T12:22:25","slug":"toivo-vaahtera","status":"publish","type":"page","link":"https:\/\/www.vyl.fi\/viherymparisto\/kampanjat\/puunhalausviikko\/puupersoonat\/toivo-vaahtera\/","title":{"rendered":"Toivo, vaahtera"},"content":{"rendered":"\n<ul class=\"wp-block-list\">\n<li>Toivo seisoo vehre\u00e4n\u00e4 ja eteenp\u00e4in katsoen<br>sankarihaudan ja lasten leikkipaikan v\u00e4liss\u00e4<\/li>\n\n\n\n<li>h\u00f6rppii 1800 litraa hulevett\u00e4 vuodessa<\/li>\n\n\n\n<li>sitoo vuosittan 25,5 kilogrammaa hiilt\u00e4<\/li>\n<\/ul>\n\n\n\n<p>Riihim\u00e4en Itsen\u00e4isyydenpuiston 65-vuotias Toivo-vaahtera on n\u00e4hnyt puiston rakentumisen ymp\u00e4rilleen. 18 metri\u00e4 korkea Toivo luo lempe\u00e4\u00e4 varjoa puistossa liikkuville ihmisille. Vaahtera tarjoaa lehv\u00e4st\u00f6ns\u00e4 siimeksess\u00e4 suojaisan elinymp\u00e4rist\u00f6n ja ravintoa lukemattomille eli\u00f6lajeille. Toivo my\u00f6s huolehtii hengitysilmastamme poistamalla<br>820 grammaa ilmansaasteita vuodessa.<\/p>\n\n\n\n<figure class=\"wp-block-image size-large\"><img loading=\"lazy\" decoding=\"async\" width=\"1024\" height=\"512\" src=\"https:\/\/www.vyl.fi\/viherymparisto\/wp-content\/uploads\/sites\/2\/2025\/08\/Toivo-kuva-logo-1024x512.jpg\" alt=\"\" class=\"wp-image-298\" srcset=\"https:\/\/www.vyl.fi\/viherymparisto\/wp-content\/uploads\/sites\/2\/2025\/08\/Toivo-kuva-logo-1024x512.jpg 1024w, https:\/\/www.vyl.fi\/viherymparisto\/wp-content\/uploads\/sites\/2\/2025\/08\/Toivo-kuva-logo-300x150.jpg 300w, https:\/\/www.vyl.fi\/viherymparisto\/wp-content\/uploads\/sites\/2\/2025\/08\/Toivo-kuva-logo-768x384.jpg 768w, https:\/\/www.vyl.fi\/viherymparisto\/wp-content\/uploads\/sites\/2\/2025\/08\/Toivo-kuva-logo.jpg 1240w\" sizes=\"(max-width: 1024px) 100vw, 1024px\" \/><\/figure>\n","protected":false},"excerpt":{"rendered":"<p>Riihim\u00e4en Itsen\u00e4isyydenpuiston 65-vuotias Toivo-vaahtera on n\u00e4hnyt puiston rakentumisen ymp\u00e4rilleen. 18 metri\u00e4 korkea Toivo luo lempe\u00e4\u00e4 varjoa puistossa liikkuville ihmisille. Vaahtera tarjoaa lehv\u00e4st\u00f6ns\u00e4 siimeksess\u00e4 suojaisan elinymp\u00e4rist\u00f6n ja ravintoa lukemattomille eli\u00f6lajeille. Toivo my\u00f6s huolehtii hengitysilmastamme poistamalla820 grammaa ilmansaasteita vuodessa.<\/p>\n","protected":false},"author":5,"featured_media":297,"parent":188,"menu_order":0,"comment_status":"closed","ping_status":"closed","template":"","meta":{"_acf_changed":false,"_relevanssi_hide_post":"","_relevanssi_hide_content":"","_relevanssi_pin_for_all":"","_relevanssi_pin_keywords":"","_relevanssi_unpin_keywords":"","_relevanssi_related_keywords":"","_relevanssi_related_include_ids":"","_relevanssi_related_exclude_ids":"","_relevanssi_related_no_append":"","_relevanssi_related_not_related":"","_relevanssi_related_posts":"183,124,118,115,141,112","_relevanssi_noindex_reason":"","footnotes":""},"class_list":["post-296","page","type-page","status-publish","has-post-thumbnail","hentry"],"acf":[],"_links":{"self":[{"href":"https:\/\/www.vyl.fi\/viherymparisto\/wp-json\/wp\/v2\/pages\/296","targetHints":{"allow":["GET"]}}],"collection":[{"href":"https:\/\/www.vyl.fi\/viherymparisto\/wp-json\/wp\/v2\/pages"}],"about":[{"href":"https:\/\/www.vyl.fi\/viherymparisto\/wp-json\/wp\/v2\/types\/page"}],"author":[{"embeddable":true,"href":"https:\/\/www.vyl.fi\/viherymparisto\/wp-json\/wp\/v2\/users\/5"}],"replies":[{"embeddable":true,"href":"https:\/\/www.vyl.fi\/viherymparisto\/wp-json\/wp\/v2\/comments?post=296"}],"version-history":[{"count":1,"href":"https:\/\/www.vyl.fi\/viherymparisto\/wp-json\/wp\/v2\/pages\/296\/revisions"}],"predecessor-version":[{"id":299,"href":"https:\/\/www.vyl.fi\/viherymparisto\/wp-json\/wp\/v2\/pages\/296\/revisions\/299"}],"up":[{"embeddable":true,"href":"https:\/\/www.vyl.fi\/viherymparisto\/wp-json\/wp\/v2\/pages\/188"}],"wp:featuredmedia":[{"embeddable":true,"href":"https:\/\/www.vyl.fi\/viherymparisto\/wp-json\/wp\/v2\/media\/297"}],"wp:attachment":[{"href":"https:\/\/www.vyl.fi\/viherymparisto\/wp-json\/wp\/v2\/media?parent=296"}],"curies":[{"name":"wp","href":"https:\/\/api.w.org\/{rel}","templated":true}]}}