{"id":315,"date":"2025-08-21T15:44:39","date_gmt":"2025-08-21T12:44:39","guid":{"rendered":"https:\/\/www.vyl.fi\/viherymparisto\/?page_id=315"},"modified":"2025-08-21T15:44:40","modified_gmt":"2025-08-21T12:44:40","slug":"valpas-metsamanty","status":"publish","type":"page","link":"https:\/\/www.vyl.fi\/viherymparisto\/kampanjat\/puunhalausviikko\/puupersoonat\/valpas-metsamanty\/","title":{"rendered":"Valpas, mets\u00e4m\u00e4nty"},"content":{"rendered":"\n<ul class=\"wp-block-list\">\n<li>noin 100-vuotias paloaseman valpas vahti<\/li>\n\n\n\n<li>kurkottaa 20 metrin korkeuteen<\/li>\n\n\n\n<li>poistaa ilmansaasteita 641 grammaa vuodessa<\/li>\n\n\n\n<li>h\u00f6rppii 1400 litraa hulevett\u00e4 vuodessa<\/li>\n<\/ul>\n\n\n\n<p>Mets\u00e4m\u00e4nty Valpas asuu vanhan paloaseman etupihalla, jossa paloautot aikoinaan ulisivat. Nykyisin Valpas tarjoaa karun asvaltin keskell\u00e4 suojaa, varjoa ja lev\u00e4hdyspaikan el\u00e4imille ja hy\u00f6nteisille. Lumiaura on v\u00e4lill\u00e4 kolhaissut puun runkoon haavoja. Ymp\u00e4rilt\u00e4 on kaadettu puita rakentamisen tielt\u00e4. Sinnik\u00e4s Valpas on kuitenkin parannellut haavansa, sopeutunut uusiin oloihin ja jatkaa yh\u00e4 eloaan.<\/p>\n\n\n\n<figure class=\"wp-block-image size-large\"><img loading=\"lazy\" decoding=\"async\" width=\"1024\" height=\"512\" src=\"https:\/\/www.vyl.fi\/viherymparisto\/wp-content\/uploads\/sites\/2\/2025\/08\/Valpas-kuva-logo-1024x512.jpg\" alt=\"\" class=\"wp-image-317\" srcset=\"https:\/\/www.vyl.fi\/viherymparisto\/wp-content\/uploads\/sites\/2\/2025\/08\/Valpas-kuva-logo-1024x512.jpg 1024w, https:\/\/www.vyl.fi\/viherymparisto\/wp-content\/uploads\/sites\/2\/2025\/08\/Valpas-kuva-logo-300x150.jpg 300w, https:\/\/www.vyl.fi\/viherymparisto\/wp-content\/uploads\/sites\/2\/2025\/08\/Valpas-kuva-logo-768x384.jpg 768w, https:\/\/www.vyl.fi\/viherymparisto\/wp-content\/uploads\/sites\/2\/2025\/08\/Valpas-kuva-logo.jpg 1240w\" sizes=\"(max-width: 1024px) 100vw, 1024px\" \/><\/figure>\n","protected":false},"excerpt":{"rendered":"<p>Mets\u00e4m\u00e4nty Valpas asuu vanhan paloaseman etupihalla, jossa paloautot aikoinaan ulisivat. Nykyisin Valpas tarjoaa karun asvaltin keskell\u00e4 suojaa, varjoa ja lev\u00e4hdyspaikan el\u00e4imille ja hy\u00f6nteisille. Lumiaura on v\u00e4lill\u00e4 kolhaissut puun runkoon haavoja. Ymp\u00e4rilt\u00e4 on kaadettu puita rakentamisen tielt\u00e4. Sinnik\u00e4s Valpas on kuitenkin parannellut haavansa, sopeutunut uusiin oloihin ja jatkaa yh\u00e4 eloaan.<\/p>\n","protected":false},"author":5,"featured_media":316,"parent":188,"menu_order":0,"comment_status":"closed","ping_status":"closed","template":"","meta":{"_acf_changed":false,"_relevanssi_hide_post":"","_relevanssi_hide_content":"","_relevanssi_pin_for_all":"","_relevanssi_pin_keywords":"","_relevanssi_unpin_keywords":"","_relevanssi_related_keywords":"","_relevanssi_related_include_ids":"","_relevanssi_related_exclude_ids":"","_relevanssi_related_no_append":"","_relevanssi_related_not_related":"","_relevanssi_related_posts":"124,141,183,118,115,121","_relevanssi_noindex_reason":"","footnotes":""},"class_list":["post-315","page","type-page","status-publish","has-post-thumbnail","hentry"],"acf":[],"_links":{"self":[{"href":"https:\/\/www.vyl.fi\/viherymparisto\/wp-json\/wp\/v2\/pages\/315","targetHints":{"allow":["GET"]}}],"collection":[{"href":"https:\/\/www.vyl.fi\/viherymparisto\/wp-json\/wp\/v2\/pages"}],"about":[{"href":"https:\/\/www.vyl.fi\/viherymparisto\/wp-json\/wp\/v2\/types\/page"}],"author":[{"embeddable":true,"href":"https:\/\/www.vyl.fi\/viherymparisto\/wp-json\/wp\/v2\/users\/5"}],"replies":[{"embeddable":true,"href":"https:\/\/www.vyl.fi\/viherymparisto\/wp-json\/wp\/v2\/comments?post=315"}],"version-history":[{"count":1,"href":"https:\/\/www.vyl.fi\/viherymparisto\/wp-json\/wp\/v2\/pages\/315\/revisions"}],"predecessor-version":[{"id":318,"href":"https:\/\/www.vyl.fi\/viherymparisto\/wp-json\/wp\/v2\/pages\/315\/revisions\/318"}],"up":[{"embeddable":true,"href":"https:\/\/www.vyl.fi\/viherymparisto\/wp-json\/wp\/v2\/pages\/188"}],"wp:featuredmedia":[{"embeddable":true,"href":"https:\/\/www.vyl.fi\/viherymparisto\/wp-json\/wp\/v2\/media\/316"}],"wp:attachment":[{"href":"https:\/\/www.vyl.fi\/viherymparisto\/wp-json\/wp\/v2\/media?parent=315"}],"curies":[{"name":"wp","href":"https:\/\/api.w.org\/{rel}","templated":true}]}}