{"id":327,"date":"2025-08-21T15:55:15","date_gmt":"2025-08-21T12:55:15","guid":{"rendered":"https:\/\/www.vyl.fi\/viherymparisto\/?page_id=327"},"modified":"2025-08-21T15:55:15","modified_gmt":"2025-08-21T12:55:15","slug":"hirnu-balkaninhevoskastanja","status":"publish","type":"page","link":"https:\/\/www.vyl.fi\/viherymparisto\/kampanjat\/puunhalausviikko\/puupersoonat\/hirnu-balkaninhevoskastanja\/","title":{"rendered":"Hirnu, balkaninhevoskastanja"},"content":{"rendered":"\n<ul class=\"wp-block-list\">\n<li>100-vuotias tamperelainen<\/li>\n\n\n\n<li>puiston ilontuoja, aina pilke silm\u00e4kulmassa<\/li>\n\n\n\n<li>h\u00f6rppii 1700 litraa hulevett\u00e4 vuodessa<\/li>\n\n\n\n<li>sitoo hiilt\u00e4 yli 30 kg vuodessa<\/li>\n<\/ul>\n\n\n\n<p>Kaunis, vapaasti kasvava Hirnu tuo iloa Tampereen Vanhan kirjastotalon edustalla sijaitsevalla Kustaa II:n aukiolla. Balkaninhevoskastanjalla on pilke silm\u00e4kulmassa &#8211; sen kukat sojottavat hauskasti hiukan eri suuntiin kes\u00e4kuisessa puistossa. Kauniisti kasvava puu ilahduttaa ja el\u00e4hdytt\u00e4\u00e4 my\u00f6s l\u00e4heisen laululavan k\u00e4vij\u00f6it\u00e4.<\/p>\n\n\n\n<figure class=\"wp-block-image size-large\"><img loading=\"lazy\" decoding=\"async\" width=\"1024\" height=\"512\" src=\"https:\/\/www.vyl.fi\/viherymparisto\/wp-content\/uploads\/sites\/2\/2025\/08\/Hirnu-kuva-logo-1024x512.jpg\" alt=\"\" class=\"wp-image-329\" srcset=\"https:\/\/www.vyl.fi\/viherymparisto\/wp-content\/uploads\/sites\/2\/2025\/08\/Hirnu-kuva-logo-1024x512.jpg 1024w, https:\/\/www.vyl.fi\/viherymparisto\/wp-content\/uploads\/sites\/2\/2025\/08\/Hirnu-kuva-logo-300x150.jpg 300w, https:\/\/www.vyl.fi\/viherymparisto\/wp-content\/uploads\/sites\/2\/2025\/08\/Hirnu-kuva-logo-768x384.jpg 768w, https:\/\/www.vyl.fi\/viherymparisto\/wp-content\/uploads\/sites\/2\/2025\/08\/Hirnu-kuva-logo.jpg 1240w\" sizes=\"(max-width: 1024px) 100vw, 1024px\" \/><\/figure>\n","protected":false},"excerpt":{"rendered":"<p>Kaunis, vapaasti kasvava Hirnu tuo iloa Tampereen Vanhan kirjastotalon edustalla sijaitsevalla Kustaa II:n aukiolla. Balkaninhevoskastanjalla on pilke silm\u00e4kulmassa &#8211; sen kukat sojottavat hauskasti hiukan eri suuntiin kes\u00e4kuisessa puistossa. Kauniisti kasvava puu ilahduttaa ja el\u00e4hdytt\u00e4\u00e4 my\u00f6s l\u00e4heisen laululavan k\u00e4vij\u00f6it\u00e4.<\/p>\n","protected":false},"author":5,"featured_media":328,"parent":188,"menu_order":0,"comment_status":"closed","ping_status":"closed","template":"","meta":{"_acf_changed":false,"_relevanssi_hide_post":"","_relevanssi_hide_content":"","_relevanssi_pin_for_all":"","_relevanssi_pin_keywords":"","_relevanssi_unpin_keywords":"","_relevanssi_related_keywords":"","_relevanssi_related_include_ids":"","_relevanssi_related_exclude_ids":"","_relevanssi_related_no_append":"","_relevanssi_related_not_related":"","_relevanssi_related_posts":"118,112,183,141,121,115","_relevanssi_noindex_reason":"","footnotes":""},"class_list":["post-327","page","type-page","status-publish","has-post-thumbnail","hentry"],"acf":[],"_links":{"self":[{"href":"https:\/\/www.vyl.fi\/viherymparisto\/wp-json\/wp\/v2\/pages\/327","targetHints":{"allow":["GET"]}}],"collection":[{"href":"https:\/\/www.vyl.fi\/viherymparisto\/wp-json\/wp\/v2\/pages"}],"about":[{"href":"https:\/\/www.vyl.fi\/viherymparisto\/wp-json\/wp\/v2\/types\/page"}],"author":[{"embeddable":true,"href":"https:\/\/www.vyl.fi\/viherymparisto\/wp-json\/wp\/v2\/users\/5"}],"replies":[{"embeddable":true,"href":"https:\/\/www.vyl.fi\/viherymparisto\/wp-json\/wp\/v2\/comments?post=327"}],"version-history":[{"count":1,"href":"https:\/\/www.vyl.fi\/viherymparisto\/wp-json\/wp\/v2\/pages\/327\/revisions"}],"predecessor-version":[{"id":330,"href":"https:\/\/www.vyl.fi\/viherymparisto\/wp-json\/wp\/v2\/pages\/327\/revisions\/330"}],"up":[{"embeddable":true,"href":"https:\/\/www.vyl.fi\/viherymparisto\/wp-json\/wp\/v2\/pages\/188"}],"wp:featuredmedia":[{"embeddable":true,"href":"https:\/\/www.vyl.fi\/viherymparisto\/wp-json\/wp\/v2\/media\/328"}],"wp:attachment":[{"href":"https:\/\/www.vyl.fi\/viherymparisto\/wp-json\/wp\/v2\/media?parent=327"}],"curies":[{"name":"wp","href":"https:\/\/api.w.org\/{rel}","templated":true}]}}