{"id":334,"date":"2025-08-21T16:03:29","date_gmt":"2025-08-21T13:03:29","guid":{"rendered":"https:\/\/www.vyl.fi\/viherymparisto\/?page_id=334"},"modified":"2025-08-21T16:03:29","modified_gmt":"2025-08-21T13:03:29","slug":"lauri-euroopanlehtikuusi","status":"publish","type":"page","link":"https:\/\/www.vyl.fi\/viherymparisto\/kampanjat\/puunhalausviikko\/puupersoonat\/lauri-euroopanlehtikuusi\/","title":{"rendered":"Lauri, euroopanlehtikuusi"},"content":{"rendered":"\n<ul class=\"wp-block-list\">\n<li>Pyynikin kirkkopuiston 130-vuotias j\u00e4ttil\u00e4inen<\/li>\n\n\n\n<li>luotettava, tuttu ja turvallinen<\/li>\n\n\n\n<li>poistaa ilmasta saasteita 1287 grammaa vuodessa<\/li>\n\n\n\n<li>7500 kilogramman hiilivarasto<\/li>\n<\/ul>\n\n\n\n<p>Aleksanterinkirkon ymp\u00e4rist\u00f6n maisema on s\u00e4ilynyt pitk\u00e4\u00e4n l\u00e4hes ennallaan. Kirkon it\u00e4puolella asuu valtavan kokoinen euroopanlehtikuusi Lauri, joka sekin on saanut elell\u00e4 paikallaan jo noin 130 vuoden ajan. Lauri on mitattu taannoin Suomen suurimmaksi puistossa kasvavaksi euroopanlehtikuuseksi. Sen ymp\u00e4rysmitta onkin huikeat 5,5 metri\u00e4. Koitapa halata!<\/p>\n\n\n\n<figure class=\"wp-block-image size-large\"><img loading=\"lazy\" decoding=\"async\" width=\"1024\" height=\"512\" src=\"https:\/\/www.vyl.fi\/viherymparisto\/wp-content\/uploads\/sites\/2\/2025\/08\/Lauri-kuva-logo-1024x512.jpg\" alt=\"\" class=\"wp-image-338\" srcset=\"https:\/\/www.vyl.fi\/viherymparisto\/wp-content\/uploads\/sites\/2\/2025\/08\/Lauri-kuva-logo-1024x512.jpg 1024w, https:\/\/www.vyl.fi\/viherymparisto\/wp-content\/uploads\/sites\/2\/2025\/08\/Lauri-kuva-logo-300x150.jpg 300w, https:\/\/www.vyl.fi\/viherymparisto\/wp-content\/uploads\/sites\/2\/2025\/08\/Lauri-kuva-logo-768x384.jpg 768w, https:\/\/www.vyl.fi\/viherymparisto\/wp-content\/uploads\/sites\/2\/2025\/08\/Lauri-kuva-logo.jpg 1240w\" sizes=\"(max-width: 1024px) 100vw, 1024px\" \/><\/figure>\n","protected":false},"excerpt":{"rendered":"<p>Aleksanterinkirkon ymp\u00e4rist\u00f6n maisema on s\u00e4ilynyt pitk\u00e4\u00e4n l\u00e4hes ennallaan. Kirkon it\u00e4puolella asuu valtavan kokoinen euroopanlehtikuusi Lauri, joka sekin on saanut elell\u00e4 paikallaan jo noin 130 vuoden ajan. Lauri on mitattu taannoin Suomen suurimmaksi puistossa kasvavaksi euroopanlehtikuuseksi. Sen ymp\u00e4rysmitta onkin huikeat 5,5 metri\u00e4. Koitapa halata!<\/p>\n","protected":false},"author":5,"featured_media":337,"parent":188,"menu_order":0,"comment_status":"closed","ping_status":"closed","template":"","meta":{"_acf_changed":false,"_relevanssi_hide_post":"","_relevanssi_hide_content":"","_relevanssi_pin_for_all":"","_relevanssi_pin_keywords":"","_relevanssi_unpin_keywords":"","_relevanssi_related_keywords":"","_relevanssi_related_include_ids":"","_relevanssi_related_exclude_ids":"","_relevanssi_related_no_append":"","_relevanssi_related_not_related":"","_relevanssi_related_posts":"118,141,112,121,115,124","_relevanssi_noindex_reason":"","footnotes":""},"class_list":["post-334","page","type-page","status-publish","has-post-thumbnail","hentry"],"acf":[],"_links":{"self":[{"href":"https:\/\/www.vyl.fi\/viherymparisto\/wp-json\/wp\/v2\/pages\/334","targetHints":{"allow":["GET"]}}],"collection":[{"href":"https:\/\/www.vyl.fi\/viherymparisto\/wp-json\/wp\/v2\/pages"}],"about":[{"href":"https:\/\/www.vyl.fi\/viherymparisto\/wp-json\/wp\/v2\/types\/page"}],"author":[{"embeddable":true,"href":"https:\/\/www.vyl.fi\/viherymparisto\/wp-json\/wp\/v2\/users\/5"}],"replies":[{"embeddable":true,"href":"https:\/\/www.vyl.fi\/viherymparisto\/wp-json\/wp\/v2\/comments?post=334"}],"version-history":[{"count":1,"href":"https:\/\/www.vyl.fi\/viherymparisto\/wp-json\/wp\/v2\/pages\/334\/revisions"}],"predecessor-version":[{"id":339,"href":"https:\/\/www.vyl.fi\/viherymparisto\/wp-json\/wp\/v2\/pages\/334\/revisions\/339"}],"up":[{"embeddable":true,"href":"https:\/\/www.vyl.fi\/viherymparisto\/wp-json\/wp\/v2\/pages\/188"}],"wp:featuredmedia":[{"embeddable":true,"href":"https:\/\/www.vyl.fi\/viherymparisto\/wp-json\/wp\/v2\/media\/337"}],"wp:attachment":[{"href":"https:\/\/www.vyl.fi\/viherymparisto\/wp-json\/wp\/v2\/media?parent=334"}],"curies":[{"name":"wp","href":"https:\/\/api.w.org\/{rel}","templated":true}]}}