{"id":344,"date":"2025-08-21T16:12:01","date_gmt":"2025-08-21T13:12:01","guid":{"rendered":"https:\/\/www.vyl.fi\/viherymparisto\/?page_id=344"},"modified":"2025-08-21T16:12:02","modified_gmt":"2025-08-21T13:12:02","slug":"sonatto-japaninsiipipahkina","status":"publish","type":"page","link":"https:\/\/www.vyl.fi\/viherymparisto\/kampanjat\/puunhalausviikko\/puupersoonat\/sonatto-japaninsiipipahkina\/","title":{"rendered":"Sonatto, japaninsiipip\u00e4hkin\u00e4"},"content":{"rendered":"\n<ul class=\"wp-block-list\">\n<li>N\u00e4sinpuiston taiteilijavieras kaukomailta<\/li>\n\n\n\n<li>asunut Milavida-palatsin etel\u00e4puolella 20 vuotta<\/li>\n\n\n\n<li>kaksirunkoinen kaunokainen sitoo hiilt\u00e4 8,6 kg ja poistaa ilmansaasteita 593 g vuodessa<\/li>\n<\/ul>\n\n\n\n<p>Eksoottinen japaninsiipip\u00e4hkin\u00e4, japaniksi Nihon no ch\u014d natto, muutti Tampereelle noin 10-vuotiaana vuonna 2005. Sonatto-nimen saanut puu asuu vanhassa historiallisessa N\u00e4sinpuistossa, jossa ymp\u00e4rist\u00f6 on s\u00e4ilynyt hyvin pitk\u00e4lle muuttumattomana monen vuosikymmenen ajan. Taiteilijatyypiksi luonnehdittu puupersoona on saanut kasvaa vapaasti itse\u00e4\u00e4n ilmaisten.<\/p>\n\n\n\n<figure class=\"wp-block-image size-large\"><img loading=\"lazy\" decoding=\"async\" width=\"1024\" height=\"512\" src=\"https:\/\/www.vyl.fi\/viherymparisto\/wp-content\/uploads\/sites\/2\/2025\/08\/Sonatto-kuva-logo-1024x512.jpg\" alt=\"\" class=\"wp-image-346\" srcset=\"https:\/\/www.vyl.fi\/viherymparisto\/wp-content\/uploads\/sites\/2\/2025\/08\/Sonatto-kuva-logo-1024x512.jpg 1024w, https:\/\/www.vyl.fi\/viherymparisto\/wp-content\/uploads\/sites\/2\/2025\/08\/Sonatto-kuva-logo-300x150.jpg 300w, https:\/\/www.vyl.fi\/viherymparisto\/wp-content\/uploads\/sites\/2\/2025\/08\/Sonatto-kuva-logo-768x384.jpg 768w, https:\/\/www.vyl.fi\/viherymparisto\/wp-content\/uploads\/sites\/2\/2025\/08\/Sonatto-kuva-logo.jpg 1240w\" sizes=\"(max-width: 1024px) 100vw, 1024px\" \/><\/figure>\n","protected":false},"excerpt":{"rendered":"<p>Eksoottinen japaninsiipip\u00e4hkin\u00e4, japaniksi Nihon no ch\u014d natto, muutti Tampereelle noin 10-vuotiaana vuonna 2005. Sonatto-nimen saanut puu asuu vanhassa historiallisessa N\u00e4sinpuistossa, jossa ymp\u00e4rist\u00f6 on s\u00e4ilynyt hyvin pitk\u00e4lle muuttumattomana monen vuosikymmenen ajan. Taiteilijatyypiksi luonnehdittu puupersoona on saanut kasvaa vapaasti itse\u00e4\u00e4n ilmaisten.<\/p>\n","protected":false},"author":5,"featured_media":345,"parent":188,"menu_order":0,"comment_status":"closed","ping_status":"closed","template":"","meta":{"_acf_changed":false,"_relevanssi_hide_post":"","_relevanssi_hide_content":"","_relevanssi_pin_for_all":"","_relevanssi_pin_keywords":"","_relevanssi_unpin_keywords":"","_relevanssi_related_keywords":"","_relevanssi_related_include_ids":"","_relevanssi_related_exclude_ids":"","_relevanssi_related_no_append":"","_relevanssi_related_not_related":"","_relevanssi_related_posts":"141,112,115,124,118,183","_relevanssi_noindex_reason":"","footnotes":""},"class_list":["post-344","page","type-page","status-publish","has-post-thumbnail","hentry"],"acf":[],"_links":{"self":[{"href":"https:\/\/www.vyl.fi\/viherymparisto\/wp-json\/wp\/v2\/pages\/344","targetHints":{"allow":["GET"]}}],"collection":[{"href":"https:\/\/www.vyl.fi\/viherymparisto\/wp-json\/wp\/v2\/pages"}],"about":[{"href":"https:\/\/www.vyl.fi\/viherymparisto\/wp-json\/wp\/v2\/types\/page"}],"author":[{"embeddable":true,"href":"https:\/\/www.vyl.fi\/viherymparisto\/wp-json\/wp\/v2\/users\/5"}],"replies":[{"embeddable":true,"href":"https:\/\/www.vyl.fi\/viherymparisto\/wp-json\/wp\/v2\/comments?post=344"}],"version-history":[{"count":1,"href":"https:\/\/www.vyl.fi\/viherymparisto\/wp-json\/wp\/v2\/pages\/344\/revisions"}],"predecessor-version":[{"id":347,"href":"https:\/\/www.vyl.fi\/viherymparisto\/wp-json\/wp\/v2\/pages\/344\/revisions\/347"}],"up":[{"embeddable":true,"href":"https:\/\/www.vyl.fi\/viherymparisto\/wp-json\/wp\/v2\/pages\/188"}],"wp:featuredmedia":[{"embeddable":true,"href":"https:\/\/www.vyl.fi\/viherymparisto\/wp-json\/wp\/v2\/media\/345"}],"wp:attachment":[{"href":"https:\/\/www.vyl.fi\/viherymparisto\/wp-json\/wp\/v2\/media?parent=344"}],"curies":[{"name":"wp","href":"https:\/\/api.w.org\/{rel}","templated":true}]}}