{"id":350,"date":"2025-08-21T16:16:48","date_gmt":"2025-08-21T13:16:48","guid":{"rendered":"https:\/\/www.vyl.fi\/viherymparisto\/?page_id=350"},"modified":"2025-08-21T16:16:49","modified_gmt":"2025-08-21T13:16:49","slug":"tilda-metsalehmus","status":"publish","type":"page","link":"https:\/\/www.vyl.fi\/viherymparisto\/kampanjat\/puunhalausviikko\/puupersoonat\/tilda-metsalehmus\/","title":{"rendered":"Tilda, mets\u00e4lehmus"},"content":{"rendered":"\n<ul class=\"wp-block-list\">\n<li>140-vuotias, lempe\u00e4 syd\u00e4nyst\u00e4v\u00e4<\/li>\n\n\n\n<li>t\u00e4rke\u00e4 tamperelaisille p\u00f6lytt\u00e4jille<\/li>\n\n\n\n<li>s\u00e4il\u00f6\u00f6 2022 kg hiilt\u00e4 varastoissaan<\/li>\n\n\n\n<li>juo 1800 litraa hulevett\u00e4 vuodessa<\/li>\n<\/ul>\n\n\n\n<p>1880-luvulla istutettu mets\u00e4lehmus, Tilia cordata, kasvaa tiukkaan muotoon suunnitellussa palokujaksi tarkoitetussa bulevardissa H\u00e4meenpuiston pohjoisp\u00e4\u00e4ss\u00e4. Tildaksi nimetty vahva ja lempe\u00e4 puu on j\u00e4tetty kasvamaan aikoinaan nykyist\u00e4 monirivisemm\u00e4n puuistutuksen hyv\u00e4kuntoisena yksil\u00f6n\u00e4 muistuttamaan vanhasta sommitelmasta.<\/p>\n\n\n\n<figure class=\"wp-block-image size-large\"><img loading=\"lazy\" decoding=\"async\" width=\"1024\" height=\"512\" src=\"https:\/\/www.vyl.fi\/viherymparisto\/wp-content\/uploads\/sites\/2\/2025\/08\/Tilda-kuva-logo-1024x512.jpg\" alt=\"\" class=\"wp-image-352\" srcset=\"https:\/\/www.vyl.fi\/viherymparisto\/wp-content\/uploads\/sites\/2\/2025\/08\/Tilda-kuva-logo-1024x512.jpg 1024w, https:\/\/www.vyl.fi\/viherymparisto\/wp-content\/uploads\/sites\/2\/2025\/08\/Tilda-kuva-logo-300x150.jpg 300w, https:\/\/www.vyl.fi\/viherymparisto\/wp-content\/uploads\/sites\/2\/2025\/08\/Tilda-kuva-logo-768x384.jpg 768w, https:\/\/www.vyl.fi\/viherymparisto\/wp-content\/uploads\/sites\/2\/2025\/08\/Tilda-kuva-logo.jpg 1240w\" sizes=\"(max-width: 1024px) 100vw, 1024px\" \/><\/figure>\n","protected":false},"excerpt":{"rendered":"<p>1880-luvulla istutettu mets\u00e4lehmus, Tilia cordata, kasvaa tiukkaan muotoon suunnitellussa palokujaksi tarkoitetussa bulevardissa H\u00e4meenpuiston pohjoisp\u00e4\u00e4ss\u00e4. Tildaksi nimetty vahva ja lempe\u00e4 puu on j\u00e4tetty kasvamaan aikoinaan nykyist\u00e4 monirivisemm\u00e4n puuistutuksen hyv\u00e4kuntoisena yksil\u00f6n\u00e4 muistuttamaan vanhasta sommitelmasta.<\/p>\n","protected":false},"author":5,"featured_media":351,"parent":188,"menu_order":0,"comment_status":"closed","ping_status":"closed","template":"","meta":{"_acf_changed":false,"_relevanssi_hide_post":"","_relevanssi_hide_content":"","_relevanssi_pin_for_all":"","_relevanssi_pin_keywords":"","_relevanssi_unpin_keywords":"","_relevanssi_related_keywords":"","_relevanssi_related_include_ids":"","_relevanssi_related_exclude_ids":"","_relevanssi_related_no_append":"","_relevanssi_related_not_related":"","_relevanssi_related_posts":"183,115,124,118,141,121","_relevanssi_noindex_reason":"","footnotes":""},"class_list":["post-350","page","type-page","status-publish","has-post-thumbnail","hentry"],"acf":[],"_links":{"self":[{"href":"https:\/\/www.vyl.fi\/viherymparisto\/wp-json\/wp\/v2\/pages\/350","targetHints":{"allow":["GET"]}}],"collection":[{"href":"https:\/\/www.vyl.fi\/viherymparisto\/wp-json\/wp\/v2\/pages"}],"about":[{"href":"https:\/\/www.vyl.fi\/viherymparisto\/wp-json\/wp\/v2\/types\/page"}],"author":[{"embeddable":true,"href":"https:\/\/www.vyl.fi\/viherymparisto\/wp-json\/wp\/v2\/users\/5"}],"replies":[{"embeddable":true,"href":"https:\/\/www.vyl.fi\/viherymparisto\/wp-json\/wp\/v2\/comments?post=350"}],"version-history":[{"count":1,"href":"https:\/\/www.vyl.fi\/viherymparisto\/wp-json\/wp\/v2\/pages\/350\/revisions"}],"predecessor-version":[{"id":353,"href":"https:\/\/www.vyl.fi\/viherymparisto\/wp-json\/wp\/v2\/pages\/350\/revisions\/353"}],"up":[{"embeddable":true,"href":"https:\/\/www.vyl.fi\/viherymparisto\/wp-json\/wp\/v2\/pages\/188"}],"wp:featuredmedia":[{"embeddable":true,"href":"https:\/\/www.vyl.fi\/viherymparisto\/wp-json\/wp\/v2\/media\/351"}],"wp:attachment":[{"href":"https:\/\/www.vyl.fi\/viherymparisto\/wp-json\/wp\/v2\/media?parent=350"}],"curies":[{"name":"wp","href":"https:\/\/api.w.org\/{rel}","templated":true}]}}