{"id":363,"date":"2025-08-21T16:24:32","date_gmt":"2025-08-21T13:24:32","guid":{"rendered":"https:\/\/www.vyl.fi\/viherymparisto\/?page_id=363"},"modified":"2025-08-21T16:24:32","modified_gmt":"2025-08-21T13:24:32","slug":"kalle-kuusi","status":"publish","type":"page","link":"https:\/\/www.vyl.fi\/viherymparisto\/kampanjat\/puunhalausviikko\/puupersoonat\/kalle-kuusi\/","title":{"rendered":"Kalle, kuusi"},"content":{"rendered":"\n<ul class=\"wp-block-list\">\n<li>Haukiputaan vanhan hautausmaan viisas puuvanhus<\/li>\n\n\n\n<li>yli metrin paksuinen runko ja tuuhea oksisto k\u00e4tkev\u00e4t sis\u00e4\u00e4ns\u00e4 monimuotoista el\u00e4m\u00e4\u00e4<\/li>\n<\/ul>\n\n\n\n<p>Haukiputaan vanhan hautausmaan keskell\u00e4 asustaa jyhke\u00e4 Kalle-kuusi. Hautausmaan k\u00e4ytt\u00f6 on p\u00e4\u00e4ttynyt vuonna 1890, mutta suunnitelmissa on ottaa se uudelleen k\u00e4ytt\u00f6\u00f6n uurnahautausmaana, vallitseva luonnonmukaisuus huomioiden. Kalle on arvostettu hautausmaan puuvanhus, joka nimettiin noin 15 vuotta sitten luonnonmuistomerkiksi.<\/p>\n\n\n\n<figure class=\"wp-block-image size-large\"><img loading=\"lazy\" decoding=\"async\" width=\"1024\" height=\"512\" src=\"https:\/\/www.vyl.fi\/viherymparisto\/wp-content\/uploads\/sites\/2\/2025\/08\/Kalle-kuva-logo-1024x512.jpg\" alt=\"\" class=\"wp-image-365\" srcset=\"https:\/\/www.vyl.fi\/viherymparisto\/wp-content\/uploads\/sites\/2\/2025\/08\/Kalle-kuva-logo-1024x512.jpg 1024w, https:\/\/www.vyl.fi\/viherymparisto\/wp-content\/uploads\/sites\/2\/2025\/08\/Kalle-kuva-logo-300x150.jpg 300w, https:\/\/www.vyl.fi\/viherymparisto\/wp-content\/uploads\/sites\/2\/2025\/08\/Kalle-kuva-logo-768x384.jpg 768w, https:\/\/www.vyl.fi\/viherymparisto\/wp-content\/uploads\/sites\/2\/2025\/08\/Kalle-kuva-logo.jpg 1240w\" sizes=\"(max-width: 1024px) 100vw, 1024px\" \/><\/figure>\n","protected":false},"excerpt":{"rendered":"<p>Haukiputaan vanhan hautausmaan keskell\u00e4 asustaa jyhke\u00e4 Kalle-kuusi. Hautausmaan k\u00e4ytt\u00f6 on p\u00e4\u00e4ttynyt vuonna 1890, mutta suunnitelmissa on ottaa se uudelleen k\u00e4ytt\u00f6\u00f6n uurnahautausmaana, vallitseva luonnonmukaisuus huomioiden. Kalle on arvostettu hautausmaan puuvanhus, joka nimettiin noin 15 vuotta sitten luonnonmuistomerkiksi.<\/p>\n","protected":false},"author":5,"featured_media":364,"parent":188,"menu_order":0,"comment_status":"closed","ping_status":"closed","template":"","meta":{"_acf_changed":false,"_relevanssi_hide_post":"","_relevanssi_hide_content":"","_relevanssi_pin_for_all":"","_relevanssi_pin_keywords":"","_relevanssi_unpin_keywords":"","_relevanssi_related_keywords":"","_relevanssi_related_include_ids":"","_relevanssi_related_exclude_ids":"","_relevanssi_related_no_append":"","_relevanssi_related_not_related":"","_relevanssi_related_posts":"115,183,112,121,124,118","_relevanssi_noindex_reason":"","footnotes":""},"class_list":["post-363","page","type-page","status-publish","has-post-thumbnail","hentry"],"acf":[],"_links":{"self":[{"href":"https:\/\/www.vyl.fi\/viherymparisto\/wp-json\/wp\/v2\/pages\/363","targetHints":{"allow":["GET"]}}],"collection":[{"href":"https:\/\/www.vyl.fi\/viherymparisto\/wp-json\/wp\/v2\/pages"}],"about":[{"href":"https:\/\/www.vyl.fi\/viherymparisto\/wp-json\/wp\/v2\/types\/page"}],"author":[{"embeddable":true,"href":"https:\/\/www.vyl.fi\/viherymparisto\/wp-json\/wp\/v2\/users\/5"}],"replies":[{"embeddable":true,"href":"https:\/\/www.vyl.fi\/viherymparisto\/wp-json\/wp\/v2\/comments?post=363"}],"version-history":[{"count":1,"href":"https:\/\/www.vyl.fi\/viherymparisto\/wp-json\/wp\/v2\/pages\/363\/revisions"}],"predecessor-version":[{"id":366,"href":"https:\/\/www.vyl.fi\/viherymparisto\/wp-json\/wp\/v2\/pages\/363\/revisions\/366"}],"up":[{"embeddable":true,"href":"https:\/\/www.vyl.fi\/viherymparisto\/wp-json\/wp\/v2\/pages\/188"}],"wp:featuredmedia":[{"embeddable":true,"href":"https:\/\/www.vyl.fi\/viherymparisto\/wp-json\/wp\/v2\/media\/364"}],"wp:attachment":[{"href":"https:\/\/www.vyl.fi\/viherymparisto\/wp-json\/wp\/v2\/media?parent=363"}],"curies":[{"name":"wp","href":"https:\/\/api.w.org\/{rel}","templated":true}]}}