{"id":369,"date":"2025-08-22T06:17:51","date_gmt":"2025-08-22T03:17:51","guid":{"rendered":"https:\/\/www.vyl.fi\/viherymparisto\/?page_id=369"},"modified":"2025-08-22T06:17:52","modified_gmt":"2025-08-22T03:17:52","slug":"mari-manty","status":"publish","type":"page","link":"https:\/\/www.vyl.fi\/viherymparisto\/kampanjat\/puunhalausviikko\/puupersoonat\/mari-manty\/","title":{"rendered":"Mari, m\u00e4nty"},"content":{"rendered":"\n<ul class=\"wp-block-list\">\n<li>monessa ammatissa toiminut el\u00e4kel\u00e4inen<\/li>\n\n\n\n<li>aktiivinen luonnon &#8211; ja ilmastonsuojelija: sitoo hiilt\u00e4 sek\u00e4 hulevett\u00e4 ja tarjoaa elinymp\u00e4rist\u00f6j\u00e4 monille eli\u00f6ille<\/li>\n<\/ul>\n\n\n\n<p>Haukiputaan vanhan hautausmaan portilla p\u00e4ivyst\u00e4\u00e4 virke\u00e4 ikihonka Mari. Hautausmaalle ei ole haudattu 135 vuoteen, mutta Marin historia ulottuu kauemmas menneisyyteen. Aikoinaan Mari on toiminut merimerkkin\u00e4 ja veneiden kiinnityspuuna. El\u00e4kep\u00e4ivin\u00e4\u00e4n, noin 15 vuotta sitten, aktiivinen luonto- ja ilmastotoimija Mari sai kunnianosoituksen, kun se nimettiin luonnonmuistomerkiksi.<\/p>\n\n\n\n<figure class=\"wp-block-image size-large\"><img loading=\"lazy\" decoding=\"async\" width=\"1024\" height=\"512\" src=\"https:\/\/www.vyl.fi\/viherymparisto\/wp-content\/uploads\/sites\/2\/2025\/08\/Mari-kuva-logo-1024x512.jpg\" alt=\"\" class=\"wp-image-372\" srcset=\"https:\/\/www.vyl.fi\/viherymparisto\/wp-content\/uploads\/sites\/2\/2025\/08\/Mari-kuva-logo-1024x512.jpg 1024w, https:\/\/www.vyl.fi\/viherymparisto\/wp-content\/uploads\/sites\/2\/2025\/08\/Mari-kuva-logo-300x150.jpg 300w, https:\/\/www.vyl.fi\/viherymparisto\/wp-content\/uploads\/sites\/2\/2025\/08\/Mari-kuva-logo-768x384.jpg 768w, https:\/\/www.vyl.fi\/viherymparisto\/wp-content\/uploads\/sites\/2\/2025\/08\/Mari-kuva-logo.jpg 1240w\" sizes=\"(max-width: 1024px) 100vw, 1024px\" \/><\/figure>\n","protected":false},"excerpt":{"rendered":"<p>Haukiputaan vanhan hautausmaan portilla p\u00e4ivyst\u00e4\u00e4 virke\u00e4 ikihonka Mari. Hautausmaalle ei ole haudattu 135 vuoteen, mutta Marin historia ulottuu kauemmas menneisyyteen. Aikoinaan Mari on toiminut merimerkkin\u00e4 ja veneiden kiinnityspuuna. El\u00e4kep\u00e4ivin\u00e4\u00e4n, noin 15 vuotta sitten, aktiivinen luonto- ja ilmastotoimija Mari sai kunnianosoituksen, kun se nimettiin luonnonmuistomerkiksi.<\/p>\n","protected":false},"author":5,"featured_media":371,"parent":188,"menu_order":0,"comment_status":"closed","ping_status":"closed","template":"","meta":{"_acf_changed":false,"_relevanssi_hide_post":"","_relevanssi_hide_content":"","_relevanssi_pin_for_all":"","_relevanssi_pin_keywords":"","_relevanssi_unpin_keywords":"","_relevanssi_related_keywords":"","_relevanssi_related_include_ids":"","_relevanssi_related_exclude_ids":"","_relevanssi_related_no_append":"","_relevanssi_related_not_related":"","_relevanssi_related_posts":"141,183,124,118,115,121","_relevanssi_noindex_reason":"","footnotes":""},"class_list":["post-369","page","type-page","status-publish","has-post-thumbnail","hentry"],"acf":[],"_links":{"self":[{"href":"https:\/\/www.vyl.fi\/viherymparisto\/wp-json\/wp\/v2\/pages\/369","targetHints":{"allow":["GET"]}}],"collection":[{"href":"https:\/\/www.vyl.fi\/viherymparisto\/wp-json\/wp\/v2\/pages"}],"about":[{"href":"https:\/\/www.vyl.fi\/viherymparisto\/wp-json\/wp\/v2\/types\/page"}],"author":[{"embeddable":true,"href":"https:\/\/www.vyl.fi\/viherymparisto\/wp-json\/wp\/v2\/users\/5"}],"replies":[{"embeddable":true,"href":"https:\/\/www.vyl.fi\/viherymparisto\/wp-json\/wp\/v2\/comments?post=369"}],"version-history":[{"count":1,"href":"https:\/\/www.vyl.fi\/viherymparisto\/wp-json\/wp\/v2\/pages\/369\/revisions"}],"predecessor-version":[{"id":373,"href":"https:\/\/www.vyl.fi\/viherymparisto\/wp-json\/wp\/v2\/pages\/369\/revisions\/373"}],"up":[{"embeddable":true,"href":"https:\/\/www.vyl.fi\/viherymparisto\/wp-json\/wp\/v2\/pages\/188"}],"wp:featuredmedia":[{"embeddable":true,"href":"https:\/\/www.vyl.fi\/viherymparisto\/wp-json\/wp\/v2\/media\/371"}],"wp:attachment":[{"href":"https:\/\/www.vyl.fi\/viherymparisto\/wp-json\/wp\/v2\/media?parent=369"}],"curies":[{"name":"wp","href":"https:\/\/api.w.org\/{rel}","templated":true}]}}