{"id":380,"date":"2025-08-22T06:47:27","date_gmt":"2025-08-22T03:47:27","guid":{"rendered":"https:\/\/www.vyl.fi\/viherymparisto\/?page_id=380"},"modified":"2025-08-22T06:47:27","modified_gmt":"2025-08-22T03:47:27","slug":"lahja-hevoskastanja","status":"publish","type":"page","link":"https:\/\/www.vyl.fi\/viherymparisto\/kampanjat\/puunhalausviikko\/puupersoonat\/lahja-hevoskastanja\/","title":{"rendered":"Lahja, hevoskastanja"},"content":{"rendered":"\n<ul class=\"wp-block-list\">\n<li>Chydeniuksen puiston nuori, sinnik\u00e4s selviytyj\u00e4<\/li>\n\n\n\n<li>harjoittelee hiilensidontaa ja ilmanpuhdistusta<\/li>\n\n\n\n<li>h\u00f6rppii hulevett\u00e4 10 \u00e4mp\u00e4rillist\u00e4 vuodessa<\/li>\n<\/ul>\n\n\n\n<p>Kokkolalainen Lahja-hevoskastanja p\u00e4\u00e4tyi asustelemaan Chydeniuksen puistoon, kun omakotiasukas lahjoitti sinne itsekseen it\u00e4neen nuoren taimen. Lahjalla on ik\u00e4\u00e4 noin 10 vuotta, ja sen voi odottaa el\u00e4v\u00e4n noin 80-vuotiaaksi. Nyt Lahja sitoo hiilt\u00e4 900 grammaa ja poistaa ilmansaasteita 33 grammaa vuodessa. N\u00e4m\u00e4 m\u00e4\u00e4r\u00e4t moninkertaistuvat Lahjan kasvaessa.<\/p>\n\n\n\n<figure class=\"wp-block-image size-large\"><img loading=\"lazy\" decoding=\"async\" width=\"1024\" height=\"512\" src=\"https:\/\/www.vyl.fi\/viherymparisto\/wp-content\/uploads\/sites\/2\/2025\/08\/Lahja-kuva-logo-1024x512.jpg\" alt=\"\" class=\"wp-image-382\" srcset=\"https:\/\/www.vyl.fi\/viherymparisto\/wp-content\/uploads\/sites\/2\/2025\/08\/Lahja-kuva-logo-1024x512.jpg 1024w, https:\/\/www.vyl.fi\/viherymparisto\/wp-content\/uploads\/sites\/2\/2025\/08\/Lahja-kuva-logo-300x150.jpg 300w, https:\/\/www.vyl.fi\/viherymparisto\/wp-content\/uploads\/sites\/2\/2025\/08\/Lahja-kuva-logo-768x384.jpg 768w, https:\/\/www.vyl.fi\/viherymparisto\/wp-content\/uploads\/sites\/2\/2025\/08\/Lahja-kuva-logo.jpg 1240w\" sizes=\"(max-width: 1024px) 100vw, 1024px\" \/><\/figure>\n","protected":false},"excerpt":{"rendered":"<p>Kokkolalainen Lahja-hevoskastanja p\u00e4\u00e4tyi asustelemaan Chydeniuksen puistoon, kun omakotiasukas lahjoitti sinne itsekseen it\u00e4neen nuoren taimen. Lahjalla on ik\u00e4\u00e4 noin 10 vuotta, ja sen voi odottaa el\u00e4v\u00e4n noin 80-vuotiaaksi. Nyt Lahja sitoo hiilt\u00e4 900 grammaa ja poistaa ilmansaasteita 33 grammaa vuodessa. N\u00e4m\u00e4 m\u00e4\u00e4r\u00e4t moninkertaistuvat Lahjan kasvaessa.<\/p>\n","protected":false},"author":5,"featured_media":381,"parent":188,"menu_order":0,"comment_status":"closed","ping_status":"closed","template":"","meta":{"_acf_changed":false,"_relevanssi_hide_post":"","_relevanssi_hide_content":"","_relevanssi_pin_for_all":"","_relevanssi_pin_keywords":"","_relevanssi_unpin_keywords":"","_relevanssi_related_keywords":"","_relevanssi_related_include_ids":"","_relevanssi_related_exclude_ids":"","_relevanssi_related_no_append":"","_relevanssi_related_not_related":"","_relevanssi_related_posts":"118,124,141,112,183,121","_relevanssi_noindex_reason":"","footnotes":""},"class_list":["post-380","page","type-page","status-publish","has-post-thumbnail","hentry"],"acf":[],"_links":{"self":[{"href":"https:\/\/www.vyl.fi\/viherymparisto\/wp-json\/wp\/v2\/pages\/380","targetHints":{"allow":["GET"]}}],"collection":[{"href":"https:\/\/www.vyl.fi\/viherymparisto\/wp-json\/wp\/v2\/pages"}],"about":[{"href":"https:\/\/www.vyl.fi\/viherymparisto\/wp-json\/wp\/v2\/types\/page"}],"author":[{"embeddable":true,"href":"https:\/\/www.vyl.fi\/viherymparisto\/wp-json\/wp\/v2\/users\/5"}],"replies":[{"embeddable":true,"href":"https:\/\/www.vyl.fi\/viherymparisto\/wp-json\/wp\/v2\/comments?post=380"}],"version-history":[{"count":1,"href":"https:\/\/www.vyl.fi\/viherymparisto\/wp-json\/wp\/v2\/pages\/380\/revisions"}],"predecessor-version":[{"id":383,"href":"https:\/\/www.vyl.fi\/viherymparisto\/wp-json\/wp\/v2\/pages\/380\/revisions\/383"}],"up":[{"embeddable":true,"href":"https:\/\/www.vyl.fi\/viherymparisto\/wp-json\/wp\/v2\/pages\/188"}],"wp:featuredmedia":[{"embeddable":true,"href":"https:\/\/www.vyl.fi\/viherymparisto\/wp-json\/wp\/v2\/media\/381"}],"wp:attachment":[{"href":"https:\/\/www.vyl.fi\/viherymparisto\/wp-json\/wp\/v2\/media?parent=380"}],"curies":[{"name":"wp","href":"https:\/\/api.w.org\/{rel}","templated":true}]}}