{"id":386,"date":"2025-08-22T06:53:59","date_gmt":"2025-08-22T03:53:59","guid":{"rendered":"https:\/\/www.vyl.fi\/viherymparisto\/?page_id=386"},"modified":"2025-08-22T06:54:00","modified_gmt":"2025-08-22T03:54:00","slug":"anders-jalava","status":"publish","type":"page","link":"https:\/\/www.vyl.fi\/viherymparisto\/kampanjat\/puunhalausviikko\/puupersoonat\/anders-jalava\/","title":{"rendered":"Anders, jalava"},"content":{"rendered":"\n<ul class=\"wp-block-list\">\n<li>Chydeniuksen puiston komea johtajahahmo<\/li>\n\n\n\n<li>Vastaa menestyksekk\u00e4\u00e4sti huikean korkeasta 45,1 kg:n vuosittaisesta hiilensidontatavoitteesta<\/li>\n\n\n\n<li>Huolehtii my\u00f6s ilmanpuhdistuksesta ja hulevesist\u00e4<\/li>\n<\/ul>\n\n\n\n<p>Juuriltaan kokkolalainen Anders-jalava johtaa Chydeniuksenpuiston luonto- ja ymp\u00e4rist\u00f6palveluita. Yli satavuotias Anders on aina luotettava ja lempe\u00e4 hahmo, jota saa k\u00e4yd\u00e4 tervehtim\u00e4ss\u00e4 ja halaamassakin. Andersin luona on hyv\u00e4 hengitt\u00e4\u00e4 &#8211; h\u00e4n puhdistaa ilmaa poistamalla siit\u00e4 vuositasolla jopa 776 grammaa ilmansaasteita. Hulevesi\u00e4 Anders juo 1700 litraa vuodessa.<\/p>\n\n\n\n<figure class=\"wp-block-image size-large\"><img loading=\"lazy\" decoding=\"async\" width=\"1024\" height=\"512\" src=\"https:\/\/www.vyl.fi\/viherymparisto\/wp-content\/uploads\/sites\/2\/2025\/08\/Anders-kuva-logo-1024x512.jpg\" alt=\"\" class=\"wp-image-389\" srcset=\"https:\/\/www.vyl.fi\/viherymparisto\/wp-content\/uploads\/sites\/2\/2025\/08\/Anders-kuva-logo-1024x512.jpg 1024w, https:\/\/www.vyl.fi\/viherymparisto\/wp-content\/uploads\/sites\/2\/2025\/08\/Anders-kuva-logo-300x150.jpg 300w, https:\/\/www.vyl.fi\/viherymparisto\/wp-content\/uploads\/sites\/2\/2025\/08\/Anders-kuva-logo-768x384.jpg 768w, https:\/\/www.vyl.fi\/viherymparisto\/wp-content\/uploads\/sites\/2\/2025\/08\/Anders-kuva-logo.jpg 1240w\" sizes=\"(max-width: 1024px) 100vw, 1024px\" \/><\/figure>\n","protected":false},"excerpt":{"rendered":"<p>Juuriltaan kokkolalainen Anders-jalava johtaa Chydeniuksenpuiston luonto- ja ymp\u00e4rist\u00f6palveluita. Yli satavuotias Anders on aina luotettava ja lempe\u00e4 hahmo, jota saa k\u00e4yd\u00e4 tervehtim\u00e4ss\u00e4 ja halaamassakin. Andersin luona on hyv\u00e4 hengitt\u00e4\u00e4 &#8211; h\u00e4n puhdistaa ilmaa poistamalla siit\u00e4 vuositasolla jopa 776 grammaa ilmansaasteita. Hulevesi\u00e4 Anders juo 1700 litraa vuodessa.<\/p>\n","protected":false},"author":5,"featured_media":388,"parent":188,"menu_order":0,"comment_status":"closed","ping_status":"closed","template":"","meta":{"_acf_changed":false,"_relevanssi_hide_post":"","_relevanssi_hide_content":"","_relevanssi_pin_for_all":"","_relevanssi_pin_keywords":"","_relevanssi_unpin_keywords":"","_relevanssi_related_keywords":"","_relevanssi_related_include_ids":"","_relevanssi_related_exclude_ids":"","_relevanssi_related_no_append":"","_relevanssi_related_not_related":"","_relevanssi_related_posts":"141,112,183,124,118,115","_relevanssi_noindex_reason":"","footnotes":""},"class_list":["post-386","page","type-page","status-publish","has-post-thumbnail","hentry"],"acf":[],"_links":{"self":[{"href":"https:\/\/www.vyl.fi\/viherymparisto\/wp-json\/wp\/v2\/pages\/386","targetHints":{"allow":["GET"]}}],"collection":[{"href":"https:\/\/www.vyl.fi\/viherymparisto\/wp-json\/wp\/v2\/pages"}],"about":[{"href":"https:\/\/www.vyl.fi\/viherymparisto\/wp-json\/wp\/v2\/types\/page"}],"author":[{"embeddable":true,"href":"https:\/\/www.vyl.fi\/viherymparisto\/wp-json\/wp\/v2\/users\/5"}],"replies":[{"embeddable":true,"href":"https:\/\/www.vyl.fi\/viherymparisto\/wp-json\/wp\/v2\/comments?post=386"}],"version-history":[{"count":1,"href":"https:\/\/www.vyl.fi\/viherymparisto\/wp-json\/wp\/v2\/pages\/386\/revisions"}],"predecessor-version":[{"id":390,"href":"https:\/\/www.vyl.fi\/viherymparisto\/wp-json\/wp\/v2\/pages\/386\/revisions\/390"}],"up":[{"embeddable":true,"href":"https:\/\/www.vyl.fi\/viherymparisto\/wp-json\/wp\/v2\/pages\/188"}],"wp:featuredmedia":[{"embeddable":true,"href":"https:\/\/www.vyl.fi\/viherymparisto\/wp-json\/wp\/v2\/media\/388"}],"wp:attachment":[{"href":"https:\/\/www.vyl.fi\/viherymparisto\/wp-json\/wp\/v2\/media?parent=386"}],"curies":[{"name":"wp","href":"https:\/\/api.w.org\/{rel}","templated":true}]}}