{"id":392,"date":"2025-08-22T06:58:38","date_gmt":"2025-08-22T03:58:38","guid":{"rendered":"https:\/\/www.vyl.fi\/viherymparisto\/?page_id=392"},"modified":"2025-08-25T09:10:16","modified_gmt":"2025-08-25T06:10:16","slug":"harry-manty","status":"publish","type":"page","link":"https:\/\/www.vyl.fi\/viherymparisto\/kampanjat\/puunhalausviikko\/puupersoonat\/harry-manty\/","title":{"rendered":"Harry, m\u00e4nty"},"content":{"rendered":"\n<ul class=\"wp-block-list\">\n<li>Hakalahdenkadun Harry viihtyy vilkkaassa<br>katuymp\u00e4rist\u00f6ss\u00e4 tuuheita oksia kasvatellen<\/li>\n\n\n\n<li>100-vuotias Harry ryyst\u00e4\u00e4 joka vuosi 1400 litraa<br>hulevett\u00e4 pois katualueelta<\/li>\n<\/ul>\n\n\n\n<p>Kokkolan Hakalahdenkadulla, ajoradan ja k\u00e4velytien v\u00e4liss\u00e4 seisoo jyhke\u00e4, haarakas m\u00e4nty nimelt\u00e4 Harry. Katu ja jalkak\u00e4yt\u00e4v\u00e4 on rakennettu aikoinaan Harryn ymp\u00e4rille. El\u00e4m\u00e4n tuiskeessa on Harry selviytynyt lumen-aurauksessa saaduista kolhuista, ja onpa siihen t\u00f6rm\u00e4tty autollakin. Sinnikk\u00e4\u00e4sti Harry kuitenkin jaksaa joka vuosi sitoa hiilt\u00e4 13,8 kg ja poistaa ilmasta saasteita 620 g. Aika sankari!<\/p>\n\n\n\n<figure class=\"wp-block-image size-large\"><img loading=\"lazy\" decoding=\"async\" width=\"1024\" height=\"512\" src=\"https:\/\/www.vyl.fi\/viherymparisto\/wp-content\/uploads\/sites\/2\/2025\/08\/Harry-kuva-logo-1024x512.jpg\" alt=\"\" class=\"wp-image-395\" srcset=\"https:\/\/www.vyl.fi\/viherymparisto\/wp-content\/uploads\/sites\/2\/2025\/08\/Harry-kuva-logo-1024x512.jpg 1024w, https:\/\/www.vyl.fi\/viherymparisto\/wp-content\/uploads\/sites\/2\/2025\/08\/Harry-kuva-logo-300x150.jpg 300w, https:\/\/www.vyl.fi\/viherymparisto\/wp-content\/uploads\/sites\/2\/2025\/08\/Harry-kuva-logo-768x384.jpg 768w, https:\/\/www.vyl.fi\/viherymparisto\/wp-content\/uploads\/sites\/2\/2025\/08\/Harry-kuva-logo.jpg 1240w\" sizes=\"(max-width: 1024px) 100vw, 1024px\" \/><\/figure>\n","protected":false},"excerpt":{"rendered":"<p>Kokkolan Hakalahdenkadulla, ajoradan ja k\u00e4velytien v\u00e4liss\u00e4 seisoo jyhke\u00e4, haarakas m\u00e4nty nimelt\u00e4 Harry. Katu ja jalkak\u00e4yt\u00e4v\u00e4 on rakennettu aikoinaan Harryn ymp\u00e4rille. El\u00e4m\u00e4n tuiskeessa on Harry selviytynyt lumen-aurauksessa saaduista kolhuista, ja onpa siihen t\u00f6rm\u00e4tty autollakin. Sinnikk\u00e4\u00e4sti Harry kuitenkin jaksaa joka vuosi sitoa hiilt\u00e4 13,8 kg ja poistaa ilmasta saasteita 620 g. Aika sankari!<\/p>\n","protected":false},"author":5,"featured_media":394,"parent":188,"menu_order":0,"comment_status":"closed","ping_status":"closed","template":"","meta":{"_acf_changed":false,"_relevanssi_hide_post":"","_relevanssi_hide_content":"","_relevanssi_pin_for_all":"","_relevanssi_pin_keywords":"","_relevanssi_unpin_keywords":"","_relevanssi_related_keywords":"","_relevanssi_related_include_ids":"","_relevanssi_related_exclude_ids":"","_relevanssi_related_no_append":"","_relevanssi_related_not_related":"","_relevanssi_related_posts":"112,121,141,115,183,124","_relevanssi_noindex_reason":"","footnotes":""},"class_list":["post-392","page","type-page","status-publish","has-post-thumbnail","hentry"],"acf":[],"_links":{"self":[{"href":"https:\/\/www.vyl.fi\/viherymparisto\/wp-json\/wp\/v2\/pages\/392","targetHints":{"allow":["GET"]}}],"collection":[{"href":"https:\/\/www.vyl.fi\/viherymparisto\/wp-json\/wp\/v2\/pages"}],"about":[{"href":"https:\/\/www.vyl.fi\/viherymparisto\/wp-json\/wp\/v2\/types\/page"}],"author":[{"embeddable":true,"href":"https:\/\/www.vyl.fi\/viherymparisto\/wp-json\/wp\/v2\/users\/5"}],"replies":[{"embeddable":true,"href":"https:\/\/www.vyl.fi\/viherymparisto\/wp-json\/wp\/v2\/comments?post=392"}],"version-history":[{"count":2,"href":"https:\/\/www.vyl.fi\/viherymparisto\/wp-json\/wp\/v2\/pages\/392\/revisions"}],"predecessor-version":[{"id":517,"href":"https:\/\/www.vyl.fi\/viherymparisto\/wp-json\/wp\/v2\/pages\/392\/revisions\/517"}],"up":[{"embeddable":true,"href":"https:\/\/www.vyl.fi\/viherymparisto\/wp-json\/wp\/v2\/pages\/188"}],"wp:featuredmedia":[{"embeddable":true,"href":"https:\/\/www.vyl.fi\/viherymparisto\/wp-json\/wp\/v2\/media\/394"}],"wp:attachment":[{"href":"https:\/\/www.vyl.fi\/viherymparisto\/wp-json\/wp\/v2\/media?parent=392"}],"curies":[{"name":"wp","href":"https:\/\/api.w.org\/{rel}","templated":true}]}}