{"id":405,"date":"2025-08-22T08:15:51","date_gmt":"2025-08-22T05:15:51","guid":{"rendered":"https:\/\/www.vyl.fi\/viherymparisto\/?page_id=405"},"modified":"2025-08-22T08:15:52","modified_gmt":"2025-08-22T05:15:52","slug":"sylvia-surukuusi","status":"publish","type":"page","link":"https:\/\/www.vyl.fi\/viherymparisto\/kampanjat\/puunhalausviikko\/puupersoonat\/sylvia-surukuusi\/","title":{"rendered":"Sylvia, surukuusi"},"content":{"rendered":"\n<ul class=\"wp-block-list\">\n<li>Sylvia on noin 35-vuotias iloinen kuusi, joka viihtyy Salmenpuistossa yst\u00e4viens\u00e4 seurassa<\/li>\n\n\n\n<li>Seurue nauttii hulevett\u00e4 ainakin satoja litroja vuodessa ja ilahduttaa puiston ihmisvieraitakin<\/li>\n<\/ul>\n\n\n\n<p>Surukuusen voisi luulla kyynelehtiv\u00e4n, mutta viel\u00e4 mit\u00e4! Kokkolan Salmenpuistossa asusteleva Sylvia yst\u00e4vineen on pirte\u00e4 ilontuoja ja taiteilijaluonne. Sylvia on saanut kasvatella hauskasti eri suuntiin sojottavia oksiaan vapaasti mielens\u00e4 mukaan. Samalla sen lehv\u00e4t huolehtivat keuhkoistamme puhdistamalla ilmaa\u2013 ja sitovat ne hiilt\u00e4kin. Ihailtavaa toimintaa!<\/p>\n\n\n\n<figure class=\"wp-block-image size-large\"><img loading=\"lazy\" decoding=\"async\" width=\"1024\" height=\"512\" src=\"https:\/\/www.vyl.fi\/viherymparisto\/wp-content\/uploads\/sites\/2\/2025\/08\/Sylvia-kuva-logo-1024x512.jpg\" alt=\"\" class=\"wp-image-407\" srcset=\"https:\/\/www.vyl.fi\/viherymparisto\/wp-content\/uploads\/sites\/2\/2025\/08\/Sylvia-kuva-logo-1024x512.jpg 1024w, https:\/\/www.vyl.fi\/viherymparisto\/wp-content\/uploads\/sites\/2\/2025\/08\/Sylvia-kuva-logo-300x150.jpg 300w, https:\/\/www.vyl.fi\/viherymparisto\/wp-content\/uploads\/sites\/2\/2025\/08\/Sylvia-kuva-logo-768x384.jpg 768w, https:\/\/www.vyl.fi\/viherymparisto\/wp-content\/uploads\/sites\/2\/2025\/08\/Sylvia-kuva-logo.jpg 1240w\" sizes=\"(max-width: 1024px) 100vw, 1024px\" \/><\/figure>\n","protected":false},"excerpt":{"rendered":"<p>Surukuusen voisi luulla kyynelehtiv\u00e4n, mutta viel\u00e4 mit\u00e4! Kokkolan Salmenpuistossa asusteleva Sylvia yst\u00e4vineen on pirte\u00e4 ilontuoja ja taiteilijaluonne. Sylvia on saanut kasvatella hauskasti eri suuntiin sojottavia oksiaan vapaasti mielens\u00e4 mukaan. Samalla sen lehv\u00e4t huolehtivat keuhkoistamme puhdistamalla ilmaa\u2013 ja sitovat ne hiilt\u00e4kin. Ihailtavaa toimintaa!<\/p>\n","protected":false},"author":5,"featured_media":406,"parent":188,"menu_order":0,"comment_status":"closed","ping_status":"closed","template":"","meta":{"_acf_changed":false,"_relevanssi_hide_post":"","_relevanssi_hide_content":"","_relevanssi_pin_for_all":"","_relevanssi_pin_keywords":"","_relevanssi_unpin_keywords":"","_relevanssi_related_keywords":"","_relevanssi_related_include_ids":"","_relevanssi_related_exclude_ids":"","_relevanssi_related_no_append":"","_relevanssi_related_not_related":"","_relevanssi_related_posts":"141,183,115,124,112,118","_relevanssi_noindex_reason":"","footnotes":""},"class_list":["post-405","page","type-page","status-publish","has-post-thumbnail","hentry"],"acf":[],"_links":{"self":[{"href":"https:\/\/www.vyl.fi\/viherymparisto\/wp-json\/wp\/v2\/pages\/405","targetHints":{"allow":["GET"]}}],"collection":[{"href":"https:\/\/www.vyl.fi\/viherymparisto\/wp-json\/wp\/v2\/pages"}],"about":[{"href":"https:\/\/www.vyl.fi\/viherymparisto\/wp-json\/wp\/v2\/types\/page"}],"author":[{"embeddable":true,"href":"https:\/\/www.vyl.fi\/viherymparisto\/wp-json\/wp\/v2\/users\/5"}],"replies":[{"embeddable":true,"href":"https:\/\/www.vyl.fi\/viherymparisto\/wp-json\/wp\/v2\/comments?post=405"}],"version-history":[{"count":1,"href":"https:\/\/www.vyl.fi\/viherymparisto\/wp-json\/wp\/v2\/pages\/405\/revisions"}],"predecessor-version":[{"id":408,"href":"https:\/\/www.vyl.fi\/viherymparisto\/wp-json\/wp\/v2\/pages\/405\/revisions\/408"}],"up":[{"embeddable":true,"href":"https:\/\/www.vyl.fi\/viherymparisto\/wp-json\/wp\/v2\/pages\/188"}],"wp:featuredmedia":[{"embeddable":true,"href":"https:\/\/www.vyl.fi\/viherymparisto\/wp-json\/wp\/v2\/media\/406"}],"wp:attachment":[{"href":"https:\/\/www.vyl.fi\/viherymparisto\/wp-json\/wp\/v2\/media?parent=405"}],"curies":[{"name":"wp","href":"https:\/\/api.w.org\/{rel}","templated":true}]}}