{"id":410,"date":"2025-08-22T08:22:12","date_gmt":"2025-08-22T05:22:12","guid":{"rendered":"https:\/\/www.vyl.fi\/viherymparisto\/?page_id=410"},"modified":"2025-08-22T08:22:13","modified_gmt":"2025-08-22T05:22:13","slug":"tero-terijoensalava","status":"publish","type":"page","link":"https:\/\/www.vyl.fi\/viherymparisto\/kampanjat\/puunhalausviikko\/puupersoonat\/tero-terijoensalava\/","title":{"rendered":"Tero, terijoensalava"},"content":{"rendered":"\n<ul class=\"wp-block-list\">\n<li>nelikymppinen Tero on Kokkolan kuuluisuus, ehk\u00e4 kaupungin kuvatuin puu<\/li>\n\n\n\n<li>Teron ansioihin lukeutuu my\u00f6s kyky puhdistaa ilmaa, varastoida hiilt\u00e4 ja ehk\u00e4ist\u00e4 hulevesiongelmia<\/li>\n<\/ul>\n\n\n\n<p>Kuusihaarainen komistus on kokenut kovia: yksi sen haaroista on revennyt. Onneksi Tero sai vaikeassa tilanteessa apua ja repe\u00e4m\u00e4 tuettiin. El\u00e4m\u00e4 jatkuu. Tero on aina valmis my\u00f6s itse auttamaan ja tukemaan toisia. Se tarjoaa suojaa niin ihmisille kuin lukemattomille eli\u00f6ille, jotka saavat pesi\u00e4, ruokailla tai vain hetken lev\u00e4ht\u00e4\u00e4 sen lehv\u00e4st\u00f6n turvallisessa syleilyss\u00e4. Teron luona on hyv\u00e4 olla ja hengitt\u00e4\u00e4.<\/p>\n\n\n\n<figure class=\"wp-block-image size-large\"><img loading=\"lazy\" decoding=\"async\" width=\"1024\" height=\"512\" src=\"https:\/\/www.vyl.fi\/viherymparisto\/wp-content\/uploads\/sites\/2\/2025\/08\/Tero-kuva-logo-1024x512.jpg\" alt=\"\" class=\"wp-image-412\" srcset=\"https:\/\/www.vyl.fi\/viherymparisto\/wp-content\/uploads\/sites\/2\/2025\/08\/Tero-kuva-logo-1024x512.jpg 1024w, https:\/\/www.vyl.fi\/viherymparisto\/wp-content\/uploads\/sites\/2\/2025\/08\/Tero-kuva-logo-300x150.jpg 300w, https:\/\/www.vyl.fi\/viherymparisto\/wp-content\/uploads\/sites\/2\/2025\/08\/Tero-kuva-logo-768x384.jpg 768w, https:\/\/www.vyl.fi\/viherymparisto\/wp-content\/uploads\/sites\/2\/2025\/08\/Tero-kuva-logo.jpg 1240w\" sizes=\"(max-width: 1024px) 100vw, 1024px\" \/><\/figure>\n","protected":false},"excerpt":{"rendered":"<p>Kuusihaarainen komistus on kokenut kovia: yksi sen haaroista on revennyt. Onneksi Tero sai vaikeassa tilanteessa apua ja repe\u00e4m\u00e4 tuettiin. El\u00e4m\u00e4 jatkuu. Tero on aina valmis my\u00f6s itse auttamaan ja tukemaan toisia. Se tarjoaa suojaa niin ihmisille kuin lukemattomille eli\u00f6ille, jotka saavat pesi\u00e4, ruokailla tai vain hetken lev\u00e4ht\u00e4\u00e4 sen lehv\u00e4st\u00f6n turvallisessa syleilyss\u00e4. Teron luona on hyv\u00e4 [&hellip;]<\/p>\n","protected":false},"author":5,"featured_media":411,"parent":188,"menu_order":0,"comment_status":"closed","ping_status":"closed","template":"","meta":{"_acf_changed":false,"_relevanssi_hide_post":"","_relevanssi_hide_content":"","_relevanssi_pin_for_all":"","_relevanssi_pin_keywords":"","_relevanssi_unpin_keywords":"","_relevanssi_related_keywords":"","_relevanssi_related_include_ids":"","_relevanssi_related_exclude_ids":"","_relevanssi_related_no_append":"","_relevanssi_related_not_related":"","_relevanssi_related_posts":"183,124,112,141,115,118","_relevanssi_noindex_reason":"","footnotes":""},"class_list":["post-410","page","type-page","status-publish","has-post-thumbnail","hentry"],"acf":[],"_links":{"self":[{"href":"https:\/\/www.vyl.fi\/viherymparisto\/wp-json\/wp\/v2\/pages\/410","targetHints":{"allow":["GET"]}}],"collection":[{"href":"https:\/\/www.vyl.fi\/viherymparisto\/wp-json\/wp\/v2\/pages"}],"about":[{"href":"https:\/\/www.vyl.fi\/viherymparisto\/wp-json\/wp\/v2\/types\/page"}],"author":[{"embeddable":true,"href":"https:\/\/www.vyl.fi\/viherymparisto\/wp-json\/wp\/v2\/users\/5"}],"replies":[{"embeddable":true,"href":"https:\/\/www.vyl.fi\/viherymparisto\/wp-json\/wp\/v2\/comments?post=410"}],"version-history":[{"count":1,"href":"https:\/\/www.vyl.fi\/viherymparisto\/wp-json\/wp\/v2\/pages\/410\/revisions"}],"predecessor-version":[{"id":413,"href":"https:\/\/www.vyl.fi\/viherymparisto\/wp-json\/wp\/v2\/pages\/410\/revisions\/413"}],"up":[{"embeddable":true,"href":"https:\/\/www.vyl.fi\/viherymparisto\/wp-json\/wp\/v2\/pages\/188"}],"wp:featuredmedia":[{"embeddable":true,"href":"https:\/\/www.vyl.fi\/viherymparisto\/wp-json\/wp\/v2\/media\/411"}],"wp:attachment":[{"href":"https:\/\/www.vyl.fi\/viherymparisto\/wp-json\/wp\/v2\/media?parent=410"}],"curies":[{"name":"wp","href":"https:\/\/api.w.org\/{rel}","templated":true}]}}