{"id":415,"date":"2025-08-22T08:25:43","date_gmt":"2025-08-22T05:25:43","guid":{"rendered":"https:\/\/www.vyl.fi\/viherymparisto\/?page_id=415"},"modified":"2025-08-22T08:25:44","modified_gmt":"2025-08-22T05:25:44","slug":"gustav-tsaarinpoppeli","status":"publish","type":"page","link":"https:\/\/www.vyl.fi\/viherymparisto\/kampanjat\/puunhalausviikko\/puupersoonat\/gustav-tsaarinpoppeli\/","title":{"rendered":"Gustav, tsaarinpoppeli"},"content":{"rendered":"\n<ul class=\"wp-block-list\">\n<li>100-vuotias Gustav on Kokkolan suurin puu &#8211; ja ylpe\u00e4 siit\u00e4<\/li>\n\n\n\n<li>Sen huikentelevainen vaatimus on saada nauttia hulevett\u00e4 jopa 6200 litraa vuodessa<\/li>\n<\/ul>\n\n\n\n<p>Jopa 26 metrin korkeuteen kohoava Gustav on saanut nimens\u00e4 Kokkolan perustajan, Kustaa II<br>Aadolfin mukaan. Puun koko kielt\u00e4m\u00e4tt\u00e4 her\u00e4tt\u00e4\u00e4 kunnioitusta: paksuuttakin jyhke\u00e4ll\u00e4 rungolla on 182 senttimetri\u00e4. Kuninkaalliseksi itsens\u00e4 kokeva Gustav rehvastelee h\u00e4peilem\u00e4tt\u00e4 my\u00f6s saavutuksillaan: se toimii 7500 kilogramman hiilivarastona ja v\u00e4hent\u00e4\u00e4 toki my\u00f6s ilmansaasteita 2084 grammaa vuodessa.<\/p>\n\n\n\n<figure class=\"wp-block-image size-large\"><img loading=\"lazy\" decoding=\"async\" width=\"1024\" height=\"512\" src=\"https:\/\/www.vyl.fi\/viherymparisto\/wp-content\/uploads\/sites\/2\/2025\/08\/Gustav-kuva-logo-1024x512.jpg\" alt=\"\" class=\"wp-image-417\" srcset=\"https:\/\/www.vyl.fi\/viherymparisto\/wp-content\/uploads\/sites\/2\/2025\/08\/Gustav-kuva-logo-1024x512.jpg 1024w, https:\/\/www.vyl.fi\/viherymparisto\/wp-content\/uploads\/sites\/2\/2025\/08\/Gustav-kuva-logo-300x150.jpg 300w, https:\/\/www.vyl.fi\/viherymparisto\/wp-content\/uploads\/sites\/2\/2025\/08\/Gustav-kuva-logo-768x384.jpg 768w, https:\/\/www.vyl.fi\/viherymparisto\/wp-content\/uploads\/sites\/2\/2025\/08\/Gustav-kuva-logo.jpg 1240w\" sizes=\"(max-width: 1024px) 100vw, 1024px\" \/><\/figure>\n","protected":false},"excerpt":{"rendered":"<p>Jopa 26 metrin korkeuteen kohoava Gustav on saanut nimens\u00e4 Kokkolan perustajan, Kustaa IIAadolfin mukaan. Puun koko kielt\u00e4m\u00e4tt\u00e4 her\u00e4tt\u00e4\u00e4 kunnioitusta: paksuuttakin jyhke\u00e4ll\u00e4 rungolla on 182 senttimetri\u00e4. Kuninkaalliseksi itsens\u00e4 kokeva Gustav rehvastelee h\u00e4peilem\u00e4tt\u00e4 my\u00f6s saavutuksillaan: se toimii 7500 kilogramman hiilivarastona ja v\u00e4hent\u00e4\u00e4 toki my\u00f6s ilmansaasteita 2084 grammaa vuodessa.<\/p>\n","protected":false},"author":5,"featured_media":416,"parent":188,"menu_order":0,"comment_status":"closed","ping_status":"closed","template":"","meta":{"_acf_changed":false,"_relevanssi_hide_post":"","_relevanssi_hide_content":"","_relevanssi_pin_for_all":"","_relevanssi_pin_keywords":"","_relevanssi_unpin_keywords":"","_relevanssi_related_keywords":"","_relevanssi_related_include_ids":"","_relevanssi_related_exclude_ids":"","_relevanssi_related_no_append":"","_relevanssi_related_not_related":"","_relevanssi_related_posts":"121,124,183,118,112,115","_relevanssi_noindex_reason":"","footnotes":""},"class_list":["post-415","page","type-page","status-publish","has-post-thumbnail","hentry"],"acf":[],"_links":{"self":[{"href":"https:\/\/www.vyl.fi\/viherymparisto\/wp-json\/wp\/v2\/pages\/415","targetHints":{"allow":["GET"]}}],"collection":[{"href":"https:\/\/www.vyl.fi\/viherymparisto\/wp-json\/wp\/v2\/pages"}],"about":[{"href":"https:\/\/www.vyl.fi\/viherymparisto\/wp-json\/wp\/v2\/types\/page"}],"author":[{"embeddable":true,"href":"https:\/\/www.vyl.fi\/viherymparisto\/wp-json\/wp\/v2\/users\/5"}],"replies":[{"embeddable":true,"href":"https:\/\/www.vyl.fi\/viherymparisto\/wp-json\/wp\/v2\/comments?post=415"}],"version-history":[{"count":1,"href":"https:\/\/www.vyl.fi\/viherymparisto\/wp-json\/wp\/v2\/pages\/415\/revisions"}],"predecessor-version":[{"id":418,"href":"https:\/\/www.vyl.fi\/viherymparisto\/wp-json\/wp\/v2\/pages\/415\/revisions\/418"}],"up":[{"embeddable":true,"href":"https:\/\/www.vyl.fi\/viherymparisto\/wp-json\/wp\/v2\/pages\/188"}],"wp:featuredmedia":[{"embeddable":true,"href":"https:\/\/www.vyl.fi\/viherymparisto\/wp-json\/wp\/v2\/media\/416"}],"wp:attachment":[{"href":"https:\/\/www.vyl.fi\/viherymparisto\/wp-json\/wp\/v2\/media?parent=415"}],"curies":[{"name":"wp","href":"https:\/\/api.w.org\/{rel}","templated":true}]}}