{"id":426,"date":"2025-08-22T08:29:49","date_gmt":"2025-08-22T05:29:49","guid":{"rendered":"https:\/\/www.vyl.fi\/viherymparisto\/?page_id=426"},"modified":"2025-08-22T08:29:50","modified_gmt":"2025-08-22T05:29:50","slug":"eeva-metsavaahtera","status":"publish","type":"page","link":"https:\/\/www.vyl.fi\/viherymparisto\/kampanjat\/puunhalausviikko\/puupersoonat\/eeva-metsavaahtera\/","title":{"rendered":"Eeva, mets\u00e4vaahtera"},"content":{"rendered":"\n<ul class=\"wp-block-list\">\n<li>el\u00e4m\u00e4n suurista menetyksist\u00e4 luovuutensa ammentava taiteilijaluonne<\/li>\n\n\n\n<li>ilmanpuhdistaja: poistaa 778 grammaa ilmansaasteita vuosittain<\/li>\n<\/ul>\n\n\n\n<p>Taiteellinen Eeva asuu Nokian vanhalla hautausmaalla, mutta ei ota itse\u00e4\u00e4n tai el\u00e4m\u00e4\u00e4 haudanvakavasti. Eevan ontto, lahonnut sisus tarjoaa suojaisan elinymp\u00e4rist\u00f6n sek\u00e4 ravintoa oraville, monenlaisille hy\u00f6nteisille ja muille eli\u00f6ille. R\u00f6nsyilev\u00e4t oksat lehv\u00e4st\u00f6ineen tuovat varjoa, ja laajalle levinnyt juuristo h\u00f6rppii hulevett\u00e4 1700 litraa vuodessa. T\u00e4ss\u00e4 puussa on paljon tutkittavaa!<\/p>\n\n\n\n<figure class=\"wp-block-image size-large\"><img loading=\"lazy\" decoding=\"async\" width=\"1024\" height=\"512\" src=\"https:\/\/www.vyl.fi\/viherymparisto\/wp-content\/uploads\/sites\/2\/2025\/08\/Eeva-kuva-logo-1024x512.jpg\" alt=\"\" class=\"wp-image-428\" srcset=\"https:\/\/www.vyl.fi\/viherymparisto\/wp-content\/uploads\/sites\/2\/2025\/08\/Eeva-kuva-logo-1024x512.jpg 1024w, https:\/\/www.vyl.fi\/viherymparisto\/wp-content\/uploads\/sites\/2\/2025\/08\/Eeva-kuva-logo-300x150.jpg 300w, https:\/\/www.vyl.fi\/viherymparisto\/wp-content\/uploads\/sites\/2\/2025\/08\/Eeva-kuva-logo-768x384.jpg 768w, https:\/\/www.vyl.fi\/viherymparisto\/wp-content\/uploads\/sites\/2\/2025\/08\/Eeva-kuva-logo.jpg 1240w\" sizes=\"(max-width: 1024px) 100vw, 1024px\" \/><\/figure>\n","protected":false},"excerpt":{"rendered":"<p>Taiteellinen Eeva asuu Nokian vanhalla hautausmaalla, mutta ei ota itse\u00e4\u00e4n tai el\u00e4m\u00e4\u00e4 haudanvakavasti. Eevan ontto, lahonnut sisus tarjoaa suojaisan elinymp\u00e4rist\u00f6n sek\u00e4 ravintoa oraville, monenlaisille hy\u00f6nteisille ja muille eli\u00f6ille. R\u00f6nsyilev\u00e4t oksat lehv\u00e4st\u00f6ineen tuovat varjoa, ja laajalle levinnyt juuristo h\u00f6rppii hulevett\u00e4 1700 litraa vuodessa. T\u00e4ss\u00e4 puussa on paljon tutkittavaa!<\/p>\n","protected":false},"author":5,"featured_media":427,"parent":188,"menu_order":0,"comment_status":"closed","ping_status":"closed","template":"","meta":{"_acf_changed":false,"_relevanssi_hide_post":"","_relevanssi_hide_content":"","_relevanssi_pin_for_all":"","_relevanssi_pin_keywords":"","_relevanssi_unpin_keywords":"","_relevanssi_related_keywords":"","_relevanssi_related_include_ids":"","_relevanssi_related_exclude_ids":"","_relevanssi_related_no_append":"","_relevanssi_related_not_related":"","_relevanssi_related_posts":"183,121,124,118,141,115","_relevanssi_noindex_reason":"","footnotes":""},"class_list":["post-426","page","type-page","status-publish","has-post-thumbnail","hentry"],"acf":[],"_links":{"self":[{"href":"https:\/\/www.vyl.fi\/viherymparisto\/wp-json\/wp\/v2\/pages\/426","targetHints":{"allow":["GET"]}}],"collection":[{"href":"https:\/\/www.vyl.fi\/viherymparisto\/wp-json\/wp\/v2\/pages"}],"about":[{"href":"https:\/\/www.vyl.fi\/viherymparisto\/wp-json\/wp\/v2\/types\/page"}],"author":[{"embeddable":true,"href":"https:\/\/www.vyl.fi\/viherymparisto\/wp-json\/wp\/v2\/users\/5"}],"replies":[{"embeddable":true,"href":"https:\/\/www.vyl.fi\/viherymparisto\/wp-json\/wp\/v2\/comments?post=426"}],"version-history":[{"count":1,"href":"https:\/\/www.vyl.fi\/viherymparisto\/wp-json\/wp\/v2\/pages\/426\/revisions"}],"predecessor-version":[{"id":429,"href":"https:\/\/www.vyl.fi\/viherymparisto\/wp-json\/wp\/v2\/pages\/426\/revisions\/429"}],"up":[{"embeddable":true,"href":"https:\/\/www.vyl.fi\/viherymparisto\/wp-json\/wp\/v2\/pages\/188"}],"wp:featuredmedia":[{"embeddable":true,"href":"https:\/\/www.vyl.fi\/viherymparisto\/wp-json\/wp\/v2\/media\/427"}],"wp:attachment":[{"href":"https:\/\/www.vyl.fi\/viherymparisto\/wp-json\/wp\/v2\/media?parent=426"}],"curies":[{"name":"wp","href":"https:\/\/api.w.org\/{rel}","templated":true}]}}