{"id":431,"date":"2025-08-22T08:32:23","date_gmt":"2025-08-22T05:32:23","guid":{"rendered":"https:\/\/www.vyl.fi\/viherymparisto\/?page_id=431"},"modified":"2025-08-22T08:32:23","modified_gmt":"2025-08-22T05:32:23","slug":"uljas-metsavaahtera","status":"publish","type":"page","link":"https:\/\/www.vyl.fi\/viherymparisto\/kampanjat\/puunhalausviikko\/puupersoonat\/uljas-metsavaahtera\/","title":{"rendered":"Uljas, mets\u00e4vaahtera"},"content":{"rendered":"\n<ul class=\"wp-block-list\">\n<li>seisoo yksin vankkana ja sinnikk\u00e4\u00e4n\u00e4<\/li>\n\n\n\n<li>13 metri\u00e4 korkea hautausmaan vartija varastoi 1934 kilogrammaa hiilt\u00e4 ja juo 2400 litraa hulevett\u00e4 vuodessa<\/li>\n<\/ul>\n\n\n\n<p>Uljaan ik\u00e4\u00e4 ei tarkalleen tiedet\u00e4, mutta vaahteraksi sit\u00e4 on jo karttunut paljon, noin 80-100 vuotta. Kaverinsa aikoinaan menett\u00e4nyt Uljas seisoo yh\u00e4 paikallaan ryhdikk\u00e4\u00e4n\u00e4, luoden suojaa ja varjoa ymp\u00e4rilleen. Uljas on hyv\u00e4ntekij\u00e4: se tarjoaa rungonsa ja v\u00e4rikk\u00e4\u00e4n lehv\u00e4st\u00f6ns\u00e4 lintujen, hy\u00f6nteisten ja muiden eli\u00f6iden ravinnoksi ja elinymp\u00e4rist\u00f6ksi.<\/p>\n\n\n\n<figure class=\"wp-block-image size-large\"><img loading=\"lazy\" decoding=\"async\" width=\"1024\" height=\"512\" src=\"https:\/\/www.vyl.fi\/viherymparisto\/wp-content\/uploads\/sites\/2\/2025\/08\/Uljas-kuva-logo-1024x512.jpg\" alt=\"\" class=\"wp-image-433\" srcset=\"https:\/\/www.vyl.fi\/viherymparisto\/wp-content\/uploads\/sites\/2\/2025\/08\/Uljas-kuva-logo-1024x512.jpg 1024w, https:\/\/www.vyl.fi\/viherymparisto\/wp-content\/uploads\/sites\/2\/2025\/08\/Uljas-kuva-logo-300x150.jpg 300w, https:\/\/www.vyl.fi\/viherymparisto\/wp-content\/uploads\/sites\/2\/2025\/08\/Uljas-kuva-logo-768x384.jpg 768w, https:\/\/www.vyl.fi\/viherymparisto\/wp-content\/uploads\/sites\/2\/2025\/08\/Uljas-kuva-logo.jpg 1240w\" sizes=\"(max-width: 1024px) 100vw, 1024px\" \/><\/figure>\n","protected":false},"excerpt":{"rendered":"<p>Uljaan ik\u00e4\u00e4 ei tarkalleen tiedet\u00e4, mutta vaahteraksi sit\u00e4 on jo karttunut paljon, noin 80-100 vuotta. Kaverinsa aikoinaan menett\u00e4nyt Uljas seisoo yh\u00e4 paikallaan ryhdikk\u00e4\u00e4n\u00e4, luoden suojaa ja varjoa ymp\u00e4rilleen. Uljas on hyv\u00e4ntekij\u00e4: se tarjoaa rungonsa ja v\u00e4rikk\u00e4\u00e4n lehv\u00e4st\u00f6ns\u00e4 lintujen, hy\u00f6nteisten ja muiden eli\u00f6iden ravinnoksi ja elinymp\u00e4rist\u00f6ksi.<\/p>\n","protected":false},"author":5,"featured_media":432,"parent":188,"menu_order":0,"comment_status":"closed","ping_status":"closed","template":"","meta":{"_acf_changed":false,"_relevanssi_hide_post":"","_relevanssi_hide_content":"","_relevanssi_pin_for_all":"","_relevanssi_pin_keywords":"","_relevanssi_unpin_keywords":"","_relevanssi_related_keywords":"","_relevanssi_related_include_ids":"","_relevanssi_related_exclude_ids":"","_relevanssi_related_no_append":"","_relevanssi_related_not_related":"","_relevanssi_related_posts":"118,141,112,115,183,124","_relevanssi_noindex_reason":"","footnotes":""},"class_list":["post-431","page","type-page","status-publish","has-post-thumbnail","hentry"],"acf":[],"_links":{"self":[{"href":"https:\/\/www.vyl.fi\/viherymparisto\/wp-json\/wp\/v2\/pages\/431","targetHints":{"allow":["GET"]}}],"collection":[{"href":"https:\/\/www.vyl.fi\/viherymparisto\/wp-json\/wp\/v2\/pages"}],"about":[{"href":"https:\/\/www.vyl.fi\/viherymparisto\/wp-json\/wp\/v2\/types\/page"}],"author":[{"embeddable":true,"href":"https:\/\/www.vyl.fi\/viherymparisto\/wp-json\/wp\/v2\/users\/5"}],"replies":[{"embeddable":true,"href":"https:\/\/www.vyl.fi\/viherymparisto\/wp-json\/wp\/v2\/comments?post=431"}],"version-history":[{"count":1,"href":"https:\/\/www.vyl.fi\/viherymparisto\/wp-json\/wp\/v2\/pages\/431\/revisions"}],"predecessor-version":[{"id":434,"href":"https:\/\/www.vyl.fi\/viherymparisto\/wp-json\/wp\/v2\/pages\/431\/revisions\/434"}],"up":[{"embeddable":true,"href":"https:\/\/www.vyl.fi\/viherymparisto\/wp-json\/wp\/v2\/pages\/188"}],"wp:featuredmedia":[{"embeddable":true,"href":"https:\/\/www.vyl.fi\/viherymparisto\/wp-json\/wp\/v2\/media\/432"}],"wp:attachment":[{"href":"https:\/\/www.vyl.fi\/viherymparisto\/wp-json\/wp\/v2\/media?parent=431"}],"curies":[{"name":"wp","href":"https:\/\/api.w.org\/{rel}","templated":true}]}}